{"id":2150,"date":"2024-12-09T18:25:37","date_gmt":"2024-12-09T18:25:37","guid":{"rendered":"https:\/\/viardenlab.com\/neolix\/?page_id=2150"},"modified":"2024-12-09T19:22:12","modified_gmt":"2024-12-09T19:22:12","slug":"cepillo-post-quirurgico","status":"publish","type":"page","link":"https:\/\/viardenlab.com\/neolix\/cepillo-post-quirurgico\/","title":{"rendered":"Cepillo post quir\u00fargico"},"content":{"rendered":"\t\t<div data-elementor-type=\"wp-page\" data-elementor-id=\"2150\" class=\"elementor elementor-2150\" data-elementor-post-type=\"page\">\n\t\t\t\t\t\t<section class=\"elementor-section elementor-top-section elementor-element elementor-element-94c80a1 elementor-section-full_width elementor-section-stretched elementor-section-height-default elementor-section-height-default\" data-id=\"94c80a1\" data-element_type=\"section\" data-settings=\"{&quot;stretch_section&quot;:&quot;section-stretched&quot;}\">\n\t\t\t\t\t\t<div class=\"elementor-container elementor-column-gap-default\">\n\t\t\t\t\t<div class=\"elementor-column elementor-col-100 elementor-top-column elementor-element elementor-element-bf3e271\" data-id=\"bf3e271\" data-element_type=\"column\">\n\t\t\t<div class=\"elementor-widget-wrap elementor-element-populated\">\n\t\t\t\t\t\t<div class=\"elementor-element elementor-element-1bc071e elementor-widget elementor-widget-image\" data-id=\"1bc071e\" data-element_type=\"widget\" data-widget_type=\"image.default\">\n\t\t\t\t<div class=\"elementor-widget-container\">\n\t\t\t\t\t\t\t\t\t\t\t\t\t\t\t<img fetchpriority=\"high\" decoding=\"async\" width=\"1284\" height=\"857\" src=\"https:\/\/viardenlab.com\/neolix\/wp-content\/uploads\/2024\/12\/cepillo-postquirurgico-header.jpg\" class=\"attachment-full size-full wp-image-2204\" alt=\"\" srcset=\"https:\/\/viardenlab.com\/neolix\/wp-content\/uploads\/2024\/12\/cepillo-postquirurgico-header.jpg 1284w, https:\/\/viardenlab.com\/neolix\/wp-content\/uploads\/2024\/12\/cepillo-postquirurgico-header-300x200.jpg 300w, https:\/\/viardenlab.com\/neolix\/wp-content\/uploads\/2024\/12\/cepillo-postquirurgico-header-1024x683.jpg 1024w, https:\/\/viardenlab.com\/neolix\/wp-content\/uploads\/2024\/12\/cepillo-postquirurgico-header-768x513.jpg 768w, https:\/\/viardenlab.com\/neolix\/wp-content\/uploads\/2024\/12\/cepillo-postquirurgico-header-830x554.jpg 830w, https:\/\/viardenlab.com\/neolix\/wp-content\/uploads\/2024\/12\/cepillo-postquirurgico-header-230x154.jpg 230w\" sizes=\"(max-width: 1284px) 100vw, 1284px\" \/>\t\t\t\t\t\t\t\t\t\t\t\t\t\t\t<\/div>\n\t\t\t\t<\/div>\n\t\t\t\t\t<\/div>\n\t\t<\/div>\n\t\t\t\t\t<\/div>\n\t\t<\/section>\n\t\t\t\t<section class=\"elementor-section elementor-top-section elementor-element elementor-element-d545c2a elementor-section-stretched elementor-section-boxed elementor-section-height-default elementor-section-height-default\" data-id=\"d545c2a\" data-element_type=\"section\" data-settings=\"{&quot;stretch_section&quot;:&quot;section-stretched&quot;}\">\n\t\t\t\t\t\t<div class=\"elementor-container elementor-column-gap-default\">\n\t\t\t\t\t<div class=\"elementor-column elementor-col-100 elementor-top-column elementor-element elementor-element-4f72e76\" data-id=\"4f72e76\" data-element_type=\"column\" data-settings=\"{&quot;background_background&quot;:&quot;classic&quot;}\">\n\t\t\t<div class=\"elementor-widget-wrap elementor-element-populated\">\n\t\t\t\t\t\t<section class=\"elementor-section elementor-inner-section elementor-element elementor-element-c7788bf elementor-section-boxed elementor-section-height-default elementor-section-height-default\" data-id=\"c7788bf\" data-element_type=\"section\">\n\t\t\t\t\t\t<div class=\"elementor-container elementor-column-gap-default\">\n\t\t\t\t\t<div class=\"elementor-column elementor-col-33 elementor-inner-column elementor-element elementor-element-6564985\" data-id=\"6564985\" data-element_type=\"column\">\n\t\t\t<div class=\"elementor-widget-wrap\">\n\t\t\t\t\t\t\t<\/div>\n\t\t<\/div>\n\t\t\t\t<div class=\"elementor-column elementor-col-33 elementor-inner-column elementor-element elementor-element-9f9e6fa\" data-id=\"9f9e6fa\" data-element_type=\"column\">\n\t\t\t<div class=\"elementor-widget-wrap elementor-element-populated\">\n\t\t\t\t\t\t<div class=\"elementor-element elementor-element-4d0b5f9 elementor-invisible elementor-widget elementor-widget-text-editor\" data-id=\"4d0b5f9\" data-element_type=\"widget\" data-settings=\"{&quot;_animation&quot;:&quot;fadeInUp&quot;}\" data-widget_type=\"text-editor.default\">\n\t\t\t\t<div class=\"elementor-widget-container\">\n\t\t\t\t\t\t\t\t\t<div class=\"page\" title=\"Page 26\"><div class=\"layoutArea\"><div class=\"column\"><p>Cepillo postquir\u00fargico<\/p><\/div><\/div><\/div>\t\t\t\t\t\t\t\t<\/div>\n\t\t\t\t<\/div>\n\t\t\t\t<div class=\"elementor-element elementor-element-7ec1e33 elementor-invisible elementor-widget elementor-widget-text-editor\" data-id=\"7ec1e33\" data-element_type=\"widget\" data-settings=\"{&quot;_animation&quot;:&quot;fadeInUp&quot;}\" data-widget_type=\"text-editor.default\">\n\t\t\t\t<div class=\"elementor-widget-container\">\n\t\t\t\t\t\t\t\t\t<p><strong>blue<sup><span style=\"font-size: 13px;\">\u00ae<\/span><\/sup>m<\/strong><\/p>\t\t\t\t\t\t\t\t<\/div>\n\t\t\t\t<\/div>\n\t\t\t\t\t<\/div>\n\t\t<\/div>\n\t\t\t\t<div class=\"elementor-column elementor-col-33 elementor-inner-column elementor-element elementor-element-6952645\" data-id=\"6952645\" data-element_type=\"column\">\n\t\t\t<div class=\"elementor-widget-wrap\">\n\t\t\t\t\t\t\t<\/div>\n\t\t<\/div>\n\t\t\t\t\t<\/div>\n\t\t<\/section>\n\t\t\t\t\t<\/div>\n\t\t<\/div>\n\t\t\t\t\t<\/div>\n\t\t<\/section>\n\t\t\t\t<section class=\"elementor-section elementor-top-section elementor-element elementor-element-f2b4395 elementor-section-stretched elementor-section-boxed elementor-section-height-default elementor-section-height-default\" data-id=\"f2b4395\" data-element_type=\"section\" data-settings=\"{&quot;stretch_section&quot;:&quot;section-stretched&quot;}\">\n\t\t\t\t\t\t<div class=\"elementor-container elementor-column-gap-default\">\n\t\t\t\t\t<div class=\"elementor-column elementor-col-100 elementor-top-column elementor-element elementor-element-7daa216\" data-id=\"7daa216\" data-element_type=\"column\" data-settings=\"{&quot;background_background&quot;:&quot;classic&quot;}\">\n\t\t\t<div class=\"elementor-widget-wrap elementor-element-populated\">\n\t\t\t\t\t\t<div class=\"elementor-element elementor-element-e2b3bdd elementor-invisible elementor-widget elementor-widget-text-editor\" data-id=\"e2b3bdd\" data-element_type=\"widget\" data-settings=\"{&quot;_animation&quot;:&quot;fadeInUp&quot;}\" data-widget_type=\"text-editor.default\">\n\t\t\t\t<div class=\"elementor-widget-container\">\n\t\t\t\t\t\t\t\t\t<p>El cepillo perfecto para ayudarlo a recuperarse despu\u00e9s de la cirug\u00eda, cuide sus dientes y enc\u00edas de la manera m\u00e1s segura, r\u00e1pida y con el menor dolor posible.<\/p><p>Durante las primeras cuatro semanas despu\u00e9s de su tratamiento, cepille sus dientes con el cepillo quir\u00fargico al menos dos veces al d\u00eda. Al hacerlo y evitando las \u00e1reas quir\u00fargicas tratadas, har\u00e1 todo lo posible para minimizar la irritaci\u00f3n y permitir la recuperaci\u00f3n. Despu\u00e9s de esas cuatro semanas, podr\u00e1s volver a utilizar nuestro cepillo de dientes diario.<\/p>\t\t\t\t\t\t\t\t<\/div>\n\t\t\t\t<\/div>\n\t\t\t\t\t<\/div>\n\t\t<\/div>\n\t\t\t\t\t<\/div>\n\t\t<\/section>\n\t\t\t\t<\/div>\n\t\t","protected":false},"excerpt":{"rendered":"<p>Cepillo postquir\u00fargico blue\u00aem El cepillo perfecto para ayudarlo a recuperarse despu\u00e9s de la cirug\u00eda, cuide sus dientes y enc\u00edas de la manera m\u00e1s segura, r\u00e1pida y con el menor dolor posible. Durante las primeras cuatro semanas despu\u00e9s de su tratamiento, cepille sus dientes con el cepillo quir\u00fargico al menos dos veces al d\u00eda. Al hacerlo &#8230;.&nbsp;&nbsp;<a class=\" special\" href=\"https:\/\/viardenlab.com\/neolix\/cepillo-post-quirurgico\/\">Read More<\/a><\/p>\n","protected":false},"author":1,"featured_media":0,"parent":0,"menu_order":0,"comment_status":"closed","ping_status":"closed","template":"elementor_header_footer","meta":{"pagelayer_contact_templates":[],"_pagelayer_content":"","_joinchat":[],"footnotes":""},"class_list":["post-2150","page","type-page","status-publish","hentry"],"yoast_head":"<!-- This site is optimized with the Yoast SEO plugin v23.7 - https:\/\/yoast.com\/wordpress\/plugins\/seo\/ -->\n<title>Cepillo post quir\u00fargico - Neolix<\/title>\n<meta name=\"robots\" content=\"index, follow, max-snippet:-1, max-image-preview:large, max-video-preview:-1\" \/>\n<link rel=\"canonical\" href=\"https:\/\/viardenlab.com\/neolix\/cepillo-post-quirurgico\/\" \/>\n<meta property=\"og:locale\" content=\"es_ES\" \/>\n<meta property=\"og:type\" content=\"article\" \/>\n<meta property=\"og:title\" content=\"Cepillo post quir\u00fargico - Neolix\" \/>\n<meta property=\"og:description\" content=\"Cepillo postquir\u00fargico blue\u00aem El cepillo perfecto para ayudarlo a recuperarse despu\u00e9s de la cirug\u00eda, cuide sus dientes y enc\u00edas de la manera m\u00e1s segura, r\u00e1pida y con el menor dolor posible. Durante las primeras cuatro semanas despu\u00e9s de su tratamiento, cepille sus dientes con el cepillo quir\u00fargico al menos dos veces al d\u00eda. Al hacerlo ....&nbsp;&nbsp;Read More\" \/>\n<meta property=\"og:url\" content=\"https:\/\/viardenlab.com\/neolix\/cepillo-post-quirurgico\/\" \/>\n<meta property=\"og:site_name\" content=\"Neolix\" \/>\n<meta property=\"article:modified_time\" content=\"2024-12-09T19:22:12+00:00\" \/>\n<meta property=\"og:image\" content=\"https:\/\/viardenlab.com\/neolix\/wp-content\/uploads\/2024\/12\/cepillo-postquirurgico-header.jpg\" \/>\n\t<meta property=\"og:image:width\" content=\"1284\" \/>\n\t<meta property=\"og:image:height\" content=\"857\" \/>\n\t<meta property=\"og:image:type\" content=\"image\/jpeg\" \/>\n<meta name=\"twitter:card\" content=\"summary_large_image\" \/>\n<meta name=\"twitter:label1\" content=\"Tiempo de lectura\" \/>\n\t<meta name=\"twitter:data1\" content=\"1 minuto\" \/>\n<script type=\"application\/ld+json\" class=\"yoast-schema-graph\">{\"@context\":\"https:\/\/schema.org\",\"@graph\":[{\"@type\":\"WebPage\",\"@id\":\"https:\/\/viardenlab.com\/neolix\/cepillo-post-quirurgico\/\",\"url\":\"https:\/\/viardenlab.com\/neolix\/cepillo-post-quirurgico\/\",\"name\":\"Cepillo post quir\u00fargico - Neolix\",\"isPartOf\":{\"@id\":\"https:\/\/viardenlab.com\/neolix\/#website\"},\"primaryImageOfPage\":{\"@id\":\"https:\/\/viardenlab.com\/neolix\/cepillo-post-quirurgico\/#primaryimage\"},\"image\":{\"@id\":\"https:\/\/viardenlab.com\/neolix\/cepillo-post-quirurgico\/#primaryimage\"},\"thumbnailUrl\":\"https:\/\/viardenlab.com\/neolix\/wp-content\/uploads\/2024\/12\/cepillo-postquirurgico-header.jpg\",\"datePublished\":\"2024-12-09T18:25:37+00:00\",\"dateModified\":\"2024-12-09T19:22:12+00:00\",\"breadcrumb\":{\"@id\":\"https:\/\/viardenlab.com\/neolix\/cepillo-post-quirurgico\/#breadcrumb\"},\"inLanguage\":\"es\",\"potentialAction\":[{\"@type\":\"ReadAction\",\"target\":[\"https:\/\/viardenlab.com\/neolix\/cepillo-post-quirurgico\/\"]}]},{\"@type\":\"ImageObject\",\"inLanguage\":\"es\",\"@id\":\"https:\/\/viardenlab.com\/neolix\/cepillo-post-quirurgico\/#primaryimage\",\"url\":\"https:\/\/viardenlab.com\/neolix\/wp-content\/uploads\/2024\/12\/cepillo-postquirurgico-header.jpg\",\"contentUrl\":\"https:\/\/viardenlab.com\/neolix\/wp-content\/uploads\/2024\/12\/cepillo-postquirurgico-header.jpg\",\"width\":1284,\"height\":857},{\"@type\":\"BreadcrumbList\",\"@id\":\"https:\/\/viardenlab.com\/neolix\/cepillo-post-quirurgico\/#breadcrumb\",\"itemListElement\":[{\"@type\":\"ListItem\",\"position\":1,\"name\":\"Portada\",\"item\":\"https:\/\/viardenlab.com\/neolix\/\"},{\"@type\":\"ListItem\",\"position\":2,\"name\":\"Cepillo post quir\u00fargico\"}]},{\"@type\":\"WebSite\",\"@id\":\"https:\/\/viardenlab.com\/neolix\/#website\",\"url\":\"https:\/\/viardenlab.com\/neolix\/\",\"name\":\"Neolix\",\"description\":\"\",\"publisher\":{\"@id\":\"https:\/\/viardenlab.com\/neolix\/#organization\"},\"potentialAction\":[{\"@type\":\"SearchAction\",\"target\":{\"@type\":\"EntryPoint\",\"urlTemplate\":\"https:\/\/viardenlab.com\/neolix\/?s={search_term_string}\"},\"query-input\":{\"@type\":\"PropertyValueSpecification\",\"valueRequired\":true,\"valueName\":\"search_term_string\"}}],\"inLanguage\":\"es\"},{\"@type\":\"Organization\",\"@id\":\"https:\/\/viardenlab.com\/neolix\/#organization\",\"name\":\"Neolix\",\"url\":\"https:\/\/viardenlab.com\/neolix\/\",\"logo\":{\"@type\":\"ImageObject\",\"inLanguage\":\"es\",\"@id\":\"https:\/\/viardenlab.com\/neolix\/#\/schema\/logo\/image\/\",\"url\":\"https:\/\/viardenlab.com\/neolix\/wp-content\/uploads\/2022\/01\/cropped-logo-small.jpg\",\"contentUrl\":\"https:\/\/viardenlab.com\/neolix\/wp-content\/uploads\/2022\/01\/cropped-logo-small.jpg\",\"width\":1013,\"height\":250,\"caption\":\"Neolix\"},\"image\":{\"@id\":\"https:\/\/viardenlab.com\/neolix\/#\/schema\/logo\/image\/\"}}]}<\/script>\n<!-- \/ Yoast SEO plugin. -->","yoast_head_json":{"title":"Cepillo post quir\u00fargico - Neolix","robots":{"index":"index","follow":"follow","max-snippet":"max-snippet:-1","max-image-preview":"max-image-preview:large","max-video-preview":"max-video-preview:-1"},"canonical":"https:\/\/viardenlab.com\/neolix\/cepillo-post-quirurgico\/","og_locale":"es_ES","og_type":"article","og_title":"Cepillo post quir\u00fargico - Neolix","og_description":"Cepillo postquir\u00fargico blue\u00aem El cepillo perfecto para ayudarlo a recuperarse despu\u00e9s de la cirug\u00eda, cuide sus dientes y enc\u00edas de la manera m\u00e1s segura, r\u00e1pida y con el menor dolor posible. Durante las primeras cuatro semanas despu\u00e9s de su tratamiento, cepille sus dientes con el cepillo quir\u00fargico al menos dos veces al d\u00eda. Al hacerlo ....&nbsp;&nbsp;Read More","og_url":"https:\/\/viardenlab.com\/neolix\/cepillo-post-quirurgico\/","og_site_name":"Neolix","article_modified_time":"2024-12-09T19:22:12+00:00","og_image":[{"width":1284,"height":857,"url":"https:\/\/viardenlab.com\/neolix\/wp-content\/uploads\/2024\/12\/cepillo-postquirurgico-header.jpg","type":"image\/jpeg"}],"twitter_card":"summary_large_image","twitter_misc":{"Tiempo de lectura":"1 minuto"},"schema":{"@context":"https:\/\/schema.org","@graph":[{"@type":"WebPage","@id":"https:\/\/viardenlab.com\/neolix\/cepillo-post-quirurgico\/","url":"https:\/\/viardenlab.com\/neolix\/cepillo-post-quirurgico\/","name":"Cepillo post quir\u00fargico - Neolix","isPartOf":{"@id":"https:\/\/viardenlab.com\/neolix\/#website"},"primaryImageOfPage":{"@id":"https:\/\/viardenlab.com\/neolix\/cepillo-post-quirurgico\/#primaryimage"},"image":{"@id":"https:\/\/viardenlab.com\/neolix\/cepillo-post-quirurgico\/#primaryimage"},"thumbnailUrl":"https:\/\/viardenlab.com\/neolix\/wp-content\/uploads\/2024\/12\/cepillo-postquirurgico-header.jpg","datePublished":"2024-12-09T18:25:37+00:00","dateModified":"2024-12-09T19:22:12+00:00","breadcrumb":{"@id":"https:\/\/viardenlab.com\/neolix\/cepillo-post-quirurgico\/#breadcrumb"},"inLanguage":"es","potentialAction":[{"@type":"ReadAction","target":["https:\/\/viardenlab.com\/neolix\/cepillo-post-quirurgico\/"]}]},{"@type":"ImageObject","inLanguage":"es","@id":"https:\/\/viardenlab.com\/neolix\/cepillo-post-quirurgico\/#primaryimage","url":"https:\/\/viardenlab.com\/neolix\/wp-content\/uploads\/2024\/12\/cepillo-postquirurgico-header.jpg","contentUrl":"https:\/\/viardenlab.com\/neolix\/wp-content\/uploads\/2024\/12\/cepillo-postquirurgico-header.jpg","width":1284,"height":857},{"@type":"BreadcrumbList","@id":"https:\/\/viardenlab.com\/neolix\/cepillo-post-quirurgico\/#breadcrumb","itemListElement":[{"@type":"ListItem","position":1,"name":"Portada","item":"https:\/\/viardenlab.com\/neolix\/"},{"@type":"ListItem","position":2,"name":"Cepillo post quir\u00fargico"}]},{"@type":"WebSite","@id":"https:\/\/viardenlab.com\/neolix\/#website","url":"https:\/\/viardenlab.com\/neolix\/","name":"Neolix","description":"","publisher":{"@id":"https:\/\/viardenlab.com\/neolix\/#organization"},"potentialAction":[{"@type":"SearchAction","target":{"@type":"EntryPoint","urlTemplate":"https:\/\/viardenlab.com\/neolix\/?s={search_term_string}"},"query-input":{"@type":"PropertyValueSpecification","valueRequired":true,"valueName":"search_term_string"}}],"inLanguage":"es"},{"@type":"Organization","@id":"https:\/\/viardenlab.com\/neolix\/#organization","name":"Neolix","url":"https:\/\/viardenlab.com\/neolix\/","logo":{"@type":"ImageObject","inLanguage":"es","@id":"https:\/\/viardenlab.com\/neolix\/#\/schema\/logo\/image\/","url":"https:\/\/viardenlab.com\/neolix\/wp-content\/uploads\/2022\/01\/cropped-logo-small.jpg","contentUrl":"https:\/\/viardenlab.com\/neolix\/wp-content\/uploads\/2022\/01\/cropped-logo-small.jpg","width":1013,"height":250,"caption":"Neolix"},"image":{"@id":"https:\/\/viardenlab.com\/neolix\/#\/schema\/logo\/image\/"}}]}},"_links":{"self":[{"href":"https:\/\/viardenlab.com\/neolix\/wp-json\/wp\/v2\/pages\/2150","targetHints":{"allow":["GET"]}}],"collection":[{"href":"https:\/\/viardenlab.com\/neolix\/wp-json\/wp\/v2\/pages"}],"about":[{"href":"https:\/\/viardenlab.com\/neolix\/wp-json\/wp\/v2\/types\/page"}],"author":[{"embeddable":true,"href":"https:\/\/viardenlab.com\/neolix\/wp-json\/wp\/v2\/users\/1"}],"replies":[{"embeddable":true,"href":"https:\/\/viardenlab.com\/neolix\/wp-json\/wp\/v2\/comments?post=2150"}],"version-history":[{"count":7,"href":"https:\/\/viardenlab.com\/neolix\/wp-json\/wp\/v2\/pages\/2150\/revisions"}],"predecessor-version":[{"id":2215,"href":"https:\/\/viardenlab.com\/neolix\/wp-json\/wp\/v2\/pages\/2150\/revisions\/2215"}],"wp:attachment":[{"href":"https:\/\/viardenlab.com\/neolix\/wp-json\/wp\/v2\/media?parent=2150"}],"curies":[{"name":"wp","href":"https:\/\/api.w.org\/{rel}","templated":true}]}}