{"id":1168,"date":"2021-01-27T17:19:18","date_gmt":"2021-01-27T17:19:18","guid":{"rendered":"https:\/\/viardenlab.com\/neolix\/?page_id=1168"},"modified":"2022-02-11T19:07:36","modified_gmt":"2022-02-11T19:07:36","slug":"goma-de-mascar","status":"publish","type":"page","link":"https:\/\/viardenlab.com\/neolix\/goma-de-mascar\/","title":{"rendered":"Goma de mascar"},"content":{"rendered":"\t\t<div data-elementor-type=\"wp-page\" data-elementor-id=\"1168\" class=\"elementor elementor-1168\" data-elementor-post-type=\"page\">\n\t\t\t\t\t\t<section class=\"elementor-section elementor-top-section elementor-element elementor-element-9474e05 elementor-section-boxed elementor-section-height-default elementor-section-height-default\" data-id=\"9474e05\" data-element_type=\"section\">\n\t\t\t\t\t\t<div class=\"elementor-container elementor-column-gap-default\">\n\t\t\t\t\t<div class=\"elementor-column elementor-col-100 elementor-top-column elementor-element elementor-element-fb9fa3b\" data-id=\"fb9fa3b\" data-element_type=\"column\">\n\t\t\t<div class=\"elementor-widget-wrap elementor-element-populated\">\n\t\t\t\t\t\t<div class=\"elementor-element elementor-element-511bcb7 elementor-invisible elementor-widget elementor-widget-heading\" data-id=\"511bcb7\" data-element_type=\"widget\" data-settings=\"{&quot;_animation&quot;:&quot;fadeInUp&quot;}\" data-widget_type=\"heading.default\">\n\t\t\t\t<div class=\"elementor-widget-container\">\n\t\t\t\t\t<h2 class=\"elementor-heading-title elementor-size-default\">GOMA DE MASCAR <strong>blue<sup><span style=\"font-size: 10px\">\u00ae<\/span><\/sup>m <\/strong><\/h2>\t\t\t\t<\/div>\n\t\t\t\t<\/div>\n\t\t\t\t<div class=\"elementor-element elementor-element-38749a7 elementor-hidden-phone elementor-invisible elementor-widget elementor-widget-text-editor\" data-id=\"38749a7\" data-element_type=\"widget\" data-settings=\"{&quot;_animation&quot;:&quot;fadeInUp&quot;}\" data-widget_type=\"text-editor.default\">\n\t\t\t\t<div class=\"elementor-widget-container\">\n\t\t\t\t\t\t\t\t\tLa investigaci\u00f3n ha demostrado que un chicle despu\u00e9s de una comida contribuye a tener dientes m\u00e1s limpios. No solo elimina las\u00a0 bacterias de las superficies de masticaci\u00f3n, sino que tambi\u00e9n estimula la producci\u00f3n de saliva, eliminando los residuos de comida entre los dientes y fortaleciendo el esmalte dental.\n\n<strong>blue<sup><span style=\"font-size: 10px;\">\u00ae<\/span><\/sup>m <\/strong> ha desarrollado un chicle con ox\u00edgeno activo de miel de Manuka. Adem\u00e1s de bicarbonato de sodio y xilitol, esta goma de mascar contiene ingredientes de alta calidad especialmente seleccionados, como aceite esencial de Manuka y lactoferrina. La enc\u00eda dental no solo es ideal para personas que quieren hacer algo extra por su higiene bucal, sino tambi\u00e9n para personas con problemas dentales y sequedad de boca. Para personas con habilidades motoras limitadas, para ni\u00f1os (mayores) que no pueden tolerar un cepillo de dientes en la boca y para atletas para prevenir la sequedad bucal.\n\n<strong>Aconsejado para:<\/strong>\n<ul>\n \t<li>Personas que quieren hacer algo m\u00e1s por su salud bucal<\/li>\n \t<li>Ancianos con xerostom\u00eda<\/li>\n \t<li>Personas con problemas dentales, como halitosis, xerostom\u00eda, hiposalivaci\u00f3n (salivaci\u00f3n reducida) y caries<\/li>\n \t<li>Ni\u00f1os (mayores) o personas con habilidades motoras limitadas<\/li>\n \t<li>Atletas para prevenir la boca seca<\/li>\n<\/ul>\t\t\t\t\t\t\t\t<\/div>\n\t\t\t\t<\/div>\n\t\t\t\t\t<\/div>\n\t\t<\/div>\n\t\t\t\t\t<\/div>\n\t\t<\/section>\n\t\t\t\t<section class=\"elementor-section elementor-top-section elementor-element elementor-element-8612fb1 elementor-section-boxed elementor-section-height-default elementor-section-height-default\" data-id=\"8612fb1\" data-element_type=\"section\">\n\t\t\t\t\t\t<div class=\"elementor-container elementor-column-gap-default\">\n\t\t\t\t\t<div class=\"elementor-column elementor-col-50 elementor-top-column elementor-element elementor-element-f57a48a\" data-id=\"f57a48a\" data-element_type=\"column\">\n\t\t\t<div class=\"elementor-widget-wrap elementor-element-populated\">\n\t\t\t\t\t\t<div class=\"elementor-element elementor-element-f8170b7 elementor-position-left elementor-view-default elementor-mobile-position-top elementor-invisible elementor-widget elementor-widget-icon-box\" data-id=\"f8170b7\" data-element_type=\"widget\" data-settings=\"{&quot;_animation&quot;:&quot;fadeInUp&quot;}\" data-widget_type=\"icon-box.default\">\n\t\t\t\t<div class=\"elementor-widget-container\">\n\t\t\t\t\t\t\t<div class=\"elementor-icon-box-wrapper\">\n\n\t\t\t\t\t\t<div class=\"elementor-icon-box-icon\">\n\t\t\t\t<span  class=\"elementor-icon\">\n\t\t\t\t<i aria-hidden=\"true\" class=\"far fa-check-circle\"><\/i>\t\t\t\t<\/span>\n\t\t\t<\/div>\n\t\t\t\n\t\t\t\t\t\t<div class=\"elementor-icon-box-content\">\n\n\t\t\t\t\t\t\t\t\t<h3 class=\"elementor-icon-box-title\">\n\t\t\t\t\t\t<span  >\n\t\t\t\t\t\t\tInstrucciones\t\t\t\t\t\t<\/span>\n\t\t\t\t\t<\/h3>\n\t\t\t\t\n\t\t\t\t\n\t\t\t<\/div>\n\t\t\t\n\t\t<\/div>\n\t\t\t\t\t\t<\/div>\n\t\t\t\t<\/div>\n\t\t\t\t<div class=\"elementor-element elementor-element-bd6f6fc elementor-invisible elementor-widget elementor-widget-text-editor\" data-id=\"bd6f6fc\" data-element_type=\"widget\" data-settings=\"{&quot;_animation&quot;:&quot;fadeInUp&quot;}\" data-widget_type=\"text-editor.default\">\n\t\t\t\t<div class=\"elementor-widget-container\">\n\t\t\t\t\t\t\t\t\t<p>\u00bfDe verdad quieres cuidarte? Entonces esta goma de mascar es la opci\u00f3n correcta para complementar su cuidado bucal diario. Use chicle de una a tres veces al d\u00eda entre las rutinas de higiene bucal. El sabor es tan poderoso que puede masticar f\u00e1cilmente durante media hora mientras mantiene un aliento fresco. Esta tecnolog\u00eda especial de sabor duradero se desarroll\u00f3 en Italia.<\/p>\t\t\t\t\t\t\t\t<\/div>\n\t\t\t\t<\/div>\n\t\t\t\t<div class=\"elementor-element elementor-element-8a2ed24 elementor-position-left elementor-view-default elementor-mobile-position-top elementor-invisible elementor-widget elementor-widget-icon-box\" data-id=\"8a2ed24\" data-element_type=\"widget\" data-settings=\"{&quot;_animation&quot;:&quot;fadeInUp&quot;}\" data-widget_type=\"icon-box.default\">\n\t\t\t\t<div class=\"elementor-widget-container\">\n\t\t\t\t\t\t\t<div class=\"elementor-icon-box-wrapper\">\n\n\t\t\t\t\t\t<div class=\"elementor-icon-box-icon\">\n\t\t\t\t<span  class=\"elementor-icon\">\n\t\t\t\t<i aria-hidden=\"true\" class=\"fas fa-tags\"><\/i>\t\t\t\t<\/span>\n\t\t\t<\/div>\n\t\t\t\n\t\t\t\t\t\t<div class=\"elementor-icon-box-content\">\n\n\t\t\t\t\t\t\t\t\t<h3 class=\"elementor-icon-box-title\">\n\t\t\t\t\t\t<span  >\n\t\t\t\t\t\t\tBeneficios del chicle dental\t\t\t\t\t\t<\/span>\n\t\t\t\t\t<\/h3>\n\t\t\t\t\n\t\t\t\t\n\t\t\t<\/div>\n\t\t\t\n\t\t<\/div>\n\t\t\t\t\t\t<\/div>\n\t\t\t\t<\/div>\n\t\t\t\t<div class=\"elementor-element elementor-element-cedb733 elementor-invisible elementor-widget elementor-widget-text-editor\" data-id=\"cedb733\" data-element_type=\"widget\" data-settings=\"{&quot;_animation&quot;:&quot;fadeInUp&quot;}\" data-widget_type=\"text-editor.default\">\n\t\t\t\t<div class=\"elementor-widget-container\">\n\t\t\t\t\t\t\t\t\t<ul><li>F\u00f3rmula \u00fanica con ox\u00edgeno activo de la miel de Manuka con aceite esencial de Manuka, bicarbonato de sodio, xilitol y lactoferrina<\/li><li>Neutralizaci\u00f3n de los \u00e1cidos de la placa<\/li><li>Contribuye a las defensas naturales<\/li><li>Reducci\u00f3n de la sequedad bucal<\/li><li>Ayuda a mantener una hermosa sonrisa<\/li><li>poderoso cuidado de la respiraci\u00f3n<\/li><li>Pasta de dientes fluoruro de calcio<\/li><\/ul>\t\t\t\t\t\t\t\t<\/div>\n\t\t\t\t<\/div>\n\t\t\t\t\t<\/div>\n\t\t<\/div>\n\t\t\t\t<div class=\"elementor-column elementor-col-50 elementor-top-column elementor-element elementor-element-7a5f1d5\" data-id=\"7a5f1d5\" data-element_type=\"column\">\n\t\t\t<div class=\"elementor-widget-wrap elementor-element-populated\">\n\t\t\t\t\t\t<div class=\"elementor-element elementor-element-133a185 elementor-arrows-position-inside elementor-pagination-position-outside elementor-invisible elementor-widget elementor-widget-image-carousel\" data-id=\"133a185\" data-element_type=\"widget\" data-settings=\"{&quot;slides_to_show&quot;:&quot;1&quot;,&quot;_animation&quot;:&quot;fadeInUp&quot;,&quot;navigation&quot;:&quot;both&quot;,&quot;autoplay&quot;:&quot;yes&quot;,&quot;pause_on_hover&quot;:&quot;yes&quot;,&quot;pause_on_interaction&quot;:&quot;yes&quot;,&quot;autoplay_speed&quot;:5000,&quot;infinite&quot;:&quot;yes&quot;,&quot;effect&quot;:&quot;slide&quot;,&quot;speed&quot;:500}\" data-widget_type=\"image-carousel.default\">\n\t\t\t\t<div class=\"elementor-widget-container\">\n\t\t\t\t\t\t\t<div class=\"elementor-image-carousel-wrapper swiper\" role=\"region\" aria-roledescription=\"carousel\" aria-label=\"Carrusel de im\u00e1genes\" dir=\"ltr\">\n\t\t\t<div class=\"elementor-image-carousel swiper-wrapper\" aria-live=\"off\">\n\t\t\t\t\t\t\t\t<div class=\"swiper-slide\" role=\"group\" aria-roledescription=\"slide\" aria-label=\"1 de 2\"><figure class=\"swiper-slide-inner\"><img decoding=\"async\" class=\"swiper-slide-image\" src=\"https:\/\/viardenlab.com\/neolix\/wp-content\/uploads\/2021\/01\/goma-mascar.jpg\" alt=\"goma-mascar\" \/><\/figure><\/div><div class=\"swiper-slide\" role=\"group\" aria-roledescription=\"slide\" aria-label=\"2 de 2\"><figure class=\"swiper-slide-inner\"><img decoding=\"async\" class=\"swiper-slide-image\" src=\"https:\/\/viardenlab.com\/neolix\/wp-content\/uploads\/2021\/01\/goma-mascar-1.jpg\" alt=\"goma-mascar-1\" \/><\/figure><\/div>\t\t\t<\/div>\n\t\t\t\t\t\t\t\t\t\t\t\t<div class=\"elementor-swiper-button elementor-swiper-button-prev\" role=\"button\" tabindex=\"0\">\n\t\t\t\t\t\t<i aria-hidden=\"true\" class=\"eicon-chevron-left\"><\/i>\t\t\t\t\t<\/div>\n\t\t\t\t\t<div class=\"elementor-swiper-button elementor-swiper-button-next\" role=\"button\" tabindex=\"0\">\n\t\t\t\t\t\t<i aria-hidden=\"true\" class=\"eicon-chevron-right\"><\/i>\t\t\t\t\t<\/div>\n\t\t\t\t\n\t\t\t\t\t\t\t\t\t<div class=\"swiper-pagination\"><\/div>\n\t\t\t\t\t\t\t\t\t<\/div>\n\t\t\t\t\t\t<\/div>\n\t\t\t\t<\/div>\n\t\t\t\t\t<\/div>\n\t\t<\/div>\n\t\t\t\t\t<\/div>\n\t\t<\/section>\n\t\t\t\t<section class=\"elementor-section elementor-top-section elementor-element elementor-element-ad3b5b6 elementor-section-boxed elementor-section-height-default elementor-section-height-default\" data-id=\"ad3b5b6\" data-element_type=\"section\">\n\t\t\t\t\t\t<div class=\"elementor-container elementor-column-gap-default\">\n\t\t\t\t\t<div class=\"elementor-column elementor-col-100 elementor-top-column elementor-element elementor-element-762ddc4\" data-id=\"762ddc4\" data-element_type=\"column\">\n\t\t\t<div class=\"elementor-widget-wrap elementor-element-populated\">\n\t\t\t\t\t\t<div class=\"elementor-element elementor-element-7dc57dd elementor-hidden-phone elementor-invisible elementor-widget elementor-widget-text-editor\" data-id=\"7dc57dd\" data-element_type=\"widget\" data-settings=\"{&quot;_animation&quot;:&quot;fadeInUp&quot;}\" data-widget_type=\"text-editor.default\">\n\t\t\t\t<div class=\"elementor-widget-container\">\n\t\t\t\t\t\t\t\t\t<p><strong>Advertencia :<\/strong> el uso excesivo puede tener un efecto laxante.<\/p><p><strong>La goma de mascar dental bluem\u00ae contiene los siguientes ingredientes:<\/strong><\/p><p>Base de goma [espesante: goma de acacia; sabores naturales y sint\u00e9ticos; edulcorantes: acesulfame K, sucralosa; emulsionante: lecitina de soja (E322); antioxidante: tocoferol (E306)]; edulcorantes y agentes de recubrimiento: xilitol, manitol, isomalt; sabores (naturales y sint\u00e9ticos); agentes de recubrimiento: goma ar\u00e1biga, aromas, cera de carnauba, colorante: E171, E132, E133; agentes antiaglomerantes: sales de magnesio de \u00e1cidos grasos, talco, di\u00f3xido de silicio; Bicarbonato de sodio; edulcorantes: acesulfame K, sucralosa; Miel Manuka; Lactoferrina ( prote\u00edna de la leche, lactosa ); Manuka EO (Leptospermum scoparium JRForst. &amp; G.First., Aceite esencial; soporte: di\u00f3xido de silicio).<\/p><p><strong>Sin gluten, az\u00facar, aspartamo<\/strong><\/p><p><strong>Informaci\u00f3n sobre al\u00e9rgenos :<\/strong> lecitina de soja, lactoferrina ( prote\u00edna de la leche, lactosa)<\/p>\t\t\t\t\t\t\t\t<\/div>\n\t\t\t\t<\/div>\n\t\t\t\t<div class=\"elementor-element elementor-element-437df9a elementor-position-left elementor-view-default elementor-mobile-position-top elementor-invisible elementor-widget elementor-widget-icon-box\" data-id=\"437df9a\" data-element_type=\"widget\" data-settings=\"{&quot;_animation&quot;:&quot;fadeInUp&quot;}\" data-widget_type=\"icon-box.default\">\n\t\t\t\t<div class=\"elementor-widget-container\">\n\t\t\t\t\t\t\t<div class=\"elementor-icon-box-wrapper\">\n\n\t\t\t\t\t\t<div class=\"elementor-icon-box-icon\">\n\t\t\t\t<span  class=\"elementor-icon\">\n\t\t\t\t<i aria-hidden=\"true\" class=\"fas fa-square\"><\/i>\t\t\t\t<\/span>\n\t\t\t<\/div>\n\t\t\t\n\t\t\t\t\t\t<div class=\"elementor-icon-box-content\">\n\n\t\t\t\t\t\t\t\t\t<h3 class=\"elementor-icon-box-title\">\n\t\t\t\t\t\t<span  >\n\t\t\t\t\t\t\tPresentaci\u00f3n\t\t\t\t\t\t<\/span>\n\t\t\t\t\t<\/h3>\n\t\t\t\t\n\t\t\t\t\n\t\t\t<\/div>\n\t\t\t\n\t\t<\/div>\n\t\t\t\t\t\t<\/div>\n\t\t\t\t<\/div>\n\t\t\t\t<div class=\"elementor-element elementor-element-da3bcb1 elementor-invisible elementor-widget elementor-widget-text-editor\" data-id=\"da3bcb1\" data-element_type=\"widget\" data-settings=\"{&quot;_animation&quot;:&quot;fadeInUp&quot;}\" data-widget_type=\"text-editor.default\">\n\t\t\t\t<div class=\"elementor-widget-container\">\n\t\t\t\t\t\t\t\t\t<p>Caja con 3 blister 30 piezas c\/u<\/p>\t\t\t\t\t\t\t\t<\/div>\n\t\t\t\t<\/div>\n\t\t\t\t\t<\/div>\n\t\t<\/div>\n\t\t\t\t\t<\/div>\n\t\t<\/section>\n\t\t\t\t<\/div>\n\t\t","protected":false},"excerpt":{"rendered":"<p>GOMA DE MASCAR blue\u00aem La investigaci\u00f3n ha demostrado que un chicle despu\u00e9s de una comida contribuye a tener dientes m\u00e1s limpios. No solo elimina las\u00a0 bacterias de las superficies de masticaci\u00f3n, sino que tambi\u00e9n estimula la producci\u00f3n de saliva, eliminando los residuos de comida entre los dientes y fortaleciendo el esmalte dental. blue\u00aem ha desarrollado &#8230;.&nbsp;&nbsp;<a class=\" special\" href=\"https:\/\/viardenlab.com\/neolix\/goma-de-mascar\/\">Read More<\/a><\/p>\n","protected":false},"author":1,"featured_media":0,"parent":0,"menu_order":0,"comment_status":"closed","ping_status":"closed","template":"elementor_header_footer","meta":{"pagelayer_contact_templates":[],"_pagelayer_content":"","_joinchat":[],"footnotes":""},"class_list":["post-1168","page","type-page","status-publish","hentry"],"yoast_head":"<!-- This site is optimized with the Yoast SEO plugin v23.7 - https:\/\/yoast.com\/wordpress\/plugins\/seo\/ -->\n<title>Goma de mascar - Neolix<\/title>\n<meta name=\"robots\" content=\"index, follow, max-snippet:-1, max-image-preview:large, max-video-preview:-1\" \/>\n<link rel=\"canonical\" href=\"https:\/\/viardenlab.com\/neolix\/goma-de-mascar\/\" \/>\n<meta property=\"og:locale\" content=\"es_ES\" \/>\n<meta property=\"og:type\" content=\"article\" \/>\n<meta property=\"og:title\" content=\"Goma de mascar - Neolix\" \/>\n<meta property=\"og:description\" content=\"GOMA DE MASCAR blue\u00aem La investigaci\u00f3n ha demostrado que un chicle despu\u00e9s de una comida contribuye a tener dientes m\u00e1s limpios. No solo elimina las\u00a0 bacterias de las superficies de masticaci\u00f3n, sino que tambi\u00e9n estimula la producci\u00f3n de saliva, eliminando los residuos de comida entre los dientes y fortaleciendo el esmalte dental. blue\u00aem ha desarrollado ....&nbsp;&nbsp;Read More\" \/>\n<meta property=\"og:url\" content=\"https:\/\/viardenlab.com\/neolix\/goma-de-mascar\/\" \/>\n<meta property=\"og:site_name\" content=\"Neolix\" \/>\n<meta property=\"article:modified_time\" content=\"2022-02-11T19:07:36+00:00\" \/>\n<meta property=\"og:image\" content=\"https:\/\/viardenlab.com\/neolix\/wp-content\/uploads\/2021\/01\/goma-mascar.jpg\" \/>\n<meta name=\"twitter:card\" content=\"summary_large_image\" \/>\n<meta name=\"twitter:label1\" content=\"Tiempo de lectura\" \/>\n\t<meta name=\"twitter:data1\" content=\"3 minutos\" \/>\n<script type=\"application\/ld+json\" class=\"yoast-schema-graph\">{\"@context\":\"https:\/\/schema.org\",\"@graph\":[{\"@type\":\"WebPage\",\"@id\":\"https:\/\/viardenlab.com\/neolix\/goma-de-mascar\/\",\"url\":\"https:\/\/viardenlab.com\/neolix\/goma-de-mascar\/\",\"name\":\"Goma de mascar - Neolix\",\"isPartOf\":{\"@id\":\"https:\/\/viardenlab.com\/neolix\/#website\"},\"primaryImageOfPage\":{\"@id\":\"https:\/\/viardenlab.com\/neolix\/goma-de-mascar\/#primaryimage\"},\"image\":{\"@id\":\"https:\/\/viardenlab.com\/neolix\/goma-de-mascar\/#primaryimage\"},\"thumbnailUrl\":\"https:\/\/viardenlab.com\/neolix\/wp-content\/uploads\/2021\/01\/goma-mascar.jpg\",\"datePublished\":\"2021-01-27T17:19:18+00:00\",\"dateModified\":\"2022-02-11T19:07:36+00:00\",\"breadcrumb\":{\"@id\":\"https:\/\/viardenlab.com\/neolix\/goma-de-mascar\/#breadcrumb\"},\"inLanguage\":\"es\",\"potentialAction\":[{\"@type\":\"ReadAction\",\"target\":[\"https:\/\/viardenlab.com\/neolix\/goma-de-mascar\/\"]}]},{\"@type\":\"ImageObject\",\"inLanguage\":\"es\",\"@id\":\"https:\/\/viardenlab.com\/neolix\/goma-de-mascar\/#primaryimage\",\"url\":\"https:\/\/viardenlab.com\/neolix\/wp-content\/uploads\/2021\/01\/goma-mascar.jpg\",\"contentUrl\":\"https:\/\/viardenlab.com\/neolix\/wp-content\/uploads\/2021\/01\/goma-mascar.jpg\",\"width\":1000,\"height\":1000},{\"@type\":\"BreadcrumbList\",\"@id\":\"https:\/\/viardenlab.com\/neolix\/goma-de-mascar\/#breadcrumb\",\"itemListElement\":[{\"@type\":\"ListItem\",\"position\":1,\"name\":\"Portada\",\"item\":\"https:\/\/viardenlab.com\/neolix\/\"},{\"@type\":\"ListItem\",\"position\":2,\"name\":\"Goma de mascar\"}]},{\"@type\":\"WebSite\",\"@id\":\"https:\/\/viardenlab.com\/neolix\/#website\",\"url\":\"https:\/\/viardenlab.com\/neolix\/\",\"name\":\"Neolix\",\"description\":\"\",\"publisher\":{\"@id\":\"https:\/\/viardenlab.com\/neolix\/#organization\"},\"potentialAction\":[{\"@type\":\"SearchAction\",\"target\":{\"@type\":\"EntryPoint\",\"urlTemplate\":\"https:\/\/viardenlab.com\/neolix\/?s={search_term_string}\"},\"query-input\":{\"@type\":\"PropertyValueSpecification\",\"valueRequired\":true,\"valueName\":\"search_term_string\"}}],\"inLanguage\":\"es\"},{\"@type\":\"Organization\",\"@id\":\"https:\/\/viardenlab.com\/neolix\/#organization\",\"name\":\"Neolix\",\"url\":\"https:\/\/viardenlab.com\/neolix\/\",\"logo\":{\"@type\":\"ImageObject\",\"inLanguage\":\"es\",\"@id\":\"https:\/\/viardenlab.com\/neolix\/#\/schema\/logo\/image\/\",\"url\":\"https:\/\/viardenlab.com\/neolix\/wp-content\/uploads\/2022\/01\/cropped-logo-small.jpg\",\"contentUrl\":\"https:\/\/viardenlab.com\/neolix\/wp-content\/uploads\/2022\/01\/cropped-logo-small.jpg\",\"width\":1013,\"height\":250,\"caption\":\"Neolix\"},\"image\":{\"@id\":\"https:\/\/viardenlab.com\/neolix\/#\/schema\/logo\/image\/\"}}]}<\/script>\n<!-- \/ Yoast SEO plugin. -->","yoast_head_json":{"title":"Goma de mascar - Neolix","robots":{"index":"index","follow":"follow","max-snippet":"max-snippet:-1","max-image-preview":"max-image-preview:large","max-video-preview":"max-video-preview:-1"},"canonical":"https:\/\/viardenlab.com\/neolix\/goma-de-mascar\/","og_locale":"es_ES","og_type":"article","og_title":"Goma de mascar - Neolix","og_description":"GOMA DE MASCAR blue\u00aem La investigaci\u00f3n ha demostrado que un chicle despu\u00e9s de una comida contribuye a tener dientes m\u00e1s limpios. No solo elimina las\u00a0 bacterias de las superficies de masticaci\u00f3n, sino que tambi\u00e9n estimula la producci\u00f3n de saliva, eliminando los residuos de comida entre los dientes y fortaleciendo el esmalte dental. blue\u00aem ha desarrollado ....&nbsp;&nbsp;Read More","og_url":"https:\/\/viardenlab.com\/neolix\/goma-de-mascar\/","og_site_name":"Neolix","article_modified_time":"2022-02-11T19:07:36+00:00","og_image":[{"url":"https:\/\/viardenlab.com\/neolix\/wp-content\/uploads\/2021\/01\/goma-mascar.jpg"}],"twitter_card":"summary_large_image","twitter_misc":{"Tiempo de lectura":"3 minutos"},"schema":{"@context":"https:\/\/schema.org","@graph":[{"@type":"WebPage","@id":"https:\/\/viardenlab.com\/neolix\/goma-de-mascar\/","url":"https:\/\/viardenlab.com\/neolix\/goma-de-mascar\/","name":"Goma de mascar - Neolix","isPartOf":{"@id":"https:\/\/viardenlab.com\/neolix\/#website"},"primaryImageOfPage":{"@id":"https:\/\/viardenlab.com\/neolix\/goma-de-mascar\/#primaryimage"},"image":{"@id":"https:\/\/viardenlab.com\/neolix\/goma-de-mascar\/#primaryimage"},"thumbnailUrl":"https:\/\/viardenlab.com\/neolix\/wp-content\/uploads\/2021\/01\/goma-mascar.jpg","datePublished":"2021-01-27T17:19:18+00:00","dateModified":"2022-02-11T19:07:36+00:00","breadcrumb":{"@id":"https:\/\/viardenlab.com\/neolix\/goma-de-mascar\/#breadcrumb"},"inLanguage":"es","potentialAction":[{"@type":"ReadAction","target":["https:\/\/viardenlab.com\/neolix\/goma-de-mascar\/"]}]},{"@type":"ImageObject","inLanguage":"es","@id":"https:\/\/viardenlab.com\/neolix\/goma-de-mascar\/#primaryimage","url":"https:\/\/viardenlab.com\/neolix\/wp-content\/uploads\/2021\/01\/goma-mascar.jpg","contentUrl":"https:\/\/viardenlab.com\/neolix\/wp-content\/uploads\/2021\/01\/goma-mascar.jpg","width":1000,"height":1000},{"@type":"BreadcrumbList","@id":"https:\/\/viardenlab.com\/neolix\/goma-de-mascar\/#breadcrumb","itemListElement":[{"@type":"ListItem","position":1,"name":"Portada","item":"https:\/\/viardenlab.com\/neolix\/"},{"@type":"ListItem","position":2,"name":"Goma de mascar"}]},{"@type":"WebSite","@id":"https:\/\/viardenlab.com\/neolix\/#website","url":"https:\/\/viardenlab.com\/neolix\/","name":"Neolix","description":"","publisher":{"@id":"https:\/\/viardenlab.com\/neolix\/#organization"},"potentialAction":[{"@type":"SearchAction","target":{"@type":"EntryPoint","urlTemplate":"https:\/\/viardenlab.com\/neolix\/?s={search_term_string}"},"query-input":{"@type":"PropertyValueSpecification","valueRequired":true,"valueName":"search_term_string"}}],"inLanguage":"es"},{"@type":"Organization","@id":"https:\/\/viardenlab.com\/neolix\/#organization","name":"Neolix","url":"https:\/\/viardenlab.com\/neolix\/","logo":{"@type":"ImageObject","inLanguage":"es","@id":"https:\/\/viardenlab.com\/neolix\/#\/schema\/logo\/image\/","url":"https:\/\/viardenlab.com\/neolix\/wp-content\/uploads\/2022\/01\/cropped-logo-small.jpg","contentUrl":"https:\/\/viardenlab.com\/neolix\/wp-content\/uploads\/2022\/01\/cropped-logo-small.jpg","width":1013,"height":250,"caption":"Neolix"},"image":{"@id":"https:\/\/viardenlab.com\/neolix\/#\/schema\/logo\/image\/"}}]}},"_links":{"self":[{"href":"https:\/\/viardenlab.com\/neolix\/wp-json\/wp\/v2\/pages\/1168","targetHints":{"allow":["GET"]}}],"collection":[{"href":"https:\/\/viardenlab.com\/neolix\/wp-json\/wp\/v2\/pages"}],"about":[{"href":"https:\/\/viardenlab.com\/neolix\/wp-json\/wp\/v2\/types\/page"}],"author":[{"embeddable":true,"href":"https:\/\/viardenlab.com\/neolix\/wp-json\/wp\/v2\/users\/1"}],"replies":[{"embeddable":true,"href":"https:\/\/viardenlab.com\/neolix\/wp-json\/wp\/v2\/comments?post=1168"}],"version-history":[{"count":16,"href":"https:\/\/viardenlab.com\/neolix\/wp-json\/wp\/v2\/pages\/1168\/revisions"}],"predecessor-version":[{"id":1861,"href":"https:\/\/viardenlab.com\/neolix\/wp-json\/wp\/v2\/pages\/1168\/revisions\/1861"}],"wp:attachment":[{"href":"https:\/\/viardenlab.com\/neolix\/wp-json\/wp\/v2\/media?parent=1168"}],"curies":[{"name":"wp","href":"https:\/\/api.w.org\/{rel}","templated":true}]}}