{"id":1101,"date":"2020-12-15T18:46:38","date_gmt":"2020-12-15T18:46:38","guid":{"rendered":"https:\/\/viardenlab.com\/neolix\/?page_id=1101"},"modified":"2020-12-15T19:00:37","modified_gmt":"2020-12-15T19:00:37","slug":"aplicaciones","status":"publish","type":"page","link":"https:\/\/viardenlab.com\/neolix\/aplicaciones\/","title":{"rendered":"Aplicaciones"},"content":{"rendered":"\t\t<div data-elementor-type=\"wp-page\" data-elementor-id=\"1101\" class=\"elementor elementor-1101\" data-elementor-post-type=\"page\">\n\t\t\t\t\t\t<section class=\"elementor-section elementor-top-section elementor-element elementor-element-9fd8b96 elementor-section-boxed elementor-section-height-default elementor-section-height-default\" data-id=\"9fd8b96\" data-element_type=\"section\">\n\t\t\t\t\t\t<div class=\"elementor-container elementor-column-gap-default\">\n\t\t\t\t\t<div class=\"elementor-column elementor-col-100 elementor-top-column elementor-element elementor-element-8e5be4f\" data-id=\"8e5be4f\" data-element_type=\"column\">\n\t\t\t<div class=\"elementor-widget-wrap elementor-element-populated\">\n\t\t\t\t\t\t<div class=\"elementor-element elementor-element-201455d elementor-grid-2 elementor-grid-tablet-2 elementor-grid-mobile-1 elementor-posts--thumbnail-top elementor-card-shadow-yes elementor-posts__hover-gradient elementor-widget elementor-widget-posts\" data-id=\"201455d\" data-element_type=\"widget\" data-settings=\"{&quot;cards_columns&quot;:&quot;2&quot;,&quot;cards_columns_tablet&quot;:&quot;2&quot;,&quot;cards_columns_mobile&quot;:&quot;1&quot;,&quot;cards_row_gap&quot;:{&quot;unit&quot;:&quot;px&quot;,&quot;size&quot;:35,&quot;sizes&quot;:[]},&quot;cards_row_gap_tablet&quot;:{&quot;unit&quot;:&quot;px&quot;,&quot;size&quot;:&quot;&quot;,&quot;sizes&quot;:[]},&quot;cards_row_gap_mobile&quot;:{&quot;unit&quot;:&quot;px&quot;,&quot;size&quot;:&quot;&quot;,&quot;sizes&quot;:[]}}\" data-widget_type=\"posts.cards\">\n\t\t\t\t<div class=\"elementor-widget-container\">\n\t\t\t\t\t\t\t<div class=\"elementor-posts-container elementor-posts elementor-posts--skin-cards elementor-grid\">\n\t\t\t\t<article class=\"elementor-post elementor-grid-item post-1149 post type-post status-publish format-standard has-post-thumbnail hentry category-aplicaciones\">\n\t\t\t<div class=\"elementor-post__card\">\n\t\t\t\t<a class=\"elementor-post__thumbnail__link\" href=\"https:\/\/viardenlab.com\/neolix\/tratamiento-eficaz-para-las-ulceras-bucales\/\" tabindex=\"-1\" ><div class=\"elementor-post__thumbnail\"><img fetchpriority=\"high\" decoding=\"async\" width=\"1700\" height=\"1133\" src=\"https:\/\/viardenlab.com\/neolix\/wp-content\/uploads\/2020\/12\/afta-bucal.jpg\" class=\"attachment-full size-full wp-image-1150\" alt=\"\" srcset=\"https:\/\/viardenlab.com\/neolix\/wp-content\/uploads\/2020\/12\/afta-bucal.jpg 1700w, https:\/\/viardenlab.com\/neolix\/wp-content\/uploads\/2020\/12\/afta-bucal-300x200.jpg 300w, https:\/\/viardenlab.com\/neolix\/wp-content\/uploads\/2020\/12\/afta-bucal-1024x682.jpg 1024w, https:\/\/viardenlab.com\/neolix\/wp-content\/uploads\/2020\/12\/afta-bucal-768x512.jpg 768w, https:\/\/viardenlab.com\/neolix\/wp-content\/uploads\/2020\/12\/afta-bucal-1536x1024.jpg 1536w, https:\/\/viardenlab.com\/neolix\/wp-content\/uploads\/2020\/12\/afta-bucal-830x553.jpg 830w, https:\/\/viardenlab.com\/neolix\/wp-content\/uploads\/2020\/12\/afta-bucal-230x153.jpg 230w\" sizes=\"(max-width: 1700px) 100vw, 1700px\" \/><\/div><\/a>\n\t\t\t\t<div class=\"elementor-post__badge\">Aplicaciones<\/div>\n\t\t\t\t<div class=\"elementor-post__text\">\n\t\t\t\t<h3 class=\"elementor-post__title\">\n\t\t\t<a href=\"https:\/\/viardenlab.com\/neolix\/tratamiento-eficaz-para-las-ulceras-bucales\/\" >\n\t\t\t\tTratamiento eficaz para las \u00falceras bucales\t\t\t<\/a>\n\t\t<\/h3>\n\t\t\t\t<div class=\"elementor-post__excerpt\">\n\t\t\t<p>\u00bfSufriendo de \u00falceras bucales? \u00a1Gel bucal BlueM repara r\u00e1pidamente las llagas! \u00dalceras bucales Las \u00falceras bucales son llagas dolorosas en la boca. Las manchas son<\/p>\n\t\t<\/div>\n\t\t\n\t\t<a class=\"elementor-post__read-more\" href=\"https:\/\/viardenlab.com\/neolix\/tratamiento-eficaz-para-las-ulceras-bucales\/\" aria-label=\"M\u00e1s informaci\u00f3n sobre Tratamiento eficaz para las \u00falceras bucales\" tabindex=\"-1\" >\n\t\t\tLeer m\u00e1s \u00bb\t\t<\/a>\n\n\t\t\t\t<\/div>\n\t\t\t\t\t<\/div>\n\t\t<\/article>\n\t\t\t\t<article class=\"elementor-post elementor-grid-item post-1146 post type-post status-publish format-standard has-post-thumbnail hentry category-aplicaciones\">\n\t\t\t<div class=\"elementor-post__card\">\n\t\t\t\t<a class=\"elementor-post__thumbnail__link\" href=\"https:\/\/viardenlab.com\/neolix\/cuidado-con-el-implante-la-prevencion-y-el-tratamiento-de-la-peri-implantitis\/\" tabindex=\"-1\" ><div class=\"elementor-post__thumbnail\"><img decoding=\"async\" width=\"1700\" height=\"1133\" src=\"https:\/\/viardenlab.com\/neolix\/wp-content\/uploads\/2020\/12\/periimplantitis.jpg\" class=\"attachment-full size-full wp-image-1147\" alt=\"\" srcset=\"https:\/\/viardenlab.com\/neolix\/wp-content\/uploads\/2020\/12\/periimplantitis.jpg 1700w, https:\/\/viardenlab.com\/neolix\/wp-content\/uploads\/2020\/12\/periimplantitis-300x200.jpg 300w, https:\/\/viardenlab.com\/neolix\/wp-content\/uploads\/2020\/12\/periimplantitis-1024x682.jpg 1024w, https:\/\/viardenlab.com\/neolix\/wp-content\/uploads\/2020\/12\/periimplantitis-768x512.jpg 768w, https:\/\/viardenlab.com\/neolix\/wp-content\/uploads\/2020\/12\/periimplantitis-1536x1024.jpg 1536w, https:\/\/viardenlab.com\/neolix\/wp-content\/uploads\/2020\/12\/periimplantitis-830x553.jpg 830w, https:\/\/viardenlab.com\/neolix\/wp-content\/uploads\/2020\/12\/periimplantitis-230x153.jpg 230w\" sizes=\"(max-width: 1700px) 100vw, 1700px\" \/><\/div><\/a>\n\t\t\t\t<div class=\"elementor-post__badge\">Aplicaciones<\/div>\n\t\t\t\t<div class=\"elementor-post__text\">\n\t\t\t\t<h3 class=\"elementor-post__title\">\n\t\t\t<a href=\"https:\/\/viardenlab.com\/neolix\/cuidado-con-el-implante-la-prevencion-y-el-tratamiento-de-la-peri-implantitis\/\" >\n\t\t\t\tCuidado con el implante: la prevenci\u00f3n y el tratamiento de la peri-implantitis\t\t\t<\/a>\n\t\t<\/h3>\n\t\t\t\t<div class=\"elementor-post__excerpt\">\n\t\t\t<p>Varios de los pacientes sufren de inflamaci\u00f3n alrededor de los implantes dentales llamados peri-implantitis. \u00a1Los productos ricos en ox\u00edgeno BlueM le ofrecer\u00e1n un remedio para<\/p>\n\t\t<\/div>\n\t\t\n\t\t<a class=\"elementor-post__read-more\" href=\"https:\/\/viardenlab.com\/neolix\/cuidado-con-el-implante-la-prevencion-y-el-tratamiento-de-la-peri-implantitis\/\" aria-label=\"M\u00e1s informaci\u00f3n sobre Cuidado con el implante: la prevenci\u00f3n y el tratamiento de la peri-implantitis\" tabindex=\"-1\" >\n\t\t\tLeer m\u00e1s \u00bb\t\t<\/a>\n\n\t\t\t\t<\/div>\n\t\t\t\t\t<\/div>\n\t\t<\/article>\n\t\t\t\t<article class=\"elementor-post elementor-grid-item post-1143 post type-post status-publish format-standard has-post-thumbnail hentry category-aplicaciones\">\n\t\t\t<div class=\"elementor-post__card\">\n\t\t\t\t<a class=\"elementor-post__thumbnail__link\" href=\"https:\/\/viardenlab.com\/neolix\/tratamiento-de-la-periodontitis\/\" tabindex=\"-1\" ><div class=\"elementor-post__thumbnail\"><img decoding=\"async\" width=\"1700\" height=\"1133\" src=\"https:\/\/viardenlab.com\/neolix\/wp-content\/uploads\/2020\/12\/tratamiento-periodontitis.jpg\" class=\"attachment-full size-full wp-image-1144\" alt=\"\" srcset=\"https:\/\/viardenlab.com\/neolix\/wp-content\/uploads\/2020\/12\/tratamiento-periodontitis.jpg 1700w, https:\/\/viardenlab.com\/neolix\/wp-content\/uploads\/2020\/12\/tratamiento-periodontitis-300x200.jpg 300w, https:\/\/viardenlab.com\/neolix\/wp-content\/uploads\/2020\/12\/tratamiento-periodontitis-1024x682.jpg 1024w, https:\/\/viardenlab.com\/neolix\/wp-content\/uploads\/2020\/12\/tratamiento-periodontitis-768x512.jpg 768w, https:\/\/viardenlab.com\/neolix\/wp-content\/uploads\/2020\/12\/tratamiento-periodontitis-1536x1024.jpg 1536w, https:\/\/viardenlab.com\/neolix\/wp-content\/uploads\/2020\/12\/tratamiento-periodontitis-830x553.jpg 830w, https:\/\/viardenlab.com\/neolix\/wp-content\/uploads\/2020\/12\/tratamiento-periodontitis-230x153.jpg 230w\" sizes=\"(max-width: 1700px) 100vw, 1700px\" \/><\/div><\/a>\n\t\t\t\t<div class=\"elementor-post__badge\">Aplicaciones<\/div>\n\t\t\t\t<div class=\"elementor-post__text\">\n\t\t\t\t<h3 class=\"elementor-post__title\">\n\t\t\t<a href=\"https:\/\/viardenlab.com\/neolix\/tratamiento-de-la-periodontitis\/\" >\n\t\t\t\tTratamiento de la Periodontitis\t\t\t<\/a>\n\t\t<\/h3>\n\t\t\t\t<div class=\"elementor-post__excerpt\">\n\t\t\t<p>La periodontitis es una inflamaci\u00f3n de las enc\u00edas que puede afectar mucho m\u00e1s que la enc\u00eda. La placa dental en los dientes provoca una inflamaci\u00f3n<\/p>\n\t\t<\/div>\n\t\t\n\t\t<a class=\"elementor-post__read-more\" href=\"https:\/\/viardenlab.com\/neolix\/tratamiento-de-la-periodontitis\/\" aria-label=\"M\u00e1s informaci\u00f3n sobre Tratamiento de la Periodontitis\" tabindex=\"-1\" >\n\t\t\tLeer m\u00e1s \u00bb\t\t<\/a>\n\n\t\t\t\t<\/div>\n\t\t\t\t\t<\/div>\n\t\t<\/article>\n\t\t\t\t<article class=\"elementor-post elementor-grid-item post-1140 post type-post status-publish format-standard has-post-thumbnail hentry category-aplicaciones\">\n\t\t\t<div class=\"elementor-post__card\">\n\t\t\t\t<a class=\"elementor-post__thumbnail__link\" href=\"https:\/\/viardenlab.com\/neolix\/tratamiento-de-las-encias-inflamadas\/\" tabindex=\"-1\" ><div class=\"elementor-post__thumbnail\"><img loading=\"lazy\" decoding=\"async\" width=\"1700\" height=\"1133\" src=\"https:\/\/viardenlab.com\/neolix\/wp-content\/uploads\/2020\/12\/tratamiento-encias.jpg\" class=\"attachment-full size-full wp-image-1141\" alt=\"\" srcset=\"https:\/\/viardenlab.com\/neolix\/wp-content\/uploads\/2020\/12\/tratamiento-encias.jpg 1700w, https:\/\/viardenlab.com\/neolix\/wp-content\/uploads\/2020\/12\/tratamiento-encias-300x200.jpg 300w, https:\/\/viardenlab.com\/neolix\/wp-content\/uploads\/2020\/12\/tratamiento-encias-1024x682.jpg 1024w, https:\/\/viardenlab.com\/neolix\/wp-content\/uploads\/2020\/12\/tratamiento-encias-768x512.jpg 768w, https:\/\/viardenlab.com\/neolix\/wp-content\/uploads\/2020\/12\/tratamiento-encias-1536x1024.jpg 1536w, https:\/\/viardenlab.com\/neolix\/wp-content\/uploads\/2020\/12\/tratamiento-encias-830x553.jpg 830w, https:\/\/viardenlab.com\/neolix\/wp-content\/uploads\/2020\/12\/tratamiento-encias-230x153.jpg 230w\" sizes=\"(max-width: 1700px) 100vw, 1700px\" \/><\/div><\/a>\n\t\t\t\t<div class=\"elementor-post__badge\">Aplicaciones<\/div>\n\t\t\t\t<div class=\"elementor-post__text\">\n\t\t\t\t<h3 class=\"elementor-post__title\">\n\t\t\t<a href=\"https:\/\/viardenlab.com\/neolix\/tratamiento-de-las-encias-inflamadas\/\" >\n\t\t\t\tTratamiento de las enc\u00edas inflamadas\t\t\t<\/a>\n\t\t<\/h3>\n\t\t\t\t<div class=\"elementor-post__excerpt\">\n\t\t\t<p>Problemas en las enc\u00edas puede ser molesto y muy doloroso. La investigaci\u00f3n revela que el cuerpo se ve afectado directamente por la salud bucal &#8211;<\/p>\n\t\t<\/div>\n\t\t\n\t\t<a class=\"elementor-post__read-more\" href=\"https:\/\/viardenlab.com\/neolix\/tratamiento-de-las-encias-inflamadas\/\" aria-label=\"M\u00e1s informaci\u00f3n sobre Tratamiento de las enc\u00edas inflamadas\" tabindex=\"-1\" >\n\t\t\tLeer m\u00e1s \u00bb\t\t<\/a>\n\n\t\t\t\t<\/div>\n\t\t\t\t\t<\/div>\n\t\t<\/article>\n\t\t\t\t<article class=\"elementor-post elementor-grid-item post-1137 post type-post status-publish format-standard has-post-thumbnail hentry category-aplicaciones\">\n\t\t\t<div class=\"elementor-post__card\">\n\t\t\t\t<a class=\"elementor-post__thumbnail__link\" href=\"https:\/\/viardenlab.com\/neolix\/tratamiento-eficaz-para-dientes-sanos\/\" tabindex=\"-1\" ><div class=\"elementor-post__thumbnail\"><img loading=\"lazy\" decoding=\"async\" width=\"1700\" height=\"1133\" src=\"https:\/\/viardenlab.com\/neolix\/wp-content\/uploads\/2020\/12\/tratamiento-eficaz.jpg\" class=\"attachment-full size-full wp-image-1139\" alt=\"\" srcset=\"https:\/\/viardenlab.com\/neolix\/wp-content\/uploads\/2020\/12\/tratamiento-eficaz.jpg 1700w, https:\/\/viardenlab.com\/neolix\/wp-content\/uploads\/2020\/12\/tratamiento-eficaz-300x200.jpg 300w, https:\/\/viardenlab.com\/neolix\/wp-content\/uploads\/2020\/12\/tratamiento-eficaz-1024x682.jpg 1024w, https:\/\/viardenlab.com\/neolix\/wp-content\/uploads\/2020\/12\/tratamiento-eficaz-768x512.jpg 768w, https:\/\/viardenlab.com\/neolix\/wp-content\/uploads\/2020\/12\/tratamiento-eficaz-1536x1024.jpg 1536w, https:\/\/viardenlab.com\/neolix\/wp-content\/uploads\/2020\/12\/tratamiento-eficaz-830x553.jpg 830w, https:\/\/viardenlab.com\/neolix\/wp-content\/uploads\/2020\/12\/tratamiento-eficaz-230x153.jpg 230w\" sizes=\"(max-width: 1700px) 100vw, 1700px\" \/><\/div><\/a>\n\t\t\t\t<div class=\"elementor-post__badge\">Aplicaciones<\/div>\n\t\t\t\t<div class=\"elementor-post__text\">\n\t\t\t\t<h3 class=\"elementor-post__title\">\n\t\t\t<a href=\"https:\/\/viardenlab.com\/neolix\/tratamiento-eficaz-para-dientes-sanos\/\" >\n\t\t\t\tTratamiento eficaz para dientes sanos\t\t\t<\/a>\n\t\t<\/h3>\n\t\t\t\t<div class=\"elementor-post__excerpt\">\n\t\t\t<p>\u00a1Una boca sana es esencial para un cuerpo sano. La alta concentraci\u00f3n de ox\u00edgeno en los productos para el cuidado bucal BlueM hacen lo mejor<\/p>\n\t\t<\/div>\n\t\t\n\t\t<a class=\"elementor-post__read-more\" href=\"https:\/\/viardenlab.com\/neolix\/tratamiento-eficaz-para-dientes-sanos\/\" aria-label=\"M\u00e1s informaci\u00f3n sobre Tratamiento eficaz para dientes sanos\" tabindex=\"-1\" >\n\t\t\tLeer m\u00e1s \u00bb\t\t<\/a>\n\n\t\t\t\t<\/div>\n\t\t\t\t\t<\/div>\n\t\t<\/article>\n\t\t\t\t<article class=\"elementor-post elementor-grid-item post-1103 post type-post status-publish format-standard has-post-thumbnail hentry category-aplicaciones\">\n\t\t\t<div class=\"elementor-post__card\">\n\t\t\t\t<a class=\"elementor-post__thumbnail__link\" href=\"https:\/\/viardenlab.com\/neolix\/cuidado-de-implante\/\" tabindex=\"-1\" ><div class=\"elementor-post__thumbnail\"><img loading=\"lazy\" decoding=\"async\" width=\"1700\" height=\"1133\" src=\"https:\/\/viardenlab.com\/neolix\/wp-content\/uploads\/2020\/12\/cuidado-del-implante.jpg\" class=\"attachment-full size-full wp-image-1113\" alt=\"\" srcset=\"https:\/\/viardenlab.com\/neolix\/wp-content\/uploads\/2020\/12\/cuidado-del-implante.jpg 1700w, https:\/\/viardenlab.com\/neolix\/wp-content\/uploads\/2020\/12\/cuidado-del-implante-300x200.jpg 300w, https:\/\/viardenlab.com\/neolix\/wp-content\/uploads\/2020\/12\/cuidado-del-implante-1024x682.jpg 1024w, https:\/\/viardenlab.com\/neolix\/wp-content\/uploads\/2020\/12\/cuidado-del-implante-768x512.jpg 768w, https:\/\/viardenlab.com\/neolix\/wp-content\/uploads\/2020\/12\/cuidado-del-implante-1536x1024.jpg 1536w, https:\/\/viardenlab.com\/neolix\/wp-content\/uploads\/2020\/12\/cuidado-del-implante-830x553.jpg 830w, https:\/\/viardenlab.com\/neolix\/wp-content\/uploads\/2020\/12\/cuidado-del-implante-230x153.jpg 230w\" sizes=\"(max-width: 1700px) 100vw, 1700px\" \/><\/div><\/a>\n\t\t\t\t<div class=\"elementor-post__badge\">Aplicaciones<\/div>\n\t\t\t\t<div class=\"elementor-post__text\">\n\t\t\t\t<h3 class=\"elementor-post__title\">\n\t\t\t<a href=\"https:\/\/viardenlab.com\/neolix\/cuidado-de-implante\/\" >\n\t\t\t\tCuidado de Implante\t\t\t<\/a>\n\t\t<\/h3>\n\t\t\t\t<div class=\"elementor-post__excerpt\">\n\t\t\t<p>\u00bfSometerse a una cirug\u00eda bucal para los implantes dentales? Los productos ricos en ox\u00edgeno de BlueM contribuir\u00e1n a una recuperaci\u00f3n m\u00e1s r\u00e1pida. \u00a1BlueM es una<\/p>\n\t\t<\/div>\n\t\t\n\t\t<a class=\"elementor-post__read-more\" href=\"https:\/\/viardenlab.com\/neolix\/cuidado-de-implante\/\" aria-label=\"M\u00e1s informaci\u00f3n sobre Cuidado de Implante\" tabindex=\"-1\" >\n\t\t\tLeer m\u00e1s \u00bb\t\t<\/a>\n\n\t\t\t\t<\/div>\n\t\t\t\t\t<\/div>\n\t\t<\/article>\n\t\t\t\t<\/div>\n\t\t\n\t\t\t\t\t\t<\/div>\n\t\t\t\t<\/div>\n\t\t\t\t\t<\/div>\n\t\t<\/div>\n\t\t\t\t\t<\/div>\n\t\t<\/section>\n\t\t\t\t<\/div>\n\t\t","protected":false},"excerpt":{"rendered":"","protected":false},"author":1,"featured_media":0,"parent":0,"menu_order":0,"comment_status":"closed","ping_status":"closed","template":"elementor_header_footer","meta":{"pagelayer_contact_templates":[],"_pagelayer_content":"","_joinchat":[],"footnotes":""},"class_list":["post-1101","page","type-page","status-publish","hentry"],"yoast_head":"<!-- This site is optimized with the Yoast SEO plugin v23.7 - https:\/\/yoast.com\/wordpress\/plugins\/seo\/ -->\n<title>Aplicaciones - Neolix<\/title>\n<meta name=\"robots\" content=\"index, follow, max-snippet:-1, max-image-preview:large, max-video-preview:-1\" \/>\n<link rel=\"canonical\" href=\"https:\/\/viardenlab.com\/neolix\/aplicaciones\/\" \/>\n<meta property=\"og:locale\" content=\"es_ES\" \/>\n<meta property=\"og:type\" content=\"article\" \/>\n<meta property=\"og:title\" content=\"Aplicaciones - Neolix\" \/>\n<meta property=\"og:url\" content=\"https:\/\/viardenlab.com\/neolix\/aplicaciones\/\" \/>\n<meta property=\"og:site_name\" content=\"Neolix\" \/>\n<meta property=\"article:modified_time\" content=\"2020-12-15T19:00:37+00:00\" \/>\n<meta name=\"twitter:card\" content=\"summary_large_image\" \/>\n<script type=\"application\/ld+json\" class=\"yoast-schema-graph\">{\"@context\":\"https:\/\/schema.org\",\"@graph\":[{\"@type\":\"WebPage\",\"@id\":\"https:\/\/viardenlab.com\/neolix\/aplicaciones\/\",\"url\":\"https:\/\/viardenlab.com\/neolix\/aplicaciones\/\",\"name\":\"Aplicaciones - Neolix\",\"isPartOf\":{\"@id\":\"https:\/\/viardenlab.com\/neolix\/#website\"},\"datePublished\":\"2020-12-15T18:46:38+00:00\",\"dateModified\":\"2020-12-15T19:00:37+00:00\",\"breadcrumb\":{\"@id\":\"https:\/\/viardenlab.com\/neolix\/aplicaciones\/#breadcrumb\"},\"inLanguage\":\"es\",\"potentialAction\":[{\"@type\":\"ReadAction\",\"target\":[\"https:\/\/viardenlab.com\/neolix\/aplicaciones\/\"]}]},{\"@type\":\"BreadcrumbList\",\"@id\":\"https:\/\/viardenlab.com\/neolix\/aplicaciones\/#breadcrumb\",\"itemListElement\":[{\"@type\":\"ListItem\",\"position\":1,\"name\":\"Portada\",\"item\":\"https:\/\/viardenlab.com\/neolix\/\"},{\"@type\":\"ListItem\",\"position\":2,\"name\":\"Aplicaciones\"}]},{\"@type\":\"WebSite\",\"@id\":\"https:\/\/viardenlab.com\/neolix\/#website\",\"url\":\"https:\/\/viardenlab.com\/neolix\/\",\"name\":\"Neolix\",\"description\":\"\",\"publisher\":{\"@id\":\"https:\/\/viardenlab.com\/neolix\/#organization\"},\"potentialAction\":[{\"@type\":\"SearchAction\",\"target\":{\"@type\":\"EntryPoint\",\"urlTemplate\":\"https:\/\/viardenlab.com\/neolix\/?s={search_term_string}\"},\"query-input\":{\"@type\":\"PropertyValueSpecification\",\"valueRequired\":true,\"valueName\":\"search_term_string\"}}],\"inLanguage\":\"es\"},{\"@type\":\"Organization\",\"@id\":\"https:\/\/viardenlab.com\/neolix\/#organization\",\"name\":\"Neolix\",\"url\":\"https:\/\/viardenlab.com\/neolix\/\",\"logo\":{\"@type\":\"ImageObject\",\"inLanguage\":\"es\",\"@id\":\"https:\/\/viardenlab.com\/neolix\/#\/schema\/logo\/image\/\",\"url\":\"https:\/\/viardenlab.com\/neolix\/wp-content\/uploads\/2022\/01\/cropped-logo-small.jpg\",\"contentUrl\":\"https:\/\/viardenlab.com\/neolix\/wp-content\/uploads\/2022\/01\/cropped-logo-small.jpg\",\"width\":1013,\"height\":250,\"caption\":\"Neolix\"},\"image\":{\"@id\":\"https:\/\/viardenlab.com\/neolix\/#\/schema\/logo\/image\/\"}}]}<\/script>\n<!-- \/ Yoast SEO plugin. -->","yoast_head_json":{"title":"Aplicaciones - Neolix","robots":{"index":"index","follow":"follow","max-snippet":"max-snippet:-1","max-image-preview":"max-image-preview:large","max-video-preview":"max-video-preview:-1"},"canonical":"https:\/\/viardenlab.com\/neolix\/aplicaciones\/","og_locale":"es_ES","og_type":"article","og_title":"Aplicaciones - Neolix","og_url":"https:\/\/viardenlab.com\/neolix\/aplicaciones\/","og_site_name":"Neolix","article_modified_time":"2020-12-15T19:00:37+00:00","twitter_card":"summary_large_image","schema":{"@context":"https:\/\/schema.org","@graph":[{"@type":"WebPage","@id":"https:\/\/viardenlab.com\/neolix\/aplicaciones\/","url":"https:\/\/viardenlab.com\/neolix\/aplicaciones\/","name":"Aplicaciones - Neolix","isPartOf":{"@id":"https:\/\/viardenlab.com\/neolix\/#website"},"datePublished":"2020-12-15T18:46:38+00:00","dateModified":"2020-12-15T19:00:37+00:00","breadcrumb":{"@id":"https:\/\/viardenlab.com\/neolix\/aplicaciones\/#breadcrumb"},"inLanguage":"es","potentialAction":[{"@type":"ReadAction","target":["https:\/\/viardenlab.com\/neolix\/aplicaciones\/"]}]},{"@type":"BreadcrumbList","@id":"https:\/\/viardenlab.com\/neolix\/aplicaciones\/#breadcrumb","itemListElement":[{"@type":"ListItem","position":1,"name":"Portada","item":"https:\/\/viardenlab.com\/neolix\/"},{"@type":"ListItem","position":2,"name":"Aplicaciones"}]},{"@type":"WebSite","@id":"https:\/\/viardenlab.com\/neolix\/#website","url":"https:\/\/viardenlab.com\/neolix\/","name":"Neolix","description":"","publisher":{"@id":"https:\/\/viardenlab.com\/neolix\/#organization"},"potentialAction":[{"@type":"SearchAction","target":{"@type":"EntryPoint","urlTemplate":"https:\/\/viardenlab.com\/neolix\/?s={search_term_string}"},"query-input":{"@type":"PropertyValueSpecification","valueRequired":true,"valueName":"search_term_string"}}],"inLanguage":"es"},{"@type":"Organization","@id":"https:\/\/viardenlab.com\/neolix\/#organization","name":"Neolix","url":"https:\/\/viardenlab.com\/neolix\/","logo":{"@type":"ImageObject","inLanguage":"es","@id":"https:\/\/viardenlab.com\/neolix\/#\/schema\/logo\/image\/","url":"https:\/\/viardenlab.com\/neolix\/wp-content\/uploads\/2022\/01\/cropped-logo-small.jpg","contentUrl":"https:\/\/viardenlab.com\/neolix\/wp-content\/uploads\/2022\/01\/cropped-logo-small.jpg","width":1013,"height":250,"caption":"Neolix"},"image":{"@id":"https:\/\/viardenlab.com\/neolix\/#\/schema\/logo\/image\/"}}]}},"_links":{"self":[{"href":"https:\/\/viardenlab.com\/neolix\/wp-json\/wp\/v2\/pages\/1101","targetHints":{"allow":["GET"]}}],"collection":[{"href":"https:\/\/viardenlab.com\/neolix\/wp-json\/wp\/v2\/pages"}],"about":[{"href":"https:\/\/viardenlab.com\/neolix\/wp-json\/wp\/v2\/types\/page"}],"author":[{"embeddable":true,"href":"https:\/\/viardenlab.com\/neolix\/wp-json\/wp\/v2\/users\/1"}],"replies":[{"embeddable":true,"href":"https:\/\/viardenlab.com\/neolix\/wp-json\/wp\/v2\/comments?post=1101"}],"version-history":[{"count":10,"href":"https:\/\/viardenlab.com\/neolix\/wp-json\/wp\/v2\/pages\/1101\/revisions"}],"predecessor-version":[{"id":1116,"href":"https:\/\/viardenlab.com\/neolix\/wp-json\/wp\/v2\/pages\/1101\/revisions\/1116"}],"wp:attachment":[{"href":"https:\/\/viardenlab.com\/neolix\/wp-json\/wp\/v2\/media?parent=1101"}],"curies":[{"name":"wp","href":"https:\/\/api.w.org\/{rel}","templated":true}]}}