{"id":80,"date":"2017-03-31T12:41:55","date_gmt":"2017-03-31T18:41:55","guid":{"rendered":"http:\/\/viardenlab.com\/mx\/producto\/fluor-foam\/"},"modified":"2025-04-24T16:40:55","modified_gmt":"2025-04-24T22:40:55","slug":"fluor-foam","status":"publish","type":"product","link":"https:\/\/viardenlab.com\/mx\/producto\/fluor-foam","title":{"rendered":"Fluor foam"},"content":{"rendered":"","protected":false},"excerpt":{"rendered":"<div class=\"page\" title=\"Page 43\">\n<div class=\"layoutArea\">\n<div class=\"column\">\n<p>Espuma de Fluoruro de Sodio acidulada (APF) para aplicaciones to\u0301picas de flu\u0301or. Contiene 1.23% de ion flu\u0301or (proveniente de Fluoruro de Sodio y A\u0301cido Fluorhi\u0301drico) en espuma de a\u0301cido fosfo\u0301rico 0.1 m. Es ambientalmente seguro (producto ecolo\u0301gico), no contiene fluorocarbonos, por lo que no dan\u0303a la capa superior de ozono.<\/p>\n<\/div>\n<\/div>\n<\/div>\n<p><a href=\"http:\/\/viardenlab.com\/mx\/producto\/fluor-foam\"><span style=\"color: #ff0000;\">+ INFORMACI\u00d3N<\/span>\u00a0<\/a><\/p>\n<p> <a class=\"more-link\" href=\"https:\/\/viardenlab.com\/mx\/producto\/fluor-foam\">Leer m\u00e1s<\/a><\/p>","protected":false},"featured_media":8969,"template":"","meta":{"_joinchat":[]},"product_brand":[],"product_cat":[38,20,58],"product_tag":[1141,291],"class_list":{"0":"post-80","1":"product","2":"type-product","3":"status-publish","4":"has-post-thumbnail","6":"product_cat-fluoruros","7":"product_cat-home","8":"product_cat-odontologia-preventiva","9":"product_tag-fluor-foam","10":"product_tag-odontologia-preventiva","11":"pa_sabores-d7-bubblegum","12":"pa_sabores-1f-cherryliptus","13":"pa_sabores-4c-freshmint","15":"first","16":"outofstock","17":"shipping-taxable","18":"product-type-simple"},"aioseo_notices":[],"yoast_head":"<!-- This site is optimized with the Yoast SEO plugin v27.2 - https:\/\/yoast.com\/product\/yoast-seo-wordpress\/ -->\n<title>Fluor foam - Viarden Lab<\/title>\n<meta name=\"description\" content=\"Es una espuma de Fluoruro de Sodio acidulada (APF) para aplicaciones t\u00f3picas de fl\u00faor. FLUOR FOAM no contiene geles espesantes: la rica y espesa espuma es, en realidad, un l\u00edquido que permite el movimiento libre de iones de fl\u00faor hacia los dientes, as\u00ed como hacia sus \u00e1reas interproximales.Debido a que el fl\u00faor es aplicado como espuma, la masa total de fl\u00faor aplicado en la cucharilla es realmente menor que en las aplicaciones con gel. Esto representa una reducci\u00f3n en el riesgo de ingesti\u00f3n accidental de fl\u00faor y toxicidad sist\u00e9mica.FLUOR FOAM contiene 1.23% de i\u00f3n fl\u00faor (proveniente de Fluoruro de Sodio y \u00c1cido Fluorh\u00eddrico) en espuma de \u00e1cido fosf\u00f3rico 0.1 m.Diferentes estudios demuestran que el intercambio del 90% de iones fl\u00faor con calcio del diente se lleva a cabo durante el primer minuto de aplicaci\u00f3n y que el total del intercambio se realiza en cuatro minutos, por lo que FL\u00daOR FOAM puede ser utilizado tanto en un minuto como en cuatro, dependiendo de la t\u00e9cnica que prefiera el Cirujano Dentista.FL\u00daOR FOAM es ambientalmente seguro (producto ecol\u00f3gico), no contiene fluorocarbonos, por lo que no da\u00f1a la capa superior de ozono.\" \/>\n<meta name=\"robots\" content=\"index, follow, max-snippet:-1, max-image-preview:large, max-video-preview:-1\" \/>\n<link rel=\"canonical\" href=\"https:\/\/viardenlab.com\/mx\/producto\/fluor-foam\" \/>\n<meta property=\"og:locale\" content=\"es_ES\" \/>\n<meta property=\"og:type\" content=\"article\" \/>\n<meta property=\"og:title\" content=\"Fluor foam - Viarden Lab\" \/>\n<meta property=\"og:description\" content=\"Es una espuma de Fluoruro de Sodio acidulada (APF) para aplicaciones t\u00f3picas de fl\u00faor. FLUOR FOAM no contiene geles espesantes: la rica y espesa espuma es, en realidad, un l\u00edquido que permite el movimiento libre de iones de fl\u00faor hacia los dientes, as\u00ed como hacia sus \u00e1reas interproximales.Debido a que el fl\u00faor es aplicado como espuma, la masa total de fl\u00faor aplicado en la cucharilla es realmente menor que en las aplicaciones con gel. Esto representa una reducci\u00f3n en el riesgo de ingesti\u00f3n accidental de fl\u00faor y toxicidad sist\u00e9mica.FLUOR FOAM contiene 1.23% de i\u00f3n fl\u00faor (proveniente de Fluoruro de Sodio y \u00c1cido Fluorh\u00eddrico) en espuma de \u00e1cido fosf\u00f3rico 0.1 m.Diferentes estudios demuestran que el intercambio del 90% de iones fl\u00faor con calcio del diente se lleva a cabo durante el primer minuto de aplicaci\u00f3n y que el total del intercambio se realiza en cuatro minutos, por lo que FL\u00daOR FOAM puede ser utilizado tanto en un minuto como en cuatro, dependiendo de la t\u00e9cnica que prefiera el Cirujano Dentista.FL\u00daOR FOAM es ambientalmente seguro (producto ecol\u00f3gico), no contiene fluorocarbonos, por lo que no da\u00f1a la capa superior de ozono.\" \/>\n<meta property=\"og:url\" content=\"https:\/\/viardenlab.com\/mx\/producto\/fluor-foam\" \/>\n<meta property=\"og:site_name\" content=\"Viarden Lab\" \/>\n<meta property=\"article:modified_time\" content=\"2025-04-24T22:40:55+00:00\" \/>\n<meta property=\"og:image\" content=\"http:\/\/viardenlab.com\/mx\/wp-content\/uploads\/2017\/03\/fluor-foam-2.jpg\" \/>\n\t<meta property=\"og:image:width\" content=\"1000\" \/>\n\t<meta property=\"og:image:height\" content=\"1000\" \/>\n\t<meta property=\"og:image:type\" content=\"image\/jpeg\" \/>\n<meta name=\"twitter:label1\" content=\"Tiempo de lectura\" \/>\n\t<meta name=\"twitter:data1\" content=\"1 minuto\" \/>\n<script type=\"application\/ld+json\" class=\"yoast-schema-graph\">{\"@context\":\"https:\/\/schema.org\",\"@graph\":[{\"@type\":\"WebPage\",\"@id\":\"https:\/\/viardenlab.com\/mx\/producto\/fluor-foam\",\"url\":\"https:\/\/viardenlab.com\/mx\/producto\/fluor-foam\",\"name\":\"Fluor foam - Viarden Lab\",\"isPartOf\":{\"@id\":\"https:\/\/viardenlab.com\/mx\/#website\"},\"primaryImageOfPage\":{\"@id\":\"https:\/\/viardenlab.com\/mx\/producto\/fluor-foam#primaryimage\"},\"image\":{\"@id\":\"https:\/\/viardenlab.com\/mx\/producto\/fluor-foam#primaryimage\"},\"thumbnailUrl\":\"https:\/\/viardenlab.com\/mx\/wp-content\/uploads\/2017\/03\/fluor-foam-2.jpg\",\"datePublished\":\"2017-03-31T18:41:55+00:00\",\"dateModified\":\"2025-04-24T22:40:55+00:00\",\"description\":\"Es una espuma de Fluoruro de Sodio acidulada (APF) para aplicaciones t\u00f3picas de fl\u00faor. FLUOR FOAM no contiene geles espesantes: la rica y espesa espuma es, en realidad, un l\u00edquido que permite el movimiento libre de iones de fl\u00faor hacia los dientes, as\u00ed como hacia sus \u00e1reas interproximales.Debido a que el fl\u00faor es aplicado como espuma, la masa total de fl\u00faor aplicado en la cucharilla es realmente menor que en las aplicaciones con gel. Esto representa una reducci\u00f3n en el riesgo de ingesti\u00f3n accidental de fl\u00faor y toxicidad sist\u00e9mica.FLUOR FOAM contiene 1.23% de i\u00f3n fl\u00faor (proveniente de Fluoruro de Sodio y \u00c1cido Fluorh\u00eddrico) en espuma de \u00e1cido fosf\u00f3rico 0.1 m.Diferentes estudios demuestran que el intercambio del 90% de iones fl\u00faor con calcio del diente se lleva a cabo durante el primer minuto de aplicaci\u00f3n y que el total del intercambio se realiza en cuatro minutos, por lo que FL\u00daOR FOAM puede ser utilizado tanto en un minuto como en cuatro, dependiendo de la t\u00e9cnica que prefiera el Cirujano Dentista.FL\u00daOR FOAM es ambientalmente seguro (producto ecol\u00f3gico), no contiene fluorocarbonos, por lo que no da\u00f1a la capa superior de ozono.\",\"breadcrumb\":{\"@id\":\"https:\/\/viardenlab.com\/mx\/producto\/fluor-foam#breadcrumb\"},\"inLanguage\":\"es\",\"potentialAction\":[{\"@type\":\"ReadAction\",\"target\":[\"https:\/\/viardenlab.com\/mx\/producto\/fluor-foam\"]}]},{\"@type\":\"ImageObject\",\"inLanguage\":\"es\",\"@id\":\"https:\/\/viardenlab.com\/mx\/producto\/fluor-foam#primaryimage\",\"url\":\"https:\/\/viardenlab.com\/mx\/wp-content\/uploads\/2017\/03\/fluor-foam-2.jpg\",\"contentUrl\":\"https:\/\/viardenlab.com\/mx\/wp-content\/uploads\/2017\/03\/fluor-foam-2.jpg\",\"width\":1000,\"height\":1000},{\"@type\":\"BreadcrumbList\",\"@id\":\"https:\/\/viardenlab.com\/mx\/producto\/fluor-foam#breadcrumb\",\"itemListElement\":[{\"@type\":\"ListItem\",\"position\":1,\"name\":\"Portada\",\"item\":\"https:\/\/viardenlab.com\/mx\/\"},{\"@type\":\"ListItem\",\"position\":2,\"name\":\"Productos\",\"item\":\"https:\/\/viardenlab.com\/mx\/shop\"},{\"@type\":\"ListItem\",\"position\":3,\"name\":\"Fluor foam\"}]},{\"@type\":\"WebSite\",\"@id\":\"https:\/\/viardenlab.com\/mx\/#website\",\"url\":\"https:\/\/viardenlab.com\/mx\/\",\"name\":\"Viarden Lab\",\"description\":\"Compra Online directo a tu consultorio\",\"potentialAction\":[{\"@type\":\"SearchAction\",\"target\":{\"@type\":\"EntryPoint\",\"urlTemplate\":\"https:\/\/viardenlab.com\/mx\/?s={search_term_string}\"},\"query-input\":{\"@type\":\"PropertyValueSpecification\",\"valueRequired\":true,\"valueName\":\"search_term_string\"}}],\"inLanguage\":\"es\"}]}<\/script>\n<!-- \/ Yoast SEO plugin. -->","yoast_head_json":{"title":"Fluor foam - Viarden Lab","description":"Es una espuma de Fluoruro de Sodio acidulada (APF) para aplicaciones t\u00f3picas de fl\u00faor. FLUOR FOAM no contiene geles espesantes: la rica y espesa espuma es, en realidad, un l\u00edquido que permite el movimiento libre de iones de fl\u00faor hacia los dientes, as\u00ed como hacia sus \u00e1reas interproximales.Debido a que el fl\u00faor es aplicado como espuma, la masa total de fl\u00faor aplicado en la cucharilla es realmente menor que en las aplicaciones con gel. Esto representa una reducci\u00f3n en el riesgo de ingesti\u00f3n accidental de fl\u00faor y toxicidad sist\u00e9mica.FLUOR FOAM contiene 1.23% de i\u00f3n fl\u00faor (proveniente de Fluoruro de Sodio y \u00c1cido Fluorh\u00eddrico) en espuma de \u00e1cido fosf\u00f3rico 0.1 m.Diferentes estudios demuestran que el intercambio del 90% de iones fl\u00faor con calcio del diente se lleva a cabo durante el primer minuto de aplicaci\u00f3n y que el total del intercambio se realiza en cuatro minutos, por lo que FL\u00daOR FOAM puede ser utilizado tanto en un minuto como en cuatro, dependiendo de la t\u00e9cnica que prefiera el Cirujano Dentista.FL\u00daOR FOAM es ambientalmente seguro (producto ecol\u00f3gico), no contiene fluorocarbonos, por lo que no da\u00f1a la capa superior de ozono.","robots":{"index":"index","follow":"follow","max-snippet":"max-snippet:-1","max-image-preview":"max-image-preview:large","max-video-preview":"max-video-preview:-1"},"canonical":"https:\/\/viardenlab.com\/mx\/producto\/fluor-foam","og_locale":"es_ES","og_type":"article","og_title":"Fluor foam - Viarden Lab","og_description":"Es una espuma de Fluoruro de Sodio acidulada (APF) para aplicaciones t\u00f3picas de fl\u00faor. FLUOR FOAM no contiene geles espesantes: la rica y espesa espuma es, en realidad, un l\u00edquido que permite el movimiento libre de iones de fl\u00faor hacia los dientes, as\u00ed como hacia sus \u00e1reas interproximales.Debido a que el fl\u00faor es aplicado como espuma, la masa total de fl\u00faor aplicado en la cucharilla es realmente menor que en las aplicaciones con gel. Esto representa una reducci\u00f3n en el riesgo de ingesti\u00f3n accidental de fl\u00faor y toxicidad sist\u00e9mica.FLUOR FOAM contiene 1.23% de i\u00f3n fl\u00faor (proveniente de Fluoruro de Sodio y \u00c1cido Fluorh\u00eddrico) en espuma de \u00e1cido fosf\u00f3rico 0.1 m.Diferentes estudios demuestran que el intercambio del 90% de iones fl\u00faor con calcio del diente se lleva a cabo durante el primer minuto de aplicaci\u00f3n y que el total del intercambio se realiza en cuatro minutos, por lo que FL\u00daOR FOAM puede ser utilizado tanto en un minuto como en cuatro, dependiendo de la t\u00e9cnica que prefiera el Cirujano Dentista.FL\u00daOR FOAM es ambientalmente seguro (producto ecol\u00f3gico), no contiene fluorocarbonos, por lo que no da\u00f1a la capa superior de ozono.","og_url":"https:\/\/viardenlab.com\/mx\/producto\/fluor-foam","og_site_name":"Viarden Lab","article_modified_time":"2025-04-24T22:40:55+00:00","og_image":[{"width":1000,"height":1000,"url":"http:\/\/viardenlab.com\/mx\/wp-content\/uploads\/2017\/03\/fluor-foam-2.jpg","type":"image\/jpeg"}],"twitter_misc":{"Tiempo de lectura":"1 minuto"},"schema":{"@context":"https:\/\/schema.org","@graph":[{"@type":"WebPage","@id":"https:\/\/viardenlab.com\/mx\/producto\/fluor-foam","url":"https:\/\/viardenlab.com\/mx\/producto\/fluor-foam","name":"Fluor foam - Viarden Lab","isPartOf":{"@id":"https:\/\/viardenlab.com\/mx\/#website"},"primaryImageOfPage":{"@id":"https:\/\/viardenlab.com\/mx\/producto\/fluor-foam#primaryimage"},"image":{"@id":"https:\/\/viardenlab.com\/mx\/producto\/fluor-foam#primaryimage"},"thumbnailUrl":"https:\/\/viardenlab.com\/mx\/wp-content\/uploads\/2017\/03\/fluor-foam-2.jpg","datePublished":"2017-03-31T18:41:55+00:00","dateModified":"2025-04-24T22:40:55+00:00","description":"Es una espuma de Fluoruro de Sodio acidulada (APF) para aplicaciones t\u00f3picas de fl\u00faor. FLUOR FOAM no contiene geles espesantes: la rica y espesa espuma es, en realidad, un l\u00edquido que permite el movimiento libre de iones de fl\u00faor hacia los dientes, as\u00ed como hacia sus \u00e1reas interproximales.Debido a que el fl\u00faor es aplicado como espuma, la masa total de fl\u00faor aplicado en la cucharilla es realmente menor que en las aplicaciones con gel. Esto representa una reducci\u00f3n en el riesgo de ingesti\u00f3n accidental de fl\u00faor y toxicidad sist\u00e9mica.FLUOR FOAM contiene 1.23% de i\u00f3n fl\u00faor (proveniente de Fluoruro de Sodio y \u00c1cido Fluorh\u00eddrico) en espuma de \u00e1cido fosf\u00f3rico 0.1 m.Diferentes estudios demuestran que el intercambio del 90% de iones fl\u00faor con calcio del diente se lleva a cabo durante el primer minuto de aplicaci\u00f3n y que el total del intercambio se realiza en cuatro minutos, por lo que FL\u00daOR FOAM puede ser utilizado tanto en un minuto como en cuatro, dependiendo de la t\u00e9cnica que prefiera el Cirujano Dentista.FL\u00daOR FOAM es ambientalmente seguro (producto ecol\u00f3gico), no contiene fluorocarbonos, por lo que no da\u00f1a la capa superior de ozono.","breadcrumb":{"@id":"https:\/\/viardenlab.com\/mx\/producto\/fluor-foam#breadcrumb"},"inLanguage":"es","potentialAction":[{"@type":"ReadAction","target":["https:\/\/viardenlab.com\/mx\/producto\/fluor-foam"]}]},{"@type":"ImageObject","inLanguage":"es","@id":"https:\/\/viardenlab.com\/mx\/producto\/fluor-foam#primaryimage","url":"https:\/\/viardenlab.com\/mx\/wp-content\/uploads\/2017\/03\/fluor-foam-2.jpg","contentUrl":"https:\/\/viardenlab.com\/mx\/wp-content\/uploads\/2017\/03\/fluor-foam-2.jpg","width":1000,"height":1000},{"@type":"BreadcrumbList","@id":"https:\/\/viardenlab.com\/mx\/producto\/fluor-foam#breadcrumb","itemListElement":[{"@type":"ListItem","position":1,"name":"Portada","item":"https:\/\/viardenlab.com\/mx\/"},{"@type":"ListItem","position":2,"name":"Productos","item":"https:\/\/viardenlab.com\/mx\/shop"},{"@type":"ListItem","position":3,"name":"Fluor foam"}]},{"@type":"WebSite","@id":"https:\/\/viardenlab.com\/mx\/#website","url":"https:\/\/viardenlab.com\/mx\/","name":"Viarden Lab","description":"Compra Online directo a tu consultorio","potentialAction":[{"@type":"SearchAction","target":{"@type":"EntryPoint","urlTemplate":"https:\/\/viardenlab.com\/mx\/?s={search_term_string}"},"query-input":{"@type":"PropertyValueSpecification","valueRequired":true,"valueName":"search_term_string"}}],"inLanguage":"es"}]}},"_links":{"self":[{"href":"https:\/\/viardenlab.com\/mx\/wp-json\/wp\/v2\/product\/80","targetHints":{"allow":["GET"]}}],"collection":[{"href":"https:\/\/viardenlab.com\/mx\/wp-json\/wp\/v2\/product"}],"about":[{"href":"https:\/\/viardenlab.com\/mx\/wp-json\/wp\/v2\/types\/product"}],"wp:featuredmedia":[{"embeddable":true,"href":"https:\/\/viardenlab.com\/mx\/wp-json\/wp\/v2\/media\/8969"}],"wp:attachment":[{"href":"https:\/\/viardenlab.com\/mx\/wp-json\/wp\/v2\/media?parent=80"}],"wp:term":[{"taxonomy":"product_brand","embeddable":true,"href":"https:\/\/viardenlab.com\/mx\/wp-json\/wp\/v2\/product_brand?post=80"},{"taxonomy":"product_cat","embeddable":true,"href":"https:\/\/viardenlab.com\/mx\/wp-json\/wp\/v2\/product_cat?post=80"},{"taxonomy":"product_tag","embeddable":true,"href":"https:\/\/viardenlab.com\/mx\/wp-json\/wp\/v2\/product_tag?post=80"}],"curies":[{"name":"wp","href":"https:\/\/api.w.org\/{rel}","templated":true}]}}