{"id":64,"date":"2017-03-31T12:30:35","date_gmt":"2017-03-31T18:30:35","guid":{"rendered":"http:\/\/viardenlab.com\/mx\/producto\/minute-fluor-250-ml\/"},"modified":"2025-04-24T16:42:38","modified_gmt":"2025-04-24T22:42:38","slug":"minute-fluor","status":"publish","type":"product","link":"https:\/\/viardenlab.com\/mx\/producto\/minute-fluor","title":{"rendered":"Minute fl\u00faor"},"content":{"rendered":"","protected":false},"excerpt":{"rendered":"<div class=\"page\" title=\"Page 45\">\n<div class=\"layoutArea\">\n<div class=\"column\">\n<p>Es un gel de Fluoruro de Sodio Fosfato acidulado (APF) estabilizado a un pH a\u0301cido, lo cual facilita, durante su aplicacio\u0301n, el intercambio de iones calcio por iones flu\u0301or, cambiando la composicio\u0301n del esmalte del diente de hidroxiapatita en fluorapatita.<\/p>\n<\/div>\n<\/div>\n<\/div>\n<p><a href=\"http:\/\/viardenlab.com\/mx\/producto\/minute-fluor\"><span style=\"color: #ff0000;\">+ INFORMACI\u00d3N<\/span><\/a><\/p>\n<p> <a class=\"more-link\" href=\"https:\/\/viardenlab.com\/mx\/producto\/minute-fluor\">Leer m\u00e1s<\/a><\/p>","protected":false},"featured_media":10834,"template":"","meta":{"_joinchat":[]},"product_brand":[],"product_cat":[38,58],"product_tag":[296,1152,291],"class_list":{"0":"post-64","1":"product","2":"type-product","3":"status-publish","4":"has-post-thumbnail","6":"product_cat-fluoruros","7":"product_cat-odontologia-preventiva","8":"product_tag-minute-fluor","9":"product_tag-minute-fluor-viarden","10":"product_tag-odontologia-preventiva","11":"pa_sabores-fb-blueberry","12":"pa_sabores-69-chicle","13":"pa_sabores-be-fresacolada","14":"pa_sabores-7e-mandarina","15":"pa_sabores-e2-pinacolada","16":"pa_sabores-fc-raspberry","18":"first","19":"outofstock","20":"shipping-taxable","21":"product-type-simple"},"aioseo_notices":[],"yoast_head":"<!-- This site is optimized with the Yoast SEO plugin v27.2 - https:\/\/yoast.com\/product\/yoast-seo-wordpress\/ -->\n<title>Minute fl\u00faor - Viarden Lab<\/title>\n<meta name=\"description\" content=\"Es un gel de Fluoruro de Sodio Fosfato acidulado (APF) estabilizado a un pH \u00e1cdo, lo cual facilita, durante su aplicaci\u00f3n, el intercambio de iones calcio por iones fl\u00faor, cambiando la composici\u00f3n del esmalte del diente de hidroxiapatita en fluorapatita.Los geles de fl\u00faor de aplicaci\u00f3n de un minuto y de cuatro minutos contienen igual cantidad de ingrediente activo: 2% de Fluoruro de Sodio equivalente a 1.23% de i\u00f3n fl\u00faor. Ha sido demostrado cl\u00ednicamente que el 90% \u00f3 m\u00e1s del intercambio de iones de fl\u00faor por los de calcio se lleva durante el primer minuto de aplicaci\u00f3n del gel.Por esta raz\u00f3n, MINUTE FLUOR VIARDEN puede ser usado en aplicaciones de un minuto o de cuatro minutos, dependiendo de la preferencia del Cirujano Dentista.La viscosidad de MINUTE FLUOR VIARDEN facilita su aplicaci\u00f3n, ya que no permite escurrimiento. Su aroma es similar al sabor que presenta, lo que ayuda a que los pacientes lo acepten con agrado.\" \/>\n<meta name=\"robots\" content=\"index, follow, max-snippet:-1, max-image-preview:large, max-video-preview:-1\" \/>\n<link rel=\"canonical\" href=\"https:\/\/viardenlab.com\/mx\/producto\/minute-fluor\" \/>\n<meta property=\"og:locale\" content=\"es_ES\" \/>\n<meta property=\"og:type\" content=\"article\" \/>\n<meta property=\"og:title\" content=\"Minute fl\u00faor - Viarden Lab\" \/>\n<meta property=\"og:description\" content=\"Es un gel de Fluoruro de Sodio Fosfato acidulado (APF) estabilizado a un pH \u00e1cdo, lo cual facilita, durante su aplicaci\u00f3n, el intercambio de iones calcio por iones fl\u00faor, cambiando la composici\u00f3n del esmalte del diente de hidroxiapatita en fluorapatita.Los geles de fl\u00faor de aplicaci\u00f3n de un minuto y de cuatro minutos contienen igual cantidad de ingrediente activo: 2% de Fluoruro de Sodio equivalente a 1.23% de i\u00f3n fl\u00faor. Ha sido demostrado cl\u00ednicamente que el 90% \u00f3 m\u00e1s del intercambio de iones de fl\u00faor por los de calcio se lleva durante el primer minuto de aplicaci\u00f3n del gel.Por esta raz\u00f3n, MINUTE FLUOR VIARDEN puede ser usado en aplicaciones de un minuto o de cuatro minutos, dependiendo de la preferencia del Cirujano Dentista.La viscosidad de MINUTE FLUOR VIARDEN facilita su aplicaci\u00f3n, ya que no permite escurrimiento. Su aroma es similar al sabor que presenta, lo que ayuda a que los pacientes lo acepten con agrado.\" \/>\n<meta property=\"og:url\" content=\"https:\/\/viardenlab.com\/mx\/producto\/minute-fluor\" \/>\n<meta property=\"og:site_name\" content=\"Viarden Lab\" \/>\n<meta property=\"article:modified_time\" content=\"2025-04-24T22:42:38+00:00\" \/>\n<meta property=\"og:image\" content=\"http:\/\/viardenlab.com\/mx\/wp-content\/uploads\/2017\/03\/minute-fluor-1.jpg\" \/>\n\t<meta property=\"og:image:width\" content=\"1000\" \/>\n\t<meta property=\"og:image:height\" content=\"1000\" \/>\n\t<meta property=\"og:image:type\" content=\"image\/jpeg\" \/>\n<meta name=\"twitter:label1\" content=\"Tiempo de lectura\" \/>\n\t<meta name=\"twitter:data1\" content=\"1 minuto\" \/>\n<script type=\"application\/ld+json\" class=\"yoast-schema-graph\">{\"@context\":\"https:\/\/schema.org\",\"@graph\":[{\"@type\":\"WebPage\",\"@id\":\"https:\/\/viardenlab.com\/mx\/producto\/minute-fluor\",\"url\":\"https:\/\/viardenlab.com\/mx\/producto\/minute-fluor\",\"name\":\"Minute fl\u00faor - Viarden Lab\",\"isPartOf\":{\"@id\":\"https:\/\/viardenlab.com\/mx\/#website\"},\"primaryImageOfPage\":{\"@id\":\"https:\/\/viardenlab.com\/mx\/producto\/minute-fluor#primaryimage\"},\"image\":{\"@id\":\"https:\/\/viardenlab.com\/mx\/producto\/minute-fluor#primaryimage\"},\"thumbnailUrl\":\"https:\/\/viardenlab.com\/mx\/wp-content\/uploads\/2017\/03\/minute-fluor-1.jpg\",\"datePublished\":\"2017-03-31T18:30:35+00:00\",\"dateModified\":\"2025-04-24T22:42:38+00:00\",\"description\":\"Es un gel de Fluoruro de Sodio Fosfato acidulado (APF) estabilizado a un pH \u00e1cdo, lo cual facilita, durante su aplicaci\u00f3n, el intercambio de iones calcio por iones fl\u00faor, cambiando la composici\u00f3n del esmalte del diente de hidroxiapatita en fluorapatita.Los geles de fl\u00faor de aplicaci\u00f3n de un minuto y de cuatro minutos contienen igual cantidad de ingrediente activo: 2% de Fluoruro de Sodio equivalente a 1.23% de i\u00f3n fl\u00faor. Ha sido demostrado cl\u00ednicamente que el 90% \u00f3 m\u00e1s del intercambio de iones de fl\u00faor por los de calcio se lleva durante el primer minuto de aplicaci\u00f3n del gel.Por esta raz\u00f3n, MINUTE FLUOR VIARDEN puede ser usado en aplicaciones de un minuto o de cuatro minutos, dependiendo de la preferencia del Cirujano Dentista.La viscosidad de MINUTE FLUOR VIARDEN facilita su aplicaci\u00f3n, ya que no permite escurrimiento. Su aroma es similar al sabor que presenta, lo que ayuda a que los pacientes lo acepten con agrado.\",\"breadcrumb\":{\"@id\":\"https:\/\/viardenlab.com\/mx\/producto\/minute-fluor#breadcrumb\"},\"inLanguage\":\"es\",\"potentialAction\":[{\"@type\":\"ReadAction\",\"target\":[\"https:\/\/viardenlab.com\/mx\/producto\/minute-fluor\"]}]},{\"@type\":\"ImageObject\",\"inLanguage\":\"es\",\"@id\":\"https:\/\/viardenlab.com\/mx\/producto\/minute-fluor#primaryimage\",\"url\":\"https:\/\/viardenlab.com\/mx\/wp-content\/uploads\/2017\/03\/minute-fluor-1.jpg\",\"contentUrl\":\"https:\/\/viardenlab.com\/mx\/wp-content\/uploads\/2017\/03\/minute-fluor-1.jpg\",\"width\":1000,\"height\":1000},{\"@type\":\"BreadcrumbList\",\"@id\":\"https:\/\/viardenlab.com\/mx\/producto\/minute-fluor#breadcrumb\",\"itemListElement\":[{\"@type\":\"ListItem\",\"position\":1,\"name\":\"Portada\",\"item\":\"https:\/\/viardenlab.com\/mx\/\"},{\"@type\":\"ListItem\",\"position\":2,\"name\":\"Productos\",\"item\":\"https:\/\/viardenlab.com\/mx\/shop\"},{\"@type\":\"ListItem\",\"position\":3,\"name\":\"Minute fl\u00faor\"}]},{\"@type\":\"WebSite\",\"@id\":\"https:\/\/viardenlab.com\/mx\/#website\",\"url\":\"https:\/\/viardenlab.com\/mx\/\",\"name\":\"Viarden Lab\",\"description\":\"Compra Online directo a tu consultorio\",\"potentialAction\":[{\"@type\":\"SearchAction\",\"target\":{\"@type\":\"EntryPoint\",\"urlTemplate\":\"https:\/\/viardenlab.com\/mx\/?s={search_term_string}\"},\"query-input\":{\"@type\":\"PropertyValueSpecification\",\"valueRequired\":true,\"valueName\":\"search_term_string\"}}],\"inLanguage\":\"es\"}]}<\/script>\n<!-- \/ Yoast SEO plugin. -->","yoast_head_json":{"title":"Minute fl\u00faor - Viarden Lab","description":"Es un gel de Fluoruro de Sodio Fosfato acidulado (APF) estabilizado a un pH \u00e1cdo, lo cual facilita, durante su aplicaci\u00f3n, el intercambio de iones calcio por iones fl\u00faor, cambiando la composici\u00f3n del esmalte del diente de hidroxiapatita en fluorapatita.Los geles de fl\u00faor de aplicaci\u00f3n de un minuto y de cuatro minutos contienen igual cantidad de ingrediente activo: 2% de Fluoruro de Sodio equivalente a 1.23% de i\u00f3n fl\u00faor. Ha sido demostrado cl\u00ednicamente que el 90% \u00f3 m\u00e1s del intercambio de iones de fl\u00faor por los de calcio se lleva durante el primer minuto de aplicaci\u00f3n del gel.Por esta raz\u00f3n, MINUTE FLUOR VIARDEN puede ser usado en aplicaciones de un minuto o de cuatro minutos, dependiendo de la preferencia del Cirujano Dentista.La viscosidad de MINUTE FLUOR VIARDEN facilita su aplicaci\u00f3n, ya que no permite escurrimiento. Su aroma es similar al sabor que presenta, lo que ayuda a que los pacientes lo acepten con agrado.","robots":{"index":"index","follow":"follow","max-snippet":"max-snippet:-1","max-image-preview":"max-image-preview:large","max-video-preview":"max-video-preview:-1"},"canonical":"https:\/\/viardenlab.com\/mx\/producto\/minute-fluor","og_locale":"es_ES","og_type":"article","og_title":"Minute fl\u00faor - Viarden Lab","og_description":"Es un gel de Fluoruro de Sodio Fosfato acidulado (APF) estabilizado a un pH \u00e1cdo, lo cual facilita, durante su aplicaci\u00f3n, el intercambio de iones calcio por iones fl\u00faor, cambiando la composici\u00f3n del esmalte del diente de hidroxiapatita en fluorapatita.Los geles de fl\u00faor de aplicaci\u00f3n de un minuto y de cuatro minutos contienen igual cantidad de ingrediente activo: 2% de Fluoruro de Sodio equivalente a 1.23% de i\u00f3n fl\u00faor. Ha sido demostrado cl\u00ednicamente que el 90% \u00f3 m\u00e1s del intercambio de iones de fl\u00faor por los de calcio se lleva durante el primer minuto de aplicaci\u00f3n del gel.Por esta raz\u00f3n, MINUTE FLUOR VIARDEN puede ser usado en aplicaciones de un minuto o de cuatro minutos, dependiendo de la preferencia del Cirujano Dentista.La viscosidad de MINUTE FLUOR VIARDEN facilita su aplicaci\u00f3n, ya que no permite escurrimiento. Su aroma es similar al sabor que presenta, lo que ayuda a que los pacientes lo acepten con agrado.","og_url":"https:\/\/viardenlab.com\/mx\/producto\/minute-fluor","og_site_name":"Viarden Lab","article_modified_time":"2025-04-24T22:42:38+00:00","og_image":[{"width":1000,"height":1000,"url":"http:\/\/viardenlab.com\/mx\/wp-content\/uploads\/2017\/03\/minute-fluor-1.jpg","type":"image\/jpeg"}],"twitter_misc":{"Tiempo de lectura":"1 minuto"},"schema":{"@context":"https:\/\/schema.org","@graph":[{"@type":"WebPage","@id":"https:\/\/viardenlab.com\/mx\/producto\/minute-fluor","url":"https:\/\/viardenlab.com\/mx\/producto\/minute-fluor","name":"Minute fl\u00faor - Viarden Lab","isPartOf":{"@id":"https:\/\/viardenlab.com\/mx\/#website"},"primaryImageOfPage":{"@id":"https:\/\/viardenlab.com\/mx\/producto\/minute-fluor#primaryimage"},"image":{"@id":"https:\/\/viardenlab.com\/mx\/producto\/minute-fluor#primaryimage"},"thumbnailUrl":"https:\/\/viardenlab.com\/mx\/wp-content\/uploads\/2017\/03\/minute-fluor-1.jpg","datePublished":"2017-03-31T18:30:35+00:00","dateModified":"2025-04-24T22:42:38+00:00","description":"Es un gel de Fluoruro de Sodio Fosfato acidulado (APF) estabilizado a un pH \u00e1cdo, lo cual facilita, durante su aplicaci\u00f3n, el intercambio de iones calcio por iones fl\u00faor, cambiando la composici\u00f3n del esmalte del diente de hidroxiapatita en fluorapatita.Los geles de fl\u00faor de aplicaci\u00f3n de un minuto y de cuatro minutos contienen igual cantidad de ingrediente activo: 2% de Fluoruro de Sodio equivalente a 1.23% de i\u00f3n fl\u00faor. Ha sido demostrado cl\u00ednicamente que el 90% \u00f3 m\u00e1s del intercambio de iones de fl\u00faor por los de calcio se lleva durante el primer minuto de aplicaci\u00f3n del gel.Por esta raz\u00f3n, MINUTE FLUOR VIARDEN puede ser usado en aplicaciones de un minuto o de cuatro minutos, dependiendo de la preferencia del Cirujano Dentista.La viscosidad de MINUTE FLUOR VIARDEN facilita su aplicaci\u00f3n, ya que no permite escurrimiento. Su aroma es similar al sabor que presenta, lo que ayuda a que los pacientes lo acepten con agrado.","breadcrumb":{"@id":"https:\/\/viardenlab.com\/mx\/producto\/minute-fluor#breadcrumb"},"inLanguage":"es","potentialAction":[{"@type":"ReadAction","target":["https:\/\/viardenlab.com\/mx\/producto\/minute-fluor"]}]},{"@type":"ImageObject","inLanguage":"es","@id":"https:\/\/viardenlab.com\/mx\/producto\/minute-fluor#primaryimage","url":"https:\/\/viardenlab.com\/mx\/wp-content\/uploads\/2017\/03\/minute-fluor-1.jpg","contentUrl":"https:\/\/viardenlab.com\/mx\/wp-content\/uploads\/2017\/03\/minute-fluor-1.jpg","width":1000,"height":1000},{"@type":"BreadcrumbList","@id":"https:\/\/viardenlab.com\/mx\/producto\/minute-fluor#breadcrumb","itemListElement":[{"@type":"ListItem","position":1,"name":"Portada","item":"https:\/\/viardenlab.com\/mx\/"},{"@type":"ListItem","position":2,"name":"Productos","item":"https:\/\/viardenlab.com\/mx\/shop"},{"@type":"ListItem","position":3,"name":"Minute fl\u00faor"}]},{"@type":"WebSite","@id":"https:\/\/viardenlab.com\/mx\/#website","url":"https:\/\/viardenlab.com\/mx\/","name":"Viarden Lab","description":"Compra Online directo a tu consultorio","potentialAction":[{"@type":"SearchAction","target":{"@type":"EntryPoint","urlTemplate":"https:\/\/viardenlab.com\/mx\/?s={search_term_string}"},"query-input":{"@type":"PropertyValueSpecification","valueRequired":true,"valueName":"search_term_string"}}],"inLanguage":"es"}]}},"_links":{"self":[{"href":"https:\/\/viardenlab.com\/mx\/wp-json\/wp\/v2\/product\/64","targetHints":{"allow":["GET"]}}],"collection":[{"href":"https:\/\/viardenlab.com\/mx\/wp-json\/wp\/v2\/product"}],"about":[{"href":"https:\/\/viardenlab.com\/mx\/wp-json\/wp\/v2\/types\/product"}],"wp:featuredmedia":[{"embeddable":true,"href":"https:\/\/viardenlab.com\/mx\/wp-json\/wp\/v2\/media\/10834"}],"wp:attachment":[{"href":"https:\/\/viardenlab.com\/mx\/wp-json\/wp\/v2\/media?parent=64"}],"wp:term":[{"taxonomy":"product_brand","embeddable":true,"href":"https:\/\/viardenlab.com\/mx\/wp-json\/wp\/v2\/product_brand?post=64"},{"taxonomy":"product_cat","embeddable":true,"href":"https:\/\/viardenlab.com\/mx\/wp-json\/wp\/v2\/product_cat?post=64"},{"taxonomy":"product_tag","embeddable":true,"href":"https:\/\/viardenlab.com\/mx\/wp-json\/wp\/v2\/product_tag?post=64"}],"curies":[{"name":"wp","href":"https:\/\/api.w.org\/{rel}","templated":true}]}}