{"id":60,"date":"2017-03-31T11:28:50","date_gmt":"2017-03-31T17:28:50","guid":{"rendered":"http:\/\/viardenlab.com\/mx\/producto\/aquafluor-frasco-de-10ml-sabor-tutti-fruti\/"},"modified":"2025-04-14T13:48:05","modified_gmt":"2025-04-14T19:48:05","slug":"aquafluor","status":"publish","type":"product","link":"https:\/\/viardenlab.com\/mx\/producto\/aquafluor","title":{"rendered":"Aquafl\u00faor"},"content":{"rendered":"","protected":false},"excerpt":{"rendered":"<div class=\"page\" title=\"Page 49\">\n<div class=\"layoutArea\">\n<div class=\"column\">\n<p>Los fluoruros de aplicacio\u0301n to\u0301pica (geles, espumas, colutorios, denti\u0301fricos, pastas para profilaxis, barniz) han proporcionado gran ayuda en la prevencio\u0301n de caries.<\/p>\n<\/div>\n<\/div>\n<\/div>\n<p><a href=\"http:\/\/viardenlab.com\/mx\/producto\/aquafluor\"><span style=\"color: #ff0000;\">+INFORMACI\u00d3N<\/span><\/a><\/p>\n<p> <a class=\"more-link\" href=\"https:\/\/viardenlab.com\/mx\/producto\/aquafluor\">Leer m\u00e1s<\/a><\/p>","protected":false},"featured_media":8910,"template":"","meta":{"_joinchat":[]},"product_brand":[],"product_cat":[38,20,58],"product_tag":[292,1116,293,291],"class_list":{"0":"post-60","1":"product","2":"type-product","3":"status-publish","4":"has-post-thumbnail","6":"product_cat-fluoruros","7":"product_cat-home","8":"product_cat-odontologia-preventiva","9":"product_tag-aquafluor","10":"product_tag-aquafluor-fluoruro","11":"product_tag-fluoruros","12":"product_tag-odontologia-preventiva","14":"first","15":"outofstock","16":"shipping-taxable","17":"purchasable","18":"product-type-simple"},"aioseo_notices":[],"yoast_head":"<!-- This site is optimized with the Yoast SEO plugin v27.2 - https:\/\/yoast.com\/product\/yoast-seo-wordpress\/ -->\n<title>Aquafl\u00faor - Viarden Lab<\/title>\n<meta name=\"description\" content=\"Los fluoruros de aplicaci\u00f3n t\u00f3pica (geles, espumas, enjuagatorios, dent\u00edfricos, pastas para profilaxis, etc.) han proporcionado gran ayuda en la prevenci\u00f3n de caries.Al igual que los m\u00e9todos de aplicaci\u00f3n t\u00f3pica, el estudio del efecto del fl\u00faor sist\u00e9mico se inici\u00f3 en los a\u00f1os \u201840 a trav\u00e9s de la fluoraci\u00f3n artificial controlada del agua potable en algunas poblaciones de Estados Unidos de Am\u00e9rica y Canad\u00e1 con excelentes resultados.\" \/>\n<meta name=\"robots\" content=\"index, follow, max-snippet:-1, max-image-preview:large, max-video-preview:-1\" \/>\n<link rel=\"canonical\" href=\"https:\/\/viardenlab.com\/mx\/producto\/aquafluor\" \/>\n<meta property=\"og:locale\" content=\"es_ES\" \/>\n<meta property=\"og:type\" content=\"article\" \/>\n<meta property=\"og:title\" content=\"Aquafl\u00faor - Viarden Lab\" \/>\n<meta property=\"og:description\" content=\"Los fluoruros de aplicaci\u00f3n t\u00f3pica (geles, espumas, enjuagatorios, dent\u00edfricos, pastas para profilaxis, etc.) han proporcionado gran ayuda en la prevenci\u00f3n de caries.Al igual que los m\u00e9todos de aplicaci\u00f3n t\u00f3pica, el estudio del efecto del fl\u00faor sist\u00e9mico se inici\u00f3 en los a\u00f1os \u201840 a trav\u00e9s de la fluoraci\u00f3n artificial controlada del agua potable en algunas poblaciones de Estados Unidos de Am\u00e9rica y Canad\u00e1 con excelentes resultados.\" \/>\n<meta property=\"og:url\" content=\"https:\/\/viardenlab.com\/mx\/producto\/aquafluor\" \/>\n<meta property=\"og:site_name\" content=\"Viarden Lab\" \/>\n<meta property=\"article:modified_time\" content=\"2025-04-14T19:48:05+00:00\" \/>\n<meta property=\"og:image\" content=\"http:\/\/viardenlab.com\/mx\/wp-content\/uploads\/2017\/03\/Aqua-Flu\u0301or.jpg\" \/>\n\t<meta property=\"og:image:width\" content=\"1693\" \/>\n\t<meta property=\"og:image:height\" content=\"888\" \/>\n\t<meta property=\"og:image:type\" content=\"image\/jpeg\" \/>\n<meta name=\"twitter:label1\" content=\"Tiempo de lectura\" \/>\n\t<meta name=\"twitter:data1\" content=\"1 minuto\" \/>\n<script type=\"application\/ld+json\" class=\"yoast-schema-graph\">{\"@context\":\"https:\/\/schema.org\",\"@graph\":[{\"@type\":\"WebPage\",\"@id\":\"https:\/\/viardenlab.com\/mx\/producto\/aquafluor\",\"url\":\"https:\/\/viardenlab.com\/mx\/producto\/aquafluor\",\"name\":\"Aquafl\u00faor - Viarden Lab\",\"isPartOf\":{\"@id\":\"https:\/\/viardenlab.com\/mx\/#website\"},\"primaryImageOfPage\":{\"@id\":\"https:\/\/viardenlab.com\/mx\/producto\/aquafluor#primaryimage\"},\"image\":{\"@id\":\"https:\/\/viardenlab.com\/mx\/producto\/aquafluor#primaryimage\"},\"thumbnailUrl\":\"https:\/\/viardenlab.com\/mx\/wp-content\/uploads\/2017\/03\/aquafluor.jpg\",\"datePublished\":\"2017-03-31T17:28:50+00:00\",\"dateModified\":\"2025-04-14T19:48:05+00:00\",\"description\":\"Los fluoruros de aplicaci\u00f3n t\u00f3pica (geles, espumas, enjuagatorios, dent\u00edfricos, pastas para profilaxis, etc.) han proporcionado gran ayuda en la prevenci\u00f3n de caries.Al igual que los m\u00e9todos de aplicaci\u00f3n t\u00f3pica, el estudio del efecto del fl\u00faor sist\u00e9mico se inici\u00f3 en los a\u00f1os \u201840 a trav\u00e9s de la fluoraci\u00f3n artificial controlada del agua potable en algunas poblaciones de Estados Unidos de Am\u00e9rica y Canad\u00e1 con excelentes resultados.\",\"breadcrumb\":{\"@id\":\"https:\/\/viardenlab.com\/mx\/producto\/aquafluor#breadcrumb\"},\"inLanguage\":\"es\",\"potentialAction\":[{\"@type\":\"ReadAction\",\"target\":[\"https:\/\/viardenlab.com\/mx\/producto\/aquafluor\"]}]},{\"@type\":\"ImageObject\",\"inLanguage\":\"es\",\"@id\":\"https:\/\/viardenlab.com\/mx\/producto\/aquafluor#primaryimage\",\"url\":\"https:\/\/viardenlab.com\/mx\/wp-content\/uploads\/2017\/03\/aquafluor.jpg\",\"contentUrl\":\"https:\/\/viardenlab.com\/mx\/wp-content\/uploads\/2017\/03\/aquafluor.jpg\",\"width\":1000,\"height\":1000},{\"@type\":\"BreadcrumbList\",\"@id\":\"https:\/\/viardenlab.com\/mx\/producto\/aquafluor#breadcrumb\",\"itemListElement\":[{\"@type\":\"ListItem\",\"position\":1,\"name\":\"Portada\",\"item\":\"https:\/\/viardenlab.com\/mx\/\"},{\"@type\":\"ListItem\",\"position\":2,\"name\":\"Productos\",\"item\":\"https:\/\/viardenlab.com\/mx\/shop\"},{\"@type\":\"ListItem\",\"position\":3,\"name\":\"Aquafl\u00faor\"}]},{\"@type\":\"WebSite\",\"@id\":\"https:\/\/viardenlab.com\/mx\/#website\",\"url\":\"https:\/\/viardenlab.com\/mx\/\",\"name\":\"Viarden Lab\",\"description\":\"Compra Online directo a tu consultorio\",\"potentialAction\":[{\"@type\":\"SearchAction\",\"target\":{\"@type\":\"EntryPoint\",\"urlTemplate\":\"https:\/\/viardenlab.com\/mx\/?s={search_term_string}\"},\"query-input\":{\"@type\":\"PropertyValueSpecification\",\"valueRequired\":true,\"valueName\":\"search_term_string\"}}],\"inLanguage\":\"es\"}]}<\/script>\n<!-- \/ Yoast SEO plugin. -->","yoast_head_json":{"title":"Aquafl\u00faor - Viarden Lab","description":"Los fluoruros de aplicaci\u00f3n t\u00f3pica (geles, espumas, enjuagatorios, dent\u00edfricos, pastas para profilaxis, etc.) han proporcionado gran ayuda en la prevenci\u00f3n de caries.Al igual que los m\u00e9todos de aplicaci\u00f3n t\u00f3pica, el estudio del efecto del fl\u00faor sist\u00e9mico se inici\u00f3 en los a\u00f1os \u201840 a trav\u00e9s de la fluoraci\u00f3n artificial controlada del agua potable en algunas poblaciones de Estados Unidos de Am\u00e9rica y Canad\u00e1 con excelentes resultados.","robots":{"index":"index","follow":"follow","max-snippet":"max-snippet:-1","max-image-preview":"max-image-preview:large","max-video-preview":"max-video-preview:-1"},"canonical":"https:\/\/viardenlab.com\/mx\/producto\/aquafluor","og_locale":"es_ES","og_type":"article","og_title":"Aquafl\u00faor - Viarden Lab","og_description":"Los fluoruros de aplicaci\u00f3n t\u00f3pica (geles, espumas, enjuagatorios, dent\u00edfricos, pastas para profilaxis, etc.) han proporcionado gran ayuda en la prevenci\u00f3n de caries.Al igual que los m\u00e9todos de aplicaci\u00f3n t\u00f3pica, el estudio del efecto del fl\u00faor sist\u00e9mico se inici\u00f3 en los a\u00f1os \u201840 a trav\u00e9s de la fluoraci\u00f3n artificial controlada del agua potable en algunas poblaciones de Estados Unidos de Am\u00e9rica y Canad\u00e1 con excelentes resultados.","og_url":"https:\/\/viardenlab.com\/mx\/producto\/aquafluor","og_site_name":"Viarden Lab","article_modified_time":"2025-04-14T19:48:05+00:00","og_image":[{"width":1693,"height":888,"url":"http:\/\/viardenlab.com\/mx\/wp-content\/uploads\/2017\/03\/Aqua-Flu\u0301or.jpg","type":"image\/jpeg"}],"twitter_misc":{"Tiempo de lectura":"1 minuto"},"schema":{"@context":"https:\/\/schema.org","@graph":[{"@type":"WebPage","@id":"https:\/\/viardenlab.com\/mx\/producto\/aquafluor","url":"https:\/\/viardenlab.com\/mx\/producto\/aquafluor","name":"Aquafl\u00faor - Viarden Lab","isPartOf":{"@id":"https:\/\/viardenlab.com\/mx\/#website"},"primaryImageOfPage":{"@id":"https:\/\/viardenlab.com\/mx\/producto\/aquafluor#primaryimage"},"image":{"@id":"https:\/\/viardenlab.com\/mx\/producto\/aquafluor#primaryimage"},"thumbnailUrl":"https:\/\/viardenlab.com\/mx\/wp-content\/uploads\/2017\/03\/aquafluor.jpg","datePublished":"2017-03-31T17:28:50+00:00","dateModified":"2025-04-14T19:48:05+00:00","description":"Los fluoruros de aplicaci\u00f3n t\u00f3pica (geles, espumas, enjuagatorios, dent\u00edfricos, pastas para profilaxis, etc.) han proporcionado gran ayuda en la prevenci\u00f3n de caries.Al igual que los m\u00e9todos de aplicaci\u00f3n t\u00f3pica, el estudio del efecto del fl\u00faor sist\u00e9mico se inici\u00f3 en los a\u00f1os \u201840 a trav\u00e9s de la fluoraci\u00f3n artificial controlada del agua potable en algunas poblaciones de Estados Unidos de Am\u00e9rica y Canad\u00e1 con excelentes resultados.","breadcrumb":{"@id":"https:\/\/viardenlab.com\/mx\/producto\/aquafluor#breadcrumb"},"inLanguage":"es","potentialAction":[{"@type":"ReadAction","target":["https:\/\/viardenlab.com\/mx\/producto\/aquafluor"]}]},{"@type":"ImageObject","inLanguage":"es","@id":"https:\/\/viardenlab.com\/mx\/producto\/aquafluor#primaryimage","url":"https:\/\/viardenlab.com\/mx\/wp-content\/uploads\/2017\/03\/aquafluor.jpg","contentUrl":"https:\/\/viardenlab.com\/mx\/wp-content\/uploads\/2017\/03\/aquafluor.jpg","width":1000,"height":1000},{"@type":"BreadcrumbList","@id":"https:\/\/viardenlab.com\/mx\/producto\/aquafluor#breadcrumb","itemListElement":[{"@type":"ListItem","position":1,"name":"Portada","item":"https:\/\/viardenlab.com\/mx\/"},{"@type":"ListItem","position":2,"name":"Productos","item":"https:\/\/viardenlab.com\/mx\/shop"},{"@type":"ListItem","position":3,"name":"Aquafl\u00faor"}]},{"@type":"WebSite","@id":"https:\/\/viardenlab.com\/mx\/#website","url":"https:\/\/viardenlab.com\/mx\/","name":"Viarden Lab","description":"Compra Online directo a tu consultorio","potentialAction":[{"@type":"SearchAction","target":{"@type":"EntryPoint","urlTemplate":"https:\/\/viardenlab.com\/mx\/?s={search_term_string}"},"query-input":{"@type":"PropertyValueSpecification","valueRequired":true,"valueName":"search_term_string"}}],"inLanguage":"es"}]}},"_links":{"self":[{"href":"https:\/\/viardenlab.com\/mx\/wp-json\/wp\/v2\/product\/60","targetHints":{"allow":["GET"]}}],"collection":[{"href":"https:\/\/viardenlab.com\/mx\/wp-json\/wp\/v2\/product"}],"about":[{"href":"https:\/\/viardenlab.com\/mx\/wp-json\/wp\/v2\/types\/product"}],"wp:featuredmedia":[{"embeddable":true,"href":"https:\/\/viardenlab.com\/mx\/wp-json\/wp\/v2\/media\/8910"}],"wp:attachment":[{"href":"https:\/\/viardenlab.com\/mx\/wp-json\/wp\/v2\/media?parent=60"}],"wp:term":[{"taxonomy":"product_brand","embeddable":true,"href":"https:\/\/viardenlab.com\/mx\/wp-json\/wp\/v2\/product_brand?post=60"},{"taxonomy":"product_cat","embeddable":true,"href":"https:\/\/viardenlab.com\/mx\/wp-json\/wp\/v2\/product_cat?post=60"},{"taxonomy":"product_tag","embeddable":true,"href":"https:\/\/viardenlab.com\/mx\/wp-json\/wp\/v2\/product_tag?post=60"}],"curies":[{"name":"wp","href":"https:\/\/api.w.org\/{rel}","templated":true}]}}