{"id":402,"date":"2017-04-06T13:25:57","date_gmt":"2017-04-06T18:25:57","guid":{"rendered":"http:\/\/viardenlab.com\/mx\/producto\/separador-yeso-acrilico-viarden-en-frasco\/"},"modified":"2025-04-25T13:02:23","modified_gmt":"2025-04-25T19:02:23","slug":"separador-de-yeso-y-acrilico","status":"publish","type":"product","link":"https:\/\/viardenlab.com\/mx\/producto\/separador-de-yeso-y-acrilico","title":{"rendered":"Separador de yeso y acr\u00edlico"},"content":{"rendered":"","protected":false},"excerpt":{"rendered":"<div class=\"page\" title=\"Page 106\">\n<div class=\"layoutArea\">\n<div class=\"column\">\n<p>Es un li\u0301quido semiviscoso color rosa o verde, libre de formacio\u0301n de hongos debido a su formulacio\u0301n y a la calidad de las materias primas utilizadas para su fabricacio\u0301n.<\/p>\n<\/div>\n<\/div>\n<\/div>\n<p><a href=\"http:\/\/viardenlab.com\/mx\/producto\/separador-de-yeso-acrilico\"><span style=\"color: #ff0000;\">+ INFORMACI\u00d3N<\/span><\/a><\/p>\n<p> <a class=\"more-link\" href=\"https:\/\/viardenlab.com\/mx\/producto\/separador-de-yeso-y-acrilico\">Leer m\u00e1s<\/a><\/p>","protected":false},"featured_media":9030,"template":"","meta":{"_joinchat":[]},"product_brand":[],"product_cat":[53],"product_tag":[431,434,433],"class_list":{"0":"post-402","1":"product","2":"type-product","3":"status-publish","4":"has-post-thumbnail","6":"product_cat-separador-de-yeso-acrilico","7":"product_tag-separador","8":"product_tag-separador-yeso-acrilico-en-frasc","9":"product_tag-separador-yeso-acrilico-viarden","10":"pa_medida-5a-1lt","11":"pa_medida-b6-125ml","12":"pa_medida-6a-250ml","13":"pa_medida-73-30ml","14":"pa_medida-ef-500ml","15":"pa_medida-44-60ml","17":"first","18":"outofstock","19":"shipping-taxable","20":"product-type-simple"},"aioseo_notices":[],"yoast_head":"<!-- This site is optimized with the Yoast SEO plugin v27.2 - https:\/\/yoast.com\/product\/yoast-seo-wordpress\/ -->\n<title>Separador de yeso y acr\u00edlico - Viarden Lab<\/title>\n<meta name=\"description\" content=\"Es un l\u00edquido semiviscoso color rosa, libre de formaci\u00f3n de hongos debido a su formulaci\u00f3n y a la calidad de las materias primas utilizadas para su fabricaci\u00f3n.\" \/>\n<meta name=\"robots\" content=\"index, follow, max-snippet:-1, max-image-preview:large, max-video-preview:-1\" \/>\n<link rel=\"canonical\" href=\"https:\/\/viardenlab.com\/mx\/producto\/separador-de-yeso-y-acrilico\" \/>\n<meta property=\"og:locale\" content=\"es_ES\" \/>\n<meta property=\"og:type\" content=\"article\" \/>\n<meta property=\"og:title\" content=\"Separador de Yeso Acr\u00edlico\" \/>\n<meta property=\"og:description\" content=\"Es un l\u00edquido semiviscoso color rosa, libre de formaci\u00f3n de hongos debido a su formulaci\u00f3n y a la calidad de las materias primas utilizadas para su fabricaci\u00f3n.\" \/>\n<meta property=\"og:url\" content=\"https:\/\/viardenlab.com\/mx\/producto\/separador-de-yeso-y-acrilico\" \/>\n<meta property=\"og:site_name\" content=\"Viarden Lab\" \/>\n<meta property=\"article:modified_time\" content=\"2025-04-25T19:02:23+00:00\" \/>\n<meta property=\"og:image\" content=\"http:\/\/viardenlab.com\/mx\/wp-content\/uploads\/2023\/07\/separador-yeso-acrilico.jpg\" \/>\n\t<meta property=\"og:image:width\" content=\"1000\" \/>\n\t<meta property=\"og:image:height\" content=\"1000\" \/>\n\t<meta property=\"og:image:type\" content=\"image\/jpeg\" \/>\n<meta name=\"twitter:label1\" content=\"Tiempo de lectura\" \/>\n\t<meta name=\"twitter:data1\" content=\"1 minuto\" \/>\n<script type=\"application\/ld+json\" class=\"yoast-schema-graph\">{\"@context\":\"https:\/\/schema.org\",\"@graph\":[{\"@type\":\"WebPage\",\"@id\":\"https:\/\/viardenlab.com\/mx\/producto\/separador-de-yeso-y-acrilico\",\"url\":\"https:\/\/viardenlab.com\/mx\/producto\/separador-de-yeso-y-acrilico\",\"name\":\"Separador de yeso y acr\u00edlico - Viarden Lab\",\"isPartOf\":{\"@id\":\"https:\/\/viardenlab.com\/mx\/#website\"},\"primaryImageOfPage\":{\"@id\":\"https:\/\/viardenlab.com\/mx\/producto\/separador-de-yeso-y-acrilico#primaryimage\"},\"image\":{\"@id\":\"https:\/\/viardenlab.com\/mx\/producto\/separador-de-yeso-y-acrilico#primaryimage\"},\"thumbnailUrl\":\"https:\/\/viardenlab.com\/mx\/wp-content\/uploads\/2023\/07\/separador-yeso-acrilico.jpg\",\"datePublished\":\"2017-04-06T18:25:57+00:00\",\"dateModified\":\"2025-04-25T19:02:23+00:00\",\"description\":\"Es un l\u00edquido semiviscoso color rosa, libre de formaci\u00f3n de hongos debido a su formulaci\u00f3n y a la calidad de las materias primas utilizadas para su fabricaci\u00f3n.\",\"breadcrumb\":{\"@id\":\"https:\/\/viardenlab.com\/mx\/producto\/separador-de-yeso-y-acrilico#breadcrumb\"},\"inLanguage\":\"es\",\"potentialAction\":[{\"@type\":\"ReadAction\",\"target\":[\"https:\/\/viardenlab.com\/mx\/producto\/separador-de-yeso-y-acrilico\"]}]},{\"@type\":\"ImageObject\",\"inLanguage\":\"es\",\"@id\":\"https:\/\/viardenlab.com\/mx\/producto\/separador-de-yeso-y-acrilico#primaryimage\",\"url\":\"https:\/\/viardenlab.com\/mx\/wp-content\/uploads\/2023\/07\/separador-yeso-acrilico.jpg\",\"contentUrl\":\"https:\/\/viardenlab.com\/mx\/wp-content\/uploads\/2023\/07\/separador-yeso-acrilico.jpg\",\"width\":1000,\"height\":1000},{\"@type\":\"BreadcrumbList\",\"@id\":\"https:\/\/viardenlab.com\/mx\/producto\/separador-de-yeso-y-acrilico#breadcrumb\",\"itemListElement\":[{\"@type\":\"ListItem\",\"position\":1,\"name\":\"Portada\",\"item\":\"https:\/\/viardenlab.com\/mx\/\"},{\"@type\":\"ListItem\",\"position\":2,\"name\":\"Productos\",\"item\":\"https:\/\/viardenlab.com\/mx\/shop\"},{\"@type\":\"ListItem\",\"position\":3,\"name\":\"Separador de yeso y acr\u00edlico\"}]},{\"@type\":\"WebSite\",\"@id\":\"https:\/\/viardenlab.com\/mx\/#website\",\"url\":\"https:\/\/viardenlab.com\/mx\/\",\"name\":\"Viarden Lab\",\"description\":\"Compra Online directo a tu consultorio\",\"potentialAction\":[{\"@type\":\"SearchAction\",\"target\":{\"@type\":\"EntryPoint\",\"urlTemplate\":\"https:\/\/viardenlab.com\/mx\/?s={search_term_string}\"},\"query-input\":{\"@type\":\"PropertyValueSpecification\",\"valueRequired\":true,\"valueName\":\"search_term_string\"}}],\"inLanguage\":\"es\"}]}<\/script>\n<!-- \/ Yoast SEO plugin. -->","yoast_head_json":{"title":"Separador de yeso y acr\u00edlico - Viarden Lab","description":"Es un l\u00edquido semiviscoso color rosa, libre de formaci\u00f3n de hongos debido a su formulaci\u00f3n y a la calidad de las materias primas utilizadas para su fabricaci\u00f3n.","robots":{"index":"index","follow":"follow","max-snippet":"max-snippet:-1","max-image-preview":"max-image-preview:large","max-video-preview":"max-video-preview:-1"},"canonical":"https:\/\/viardenlab.com\/mx\/producto\/separador-de-yeso-y-acrilico","og_locale":"es_ES","og_type":"article","og_title":"Separador de Yeso Acr\u00edlico","og_description":"Es un l\u00edquido semiviscoso color rosa, libre de formaci\u00f3n de hongos debido a su formulaci\u00f3n y a la calidad de las materias primas utilizadas para su fabricaci\u00f3n.","og_url":"https:\/\/viardenlab.com\/mx\/producto\/separador-de-yeso-y-acrilico","og_site_name":"Viarden Lab","article_modified_time":"2025-04-25T19:02:23+00:00","og_image":[{"width":1000,"height":1000,"url":"http:\/\/viardenlab.com\/mx\/wp-content\/uploads\/2023\/07\/separador-yeso-acrilico.jpg","type":"image\/jpeg"}],"twitter_misc":{"Tiempo de lectura":"1 minuto"},"schema":{"@context":"https:\/\/schema.org","@graph":[{"@type":"WebPage","@id":"https:\/\/viardenlab.com\/mx\/producto\/separador-de-yeso-y-acrilico","url":"https:\/\/viardenlab.com\/mx\/producto\/separador-de-yeso-y-acrilico","name":"Separador de yeso y acr\u00edlico - Viarden Lab","isPartOf":{"@id":"https:\/\/viardenlab.com\/mx\/#website"},"primaryImageOfPage":{"@id":"https:\/\/viardenlab.com\/mx\/producto\/separador-de-yeso-y-acrilico#primaryimage"},"image":{"@id":"https:\/\/viardenlab.com\/mx\/producto\/separador-de-yeso-y-acrilico#primaryimage"},"thumbnailUrl":"https:\/\/viardenlab.com\/mx\/wp-content\/uploads\/2023\/07\/separador-yeso-acrilico.jpg","datePublished":"2017-04-06T18:25:57+00:00","dateModified":"2025-04-25T19:02:23+00:00","description":"Es un l\u00edquido semiviscoso color rosa, libre de formaci\u00f3n de hongos debido a su formulaci\u00f3n y a la calidad de las materias primas utilizadas para su fabricaci\u00f3n.","breadcrumb":{"@id":"https:\/\/viardenlab.com\/mx\/producto\/separador-de-yeso-y-acrilico#breadcrumb"},"inLanguage":"es","potentialAction":[{"@type":"ReadAction","target":["https:\/\/viardenlab.com\/mx\/producto\/separador-de-yeso-y-acrilico"]}]},{"@type":"ImageObject","inLanguage":"es","@id":"https:\/\/viardenlab.com\/mx\/producto\/separador-de-yeso-y-acrilico#primaryimage","url":"https:\/\/viardenlab.com\/mx\/wp-content\/uploads\/2023\/07\/separador-yeso-acrilico.jpg","contentUrl":"https:\/\/viardenlab.com\/mx\/wp-content\/uploads\/2023\/07\/separador-yeso-acrilico.jpg","width":1000,"height":1000},{"@type":"BreadcrumbList","@id":"https:\/\/viardenlab.com\/mx\/producto\/separador-de-yeso-y-acrilico#breadcrumb","itemListElement":[{"@type":"ListItem","position":1,"name":"Portada","item":"https:\/\/viardenlab.com\/mx\/"},{"@type":"ListItem","position":2,"name":"Productos","item":"https:\/\/viardenlab.com\/mx\/shop"},{"@type":"ListItem","position":3,"name":"Separador de yeso y acr\u00edlico"}]},{"@type":"WebSite","@id":"https:\/\/viardenlab.com\/mx\/#website","url":"https:\/\/viardenlab.com\/mx\/","name":"Viarden Lab","description":"Compra Online directo a tu consultorio","potentialAction":[{"@type":"SearchAction","target":{"@type":"EntryPoint","urlTemplate":"https:\/\/viardenlab.com\/mx\/?s={search_term_string}"},"query-input":{"@type":"PropertyValueSpecification","valueRequired":true,"valueName":"search_term_string"}}],"inLanguage":"es"}]}},"_links":{"self":[{"href":"https:\/\/viardenlab.com\/mx\/wp-json\/wp\/v2\/product\/402","targetHints":{"allow":["GET"]}}],"collection":[{"href":"https:\/\/viardenlab.com\/mx\/wp-json\/wp\/v2\/product"}],"about":[{"href":"https:\/\/viardenlab.com\/mx\/wp-json\/wp\/v2\/types\/product"}],"wp:featuredmedia":[{"embeddable":true,"href":"https:\/\/viardenlab.com\/mx\/wp-json\/wp\/v2\/media\/9030"}],"wp:attachment":[{"href":"https:\/\/viardenlab.com\/mx\/wp-json\/wp\/v2\/media?parent=402"}],"wp:term":[{"taxonomy":"product_brand","embeddable":true,"href":"https:\/\/viardenlab.com\/mx\/wp-json\/wp\/v2\/product_brand?post=402"},{"taxonomy":"product_cat","embeddable":true,"href":"https:\/\/viardenlab.com\/mx\/wp-json\/wp\/v2\/product_cat?post=402"},{"taxonomy":"product_tag","embeddable":true,"href":"https:\/\/viardenlab.com\/mx\/wp-json\/wp\/v2\/product_tag?post=402"}],"curies":[{"name":"wp","href":"https:\/\/api.w.org\/{rel}","templated":true}]}}