{"id":334,"date":"2017-04-06T10:54:14","date_gmt":"2017-04-06T15:54:14","guid":{"rendered":"http:\/\/viardenlab.com\/mx\/producto\/hiel-gel-aposito-quirurgico\/"},"modified":"2025-04-28T18:45:44","modified_gmt":"2025-04-29T00:45:44","slug":"hiel-gel-aposito-quirurgico","status":"publish","type":"product","link":"https:\/\/viardenlab.com\/mx\/producto\/hiel-gel-aposito-quirurgico","title":{"rendered":"Hiel gel ap\u00f3sito quir\u00fargico"},"content":{"rendered":"","protected":false},"excerpt":{"rendered":"<div class=\"page\" title=\"Page 125\">\n<div class=\"layoutArea\">\n<div class=\"column\">\n<p>Es frecuente que al realizar procedimientos quiru\u0301rgicos se presenten inflamaciones o hematomas debidos principalmente al traumatismo normal de la intervencio\u0301n.<\/p>\n<p>Para evitar al paciente la presencia de dichas molestias VIARDEN fabrica un apo\u0301sito quiru\u0301rgico en bolsa de polietileno para uso externo, fa\u0301cil de aplicar y con una buena adaptacio\u0301n a la zona que se coloque.<\/p>\n<\/div>\n<\/div>\n<\/div>\n<p><a href=\"http:\/\/viardenlab.com\/mx\/producto\/hiel-gel-aposito-quirurgico\"><span style=\"color: #ff0000;\">+ INFORMACI\u00d3N<\/span><\/a><\/p>\n<p>&nbsp;<\/p>\n<p> <a class=\"more-link\" href=\"https:\/\/viardenlab.com\/mx\/producto\/hiel-gel-aposito-quirurgico\">Leer m\u00e1s<\/a><\/p>","protected":false},"featured_media":8982,"template":"","meta":{"_joinchat":[]},"product_brand":[],"product_cat":[55],"product_tag":[413,411,412,1144],"class_list":{"0":"post-334","1":"product","2":"type-product","3":"status-publish","4":"has-post-thumbnail","6":"product_cat-varios","7":"product_tag-aposito-quirurgico","8":"product_tag-compresa","9":"product_tag-hiel-gel","10":"product_tag-hiel-gel-viarden","12":"first","13":"outofstock","14":"shipping-taxable","15":"purchasable","16":"product-type-simple"},"aioseo_notices":[],"yoast_head":"<!-- This site is optimized with the Yoast SEO plugin v27.2 - https:\/\/yoast.com\/product\/yoast-seo-wordpress\/ -->\n<title>Hiel gel ap\u00f3sito quir\u00fargico - Viarden Lab<\/title>\n<meta name=\"description\" content=\"Para evitar al paciente la presencia de dichas molestias VIARDEN fabrica un ap\u00f3sito quir\u00fargico en bolsa de polietileno para uso externo, f\u00e1cil de aplicar y con una buena adaptaci\u00f3n a la zona que se coloque.\" \/>\n<meta name=\"robots\" content=\"index, follow, max-snippet:-1, max-image-preview:large, max-video-preview:-1\" \/>\n<link rel=\"canonical\" href=\"https:\/\/viardenlab.com\/mx\/producto\/hiel-gel-aposito-quirurgico\" \/>\n<meta property=\"og:locale\" content=\"es_ES\" \/>\n<meta property=\"og:type\" content=\"article\" \/>\n<meta property=\"og:title\" content=\"Hiel Gel\" \/>\n<meta property=\"og:description\" content=\"Para evitar al paciente la presencia de dichas molestias VIARDEN fabrica un ap\u00f3sito quir\u00fargico en bolsa de polietileno para uso externo, f\u00e1cil de aplicar y con una buena adaptaci\u00f3n a la zona que se coloque.\" \/>\n<meta property=\"og:url\" content=\"https:\/\/viardenlab.com\/mx\/producto\/hiel-gel-aposito-quirurgico\" \/>\n<meta property=\"og:site_name\" content=\"Viarden Lab\" \/>\n<meta property=\"article:modified_time\" content=\"2025-04-29T00:45:44+00:00\" \/>\n<meta property=\"og:image\" content=\"http:\/\/viardenlab.com\/mx\/wp-content\/uploads\/2017\/04\/hiel-gel-2.jpg\" \/>\n\t<meta property=\"og:image:width\" content=\"1000\" \/>\n\t<meta property=\"og:image:height\" content=\"1000\" \/>\n\t<meta property=\"og:image:type\" content=\"image\/jpeg\" \/>\n<meta name=\"twitter:label1\" content=\"Tiempo de lectura\" \/>\n\t<meta name=\"twitter:data1\" content=\"1 minuto\" \/>\n<script type=\"application\/ld+json\" class=\"yoast-schema-graph\">{\"@context\":\"https:\/\/schema.org\",\"@graph\":[{\"@type\":\"WebPage\",\"@id\":\"https:\/\/viardenlab.com\/mx\/producto\/hiel-gel-aposito-quirurgico\",\"url\":\"https:\/\/viardenlab.com\/mx\/producto\/hiel-gel-aposito-quirurgico\",\"name\":\"Hiel gel ap\u00f3sito quir\u00fargico - Viarden Lab\",\"isPartOf\":{\"@id\":\"https:\/\/viardenlab.com\/mx\/#website\"},\"primaryImageOfPage\":{\"@id\":\"https:\/\/viardenlab.com\/mx\/producto\/hiel-gel-aposito-quirurgico#primaryimage\"},\"image\":{\"@id\":\"https:\/\/viardenlab.com\/mx\/producto\/hiel-gel-aposito-quirurgico#primaryimage\"},\"thumbnailUrl\":\"https:\/\/viardenlab.com\/mx\/wp-content\/uploads\/2017\/04\/hiel-gel-2.jpg\",\"datePublished\":\"2017-04-06T15:54:14+00:00\",\"dateModified\":\"2025-04-29T00:45:44+00:00\",\"description\":\"Para evitar al paciente la presencia de dichas molestias VIARDEN fabrica un ap\u00f3sito quir\u00fargico en bolsa de polietileno para uso externo, f\u00e1cil de aplicar y con una buena adaptaci\u00f3n a la zona que se coloque.\",\"breadcrumb\":{\"@id\":\"https:\/\/viardenlab.com\/mx\/producto\/hiel-gel-aposito-quirurgico#breadcrumb\"},\"inLanguage\":\"es\",\"potentialAction\":[{\"@type\":\"ReadAction\",\"target\":[\"https:\/\/viardenlab.com\/mx\/producto\/hiel-gel-aposito-quirurgico\"]}]},{\"@type\":\"ImageObject\",\"inLanguage\":\"es\",\"@id\":\"https:\/\/viardenlab.com\/mx\/producto\/hiel-gel-aposito-quirurgico#primaryimage\",\"url\":\"https:\/\/viardenlab.com\/mx\/wp-content\/uploads\/2017\/04\/hiel-gel-2.jpg\",\"contentUrl\":\"https:\/\/viardenlab.com\/mx\/wp-content\/uploads\/2017\/04\/hiel-gel-2.jpg\",\"width\":1000,\"height\":1000},{\"@type\":\"BreadcrumbList\",\"@id\":\"https:\/\/viardenlab.com\/mx\/producto\/hiel-gel-aposito-quirurgico#breadcrumb\",\"itemListElement\":[{\"@type\":\"ListItem\",\"position\":1,\"name\":\"Portada\",\"item\":\"https:\/\/viardenlab.com\/mx\/\"},{\"@type\":\"ListItem\",\"position\":2,\"name\":\"Productos\",\"item\":\"https:\/\/viardenlab.com\/mx\/shop\"},{\"@type\":\"ListItem\",\"position\":3,\"name\":\"Hiel gel ap\u00f3sito quir\u00fargico\"}]},{\"@type\":\"WebSite\",\"@id\":\"https:\/\/viardenlab.com\/mx\/#website\",\"url\":\"https:\/\/viardenlab.com\/mx\/\",\"name\":\"Viarden Lab\",\"description\":\"Compra Online directo a tu consultorio\",\"potentialAction\":[{\"@type\":\"SearchAction\",\"target\":{\"@type\":\"EntryPoint\",\"urlTemplate\":\"https:\/\/viardenlab.com\/mx\/?s={search_term_string}\"},\"query-input\":{\"@type\":\"PropertyValueSpecification\",\"valueRequired\":true,\"valueName\":\"search_term_string\"}}],\"inLanguage\":\"es\"}]}<\/script>\n<!-- \/ Yoast SEO plugin. -->","yoast_head_json":{"title":"Hiel gel ap\u00f3sito quir\u00fargico - Viarden Lab","description":"Para evitar al paciente la presencia de dichas molestias VIARDEN fabrica un ap\u00f3sito quir\u00fargico en bolsa de polietileno para uso externo, f\u00e1cil de aplicar y con una buena adaptaci\u00f3n a la zona que se coloque.","robots":{"index":"index","follow":"follow","max-snippet":"max-snippet:-1","max-image-preview":"max-image-preview:large","max-video-preview":"max-video-preview:-1"},"canonical":"https:\/\/viardenlab.com\/mx\/producto\/hiel-gel-aposito-quirurgico","og_locale":"es_ES","og_type":"article","og_title":"Hiel Gel","og_description":"Para evitar al paciente la presencia de dichas molestias VIARDEN fabrica un ap\u00f3sito quir\u00fargico en bolsa de polietileno para uso externo, f\u00e1cil de aplicar y con una buena adaptaci\u00f3n a la zona que se coloque.","og_url":"https:\/\/viardenlab.com\/mx\/producto\/hiel-gel-aposito-quirurgico","og_site_name":"Viarden Lab","article_modified_time":"2025-04-29T00:45:44+00:00","og_image":[{"width":1000,"height":1000,"url":"http:\/\/viardenlab.com\/mx\/wp-content\/uploads\/2017\/04\/hiel-gel-2.jpg","type":"image\/jpeg"}],"twitter_misc":{"Tiempo de lectura":"1 minuto"},"schema":{"@context":"https:\/\/schema.org","@graph":[{"@type":"WebPage","@id":"https:\/\/viardenlab.com\/mx\/producto\/hiel-gel-aposito-quirurgico","url":"https:\/\/viardenlab.com\/mx\/producto\/hiel-gel-aposito-quirurgico","name":"Hiel gel ap\u00f3sito quir\u00fargico - Viarden Lab","isPartOf":{"@id":"https:\/\/viardenlab.com\/mx\/#website"},"primaryImageOfPage":{"@id":"https:\/\/viardenlab.com\/mx\/producto\/hiel-gel-aposito-quirurgico#primaryimage"},"image":{"@id":"https:\/\/viardenlab.com\/mx\/producto\/hiel-gel-aposito-quirurgico#primaryimage"},"thumbnailUrl":"https:\/\/viardenlab.com\/mx\/wp-content\/uploads\/2017\/04\/hiel-gel-2.jpg","datePublished":"2017-04-06T15:54:14+00:00","dateModified":"2025-04-29T00:45:44+00:00","description":"Para evitar al paciente la presencia de dichas molestias VIARDEN fabrica un ap\u00f3sito quir\u00fargico en bolsa de polietileno para uso externo, f\u00e1cil de aplicar y con una buena adaptaci\u00f3n a la zona que se coloque.","breadcrumb":{"@id":"https:\/\/viardenlab.com\/mx\/producto\/hiel-gel-aposito-quirurgico#breadcrumb"},"inLanguage":"es","potentialAction":[{"@type":"ReadAction","target":["https:\/\/viardenlab.com\/mx\/producto\/hiel-gel-aposito-quirurgico"]}]},{"@type":"ImageObject","inLanguage":"es","@id":"https:\/\/viardenlab.com\/mx\/producto\/hiel-gel-aposito-quirurgico#primaryimage","url":"https:\/\/viardenlab.com\/mx\/wp-content\/uploads\/2017\/04\/hiel-gel-2.jpg","contentUrl":"https:\/\/viardenlab.com\/mx\/wp-content\/uploads\/2017\/04\/hiel-gel-2.jpg","width":1000,"height":1000},{"@type":"BreadcrumbList","@id":"https:\/\/viardenlab.com\/mx\/producto\/hiel-gel-aposito-quirurgico#breadcrumb","itemListElement":[{"@type":"ListItem","position":1,"name":"Portada","item":"https:\/\/viardenlab.com\/mx\/"},{"@type":"ListItem","position":2,"name":"Productos","item":"https:\/\/viardenlab.com\/mx\/shop"},{"@type":"ListItem","position":3,"name":"Hiel gel ap\u00f3sito quir\u00fargico"}]},{"@type":"WebSite","@id":"https:\/\/viardenlab.com\/mx\/#website","url":"https:\/\/viardenlab.com\/mx\/","name":"Viarden Lab","description":"Compra Online directo a tu consultorio","potentialAction":[{"@type":"SearchAction","target":{"@type":"EntryPoint","urlTemplate":"https:\/\/viardenlab.com\/mx\/?s={search_term_string}"},"query-input":{"@type":"PropertyValueSpecification","valueRequired":true,"valueName":"search_term_string"}}],"inLanguage":"es"}]}},"_links":{"self":[{"href":"https:\/\/viardenlab.com\/mx\/wp-json\/wp\/v2\/product\/334","targetHints":{"allow":["GET"]}}],"collection":[{"href":"https:\/\/viardenlab.com\/mx\/wp-json\/wp\/v2\/product"}],"about":[{"href":"https:\/\/viardenlab.com\/mx\/wp-json\/wp\/v2\/types\/product"}],"wp:featuredmedia":[{"embeddable":true,"href":"https:\/\/viardenlab.com\/mx\/wp-json\/wp\/v2\/media\/8982"}],"wp:attachment":[{"href":"https:\/\/viardenlab.com\/mx\/wp-json\/wp\/v2\/media?parent=334"}],"wp:term":[{"taxonomy":"product_brand","embeddable":true,"href":"https:\/\/viardenlab.com\/mx\/wp-json\/wp\/v2\/product_brand?post=334"},{"taxonomy":"product_cat","embeddable":true,"href":"https:\/\/viardenlab.com\/mx\/wp-json\/wp\/v2\/product_cat?post=334"},{"taxonomy":"product_tag","embeddable":true,"href":"https:\/\/viardenlab.com\/mx\/wp-json\/wp\/v2\/product_tag?post=334"}],"curies":[{"name":"wp","href":"https:\/\/api.w.org\/{rel}","templated":true}]}}