{"id":323,"date":"2017-04-06T10:14:48","date_gmt":"2017-04-06T15:14:48","guid":{"rendered":"http:\/\/viardenlab.com\/mx\/producto\/cera-para-modelar-tarro-100g\/"},"modified":"2025-04-25T13:03:39","modified_gmt":"2025-04-25T19:03:39","slug":"cera-para-modelar","status":"publish","type":"product","link":"https:\/\/viardenlab.com\/mx\/producto\/cera-para-modelar","title":{"rendered":"Cera para modelar"},"content":{"rendered":"","protected":false},"excerpt":{"rendered":"<div class=\"page\" title=\"Page 108\">\n<div class=\"layoutArea\">\n<div class=\"column\">\n<p>Las ceras VIARDEN presentan la dureza adecuada para soportar el tallado firme sin descamarse y el punto de reblandecimiento preciso y constante que permite su uso en la te\u0301cnica de cera licuada (55\u00b0C) para obtener una capa uniforme en la construccio\u0301n de cofias, lo que favorece que los patrones para colados sean estables.<\/p>\n<\/div>\n<\/div>\n<\/div>\n<p><a href=\"http:\/\/viardenlab.com\/mx\/producto\/cera-para-modelar\"><span style=\"color: #ff0000;\">+ INFORMACI\u00d3N<\/span><\/a><\/p>\n<p>&nbsp;<\/p>\n<p> <a class=\"more-link\" href=\"https:\/\/viardenlab.com\/mx\/producto\/cera-para-modelar\">Leer m\u00e1s<\/a><\/p>","protected":false},"featured_media":11003,"template":"","meta":{"_joinchat":[]},"product_brand":[],"product_cat":[32],"product_tag":[408,409,1123,402],"class_list":{"0":"post-323","1":"product","2":"type-product","3":"status-publish","4":"has-post-thumbnail","6":"product_cat-ceras-para-modelar","7":"product_tag-cera-dental","8":"product_tag-cera-para-modelar","9":"product_tag-cera-para-modelar-viarden","10":"product_tag-ceras","11":"pa_colorconimagen-5b-azulcielo","12":"pa_colorconimagen-fd-blanco","13":"pa_colorconimagen-41-rojo","14":"pa_colorconimagen-16-verde","16":"first","17":"outofstock","18":"shipping-taxable","19":"product-type-simple"},"aioseo_notices":[],"yoast_head":"<!-- This site is optimized with the Yoast SEO plugin v27.2 - https:\/\/yoast.com\/product\/yoast-seo-wordpress\/ -->\n<title>Cera para modelar - Viarden Lab<\/title>\n<meta name=\"description\" content=\"VIARDEN desarroll\u00f3 ceras para modelar, todas ellas resultado de investigaci\u00f3n constante para responder a las necesidades y retos del trabajo odontol\u00f3gico.\" \/>\n<meta name=\"robots\" content=\"index, follow, max-snippet:-1, max-image-preview:large, max-video-preview:-1\" \/>\n<link rel=\"canonical\" href=\"https:\/\/viardenlab.com\/mx\/producto\/cera-para-modelar\" \/>\n<meta property=\"og:locale\" content=\"es_ES\" \/>\n<meta property=\"og:type\" content=\"article\" \/>\n<meta property=\"og:title\" content=\"Ceras para modelar\" \/>\n<meta property=\"og:description\" content=\"VIARDEN desarroll\u00f3 ceras para modelar, todas ellas resultado de investigaci\u00f3n constante para responder a las necesidades y retos del trabajo odontol\u00f3gico.\" \/>\n<meta property=\"og:url\" content=\"https:\/\/viardenlab.com\/mx\/producto\/cera-para-modelar\" \/>\n<meta property=\"og:site_name\" content=\"Viarden Lab\" \/>\n<meta property=\"article:modified_time\" content=\"2025-04-25T19:03:39+00:00\" \/>\n<meta property=\"og:image\" content=\"http:\/\/viardenlab.com\/mx\/wp-content\/uploads\/2023\/07\/cera-modelar.jpg\" \/>\n\t<meta property=\"og:image:width\" content=\"1000\" \/>\n\t<meta property=\"og:image:height\" content=\"1000\" \/>\n\t<meta property=\"og:image:type\" content=\"image\/jpeg\" \/>\n<meta name=\"twitter:label1\" content=\"Tiempo de lectura\" \/>\n\t<meta name=\"twitter:data1\" content=\"1 minuto\" \/>\n<script type=\"application\/ld+json\" class=\"yoast-schema-graph\">{\"@context\":\"https:\/\/schema.org\",\"@graph\":[{\"@type\":\"WebPage\",\"@id\":\"https:\/\/viardenlab.com\/mx\/producto\/cera-para-modelar\",\"url\":\"https:\/\/viardenlab.com\/mx\/producto\/cera-para-modelar\",\"name\":\"Cera para modelar - Viarden Lab\",\"isPartOf\":{\"@id\":\"https:\/\/viardenlab.com\/mx\/#website\"},\"primaryImageOfPage\":{\"@id\":\"https:\/\/viardenlab.com\/mx\/producto\/cera-para-modelar#primaryimage\"},\"image\":{\"@id\":\"https:\/\/viardenlab.com\/mx\/producto\/cera-para-modelar#primaryimage\"},\"thumbnailUrl\":\"https:\/\/viardenlab.com\/mx\/wp-content\/uploads\/2023\/07\/cera-modelar.jpg\",\"datePublished\":\"2017-04-06T15:14:48+00:00\",\"dateModified\":\"2025-04-25T19:03:39+00:00\",\"description\":\"VIARDEN desarroll\u00f3 ceras para modelar, todas ellas resultado de investigaci\u00f3n constante para responder a las necesidades y retos del trabajo odontol\u00f3gico.\",\"breadcrumb\":{\"@id\":\"https:\/\/viardenlab.com\/mx\/producto\/cera-para-modelar#breadcrumb\"},\"inLanguage\":\"es\",\"potentialAction\":[{\"@type\":\"ReadAction\",\"target\":[\"https:\/\/viardenlab.com\/mx\/producto\/cera-para-modelar\"]}]},{\"@type\":\"ImageObject\",\"inLanguage\":\"es\",\"@id\":\"https:\/\/viardenlab.com\/mx\/producto\/cera-para-modelar#primaryimage\",\"url\":\"https:\/\/viardenlab.com\/mx\/wp-content\/uploads\/2023\/07\/cera-modelar.jpg\",\"contentUrl\":\"https:\/\/viardenlab.com\/mx\/wp-content\/uploads\/2023\/07\/cera-modelar.jpg\",\"width\":1000,\"height\":1000},{\"@type\":\"BreadcrumbList\",\"@id\":\"https:\/\/viardenlab.com\/mx\/producto\/cera-para-modelar#breadcrumb\",\"itemListElement\":[{\"@type\":\"ListItem\",\"position\":1,\"name\":\"Portada\",\"item\":\"https:\/\/viardenlab.com\/mx\/\"},{\"@type\":\"ListItem\",\"position\":2,\"name\":\"Productos\",\"item\":\"https:\/\/viardenlab.com\/mx\/shop\"},{\"@type\":\"ListItem\",\"position\":3,\"name\":\"Cera para modelar\"}]},{\"@type\":\"WebSite\",\"@id\":\"https:\/\/viardenlab.com\/mx\/#website\",\"url\":\"https:\/\/viardenlab.com\/mx\/\",\"name\":\"Viarden Lab\",\"description\":\"Compra Online directo a tu consultorio\",\"potentialAction\":[{\"@type\":\"SearchAction\",\"target\":{\"@type\":\"EntryPoint\",\"urlTemplate\":\"https:\/\/viardenlab.com\/mx\/?s={search_term_string}\"},\"query-input\":{\"@type\":\"PropertyValueSpecification\",\"valueRequired\":true,\"valueName\":\"search_term_string\"}}],\"inLanguage\":\"es\"}]}<\/script>\n<!-- \/ Yoast SEO plugin. -->","yoast_head_json":{"title":"Cera para modelar - Viarden Lab","description":"VIARDEN desarroll\u00f3 ceras para modelar, todas ellas resultado de investigaci\u00f3n constante para responder a las necesidades y retos del trabajo odontol\u00f3gico.","robots":{"index":"index","follow":"follow","max-snippet":"max-snippet:-1","max-image-preview":"max-image-preview:large","max-video-preview":"max-video-preview:-1"},"canonical":"https:\/\/viardenlab.com\/mx\/producto\/cera-para-modelar","og_locale":"es_ES","og_type":"article","og_title":"Ceras para modelar","og_description":"VIARDEN desarroll\u00f3 ceras para modelar, todas ellas resultado de investigaci\u00f3n constante para responder a las necesidades y retos del trabajo odontol\u00f3gico.","og_url":"https:\/\/viardenlab.com\/mx\/producto\/cera-para-modelar","og_site_name":"Viarden Lab","article_modified_time":"2025-04-25T19:03:39+00:00","og_image":[{"width":1000,"height":1000,"url":"http:\/\/viardenlab.com\/mx\/wp-content\/uploads\/2023\/07\/cera-modelar.jpg","type":"image\/jpeg"}],"twitter_misc":{"Tiempo de lectura":"1 minuto"},"schema":{"@context":"https:\/\/schema.org","@graph":[{"@type":"WebPage","@id":"https:\/\/viardenlab.com\/mx\/producto\/cera-para-modelar","url":"https:\/\/viardenlab.com\/mx\/producto\/cera-para-modelar","name":"Cera para modelar - Viarden Lab","isPartOf":{"@id":"https:\/\/viardenlab.com\/mx\/#website"},"primaryImageOfPage":{"@id":"https:\/\/viardenlab.com\/mx\/producto\/cera-para-modelar#primaryimage"},"image":{"@id":"https:\/\/viardenlab.com\/mx\/producto\/cera-para-modelar#primaryimage"},"thumbnailUrl":"https:\/\/viardenlab.com\/mx\/wp-content\/uploads\/2023\/07\/cera-modelar.jpg","datePublished":"2017-04-06T15:14:48+00:00","dateModified":"2025-04-25T19:03:39+00:00","description":"VIARDEN desarroll\u00f3 ceras para modelar, todas ellas resultado de investigaci\u00f3n constante para responder a las necesidades y retos del trabajo odontol\u00f3gico.","breadcrumb":{"@id":"https:\/\/viardenlab.com\/mx\/producto\/cera-para-modelar#breadcrumb"},"inLanguage":"es","potentialAction":[{"@type":"ReadAction","target":["https:\/\/viardenlab.com\/mx\/producto\/cera-para-modelar"]}]},{"@type":"ImageObject","inLanguage":"es","@id":"https:\/\/viardenlab.com\/mx\/producto\/cera-para-modelar#primaryimage","url":"https:\/\/viardenlab.com\/mx\/wp-content\/uploads\/2023\/07\/cera-modelar.jpg","contentUrl":"https:\/\/viardenlab.com\/mx\/wp-content\/uploads\/2023\/07\/cera-modelar.jpg","width":1000,"height":1000},{"@type":"BreadcrumbList","@id":"https:\/\/viardenlab.com\/mx\/producto\/cera-para-modelar#breadcrumb","itemListElement":[{"@type":"ListItem","position":1,"name":"Portada","item":"https:\/\/viardenlab.com\/mx\/"},{"@type":"ListItem","position":2,"name":"Productos","item":"https:\/\/viardenlab.com\/mx\/shop"},{"@type":"ListItem","position":3,"name":"Cera para modelar"}]},{"@type":"WebSite","@id":"https:\/\/viardenlab.com\/mx\/#website","url":"https:\/\/viardenlab.com\/mx\/","name":"Viarden Lab","description":"Compra Online directo a tu consultorio","potentialAction":[{"@type":"SearchAction","target":{"@type":"EntryPoint","urlTemplate":"https:\/\/viardenlab.com\/mx\/?s={search_term_string}"},"query-input":{"@type":"PropertyValueSpecification","valueRequired":true,"valueName":"search_term_string"}}],"inLanguage":"es"}]}},"_links":{"self":[{"href":"https:\/\/viardenlab.com\/mx\/wp-json\/wp\/v2\/product\/323","targetHints":{"allow":["GET"]}}],"collection":[{"href":"https:\/\/viardenlab.com\/mx\/wp-json\/wp\/v2\/product"}],"about":[{"href":"https:\/\/viardenlab.com\/mx\/wp-json\/wp\/v2\/types\/product"}],"wp:featuredmedia":[{"embeddable":true,"href":"https:\/\/viardenlab.com\/mx\/wp-json\/wp\/v2\/media\/11003"}],"wp:attachment":[{"href":"https:\/\/viardenlab.com\/mx\/wp-json\/wp\/v2\/media?parent=323"}],"wp:term":[{"taxonomy":"product_brand","embeddable":true,"href":"https:\/\/viardenlab.com\/mx\/wp-json\/wp\/v2\/product_brand?post=323"},{"taxonomy":"product_cat","embeddable":true,"href":"https:\/\/viardenlab.com\/mx\/wp-json\/wp\/v2\/product_cat?post=323"},{"taxonomy":"product_tag","embeddable":true,"href":"https:\/\/viardenlab.com\/mx\/wp-json\/wp\/v2\/product_tag?post=323"}],"curies":[{"name":"wp","href":"https:\/\/api.w.org\/{rel}","templated":true}]}}