{"id":292,"date":"2017-04-04T17:34:33","date_gmt":"2017-04-04T22:34:33","guid":{"rendered":"http:\/\/viardenlab.com\/mx\/producto\/viar-pack-liquido\/"},"modified":"2025-04-24T16:09:08","modified_gmt":"2025-04-24T22:09:08","slug":"viar-pack","status":"publish","type":"product","link":"https:\/\/viardenlab.com\/mx\/producto\/viar-pack","title":{"rendered":"Viar-Pack"},"content":{"rendered":"","protected":false},"excerpt":{"rendered":"<div class=\"page\" title=\"Page 24\">\n<div class=\"layoutArea\">\n<div class=\"column\">\n<p>Es de gran utilidad como apo\u0301sito protector de a\u0301reas tratadas quiru\u0301rgicamente, previene el contacto con agentes que puedan producir complicaciones infecciosas e irritantes.<\/p>\n<p>Es un cemento sedante, no es irritante a los tejidos bucales, proporciona proteccio\u0301n y un medio adecuado para la cicatrizacio\u0301n.<\/p>\n<\/div>\n<\/div>\n<\/div>\n<p><a href=\"http:\/\/viardenlab.com\/mx\/producto\/viar-pack\"><span style=\"color: #ff0000;\">+ INFORMACI\u00d3N<\/span><\/a><\/p>\n<p> <a class=\"more-link\" href=\"https:\/\/viardenlab.com\/mx\/producto\/viar-pack\">Leer m\u00e1s<\/a><\/p>","protected":false},"featured_media":9042,"template":"","meta":{"_joinchat":[]},"product_brand":[],"product_cat":[30,56],"product_tag":[395,1171],"class_list":{"0":"post-292","1":"product","2":"type-product","3":"status-publish","4":"has-post-thumbnail","6":"product_cat-cementos","7":"product_cat-cirugia","8":"product_tag-cirugia","9":"product_tag-viar-pack-viarden","11":"first","12":"outofstock","13":"shipping-taxable","14":"purchasable","15":"product-type-simple"},"aioseo_notices":[],"yoast_head":"<!-- This site is optimized with the Yoast SEO plugin v27.2 - https:\/\/yoast.com\/product\/yoast-seo-wordpress\/ -->\n<title>Viar-Pack - Viarden Lab<\/title>\n<meta name=\"description\" content=\"Es un compuesto de polvo y l\u00edquido que al mezclarse forman un cemento quir\u00fargico de gran utilidad como ap\u00f3sito protector de \u00e1reas tratadas quir\u00fargicamente. Previene el contacto con agentes que puedan producir complicaciones infecciosas e irritantes.Es recomendable su colocaci\u00f3n en alveolos, en base de pr\u00f3tesis inmediatas, en \u00e1reas tratadas quir\u00fargicamente que requieran de protecci\u00f3n durante un determinado n\u00famero de d\u00edas (de acuerdo con la t\u00e9cnica empleada) y para proporcionar protecci\u00f3n en el tiempo adecuado para la cicatrizaci\u00f3n, pues una irritaci\u00f3n a los tejidos en regeneraci\u00f3n podr\u00eda provocar nuevas granulaciones.Si un alveolo presenta dificultad para colocar el VIAR-PACK VIARDEN, se puede usar una gasa o algod\u00f3n impregnado con el cemento, asegurando as\u00ed el sellado del alveolo y la conservaci\u00f3n del ap\u00f3sito en \u00e9l; la cicatrizaci\u00f3n se facilita y previene una posible alveolitis.\" \/>\n<meta name=\"robots\" content=\"index, follow, max-snippet:-1, max-image-preview:large, max-video-preview:-1\" \/>\n<link rel=\"canonical\" href=\"https:\/\/viardenlab.com\/mx\/producto\/viar-pack\" \/>\n<meta property=\"og:locale\" content=\"es_ES\" \/>\n<meta property=\"og:type\" content=\"article\" \/>\n<meta property=\"og:title\" content=\"Viar-Pack - Viarden Lab\" \/>\n<meta property=\"og:description\" content=\"Es un compuesto de polvo y l\u00edquido que al mezclarse forman un cemento quir\u00fargico de gran utilidad como ap\u00f3sito protector de \u00e1reas tratadas quir\u00fargicamente. Previene el contacto con agentes que puedan producir complicaciones infecciosas e irritantes.Es recomendable su colocaci\u00f3n en alveolos, en base de pr\u00f3tesis inmediatas, en \u00e1reas tratadas quir\u00fargicamente que requieran de protecci\u00f3n durante un determinado n\u00famero de d\u00edas (de acuerdo con la t\u00e9cnica empleada) y para proporcionar protecci\u00f3n en el tiempo adecuado para la cicatrizaci\u00f3n, pues una irritaci\u00f3n a los tejidos en regeneraci\u00f3n podr\u00eda provocar nuevas granulaciones.Si un alveolo presenta dificultad para colocar el VIAR-PACK VIARDEN, se puede usar una gasa o algod\u00f3n impregnado con el cemento, asegurando as\u00ed el sellado del alveolo y la conservaci\u00f3n del ap\u00f3sito en \u00e9l; la cicatrizaci\u00f3n se facilita y previene una posible alveolitis.\" \/>\n<meta property=\"og:url\" content=\"https:\/\/viardenlab.com\/mx\/producto\/viar-pack\" \/>\n<meta property=\"og:site_name\" content=\"Viarden Lab\" \/>\n<meta property=\"article:modified_time\" content=\"2025-04-24T22:09:08+00:00\" \/>\n<meta property=\"og:image\" content=\"http:\/\/viardenlab.com\/mx\/wp-content\/uploads\/2017\/04\/viarpack-2.jpg\" \/>\n\t<meta property=\"og:image:width\" content=\"1000\" \/>\n\t<meta property=\"og:image:height\" content=\"1000\" \/>\n\t<meta property=\"og:image:type\" content=\"image\/jpeg\" \/>\n<meta name=\"twitter:label1\" content=\"Tiempo de lectura\" \/>\n\t<meta name=\"twitter:data1\" content=\"1 minuto\" \/>\n<script type=\"application\/ld+json\" class=\"yoast-schema-graph\">{\"@context\":\"https:\/\/schema.org\",\"@graph\":[{\"@type\":\"WebPage\",\"@id\":\"https:\/\/viardenlab.com\/mx\/producto\/viar-pack\",\"url\":\"https:\/\/viardenlab.com\/mx\/producto\/viar-pack\",\"name\":\"Viar-Pack - Viarden Lab\",\"isPartOf\":{\"@id\":\"https:\/\/viardenlab.com\/mx\/#website\"},\"primaryImageOfPage\":{\"@id\":\"https:\/\/viardenlab.com\/mx\/producto\/viar-pack#primaryimage\"},\"image\":{\"@id\":\"https:\/\/viardenlab.com\/mx\/producto\/viar-pack#primaryimage\"},\"thumbnailUrl\":\"https:\/\/viardenlab.com\/mx\/wp-content\/uploads\/2017\/04\/viarpack-2.jpg\",\"datePublished\":\"2017-04-04T22:34:33+00:00\",\"dateModified\":\"2025-04-24T22:09:08+00:00\",\"description\":\"Es un compuesto de polvo y l\u00edquido que al mezclarse forman un cemento quir\u00fargico de gran utilidad como ap\u00f3sito protector de \u00e1reas tratadas quir\u00fargicamente. Previene el contacto con agentes que puedan producir complicaciones infecciosas e irritantes.Es recomendable su colocaci\u00f3n en alveolos, en base de pr\u00f3tesis inmediatas, en \u00e1reas tratadas quir\u00fargicamente que requieran de protecci\u00f3n durante un determinado n\u00famero de d\u00edas (de acuerdo con la t\u00e9cnica empleada) y para proporcionar protecci\u00f3n en el tiempo adecuado para la cicatrizaci\u00f3n, pues una irritaci\u00f3n a los tejidos en regeneraci\u00f3n podr\u00eda provocar nuevas granulaciones.Si un alveolo presenta dificultad para colocar el VIAR-PACK VIARDEN, se puede usar una gasa o algod\u00f3n impregnado con el cemento, asegurando as\u00ed el sellado del alveolo y la conservaci\u00f3n del ap\u00f3sito en \u00e9l; la cicatrizaci\u00f3n se facilita y previene una posible alveolitis.\",\"breadcrumb\":{\"@id\":\"https:\/\/viardenlab.com\/mx\/producto\/viar-pack#breadcrumb\"},\"inLanguage\":\"es\",\"potentialAction\":[{\"@type\":\"ReadAction\",\"target\":[\"https:\/\/viardenlab.com\/mx\/producto\/viar-pack\"]}]},{\"@type\":\"ImageObject\",\"inLanguage\":\"es\",\"@id\":\"https:\/\/viardenlab.com\/mx\/producto\/viar-pack#primaryimage\",\"url\":\"https:\/\/viardenlab.com\/mx\/wp-content\/uploads\/2017\/04\/viarpack-2.jpg\",\"contentUrl\":\"https:\/\/viardenlab.com\/mx\/wp-content\/uploads\/2017\/04\/viarpack-2.jpg\",\"width\":1000,\"height\":1000},{\"@type\":\"BreadcrumbList\",\"@id\":\"https:\/\/viardenlab.com\/mx\/producto\/viar-pack#breadcrumb\",\"itemListElement\":[{\"@type\":\"ListItem\",\"position\":1,\"name\":\"Portada\",\"item\":\"https:\/\/viardenlab.com\/mx\/\"},{\"@type\":\"ListItem\",\"position\":2,\"name\":\"Productos\",\"item\":\"https:\/\/viardenlab.com\/mx\/shop\"},{\"@type\":\"ListItem\",\"position\":3,\"name\":\"Viar-Pack\"}]},{\"@type\":\"WebSite\",\"@id\":\"https:\/\/viardenlab.com\/mx\/#website\",\"url\":\"https:\/\/viardenlab.com\/mx\/\",\"name\":\"Viarden Lab\",\"description\":\"Compra Online directo a tu consultorio\",\"potentialAction\":[{\"@type\":\"SearchAction\",\"target\":{\"@type\":\"EntryPoint\",\"urlTemplate\":\"https:\/\/viardenlab.com\/mx\/?s={search_term_string}\"},\"query-input\":{\"@type\":\"PropertyValueSpecification\",\"valueRequired\":true,\"valueName\":\"search_term_string\"}}],\"inLanguage\":\"es\"}]}<\/script>\n<!-- \/ Yoast SEO plugin. -->","yoast_head_json":{"title":"Viar-Pack - Viarden Lab","description":"Es un compuesto de polvo y l\u00edquido que al mezclarse forman un cemento quir\u00fargico de gran utilidad como ap\u00f3sito protector de \u00e1reas tratadas quir\u00fargicamente. Previene el contacto con agentes que puedan producir complicaciones infecciosas e irritantes.Es recomendable su colocaci\u00f3n en alveolos, en base de pr\u00f3tesis inmediatas, en \u00e1reas tratadas quir\u00fargicamente que requieran de protecci\u00f3n durante un determinado n\u00famero de d\u00edas (de acuerdo con la t\u00e9cnica empleada) y para proporcionar protecci\u00f3n en el tiempo adecuado para la cicatrizaci\u00f3n, pues una irritaci\u00f3n a los tejidos en regeneraci\u00f3n podr\u00eda provocar nuevas granulaciones.Si un alveolo presenta dificultad para colocar el VIAR-PACK VIARDEN, se puede usar una gasa o algod\u00f3n impregnado con el cemento, asegurando as\u00ed el sellado del alveolo y la conservaci\u00f3n del ap\u00f3sito en \u00e9l; la cicatrizaci\u00f3n se facilita y previene una posible alveolitis.","robots":{"index":"index","follow":"follow","max-snippet":"max-snippet:-1","max-image-preview":"max-image-preview:large","max-video-preview":"max-video-preview:-1"},"canonical":"https:\/\/viardenlab.com\/mx\/producto\/viar-pack","og_locale":"es_ES","og_type":"article","og_title":"Viar-Pack - Viarden Lab","og_description":"Es un compuesto de polvo y l\u00edquido que al mezclarse forman un cemento quir\u00fargico de gran utilidad como ap\u00f3sito protector de \u00e1reas tratadas quir\u00fargicamente. Previene el contacto con agentes que puedan producir complicaciones infecciosas e irritantes.Es recomendable su colocaci\u00f3n en alveolos, en base de pr\u00f3tesis inmediatas, en \u00e1reas tratadas quir\u00fargicamente que requieran de protecci\u00f3n durante un determinado n\u00famero de d\u00edas (de acuerdo con la t\u00e9cnica empleada) y para proporcionar protecci\u00f3n en el tiempo adecuado para la cicatrizaci\u00f3n, pues una irritaci\u00f3n a los tejidos en regeneraci\u00f3n podr\u00eda provocar nuevas granulaciones.Si un alveolo presenta dificultad para colocar el VIAR-PACK VIARDEN, se puede usar una gasa o algod\u00f3n impregnado con el cemento, asegurando as\u00ed el sellado del alveolo y la conservaci\u00f3n del ap\u00f3sito en \u00e9l; la cicatrizaci\u00f3n se facilita y previene una posible alveolitis.","og_url":"https:\/\/viardenlab.com\/mx\/producto\/viar-pack","og_site_name":"Viarden Lab","article_modified_time":"2025-04-24T22:09:08+00:00","og_image":[{"width":1000,"height":1000,"url":"http:\/\/viardenlab.com\/mx\/wp-content\/uploads\/2017\/04\/viarpack-2.jpg","type":"image\/jpeg"}],"twitter_misc":{"Tiempo de lectura":"1 minuto"},"schema":{"@context":"https:\/\/schema.org","@graph":[{"@type":"WebPage","@id":"https:\/\/viardenlab.com\/mx\/producto\/viar-pack","url":"https:\/\/viardenlab.com\/mx\/producto\/viar-pack","name":"Viar-Pack - Viarden Lab","isPartOf":{"@id":"https:\/\/viardenlab.com\/mx\/#website"},"primaryImageOfPage":{"@id":"https:\/\/viardenlab.com\/mx\/producto\/viar-pack#primaryimage"},"image":{"@id":"https:\/\/viardenlab.com\/mx\/producto\/viar-pack#primaryimage"},"thumbnailUrl":"https:\/\/viardenlab.com\/mx\/wp-content\/uploads\/2017\/04\/viarpack-2.jpg","datePublished":"2017-04-04T22:34:33+00:00","dateModified":"2025-04-24T22:09:08+00:00","description":"Es un compuesto de polvo y l\u00edquido que al mezclarse forman un cemento quir\u00fargico de gran utilidad como ap\u00f3sito protector de \u00e1reas tratadas quir\u00fargicamente. Previene el contacto con agentes que puedan producir complicaciones infecciosas e irritantes.Es recomendable su colocaci\u00f3n en alveolos, en base de pr\u00f3tesis inmediatas, en \u00e1reas tratadas quir\u00fargicamente que requieran de protecci\u00f3n durante un determinado n\u00famero de d\u00edas (de acuerdo con la t\u00e9cnica empleada) y para proporcionar protecci\u00f3n en el tiempo adecuado para la cicatrizaci\u00f3n, pues una irritaci\u00f3n a los tejidos en regeneraci\u00f3n podr\u00eda provocar nuevas granulaciones.Si un alveolo presenta dificultad para colocar el VIAR-PACK VIARDEN, se puede usar una gasa o algod\u00f3n impregnado con el cemento, asegurando as\u00ed el sellado del alveolo y la conservaci\u00f3n del ap\u00f3sito en \u00e9l; la cicatrizaci\u00f3n se facilita y previene una posible alveolitis.","breadcrumb":{"@id":"https:\/\/viardenlab.com\/mx\/producto\/viar-pack#breadcrumb"},"inLanguage":"es","potentialAction":[{"@type":"ReadAction","target":["https:\/\/viardenlab.com\/mx\/producto\/viar-pack"]}]},{"@type":"ImageObject","inLanguage":"es","@id":"https:\/\/viardenlab.com\/mx\/producto\/viar-pack#primaryimage","url":"https:\/\/viardenlab.com\/mx\/wp-content\/uploads\/2017\/04\/viarpack-2.jpg","contentUrl":"https:\/\/viardenlab.com\/mx\/wp-content\/uploads\/2017\/04\/viarpack-2.jpg","width":1000,"height":1000},{"@type":"BreadcrumbList","@id":"https:\/\/viardenlab.com\/mx\/producto\/viar-pack#breadcrumb","itemListElement":[{"@type":"ListItem","position":1,"name":"Portada","item":"https:\/\/viardenlab.com\/mx\/"},{"@type":"ListItem","position":2,"name":"Productos","item":"https:\/\/viardenlab.com\/mx\/shop"},{"@type":"ListItem","position":3,"name":"Viar-Pack"}]},{"@type":"WebSite","@id":"https:\/\/viardenlab.com\/mx\/#website","url":"https:\/\/viardenlab.com\/mx\/","name":"Viarden Lab","description":"Compra Online directo a tu consultorio","potentialAction":[{"@type":"SearchAction","target":{"@type":"EntryPoint","urlTemplate":"https:\/\/viardenlab.com\/mx\/?s={search_term_string}"},"query-input":{"@type":"PropertyValueSpecification","valueRequired":true,"valueName":"search_term_string"}}],"inLanguage":"es"}]}},"_links":{"self":[{"href":"https:\/\/viardenlab.com\/mx\/wp-json\/wp\/v2\/product\/292","targetHints":{"allow":["GET"]}}],"collection":[{"href":"https:\/\/viardenlab.com\/mx\/wp-json\/wp\/v2\/product"}],"about":[{"href":"https:\/\/viardenlab.com\/mx\/wp-json\/wp\/v2\/types\/product"}],"wp:featuredmedia":[{"embeddable":true,"href":"https:\/\/viardenlab.com\/mx\/wp-json\/wp\/v2\/media\/9042"}],"wp:attachment":[{"href":"https:\/\/viardenlab.com\/mx\/wp-json\/wp\/v2\/media?parent=292"}],"wp:term":[{"taxonomy":"product_brand","embeddable":true,"href":"https:\/\/viardenlab.com\/mx\/wp-json\/wp\/v2\/product_brand?post=292"},{"taxonomy":"product_cat","embeddable":true,"href":"https:\/\/viardenlab.com\/mx\/wp-json\/wp\/v2\/product_cat?post=292"},{"taxonomy":"product_tag","embeddable":true,"href":"https:\/\/viardenlab.com\/mx\/wp-json\/wp\/v2\/product_tag?post=292"}],"curies":[{"name":"wp","href":"https:\/\/api.w.org\/{rel}","templated":true}]}}