{"id":278,"date":"2017-04-04T16:33:26","date_gmt":"2017-04-04T21:33:26","guid":{"rendered":"http:\/\/viardenlab.com\/mx\/producto\/viarpex\/"},"modified":"2025-04-25T12:34:11","modified_gmt":"2025-04-25T18:34:11","slug":"viarpex","status":"publish","type":"product","link":"https:\/\/viardenlab.com\/mx\/producto\/viarpex","title":{"rendered":"Viarpex"},"content":{"rendered":"","protected":false},"excerpt":{"rendered":"<div class=\"page\" title=\"Page 91\">\n<div class=\"layoutArea\">\n<div class=\"column\">\n<p>Es frecuente que el Cirujano Dentista tenga ante si\u0301 casos de traumatismo en los dientes anteriores que provoquen muerte pulpar; caries en los primeros molares de la segunda denticio\u0301n (que los padres confunden con dientes de la primera denticio\u0301n), en que los dan\u0303os causados a la pulpa impiden la formacio\u0301n del a\u0301pice radicular; o bien, en los mismos dientes de la primera denticio\u0301n, cuando el proceso carioso provoco\u0301 muerte de la pulpa con posibilidades de causar pe\u0301rdida prematura de esos o\u0301rganos dentarios.<\/p>\n<\/div>\n<\/div>\n<\/div>\n<p><a href=\"http:\/\/viardenlab.com\/mx\/producto\/viarpex\"><span style=\"color: #ff0000;\">+ INFORMACI\u00d3N<\/span><\/a><\/p>\n<p> <a class=\"more-link\" href=\"https:\/\/viardenlab.com\/mx\/producto\/viarpex\">Leer m\u00e1s<\/a><\/p>","protected":false},"featured_media":9050,"template":"","meta":{"_joinchat":[]},"product_brand":[],"product_cat":[57,40],"product_tag":[371,354,381,1175],"class_list":{"0":"post-278","1":"product","2":"type-product","3":"status-publish","4":"has-post-thumbnail","6":"product_cat-endodoncia","7":"product_cat-hidroxidos-de-calcio","8":"product_tag-endodoncia","9":"product_tag-hidroxido-de-calcio","10":"product_tag-viarpex","11":"product_tag-viarpex-viarden","13":"first","14":"outofstock","15":"shipping-taxable","16":"purchasable","17":"product-type-simple"},"aioseo_notices":[],"yoast_head":"<!-- This site is optimized with the Yoast SEO plugin v27.2 - https:\/\/yoast.com\/product\/yoast-seo-wordpress\/ -->\n<title>Viarpex - Viarden Lab<\/title>\n<meta name=\"description\" content=\"VIARPEX a base de Hidr\u00f3xido de Calcio y Yodoformo que, adem\u00e1s de sus cualidades terap\u00e9uticas es de f\u00e1cil colocaci\u00f3n, sin escurrimientos ni desperdicios por la angulaci\u00f3n que se le puede dar al aplicador, de acuerdo al caso en tratamiento.\" \/>\n<meta name=\"robots\" content=\"index, follow, max-snippet:-1, max-image-preview:large, max-video-preview:-1\" \/>\n<link rel=\"canonical\" href=\"https:\/\/viardenlab.com\/mx\/producto\/viarpex\" \/>\n<meta property=\"og:locale\" content=\"es_ES\" \/>\n<meta property=\"og:type\" content=\"article\" \/>\n<meta property=\"og:title\" content=\"Viarpex - Viarden Lab\" \/>\n<meta property=\"og:description\" content=\"VIARPEX a base de Hidr\u00f3xido de Calcio y Yodoformo que, adem\u00e1s de sus cualidades terap\u00e9uticas es de f\u00e1cil colocaci\u00f3n, sin escurrimientos ni desperdicios por la angulaci\u00f3n que se le puede dar al aplicador, de acuerdo al caso en tratamiento.\" \/>\n<meta property=\"og:url\" content=\"https:\/\/viardenlab.com\/mx\/producto\/viarpex\" \/>\n<meta property=\"og:site_name\" content=\"Viarden Lab\" \/>\n<meta property=\"article:modified_time\" content=\"2025-04-25T18:34:11+00:00\" \/>\n<meta property=\"og:image\" content=\"http:\/\/viardenlab.com\/mx\/wp-content\/uploads\/2023\/07\/viarpex.jpg\" \/>\n\t<meta property=\"og:image:width\" content=\"1000\" \/>\n\t<meta property=\"og:image:height\" content=\"1000\" \/>\n\t<meta property=\"og:image:type\" content=\"image\/jpeg\" \/>\n<meta name=\"twitter:label1\" content=\"Tiempo de lectura\" \/>\n\t<meta name=\"twitter:data1\" content=\"1 minuto\" \/>\n<script type=\"application\/ld+json\" class=\"yoast-schema-graph\">{\"@context\":\"https:\/\/schema.org\",\"@graph\":[{\"@type\":\"WebPage\",\"@id\":\"https:\/\/viardenlab.com\/mx\/producto\/viarpex\",\"url\":\"https:\/\/viardenlab.com\/mx\/producto\/viarpex\",\"name\":\"Viarpex - Viarden Lab\",\"isPartOf\":{\"@id\":\"https:\/\/viardenlab.com\/mx\/#website\"},\"primaryImageOfPage\":{\"@id\":\"https:\/\/viardenlab.com\/mx\/producto\/viarpex#primaryimage\"},\"image\":{\"@id\":\"https:\/\/viardenlab.com\/mx\/producto\/viarpex#primaryimage\"},\"thumbnailUrl\":\"https:\/\/viardenlab.com\/mx\/wp-content\/uploads\/2023\/07\/viarpex.jpg\",\"datePublished\":\"2017-04-04T21:33:26+00:00\",\"dateModified\":\"2025-04-25T18:34:11+00:00\",\"description\":\"VIARPEX a base de Hidr\u00f3xido de Calcio y Yodoformo que, adem\u00e1s de sus cualidades terap\u00e9uticas es de f\u00e1cil colocaci\u00f3n, sin escurrimientos ni desperdicios por la angulaci\u00f3n que se le puede dar al aplicador, de acuerdo al caso en tratamiento.\",\"breadcrumb\":{\"@id\":\"https:\/\/viardenlab.com\/mx\/producto\/viarpex#breadcrumb\"},\"inLanguage\":\"es\",\"potentialAction\":[{\"@type\":\"ReadAction\",\"target\":[\"https:\/\/viardenlab.com\/mx\/producto\/viarpex\"]}]},{\"@type\":\"ImageObject\",\"inLanguage\":\"es\",\"@id\":\"https:\/\/viardenlab.com\/mx\/producto\/viarpex#primaryimage\",\"url\":\"https:\/\/viardenlab.com\/mx\/wp-content\/uploads\/2023\/07\/viarpex.jpg\",\"contentUrl\":\"https:\/\/viardenlab.com\/mx\/wp-content\/uploads\/2023\/07\/viarpex.jpg\",\"width\":1000,\"height\":1000},{\"@type\":\"BreadcrumbList\",\"@id\":\"https:\/\/viardenlab.com\/mx\/producto\/viarpex#breadcrumb\",\"itemListElement\":[{\"@type\":\"ListItem\",\"position\":1,\"name\":\"Portada\",\"item\":\"https:\/\/viardenlab.com\/mx\/\"},{\"@type\":\"ListItem\",\"position\":2,\"name\":\"Productos\",\"item\":\"https:\/\/viardenlab.com\/mx\/shop\"},{\"@type\":\"ListItem\",\"position\":3,\"name\":\"Viarpex\"}]},{\"@type\":\"WebSite\",\"@id\":\"https:\/\/viardenlab.com\/mx\/#website\",\"url\":\"https:\/\/viardenlab.com\/mx\/\",\"name\":\"Viarden Lab\",\"description\":\"Compra Online directo a tu consultorio\",\"potentialAction\":[{\"@type\":\"SearchAction\",\"target\":{\"@type\":\"EntryPoint\",\"urlTemplate\":\"https:\/\/viardenlab.com\/mx\/?s={search_term_string}\"},\"query-input\":{\"@type\":\"PropertyValueSpecification\",\"valueRequired\":true,\"valueName\":\"search_term_string\"}}],\"inLanguage\":\"es\"}]}<\/script>\n<!-- \/ Yoast SEO plugin. -->","yoast_head_json":{"title":"Viarpex - Viarden Lab","description":"VIARPEX a base de Hidr\u00f3xido de Calcio y Yodoformo que, adem\u00e1s de sus cualidades terap\u00e9uticas es de f\u00e1cil colocaci\u00f3n, sin escurrimientos ni desperdicios por la angulaci\u00f3n que se le puede dar al aplicador, de acuerdo al caso en tratamiento.","robots":{"index":"index","follow":"follow","max-snippet":"max-snippet:-1","max-image-preview":"max-image-preview:large","max-video-preview":"max-video-preview:-1"},"canonical":"https:\/\/viardenlab.com\/mx\/producto\/viarpex","og_locale":"es_ES","og_type":"article","og_title":"Viarpex - Viarden Lab","og_description":"VIARPEX a base de Hidr\u00f3xido de Calcio y Yodoformo que, adem\u00e1s de sus cualidades terap\u00e9uticas es de f\u00e1cil colocaci\u00f3n, sin escurrimientos ni desperdicios por la angulaci\u00f3n que se le puede dar al aplicador, de acuerdo al caso en tratamiento.","og_url":"https:\/\/viardenlab.com\/mx\/producto\/viarpex","og_site_name":"Viarden Lab","article_modified_time":"2025-04-25T18:34:11+00:00","og_image":[{"width":1000,"height":1000,"url":"http:\/\/viardenlab.com\/mx\/wp-content\/uploads\/2023\/07\/viarpex.jpg","type":"image\/jpeg"}],"twitter_misc":{"Tiempo de lectura":"1 minuto"},"schema":{"@context":"https:\/\/schema.org","@graph":[{"@type":"WebPage","@id":"https:\/\/viardenlab.com\/mx\/producto\/viarpex","url":"https:\/\/viardenlab.com\/mx\/producto\/viarpex","name":"Viarpex - Viarden Lab","isPartOf":{"@id":"https:\/\/viardenlab.com\/mx\/#website"},"primaryImageOfPage":{"@id":"https:\/\/viardenlab.com\/mx\/producto\/viarpex#primaryimage"},"image":{"@id":"https:\/\/viardenlab.com\/mx\/producto\/viarpex#primaryimage"},"thumbnailUrl":"https:\/\/viardenlab.com\/mx\/wp-content\/uploads\/2023\/07\/viarpex.jpg","datePublished":"2017-04-04T21:33:26+00:00","dateModified":"2025-04-25T18:34:11+00:00","description":"VIARPEX a base de Hidr\u00f3xido de Calcio y Yodoformo que, adem\u00e1s de sus cualidades terap\u00e9uticas es de f\u00e1cil colocaci\u00f3n, sin escurrimientos ni desperdicios por la angulaci\u00f3n que se le puede dar al aplicador, de acuerdo al caso en tratamiento.","breadcrumb":{"@id":"https:\/\/viardenlab.com\/mx\/producto\/viarpex#breadcrumb"},"inLanguage":"es","potentialAction":[{"@type":"ReadAction","target":["https:\/\/viardenlab.com\/mx\/producto\/viarpex"]}]},{"@type":"ImageObject","inLanguage":"es","@id":"https:\/\/viardenlab.com\/mx\/producto\/viarpex#primaryimage","url":"https:\/\/viardenlab.com\/mx\/wp-content\/uploads\/2023\/07\/viarpex.jpg","contentUrl":"https:\/\/viardenlab.com\/mx\/wp-content\/uploads\/2023\/07\/viarpex.jpg","width":1000,"height":1000},{"@type":"BreadcrumbList","@id":"https:\/\/viardenlab.com\/mx\/producto\/viarpex#breadcrumb","itemListElement":[{"@type":"ListItem","position":1,"name":"Portada","item":"https:\/\/viardenlab.com\/mx\/"},{"@type":"ListItem","position":2,"name":"Productos","item":"https:\/\/viardenlab.com\/mx\/shop"},{"@type":"ListItem","position":3,"name":"Viarpex"}]},{"@type":"WebSite","@id":"https:\/\/viardenlab.com\/mx\/#website","url":"https:\/\/viardenlab.com\/mx\/","name":"Viarden Lab","description":"Compra Online directo a tu consultorio","potentialAction":[{"@type":"SearchAction","target":{"@type":"EntryPoint","urlTemplate":"https:\/\/viardenlab.com\/mx\/?s={search_term_string}"},"query-input":{"@type":"PropertyValueSpecification","valueRequired":true,"valueName":"search_term_string"}}],"inLanguage":"es"}]}},"_links":{"self":[{"href":"https:\/\/viardenlab.com\/mx\/wp-json\/wp\/v2\/product\/278","targetHints":{"allow":["GET"]}}],"collection":[{"href":"https:\/\/viardenlab.com\/mx\/wp-json\/wp\/v2\/product"}],"about":[{"href":"https:\/\/viardenlab.com\/mx\/wp-json\/wp\/v2\/types\/product"}],"wp:featuredmedia":[{"embeddable":true,"href":"https:\/\/viardenlab.com\/mx\/wp-json\/wp\/v2\/media\/9050"}],"wp:attachment":[{"href":"https:\/\/viardenlab.com\/mx\/wp-json\/wp\/v2\/media?parent=278"}],"wp:term":[{"taxonomy":"product_brand","embeddable":true,"href":"https:\/\/viardenlab.com\/mx\/wp-json\/wp\/v2\/product_brand?post=278"},{"taxonomy":"product_cat","embeddable":true,"href":"https:\/\/viardenlab.com\/mx\/wp-json\/wp\/v2\/product_cat?post=278"},{"taxonomy":"product_tag","embeddable":true,"href":"https:\/\/viardenlab.com\/mx\/wp-json\/wp\/v2\/product_tag?post=278"}],"curies":[{"name":"wp","href":"https:\/\/api.w.org\/{rel}","templated":true}]}}