{"id":274,"date":"2017-04-04T16:23:11","date_gmt":"2017-04-04T21:23:11","guid":{"rendered":"http:\/\/viardenlab.com\/mx\/producto\/mta\/"},"modified":"2025-04-24T16:24:20","modified_gmt":"2025-04-24T22:24:20","slug":"mta","status":"publish","type":"product","link":"https:\/\/viardenlab.com\/mx\/producto\/mta","title":{"rendered":"MTA"},"content":{"rendered":"","protected":false},"excerpt":{"rendered":"<div class=\"page\" title=\"Page 33\">\n<div class=\"layoutArea\">\n<div class=\"column\">\n<p>Es un cemento compuesto con diferentes silicatos, sulfatos, aluminatos y o\u0301xidos lo que le proporciona excelentes caracteri\u0301sticas adema\u0301s de ser blanco para mejor este\u0301tica y de parti\u0301culas muy finas para lograr sellados adecuados, esta\u0301 acondicionado con un material radio opaco para poder verlo adecuadamente en una radiografi\u0301a.<\/p>\n<\/div>\n<\/div>\n<\/div>\n<p><a href=\"http:\/\/viardenlab.com\/mx\/producto\/mta\"><span style=\"color: #ff0000;\">+ INFORMACI\u00d3N<\/span><\/a><\/p>\n<p> <a class=\"more-link\" href=\"https:\/\/viardenlab.com\/mx\/producto\/mta\">Leer m\u00e1s<\/a><\/p>","protected":false},"featured_media":9004,"template":"","meta":{"_joinchat":[]},"product_brand":[],"product_cat":[30,57,20,59],"product_tag":[371,1153],"class_list":{"0":"post-274","1":"product","2":"type-product","3":"status-publish","4":"has-post-thumbnail","6":"product_cat-cementos","7":"product_cat-endodoncia","8":"product_cat-home","9":"product_cat-odontopediatria","10":"product_tag-endodoncia","11":"product_tag-mta-viarden","13":"first","14":"outofstock","15":"shipping-taxable","16":"purchasable","17":"product-type-simple"},"aioseo_notices":[],"yoast_head":"<!-- This site is optimized with the Yoast SEO plugin v27.2 - https:\/\/yoast.com\/product\/yoast-seo-wordpress\/ -->\n<title>MTA - Viarden Lab<\/title>\n<meta name=\"description\" content=\"EL MTA VIARDEN es un cemento compuesto con diferentes silicatos, sulfatos, aluminatos y \u00f3xidos lo que le proporciona excelentes caracter\u00edsticas adem\u00e1s de ser blanco para mejor est\u00e9tica y de part\u00edculas muy finas para lograr sellados adecuados, est\u00e1 acondicionado con un material radio opaco para poder verlo adecuadamente en una radiograf\u00eda.Este es un cemento higrosc\u00f3pico por lo que fragua en presencia de humedad, durantey despu\u00e9s de este proceso tiene un pH alcalino que es similar a los cementos de hidr\u00f3xido de calcio. Por las caracter\u00edsticas del MTA VIARDEN es \u00fatil para sellar perforaciones, ya sean estas por reabsorci\u00f3n interna o externa, o por una perforaci\u00f3n durante el tratamiento endod\u00f3ntico o durante la preparaci\u00f3n para la colocaci\u00f3n de un endoposte.En blanqueamientos internos colocando el MTA VIARDEN en una capa de 3 a 4 mm. de espesor sobre la gutapercha a nivel de la uni\u00f3n de el o los conductos y la corona.Se puede utilizar de la misma forma para dejarlo como un sellador de la gutapercha de el o los conductos; despu\u00e9s colocamos una torunda de algod\u00f3n h\u00fameda y sellamos el acceso con un cemento provisional.\" \/>\n<meta name=\"robots\" content=\"index, follow, max-snippet:-1, max-image-preview:large, max-video-preview:-1\" \/>\n<link rel=\"canonical\" href=\"https:\/\/viardenlab.com\/mx\/producto\/mta\" \/>\n<meta property=\"og:locale\" content=\"es_ES\" \/>\n<meta property=\"og:type\" content=\"article\" \/>\n<meta property=\"og:title\" content=\"MTA - Viarden Lab\" \/>\n<meta property=\"og:description\" content=\"EL MTA VIARDEN es un cemento compuesto con diferentes silicatos, sulfatos, aluminatos y \u00f3xidos lo que le proporciona excelentes caracter\u00edsticas adem\u00e1s de ser blanco para mejor est\u00e9tica y de part\u00edculas muy finas para lograr sellados adecuados, est\u00e1 acondicionado con un material radio opaco para poder verlo adecuadamente en una radiograf\u00eda.Este es un cemento higrosc\u00f3pico por lo que fragua en presencia de humedad, durantey despu\u00e9s de este proceso tiene un pH alcalino que es similar a los cementos de hidr\u00f3xido de calcio. Por las caracter\u00edsticas del MTA VIARDEN es \u00fatil para sellar perforaciones, ya sean estas por reabsorci\u00f3n interna o externa, o por una perforaci\u00f3n durante el tratamiento endod\u00f3ntico o durante la preparaci\u00f3n para la colocaci\u00f3n de un endoposte.En blanqueamientos internos colocando el MTA VIARDEN en una capa de 3 a 4 mm. de espesor sobre la gutapercha a nivel de la uni\u00f3n de el o los conductos y la corona.Se puede utilizar de la misma forma para dejarlo como un sellador de la gutapercha de el o los conductos; despu\u00e9s colocamos una torunda de algod\u00f3n h\u00fameda y sellamos el acceso con un cemento provisional.\" \/>\n<meta property=\"og:url\" content=\"https:\/\/viardenlab.com\/mx\/producto\/mta\" \/>\n<meta property=\"og:site_name\" content=\"Viarden Lab\" \/>\n<meta property=\"article:modified_time\" content=\"2025-04-24T22:24:20+00:00\" \/>\n<meta property=\"og:image\" content=\"http:\/\/viardenlab.com\/mx\/wp-content\/uploads\/2017\/04\/mta-3.jpg\" \/>\n\t<meta property=\"og:image:width\" content=\"1000\" \/>\n\t<meta property=\"og:image:height\" content=\"1000\" \/>\n\t<meta property=\"og:image:type\" content=\"image\/jpeg\" \/>\n<meta name=\"twitter:label1\" content=\"Tiempo de lectura\" \/>\n\t<meta name=\"twitter:data1\" content=\"1 minuto\" \/>\n<script type=\"application\/ld+json\" class=\"yoast-schema-graph\">{\"@context\":\"https:\/\/schema.org\",\"@graph\":[{\"@type\":\"WebPage\",\"@id\":\"https:\/\/viardenlab.com\/mx\/producto\/mta\",\"url\":\"https:\/\/viardenlab.com\/mx\/producto\/mta\",\"name\":\"MTA - Viarden Lab\",\"isPartOf\":{\"@id\":\"https:\/\/viardenlab.com\/mx\/#website\"},\"primaryImageOfPage\":{\"@id\":\"https:\/\/viardenlab.com\/mx\/producto\/mta#primaryimage\"},\"image\":{\"@id\":\"https:\/\/viardenlab.com\/mx\/producto\/mta#primaryimage\"},\"thumbnailUrl\":\"https:\/\/viardenlab.com\/mx\/wp-content\/uploads\/2017\/04\/mta-3.jpg\",\"datePublished\":\"2017-04-04T21:23:11+00:00\",\"dateModified\":\"2025-04-24T22:24:20+00:00\",\"description\":\"EL MTA VIARDEN es un cemento compuesto con diferentes silicatos, sulfatos, aluminatos y \u00f3xidos lo que le proporciona excelentes caracter\u00edsticas adem\u00e1s de ser blanco para mejor est\u00e9tica y de part\u00edculas muy finas para lograr sellados adecuados, est\u00e1 acondicionado con un material radio opaco para poder verlo adecuadamente en una radiograf\u00eda.Este es un cemento higrosc\u00f3pico por lo que fragua en presencia de humedad, durantey despu\u00e9s de este proceso tiene un pH alcalino que es similar a los cementos de hidr\u00f3xido de calcio. Por las caracter\u00edsticas del MTA VIARDEN es \u00fatil para sellar perforaciones, ya sean estas por reabsorci\u00f3n interna o externa, o por una perforaci\u00f3n durante el tratamiento endod\u00f3ntico o durante la preparaci\u00f3n para la colocaci\u00f3n de un endoposte.En blanqueamientos internos colocando el MTA VIARDEN en una capa de 3 a 4 mm. de espesor sobre la gutapercha a nivel de la uni\u00f3n de el o los conductos y la corona.Se puede utilizar de la misma forma para dejarlo como un sellador de la gutapercha de el o los conductos; despu\u00e9s colocamos una torunda de algod\u00f3n h\u00fameda y sellamos el acceso con un cemento provisional.\",\"breadcrumb\":{\"@id\":\"https:\/\/viardenlab.com\/mx\/producto\/mta#breadcrumb\"},\"inLanguage\":\"es\",\"potentialAction\":[{\"@type\":\"ReadAction\",\"target\":[\"https:\/\/viardenlab.com\/mx\/producto\/mta\"]}]},{\"@type\":\"ImageObject\",\"inLanguage\":\"es\",\"@id\":\"https:\/\/viardenlab.com\/mx\/producto\/mta#primaryimage\",\"url\":\"https:\/\/viardenlab.com\/mx\/wp-content\/uploads\/2017\/04\/mta-3.jpg\",\"contentUrl\":\"https:\/\/viardenlab.com\/mx\/wp-content\/uploads\/2017\/04\/mta-3.jpg\",\"width\":1000,\"height\":1000},{\"@type\":\"BreadcrumbList\",\"@id\":\"https:\/\/viardenlab.com\/mx\/producto\/mta#breadcrumb\",\"itemListElement\":[{\"@type\":\"ListItem\",\"position\":1,\"name\":\"Portada\",\"item\":\"https:\/\/viardenlab.com\/mx\/\"},{\"@type\":\"ListItem\",\"position\":2,\"name\":\"Productos\",\"item\":\"https:\/\/viardenlab.com\/mx\/shop\"},{\"@type\":\"ListItem\",\"position\":3,\"name\":\"MTA\"}]},{\"@type\":\"WebSite\",\"@id\":\"https:\/\/viardenlab.com\/mx\/#website\",\"url\":\"https:\/\/viardenlab.com\/mx\/\",\"name\":\"Viarden Lab\",\"description\":\"Compra Online directo a tu consultorio\",\"potentialAction\":[{\"@type\":\"SearchAction\",\"target\":{\"@type\":\"EntryPoint\",\"urlTemplate\":\"https:\/\/viardenlab.com\/mx\/?s={search_term_string}\"},\"query-input\":{\"@type\":\"PropertyValueSpecification\",\"valueRequired\":true,\"valueName\":\"search_term_string\"}}],\"inLanguage\":\"es\"}]}<\/script>\n<!-- \/ Yoast SEO plugin. -->","yoast_head_json":{"title":"MTA - Viarden Lab","description":"EL MTA VIARDEN es un cemento compuesto con diferentes silicatos, sulfatos, aluminatos y \u00f3xidos lo que le proporciona excelentes caracter\u00edsticas adem\u00e1s de ser blanco para mejor est\u00e9tica y de part\u00edculas muy finas para lograr sellados adecuados, est\u00e1 acondicionado con un material radio opaco para poder verlo adecuadamente en una radiograf\u00eda.Este es un cemento higrosc\u00f3pico por lo que fragua en presencia de humedad, durantey despu\u00e9s de este proceso tiene un pH alcalino que es similar a los cementos de hidr\u00f3xido de calcio. Por las caracter\u00edsticas del MTA VIARDEN es \u00fatil para sellar perforaciones, ya sean estas por reabsorci\u00f3n interna o externa, o por una perforaci\u00f3n durante el tratamiento endod\u00f3ntico o durante la preparaci\u00f3n para la colocaci\u00f3n de un endoposte.En blanqueamientos internos colocando el MTA VIARDEN en una capa de 3 a 4 mm. de espesor sobre la gutapercha a nivel de la uni\u00f3n de el o los conductos y la corona.Se puede utilizar de la misma forma para dejarlo como un sellador de la gutapercha de el o los conductos; despu\u00e9s colocamos una torunda de algod\u00f3n h\u00fameda y sellamos el acceso con un cemento provisional.","robots":{"index":"index","follow":"follow","max-snippet":"max-snippet:-1","max-image-preview":"max-image-preview:large","max-video-preview":"max-video-preview:-1"},"canonical":"https:\/\/viardenlab.com\/mx\/producto\/mta","og_locale":"es_ES","og_type":"article","og_title":"MTA - Viarden Lab","og_description":"EL MTA VIARDEN es un cemento compuesto con diferentes silicatos, sulfatos, aluminatos y \u00f3xidos lo que le proporciona excelentes caracter\u00edsticas adem\u00e1s de ser blanco para mejor est\u00e9tica y de part\u00edculas muy finas para lograr sellados adecuados, est\u00e1 acondicionado con un material radio opaco para poder verlo adecuadamente en una radiograf\u00eda.Este es un cemento higrosc\u00f3pico por lo que fragua en presencia de humedad, durantey despu\u00e9s de este proceso tiene un pH alcalino que es similar a los cementos de hidr\u00f3xido de calcio. Por las caracter\u00edsticas del MTA VIARDEN es \u00fatil para sellar perforaciones, ya sean estas por reabsorci\u00f3n interna o externa, o por una perforaci\u00f3n durante el tratamiento endod\u00f3ntico o durante la preparaci\u00f3n para la colocaci\u00f3n de un endoposte.En blanqueamientos internos colocando el MTA VIARDEN en una capa de 3 a 4 mm. de espesor sobre la gutapercha a nivel de la uni\u00f3n de el o los conductos y la corona.Se puede utilizar de la misma forma para dejarlo como un sellador de la gutapercha de el o los conductos; despu\u00e9s colocamos una torunda de algod\u00f3n h\u00fameda y sellamos el acceso con un cemento provisional.","og_url":"https:\/\/viardenlab.com\/mx\/producto\/mta","og_site_name":"Viarden Lab","article_modified_time":"2025-04-24T22:24:20+00:00","og_image":[{"width":1000,"height":1000,"url":"http:\/\/viardenlab.com\/mx\/wp-content\/uploads\/2017\/04\/mta-3.jpg","type":"image\/jpeg"}],"twitter_misc":{"Tiempo de lectura":"1 minuto"},"schema":{"@context":"https:\/\/schema.org","@graph":[{"@type":"WebPage","@id":"https:\/\/viardenlab.com\/mx\/producto\/mta","url":"https:\/\/viardenlab.com\/mx\/producto\/mta","name":"MTA - Viarden Lab","isPartOf":{"@id":"https:\/\/viardenlab.com\/mx\/#website"},"primaryImageOfPage":{"@id":"https:\/\/viardenlab.com\/mx\/producto\/mta#primaryimage"},"image":{"@id":"https:\/\/viardenlab.com\/mx\/producto\/mta#primaryimage"},"thumbnailUrl":"https:\/\/viardenlab.com\/mx\/wp-content\/uploads\/2017\/04\/mta-3.jpg","datePublished":"2017-04-04T21:23:11+00:00","dateModified":"2025-04-24T22:24:20+00:00","description":"EL MTA VIARDEN es un cemento compuesto con diferentes silicatos, sulfatos, aluminatos y \u00f3xidos lo que le proporciona excelentes caracter\u00edsticas adem\u00e1s de ser blanco para mejor est\u00e9tica y de part\u00edculas muy finas para lograr sellados adecuados, est\u00e1 acondicionado con un material radio opaco para poder verlo adecuadamente en una radiograf\u00eda.Este es un cemento higrosc\u00f3pico por lo que fragua en presencia de humedad, durantey despu\u00e9s de este proceso tiene un pH alcalino que es similar a los cementos de hidr\u00f3xido de calcio. Por las caracter\u00edsticas del MTA VIARDEN es \u00fatil para sellar perforaciones, ya sean estas por reabsorci\u00f3n interna o externa, o por una perforaci\u00f3n durante el tratamiento endod\u00f3ntico o durante la preparaci\u00f3n para la colocaci\u00f3n de un endoposte.En blanqueamientos internos colocando el MTA VIARDEN en una capa de 3 a 4 mm. de espesor sobre la gutapercha a nivel de la uni\u00f3n de el o los conductos y la corona.Se puede utilizar de la misma forma para dejarlo como un sellador de la gutapercha de el o los conductos; despu\u00e9s colocamos una torunda de algod\u00f3n h\u00fameda y sellamos el acceso con un cemento provisional.","breadcrumb":{"@id":"https:\/\/viardenlab.com\/mx\/producto\/mta#breadcrumb"},"inLanguage":"es","potentialAction":[{"@type":"ReadAction","target":["https:\/\/viardenlab.com\/mx\/producto\/mta"]}]},{"@type":"ImageObject","inLanguage":"es","@id":"https:\/\/viardenlab.com\/mx\/producto\/mta#primaryimage","url":"https:\/\/viardenlab.com\/mx\/wp-content\/uploads\/2017\/04\/mta-3.jpg","contentUrl":"https:\/\/viardenlab.com\/mx\/wp-content\/uploads\/2017\/04\/mta-3.jpg","width":1000,"height":1000},{"@type":"BreadcrumbList","@id":"https:\/\/viardenlab.com\/mx\/producto\/mta#breadcrumb","itemListElement":[{"@type":"ListItem","position":1,"name":"Portada","item":"https:\/\/viardenlab.com\/mx\/"},{"@type":"ListItem","position":2,"name":"Productos","item":"https:\/\/viardenlab.com\/mx\/shop"},{"@type":"ListItem","position":3,"name":"MTA"}]},{"@type":"WebSite","@id":"https:\/\/viardenlab.com\/mx\/#website","url":"https:\/\/viardenlab.com\/mx\/","name":"Viarden Lab","description":"Compra Online directo a tu consultorio","potentialAction":[{"@type":"SearchAction","target":{"@type":"EntryPoint","urlTemplate":"https:\/\/viardenlab.com\/mx\/?s={search_term_string}"},"query-input":{"@type":"PropertyValueSpecification","valueRequired":true,"valueName":"search_term_string"}}],"inLanguage":"es"}]}},"_links":{"self":[{"href":"https:\/\/viardenlab.com\/mx\/wp-json\/wp\/v2\/product\/274","targetHints":{"allow":["GET"]}}],"collection":[{"href":"https:\/\/viardenlab.com\/mx\/wp-json\/wp\/v2\/product"}],"about":[{"href":"https:\/\/viardenlab.com\/mx\/wp-json\/wp\/v2\/types\/product"}],"wp:featuredmedia":[{"embeddable":true,"href":"https:\/\/viardenlab.com\/mx\/wp-json\/wp\/v2\/media\/9004"}],"wp:attachment":[{"href":"https:\/\/viardenlab.com\/mx\/wp-json\/wp\/v2\/media?parent=274"}],"wp:term":[{"taxonomy":"product_brand","embeddable":true,"href":"https:\/\/viardenlab.com\/mx\/wp-json\/wp\/v2\/product_brand?post=274"},{"taxonomy":"product_cat","embeddable":true,"href":"https:\/\/viardenlab.com\/mx\/wp-json\/wp\/v2\/product_cat?post=274"},{"taxonomy":"product_tag","embeddable":true,"href":"https:\/\/viardenlab.com\/mx\/wp-json\/wp\/v2\/product_tag?post=274"}],"curies":[{"name":"wp","href":"https:\/\/api.w.org\/{rel}","templated":true}]}}