{"id":262,"date":"2017-04-04T15:57:42","date_gmt":"2017-04-04T20:57:42","guid":{"rendered":"http:\/\/viardenlab.com\/mx\/producto\/dencavi\/"},"modified":"2025-04-24T16:13:46","modified_gmt":"2025-04-24T22:13:46","slug":"dencavi","status":"publish","type":"product","link":"https:\/\/viardenlab.com\/mx\/producto\/dencavi","title":{"rendered":"Dencavi"},"content":{"rendered":"","protected":false},"excerpt":{"rendered":"<div class=\"page\" title=\"Page 28\">\n<div class=\"layoutArea\">\n<div class=\"column\">\n<p>Por su formulacio\u0301n es antise\u0301ptico, con ligero sabor y olor a menta, de gran adherencia a la dentina, mayor resistencia a la masticacio\u0301n y de fa\u0301cil remocio\u0301n con un explorador o pieza de mano ahorrando tiempo en el consultorio entre cada cita.<\/p>\n<\/div>\n<\/div>\n<\/div>\n<p><a href=\"http:\/\/viardenlab.com\/mx\/producto\/dencavi\"><span style=\"color: #ff0000;\">+ INFORMACI\u00d3N<\/span><\/a><\/p>\n<p> <a class=\"more-link\" href=\"https:\/\/viardenlab.com\/mx\/producto\/dencavi\">Leer m\u00e1s<\/a><\/p>","protected":false},"featured_media":8939,"template":"","meta":{"_joinchat":[]},"product_brand":[],"product_cat":[30,57],"product_tag":[325,374,1128,371],"class_list":{"0":"post-262","1":"product","2":"type-product","3":"status-publish","4":"has-post-thumbnail","6":"product_cat-cementos","7":"product_cat-endodoncia","8":"product_tag-cemento-temporal","9":"product_tag-dencavi","10":"product_tag-dencavi-viarden","11":"product_tag-endodoncia","13":"first","14":"outofstock","15":"shipping-taxable","16":"purchasable","17":"product-type-simple"},"aioseo_notices":[],"yoast_head":"<!-- This site is optimized with the Yoast SEO plugin v27.2 - https:\/\/yoast.com\/product\/yoast-seo-wordpress\/ -->\n<title>Dencavi - Viarden Lab<\/title>\n<meta name=\"description\" content=\"Es un cemento temporal que tiene una gran adherencia a la dentina \u00fatil para sellar una cavidad entre citas durante los tratamientos de endodoncia, por su plasticidad es de f\u00e1cil aplicaci\u00f3n.DENCAVI tiene buena resistencia a la masticaci\u00f3n, esto no dificulta su remoci\u00f3n que es simple con un explorador, ahorrando tiempo en el consultorio.Por su formulaci\u00f3n es antis\u00e9ptico y con ligero sabor a menta. Su endurecimiento es por la presencia de humedad, por lo que no se recomienda su uso en dientes vitales, por que puede causar irritaci\u00f3n del tejido pulpar. Sella adecuadamente las cavidades por lo que evita contaminaci\u00f3n hacia los conductos radiculares y que los medicamentos que se coloquen en ellos salgan hacia la cavidad bucal.Su presentaci\u00f3n en tarro facilita el poder tomarlo evitando desperdicios de material.\" \/>\n<meta name=\"robots\" content=\"index, follow, max-snippet:-1, max-image-preview:large, max-video-preview:-1\" \/>\n<link rel=\"canonical\" href=\"https:\/\/viardenlab.com\/mx\/producto\/dencavi\" \/>\n<meta property=\"og:locale\" content=\"es_ES\" \/>\n<meta property=\"og:type\" content=\"article\" \/>\n<meta property=\"og:title\" content=\"Dencavi - Viarden Lab\" \/>\n<meta property=\"og:description\" content=\"Es un cemento temporal que tiene una gran adherencia a la dentina \u00fatil para sellar una cavidad entre citas durante los tratamientos de endodoncia, por su plasticidad es de f\u00e1cil aplicaci\u00f3n.DENCAVI tiene buena resistencia a la masticaci\u00f3n, esto no dificulta su remoci\u00f3n que es simple con un explorador, ahorrando tiempo en el consultorio.Por su formulaci\u00f3n es antis\u00e9ptico y con ligero sabor a menta. Su endurecimiento es por la presencia de humedad, por lo que no se recomienda su uso en dientes vitales, por que puede causar irritaci\u00f3n del tejido pulpar. Sella adecuadamente las cavidades por lo que evita contaminaci\u00f3n hacia los conductos radiculares y que los medicamentos que se coloquen en ellos salgan hacia la cavidad bucal.Su presentaci\u00f3n en tarro facilita el poder tomarlo evitando desperdicios de material.\" \/>\n<meta property=\"og:url\" content=\"https:\/\/viardenlab.com\/mx\/producto\/dencavi\" \/>\n<meta property=\"og:site_name\" content=\"Viarden Lab\" \/>\n<meta property=\"article:modified_time\" content=\"2025-04-24T22:13:46+00:00\" \/>\n<meta property=\"og:image\" content=\"http:\/\/viardenlab.com\/mx\/wp-content\/uploads\/2017\/04\/dencavi-cemento-temporal.jpg\" \/>\n\t<meta property=\"og:image:width\" content=\"1000\" \/>\n\t<meta property=\"og:image:height\" content=\"1000\" \/>\n\t<meta property=\"og:image:type\" content=\"image\/jpeg\" \/>\n<meta name=\"twitter:label1\" content=\"Tiempo de lectura\" \/>\n\t<meta name=\"twitter:data1\" content=\"1 minuto\" \/>\n<script type=\"application\/ld+json\" class=\"yoast-schema-graph\">{\"@context\":\"https:\/\/schema.org\",\"@graph\":[{\"@type\":\"WebPage\",\"@id\":\"https:\/\/viardenlab.com\/mx\/producto\/dencavi\",\"url\":\"https:\/\/viardenlab.com\/mx\/producto\/dencavi\",\"name\":\"Dencavi - Viarden Lab\",\"isPartOf\":{\"@id\":\"https:\/\/viardenlab.com\/mx\/#website\"},\"primaryImageOfPage\":{\"@id\":\"https:\/\/viardenlab.com\/mx\/producto\/dencavi#primaryimage\"},\"image\":{\"@id\":\"https:\/\/viardenlab.com\/mx\/producto\/dencavi#primaryimage\"},\"thumbnailUrl\":\"https:\/\/viardenlab.com\/mx\/wp-content\/uploads\/2017\/04\/dencavi-cemento-temporal.jpg\",\"datePublished\":\"2017-04-04T20:57:42+00:00\",\"dateModified\":\"2025-04-24T22:13:46+00:00\",\"description\":\"Es un cemento temporal que tiene una gran adherencia a la dentina \u00fatil para sellar una cavidad entre citas durante los tratamientos de endodoncia, por su plasticidad es de f\u00e1cil aplicaci\u00f3n.DENCAVI tiene buena resistencia a la masticaci\u00f3n, esto no dificulta su remoci\u00f3n que es simple con un explorador, ahorrando tiempo en el consultorio.Por su formulaci\u00f3n es antis\u00e9ptico y con ligero sabor a menta. Su endurecimiento es por la presencia de humedad, por lo que no se recomienda su uso en dientes vitales, por que puede causar irritaci\u00f3n del tejido pulpar. Sella adecuadamente las cavidades por lo que evita contaminaci\u00f3n hacia los conductos radiculares y que los medicamentos que se coloquen en ellos salgan hacia la cavidad bucal.Su presentaci\u00f3n en tarro facilita el poder tomarlo evitando desperdicios de material.\",\"breadcrumb\":{\"@id\":\"https:\/\/viardenlab.com\/mx\/producto\/dencavi#breadcrumb\"},\"inLanguage\":\"es\",\"potentialAction\":[{\"@type\":\"ReadAction\",\"target\":[\"https:\/\/viardenlab.com\/mx\/producto\/dencavi\"]}]},{\"@type\":\"ImageObject\",\"inLanguage\":\"es\",\"@id\":\"https:\/\/viardenlab.com\/mx\/producto\/dencavi#primaryimage\",\"url\":\"https:\/\/viardenlab.com\/mx\/wp-content\/uploads\/2017\/04\/dencavi-cemento-temporal.jpg\",\"contentUrl\":\"https:\/\/viardenlab.com\/mx\/wp-content\/uploads\/2017\/04\/dencavi-cemento-temporal.jpg\",\"width\":1000,\"height\":1000},{\"@type\":\"BreadcrumbList\",\"@id\":\"https:\/\/viardenlab.com\/mx\/producto\/dencavi#breadcrumb\",\"itemListElement\":[{\"@type\":\"ListItem\",\"position\":1,\"name\":\"Portada\",\"item\":\"https:\/\/viardenlab.com\/mx\/\"},{\"@type\":\"ListItem\",\"position\":2,\"name\":\"Productos\",\"item\":\"https:\/\/viardenlab.com\/mx\/shop\"},{\"@type\":\"ListItem\",\"position\":3,\"name\":\"Dencavi\"}]},{\"@type\":\"WebSite\",\"@id\":\"https:\/\/viardenlab.com\/mx\/#website\",\"url\":\"https:\/\/viardenlab.com\/mx\/\",\"name\":\"Viarden Lab\",\"description\":\"Compra Online directo a tu consultorio\",\"potentialAction\":[{\"@type\":\"SearchAction\",\"target\":{\"@type\":\"EntryPoint\",\"urlTemplate\":\"https:\/\/viardenlab.com\/mx\/?s={search_term_string}\"},\"query-input\":{\"@type\":\"PropertyValueSpecification\",\"valueRequired\":true,\"valueName\":\"search_term_string\"}}],\"inLanguage\":\"es\"}]}<\/script>\n<!-- \/ Yoast SEO plugin. -->","yoast_head_json":{"title":"Dencavi - Viarden Lab","description":"Es un cemento temporal que tiene una gran adherencia a la dentina \u00fatil para sellar una cavidad entre citas durante los tratamientos de endodoncia, por su plasticidad es de f\u00e1cil aplicaci\u00f3n.DENCAVI tiene buena resistencia a la masticaci\u00f3n, esto no dificulta su remoci\u00f3n que es simple con un explorador, ahorrando tiempo en el consultorio.Por su formulaci\u00f3n es antis\u00e9ptico y con ligero sabor a menta. Su endurecimiento es por la presencia de humedad, por lo que no se recomienda su uso en dientes vitales, por que puede causar irritaci\u00f3n del tejido pulpar. Sella adecuadamente las cavidades por lo que evita contaminaci\u00f3n hacia los conductos radiculares y que los medicamentos que se coloquen en ellos salgan hacia la cavidad bucal.Su presentaci\u00f3n en tarro facilita el poder tomarlo evitando desperdicios de material.","robots":{"index":"index","follow":"follow","max-snippet":"max-snippet:-1","max-image-preview":"max-image-preview:large","max-video-preview":"max-video-preview:-1"},"canonical":"https:\/\/viardenlab.com\/mx\/producto\/dencavi","og_locale":"es_ES","og_type":"article","og_title":"Dencavi - Viarden Lab","og_description":"Es un cemento temporal que tiene una gran adherencia a la dentina \u00fatil para sellar una cavidad entre citas durante los tratamientos de endodoncia, por su plasticidad es de f\u00e1cil aplicaci\u00f3n.DENCAVI tiene buena resistencia a la masticaci\u00f3n, esto no dificulta su remoci\u00f3n que es simple con un explorador, ahorrando tiempo en el consultorio.Por su formulaci\u00f3n es antis\u00e9ptico y con ligero sabor a menta. Su endurecimiento es por la presencia de humedad, por lo que no se recomienda su uso en dientes vitales, por que puede causar irritaci\u00f3n del tejido pulpar. Sella adecuadamente las cavidades por lo que evita contaminaci\u00f3n hacia los conductos radiculares y que los medicamentos que se coloquen en ellos salgan hacia la cavidad bucal.Su presentaci\u00f3n en tarro facilita el poder tomarlo evitando desperdicios de material.","og_url":"https:\/\/viardenlab.com\/mx\/producto\/dencavi","og_site_name":"Viarden Lab","article_modified_time":"2025-04-24T22:13:46+00:00","og_image":[{"width":1000,"height":1000,"url":"http:\/\/viardenlab.com\/mx\/wp-content\/uploads\/2017\/04\/dencavi-cemento-temporal.jpg","type":"image\/jpeg"}],"twitter_misc":{"Tiempo de lectura":"1 minuto"},"schema":{"@context":"https:\/\/schema.org","@graph":[{"@type":"WebPage","@id":"https:\/\/viardenlab.com\/mx\/producto\/dencavi","url":"https:\/\/viardenlab.com\/mx\/producto\/dencavi","name":"Dencavi - Viarden Lab","isPartOf":{"@id":"https:\/\/viardenlab.com\/mx\/#website"},"primaryImageOfPage":{"@id":"https:\/\/viardenlab.com\/mx\/producto\/dencavi#primaryimage"},"image":{"@id":"https:\/\/viardenlab.com\/mx\/producto\/dencavi#primaryimage"},"thumbnailUrl":"https:\/\/viardenlab.com\/mx\/wp-content\/uploads\/2017\/04\/dencavi-cemento-temporal.jpg","datePublished":"2017-04-04T20:57:42+00:00","dateModified":"2025-04-24T22:13:46+00:00","description":"Es un cemento temporal que tiene una gran adherencia a la dentina \u00fatil para sellar una cavidad entre citas durante los tratamientos de endodoncia, por su plasticidad es de f\u00e1cil aplicaci\u00f3n.DENCAVI tiene buena resistencia a la masticaci\u00f3n, esto no dificulta su remoci\u00f3n que es simple con un explorador, ahorrando tiempo en el consultorio.Por su formulaci\u00f3n es antis\u00e9ptico y con ligero sabor a menta. Su endurecimiento es por la presencia de humedad, por lo que no se recomienda su uso en dientes vitales, por que puede causar irritaci\u00f3n del tejido pulpar. Sella adecuadamente las cavidades por lo que evita contaminaci\u00f3n hacia los conductos radiculares y que los medicamentos que se coloquen en ellos salgan hacia la cavidad bucal.Su presentaci\u00f3n en tarro facilita el poder tomarlo evitando desperdicios de material.","breadcrumb":{"@id":"https:\/\/viardenlab.com\/mx\/producto\/dencavi#breadcrumb"},"inLanguage":"es","potentialAction":[{"@type":"ReadAction","target":["https:\/\/viardenlab.com\/mx\/producto\/dencavi"]}]},{"@type":"ImageObject","inLanguage":"es","@id":"https:\/\/viardenlab.com\/mx\/producto\/dencavi#primaryimage","url":"https:\/\/viardenlab.com\/mx\/wp-content\/uploads\/2017\/04\/dencavi-cemento-temporal.jpg","contentUrl":"https:\/\/viardenlab.com\/mx\/wp-content\/uploads\/2017\/04\/dencavi-cemento-temporal.jpg","width":1000,"height":1000},{"@type":"BreadcrumbList","@id":"https:\/\/viardenlab.com\/mx\/producto\/dencavi#breadcrumb","itemListElement":[{"@type":"ListItem","position":1,"name":"Portada","item":"https:\/\/viardenlab.com\/mx\/"},{"@type":"ListItem","position":2,"name":"Productos","item":"https:\/\/viardenlab.com\/mx\/shop"},{"@type":"ListItem","position":3,"name":"Dencavi"}]},{"@type":"WebSite","@id":"https:\/\/viardenlab.com\/mx\/#website","url":"https:\/\/viardenlab.com\/mx\/","name":"Viarden Lab","description":"Compra Online directo a tu consultorio","potentialAction":[{"@type":"SearchAction","target":{"@type":"EntryPoint","urlTemplate":"https:\/\/viardenlab.com\/mx\/?s={search_term_string}"},"query-input":{"@type":"PropertyValueSpecification","valueRequired":true,"valueName":"search_term_string"}}],"inLanguage":"es"}]}},"_links":{"self":[{"href":"https:\/\/viardenlab.com\/mx\/wp-json\/wp\/v2\/product\/262","targetHints":{"allow":["GET"]}}],"collection":[{"href":"https:\/\/viardenlab.com\/mx\/wp-json\/wp\/v2\/product"}],"about":[{"href":"https:\/\/viardenlab.com\/mx\/wp-json\/wp\/v2\/types\/product"}],"wp:featuredmedia":[{"embeddable":true,"href":"https:\/\/viardenlab.com\/mx\/wp-json\/wp\/v2\/media\/8939"}],"wp:attachment":[{"href":"https:\/\/viardenlab.com\/mx\/wp-json\/wp\/v2\/media?parent=262"}],"wp:term":[{"taxonomy":"product_brand","embeddable":true,"href":"https:\/\/viardenlab.com\/mx\/wp-json\/wp\/v2\/product_brand?post=262"},{"taxonomy":"product_cat","embeddable":true,"href":"https:\/\/viardenlab.com\/mx\/wp-json\/wp\/v2\/product_cat?post=262"},{"taxonomy":"product_tag","embeddable":true,"href":"https:\/\/viardenlab.com\/mx\/wp-json\/wp\/v2\/product_tag?post=262"}],"curies":[{"name":"wp","href":"https:\/\/api.w.org\/{rel}","templated":true}]}}