{"id":237,"date":"2017-04-04T12:58:25","date_gmt":"2017-04-04T17:58:25","guid":{"rendered":"http:\/\/viardenlab.com\/mx\/producto\/feeling-core-resina-compuesta-de-doble-polimerizado\/"},"modified":"2025-04-25T12:10:19","modified_gmt":"2025-04-25T18:10:19","slug":"feeling-core-resina-compuesta-de-doble-polimerizado","status":"publish","type":"product","link":"https:\/\/viardenlab.com\/mx\/producto\/feeling-core-resina-compuesta-de-doble-polimerizado","title":{"rendered":"Feeling core"},"content":{"rendered":"","protected":false},"excerpt":{"rendered":"<div class=\"page\" title=\"Page 80\">\n<div class=\"layoutArea\">\n<div class=\"column\">\n<p>Resina Dual para la reconstruccio\u0301n de mun\u0303ones, de doble polimerizado qui\u0301mico (autopolimerizable) y de activacio\u0301n por luz (fotopolimerizable). Contiene flu\u0301or lo que ayuda a prevenir recidiva de caries.<\/p>\n<\/div>\n<\/div>\n<\/div>\n<p><a href=\"http:\/\/viardenlab.com\/mx\/producto\/feeling-core-resina-compuesta-de-doble-polimerizado\"><span style=\"color: #ff0000;\">+ INFORMACI\u00d3N<\/span><\/a><\/p>\n<p> <a class=\"more-link\" href=\"https:\/\/viardenlab.com\/mx\/producto\/feeling-core-resina-compuesta-de-doble-polimerizado\">Leer m\u00e1s<\/a><\/p>","protected":false},"featured_media":8958,"template":"","meta":{"_joinchat":[]},"product_brand":[],"product_cat":[63,50],"product_tag":[366,1136,365,338,367],"class_list":{"0":"post-237","1":"product","2":"type-product","3":"status-publish","4":"has-post-thumbnail","6":"product_cat-protesis","7":"product_cat-resinas","8":"product_tag-feeling-core","9":"product_tag-feeling-core-resina-dual-para-la-reconstruccion-de-munones","10":"product_tag-protesis","11":"product_tag-resina-dental","12":"product_tag-resina-feeling-core","14":"first","15":"outofstock","16":"shipping-taxable","17":"product-type-simple"},"aioseo_notices":[],"yoast_head":"<!-- This site is optimized with the Yoast SEO plugin v27.2 - https:\/\/yoast.com\/product\/yoast-seo-wordpress\/ -->\n<title>Feeling core - Viarden Lab<\/title>\n<meta name=\"description\" content=\"Resina compuesta de doble polimerizado (dual) de alta dureza a la compresi\u00f3n (auto y fotopolimerizable)FEELIG CORE es una resina dual con la resistencia para ser utilizada como reconstrucci\u00f3n de mu\u00f1ones, es una resina que contiene fl\u00faor lo que ayuda a evitar la recidiva de caries.\" \/>\n<meta name=\"robots\" content=\"index, follow, max-snippet:-1, max-image-preview:large, max-video-preview:-1\" \/>\n<link rel=\"canonical\" href=\"https:\/\/viardenlab.com\/mx\/producto\/feeling-core-resina-compuesta-de-doble-polimerizado\" \/>\n<meta property=\"og:locale\" content=\"es_ES\" \/>\n<meta property=\"og:type\" content=\"article\" \/>\n<meta property=\"og:title\" content=\"Feeling core - Viarden Lab\" \/>\n<meta property=\"og:description\" content=\"Resina compuesta de doble polimerizado (dual) de alta dureza a la compresi\u00f3n (auto y fotopolimerizable)FEELIG CORE es una resina dual con la resistencia para ser utilizada como reconstrucci\u00f3n de mu\u00f1ones, es una resina que contiene fl\u00faor lo que ayuda a evitar la recidiva de caries.\" \/>\n<meta property=\"og:url\" content=\"https:\/\/viardenlab.com\/mx\/producto\/feeling-core-resina-compuesta-de-doble-polimerizado\" \/>\n<meta property=\"og:site_name\" content=\"Viarden Lab\" \/>\n<meta property=\"article:modified_time\" content=\"2025-04-25T18:10:19+00:00\" \/>\n<meta property=\"og:image\" content=\"http:\/\/viardenlab.com\/mx\/wp-content\/uploads\/2017\/04\/feeling-core-resina-dual-para-la-reconstruccion-de-munones.jpg\" \/>\n\t<meta property=\"og:image:width\" content=\"1000\" \/>\n\t<meta property=\"og:image:height\" content=\"1000\" \/>\n\t<meta property=\"og:image:type\" content=\"image\/jpeg\" \/>\n<meta name=\"twitter:label1\" content=\"Tiempo de lectura\" \/>\n\t<meta name=\"twitter:data1\" content=\"1 minuto\" \/>\n<script type=\"application\/ld+json\" class=\"yoast-schema-graph\">{\"@context\":\"https:\/\/schema.org\",\"@graph\":[{\"@type\":\"WebPage\",\"@id\":\"https:\/\/viardenlab.com\/mx\/producto\/feeling-core-resina-compuesta-de-doble-polimerizado\",\"url\":\"https:\/\/viardenlab.com\/mx\/producto\/feeling-core-resina-compuesta-de-doble-polimerizado\",\"name\":\"Feeling core - Viarden Lab\",\"isPartOf\":{\"@id\":\"https:\/\/viardenlab.com\/mx\/#website\"},\"primaryImageOfPage\":{\"@id\":\"https:\/\/viardenlab.com\/mx\/producto\/feeling-core-resina-compuesta-de-doble-polimerizado#primaryimage\"},\"image\":{\"@id\":\"https:\/\/viardenlab.com\/mx\/producto\/feeling-core-resina-compuesta-de-doble-polimerizado#primaryimage\"},\"thumbnailUrl\":\"https:\/\/viardenlab.com\/mx\/wp-content\/uploads\/2017\/04\/feeling-core-resina-dual-para-la-reconstruccion-de-munones.jpg\",\"datePublished\":\"2017-04-04T17:58:25+00:00\",\"dateModified\":\"2025-04-25T18:10:19+00:00\",\"description\":\"Resina compuesta de doble polimerizado (dual) de alta dureza a la compresi\u00f3n (auto y fotopolimerizable)FEELIG CORE es una resina dual con la resistencia para ser utilizada como reconstrucci\u00f3n de mu\u00f1ones, es una resina que contiene fl\u00faor lo que ayuda a evitar la recidiva de caries.\",\"breadcrumb\":{\"@id\":\"https:\/\/viardenlab.com\/mx\/producto\/feeling-core-resina-compuesta-de-doble-polimerizado#breadcrumb\"},\"inLanguage\":\"es\",\"potentialAction\":[{\"@type\":\"ReadAction\",\"target\":[\"https:\/\/viardenlab.com\/mx\/producto\/feeling-core-resina-compuesta-de-doble-polimerizado\"]}]},{\"@type\":\"ImageObject\",\"inLanguage\":\"es\",\"@id\":\"https:\/\/viardenlab.com\/mx\/producto\/feeling-core-resina-compuesta-de-doble-polimerizado#primaryimage\",\"url\":\"https:\/\/viardenlab.com\/mx\/wp-content\/uploads\/2017\/04\/feeling-core-resina-dual-para-la-reconstruccion-de-munones.jpg\",\"contentUrl\":\"https:\/\/viardenlab.com\/mx\/wp-content\/uploads\/2017\/04\/feeling-core-resina-dual-para-la-reconstruccion-de-munones.jpg\",\"width\":1000,\"height\":1000},{\"@type\":\"BreadcrumbList\",\"@id\":\"https:\/\/viardenlab.com\/mx\/producto\/feeling-core-resina-compuesta-de-doble-polimerizado#breadcrumb\",\"itemListElement\":[{\"@type\":\"ListItem\",\"position\":1,\"name\":\"Portada\",\"item\":\"https:\/\/viardenlab.com\/mx\/\"},{\"@type\":\"ListItem\",\"position\":2,\"name\":\"Productos\",\"item\":\"https:\/\/viardenlab.com\/mx\/shop\"},{\"@type\":\"ListItem\",\"position\":3,\"name\":\"Feeling core\"}]},{\"@type\":\"WebSite\",\"@id\":\"https:\/\/viardenlab.com\/mx\/#website\",\"url\":\"https:\/\/viardenlab.com\/mx\/\",\"name\":\"Viarden Lab\",\"description\":\"Compra Online directo a tu consultorio\",\"potentialAction\":[{\"@type\":\"SearchAction\",\"target\":{\"@type\":\"EntryPoint\",\"urlTemplate\":\"https:\/\/viardenlab.com\/mx\/?s={search_term_string}\"},\"query-input\":{\"@type\":\"PropertyValueSpecification\",\"valueRequired\":true,\"valueName\":\"search_term_string\"}}],\"inLanguage\":\"es\"}]}<\/script>\n<!-- \/ Yoast SEO plugin. -->","yoast_head_json":{"title":"Feeling core - Viarden Lab","description":"Resina compuesta de doble polimerizado (dual) de alta dureza a la compresi\u00f3n (auto y fotopolimerizable)FEELIG CORE es una resina dual con la resistencia para ser utilizada como reconstrucci\u00f3n de mu\u00f1ones, es una resina que contiene fl\u00faor lo que ayuda a evitar la recidiva de caries.","robots":{"index":"index","follow":"follow","max-snippet":"max-snippet:-1","max-image-preview":"max-image-preview:large","max-video-preview":"max-video-preview:-1"},"canonical":"https:\/\/viardenlab.com\/mx\/producto\/feeling-core-resina-compuesta-de-doble-polimerizado","og_locale":"es_ES","og_type":"article","og_title":"Feeling core - Viarden Lab","og_description":"Resina compuesta de doble polimerizado (dual) de alta dureza a la compresi\u00f3n (auto y fotopolimerizable)FEELIG CORE es una resina dual con la resistencia para ser utilizada como reconstrucci\u00f3n de mu\u00f1ones, es una resina que contiene fl\u00faor lo que ayuda a evitar la recidiva de caries.","og_url":"https:\/\/viardenlab.com\/mx\/producto\/feeling-core-resina-compuesta-de-doble-polimerizado","og_site_name":"Viarden Lab","article_modified_time":"2025-04-25T18:10:19+00:00","og_image":[{"width":1000,"height":1000,"url":"http:\/\/viardenlab.com\/mx\/wp-content\/uploads\/2017\/04\/feeling-core-resina-dual-para-la-reconstruccion-de-munones.jpg","type":"image\/jpeg"}],"twitter_misc":{"Tiempo de lectura":"1 minuto"},"schema":{"@context":"https:\/\/schema.org","@graph":[{"@type":"WebPage","@id":"https:\/\/viardenlab.com\/mx\/producto\/feeling-core-resina-compuesta-de-doble-polimerizado","url":"https:\/\/viardenlab.com\/mx\/producto\/feeling-core-resina-compuesta-de-doble-polimerizado","name":"Feeling core - Viarden Lab","isPartOf":{"@id":"https:\/\/viardenlab.com\/mx\/#website"},"primaryImageOfPage":{"@id":"https:\/\/viardenlab.com\/mx\/producto\/feeling-core-resina-compuesta-de-doble-polimerizado#primaryimage"},"image":{"@id":"https:\/\/viardenlab.com\/mx\/producto\/feeling-core-resina-compuesta-de-doble-polimerizado#primaryimage"},"thumbnailUrl":"https:\/\/viardenlab.com\/mx\/wp-content\/uploads\/2017\/04\/feeling-core-resina-dual-para-la-reconstruccion-de-munones.jpg","datePublished":"2017-04-04T17:58:25+00:00","dateModified":"2025-04-25T18:10:19+00:00","description":"Resina compuesta de doble polimerizado (dual) de alta dureza a la compresi\u00f3n (auto y fotopolimerizable)FEELIG CORE es una resina dual con la resistencia para ser utilizada como reconstrucci\u00f3n de mu\u00f1ones, es una resina que contiene fl\u00faor lo que ayuda a evitar la recidiva de caries.","breadcrumb":{"@id":"https:\/\/viardenlab.com\/mx\/producto\/feeling-core-resina-compuesta-de-doble-polimerizado#breadcrumb"},"inLanguage":"es","potentialAction":[{"@type":"ReadAction","target":["https:\/\/viardenlab.com\/mx\/producto\/feeling-core-resina-compuesta-de-doble-polimerizado"]}]},{"@type":"ImageObject","inLanguage":"es","@id":"https:\/\/viardenlab.com\/mx\/producto\/feeling-core-resina-compuesta-de-doble-polimerizado#primaryimage","url":"https:\/\/viardenlab.com\/mx\/wp-content\/uploads\/2017\/04\/feeling-core-resina-dual-para-la-reconstruccion-de-munones.jpg","contentUrl":"https:\/\/viardenlab.com\/mx\/wp-content\/uploads\/2017\/04\/feeling-core-resina-dual-para-la-reconstruccion-de-munones.jpg","width":1000,"height":1000},{"@type":"BreadcrumbList","@id":"https:\/\/viardenlab.com\/mx\/producto\/feeling-core-resina-compuesta-de-doble-polimerizado#breadcrumb","itemListElement":[{"@type":"ListItem","position":1,"name":"Portada","item":"https:\/\/viardenlab.com\/mx\/"},{"@type":"ListItem","position":2,"name":"Productos","item":"https:\/\/viardenlab.com\/mx\/shop"},{"@type":"ListItem","position":3,"name":"Feeling core"}]},{"@type":"WebSite","@id":"https:\/\/viardenlab.com\/mx\/#website","url":"https:\/\/viardenlab.com\/mx\/","name":"Viarden Lab","description":"Compra Online directo a tu consultorio","potentialAction":[{"@type":"SearchAction","target":{"@type":"EntryPoint","urlTemplate":"https:\/\/viardenlab.com\/mx\/?s={search_term_string}"},"query-input":{"@type":"PropertyValueSpecification","valueRequired":true,"valueName":"search_term_string"}}],"inLanguage":"es"}]}},"_links":{"self":[{"href":"https:\/\/viardenlab.com\/mx\/wp-json\/wp\/v2\/product\/237","targetHints":{"allow":["GET"]}}],"collection":[{"href":"https:\/\/viardenlab.com\/mx\/wp-json\/wp\/v2\/product"}],"about":[{"href":"https:\/\/viardenlab.com\/mx\/wp-json\/wp\/v2\/types\/product"}],"wp:featuredmedia":[{"embeddable":true,"href":"https:\/\/viardenlab.com\/mx\/wp-json\/wp\/v2\/media\/8958"}],"wp:attachment":[{"href":"https:\/\/viardenlab.com\/mx\/wp-json\/wp\/v2\/media?parent=237"}],"wp:term":[{"taxonomy":"product_brand","embeddable":true,"href":"https:\/\/viardenlab.com\/mx\/wp-json\/wp\/v2\/product_brand?post=237"},{"taxonomy":"product_cat","embeddable":true,"href":"https:\/\/viardenlab.com\/mx\/wp-json\/wp\/v2\/product_cat?post=237"},{"taxonomy":"product_tag","embeddable":true,"href":"https:\/\/viardenlab.com\/mx\/wp-json\/wp\/v2\/product_tag?post=237"}],"curies":[{"name":"wp","href":"https:\/\/api.w.org\/{rel}","templated":true}]}}