{"id":229,"date":"2017-04-04T12:41:20","date_gmt":"2017-04-04T17:41:20","guid":{"rendered":"http:\/\/viardenlab.com\/mx\/producto\/acido-fosforico-jeringa-con-50g-gel\/"},"modified":"2025-04-24T17:30:43","modified_gmt":"2025-04-24T23:30:43","slug":"etch-gel","status":"publish","type":"product","link":"https:\/\/viardenlab.com\/mx\/producto\/etch-gel","title":{"rendered":"Etch Gel"},"content":{"rendered":"","protected":false},"excerpt":{"rendered":"<div class=\"page\" title=\"Page 63\">\n<div class=\"layoutArea\">\n<div class=\"column\">\n<p>Para obtener o\u0301ptimos resultados en la colocacio\u0301n de resinas, selladores de fosetas y fisuras o para la colocacio\u0301n de brackets, es necesario realizar el grabado del esmalte de manera uniforme para que brinde una superficie adecuada para la retencio\u0301n meca\u0301nica de las resinas. Etch Gel brinda una fa\u0301cil aplicacio\u0301n y por su consistencia puede ser retirado con el agua de la jeringa triple o con una torunda de algodo\u0301n.<\/p>\n<\/div>\n<\/div>\n<\/div>\n<p><a href=\"http:\/\/viardenlab.com\/mx\/producto\/acido-fosforico\"><span style=\"color: #ff0000;\">+ INFORMACI\u00d3N<\/span><\/a><\/p>\n<p> <a class=\"more-link\" href=\"https:\/\/viardenlab.com\/mx\/producto\/etch-gel\">Leer m\u00e1s<\/a><\/p>","protected":false},"featured_media":8900,"template":"","meta":{"_joinchat":[]},"product_brand":[],"product_cat":[41,58,59,60],"product_tag":[1114,359,361,291],"class_list":{"0":"post-229","1":"product","2":"type-product","3":"status-publish","4":"has-post-thumbnail","6":"product_cat-grabador-de-esmalte","7":"product_cat-odontologia-preventiva","8":"product_cat-odontopediatria","9":"product_cat-operatoria-dental","10":"product_tag-acido-fosforico","11":"product_tag-acido-fosforico-uso-dental","12":"product_tag-jeringa-acido-fosforico","13":"product_tag-odontologia-preventiva","14":"pa_colorconimagen-5b-azulcielo","15":"pa_colorconimagen-3d-rosa","17":"first","18":"outofstock","19":"shipping-taxable","20":"product-type-simple"},"aioseo_notices":[],"yoast_head":"<!-- This site is optimized with the Yoast SEO plugin v27.2 - https:\/\/yoast.com\/product\/yoast-seo-wordpress\/ -->\n<title>Etch Gel - Viarden Lab<\/title>\n<meta name=\"description\" content=\"Para obtener \u00f3ptimos resultados en la colocaci\u00f3n de resinas, ya sea como restauraci\u00f3n, selladores de fosas y fisuras o para la colocaci\u00f3n de brackets, es necesario realizar el grabado del esmalte de manera uniforme para que brinde una superficie adecuada para la retenci\u00f3n mec\u00e1nica de lasresinas.PHOSPHORIC ACID VIARDEN, grabador de esmalte, ofrece al Cirujano Dentista seguridad en el grabado del esmalte debida a su concentraci\u00f3n de \u00e1cido fosf\u00f3rico al 37%, as\u00ed como por sus diferentes presentaciones: en l\u00edquido o semi l\u00edquido de color verde claro, para un correcto grabado en las fosetas, ya que, por su consistencia, penetra en ellas, adem\u00e1s de ser m\u00e1s f\u00e1cil el lavado de las mismas con el chorro de agua de la jeringa triple; o en gel, para el grabado de superficies lisas, ya que por su consistencia, es de f\u00e1cil aplicaci\u00f3n y no se escurre.\" \/>\n<meta name=\"robots\" content=\"index, follow, max-snippet:-1, max-image-preview:large, max-video-preview:-1\" \/>\n<link rel=\"canonical\" href=\"https:\/\/viardenlab.com\/mx\/producto\/etch-gel\" \/>\n<meta property=\"og:locale\" content=\"es_ES\" \/>\n<meta property=\"og:type\" content=\"article\" \/>\n<meta property=\"og:title\" content=\"Etch Gel - Viarden Lab\" \/>\n<meta property=\"og:description\" content=\"Para obtener \u00f3ptimos resultados en la colocaci\u00f3n de resinas, ya sea como restauraci\u00f3n, selladores de fosas y fisuras o para la colocaci\u00f3n de brackets, es necesario realizar el grabado del esmalte de manera uniforme para que brinde una superficie adecuada para la retenci\u00f3n mec\u00e1nica de lasresinas.PHOSPHORIC ACID VIARDEN, grabador de esmalte, ofrece al Cirujano Dentista seguridad en el grabado del esmalte debida a su concentraci\u00f3n de \u00e1cido fosf\u00f3rico al 37%, as\u00ed como por sus diferentes presentaciones: en l\u00edquido o semi l\u00edquido de color verde claro, para un correcto grabado en las fosetas, ya que, por su consistencia, penetra en ellas, adem\u00e1s de ser m\u00e1s f\u00e1cil el lavado de las mismas con el chorro de agua de la jeringa triple; o en gel, para el grabado de superficies lisas, ya que por su consistencia, es de f\u00e1cil aplicaci\u00f3n y no se escurre.\" \/>\n<meta property=\"og:url\" content=\"https:\/\/viardenlab.com\/mx\/producto\/etch-gel\" \/>\n<meta property=\"og:site_name\" content=\"Viarden Lab\" \/>\n<meta property=\"article:modified_time\" content=\"2025-04-24T23:30:43+00:00\" \/>\n<meta property=\"og:image\" content=\"http:\/\/viardenlab.com\/mx\/wp-content\/uploads\/2017\/04\/acido-fosforico-1.jpg\" \/>\n\t<meta property=\"og:image:width\" content=\"1000\" \/>\n\t<meta property=\"og:image:height\" content=\"1000\" \/>\n\t<meta property=\"og:image:type\" content=\"image\/jpeg\" \/>\n<meta name=\"twitter:label1\" content=\"Tiempo de lectura\" \/>\n\t<meta name=\"twitter:data1\" content=\"1 minuto\" \/>\n<script type=\"application\/ld+json\" class=\"yoast-schema-graph\">{\"@context\":\"https:\/\/schema.org\",\"@graph\":[{\"@type\":\"WebPage\",\"@id\":\"https:\/\/viardenlab.com\/mx\/producto\/etch-gel\",\"url\":\"https:\/\/viardenlab.com\/mx\/producto\/etch-gel\",\"name\":\"Etch Gel - Viarden Lab\",\"isPartOf\":{\"@id\":\"https:\/\/viardenlab.com\/mx\/#website\"},\"primaryImageOfPage\":{\"@id\":\"https:\/\/viardenlab.com\/mx\/producto\/etch-gel#primaryimage\"},\"image\":{\"@id\":\"https:\/\/viardenlab.com\/mx\/producto\/etch-gel#primaryimage\"},\"thumbnailUrl\":\"https:\/\/viardenlab.com\/mx\/wp-content\/uploads\/2017\/04\/acido-fosforico-1.jpg\",\"datePublished\":\"2017-04-04T17:41:20+00:00\",\"dateModified\":\"2025-04-24T23:30:43+00:00\",\"description\":\"Para obtener \u00f3ptimos resultados en la colocaci\u00f3n de resinas, ya sea como restauraci\u00f3n, selladores de fosas y fisuras o para la colocaci\u00f3n de brackets, es necesario realizar el grabado del esmalte de manera uniforme para que brinde una superficie adecuada para la retenci\u00f3n mec\u00e1nica de lasresinas.PHOSPHORIC ACID VIARDEN, grabador de esmalte, ofrece al Cirujano Dentista seguridad en el grabado del esmalte debida a su concentraci\u00f3n de \u00e1cido fosf\u00f3rico al 37%, as\u00ed como por sus diferentes presentaciones: en l\u00edquido o semi l\u00edquido de color verde claro, para un correcto grabado en las fosetas, ya que, por su consistencia, penetra en ellas, adem\u00e1s de ser m\u00e1s f\u00e1cil el lavado de las mismas con el chorro de agua de la jeringa triple; o en gel, para el grabado de superficies lisas, ya que por su consistencia, es de f\u00e1cil aplicaci\u00f3n y no se escurre.\",\"breadcrumb\":{\"@id\":\"https:\/\/viardenlab.com\/mx\/producto\/etch-gel#breadcrumb\"},\"inLanguage\":\"es\",\"potentialAction\":[{\"@type\":\"ReadAction\",\"target\":[\"https:\/\/viardenlab.com\/mx\/producto\/etch-gel\"]}]},{\"@type\":\"ImageObject\",\"inLanguage\":\"es\",\"@id\":\"https:\/\/viardenlab.com\/mx\/producto\/etch-gel#primaryimage\",\"url\":\"https:\/\/viardenlab.com\/mx\/wp-content\/uploads\/2017\/04\/acido-fosforico-1.jpg\",\"contentUrl\":\"https:\/\/viardenlab.com\/mx\/wp-content\/uploads\/2017\/04\/acido-fosforico-1.jpg\",\"width\":1000,\"height\":1000},{\"@type\":\"BreadcrumbList\",\"@id\":\"https:\/\/viardenlab.com\/mx\/producto\/etch-gel#breadcrumb\",\"itemListElement\":[{\"@type\":\"ListItem\",\"position\":1,\"name\":\"Portada\",\"item\":\"https:\/\/viardenlab.com\/mx\/\"},{\"@type\":\"ListItem\",\"position\":2,\"name\":\"Productos\",\"item\":\"https:\/\/viardenlab.com\/mx\/shop\"},{\"@type\":\"ListItem\",\"position\":3,\"name\":\"Etch Gel\"}]},{\"@type\":\"WebSite\",\"@id\":\"https:\/\/viardenlab.com\/mx\/#website\",\"url\":\"https:\/\/viardenlab.com\/mx\/\",\"name\":\"Viarden Lab\",\"description\":\"Compra Online directo a tu consultorio\",\"potentialAction\":[{\"@type\":\"SearchAction\",\"target\":{\"@type\":\"EntryPoint\",\"urlTemplate\":\"https:\/\/viardenlab.com\/mx\/?s={search_term_string}\"},\"query-input\":{\"@type\":\"PropertyValueSpecification\",\"valueRequired\":true,\"valueName\":\"search_term_string\"}}],\"inLanguage\":\"es\"}]}<\/script>\n<!-- \/ Yoast SEO plugin. -->","yoast_head_json":{"title":"Etch Gel - Viarden Lab","description":"Para obtener \u00f3ptimos resultados en la colocaci\u00f3n de resinas, ya sea como restauraci\u00f3n, selladores de fosas y fisuras o para la colocaci\u00f3n de brackets, es necesario realizar el grabado del esmalte de manera uniforme para que brinde una superficie adecuada para la retenci\u00f3n mec\u00e1nica de lasresinas.PHOSPHORIC ACID VIARDEN, grabador de esmalte, ofrece al Cirujano Dentista seguridad en el grabado del esmalte debida a su concentraci\u00f3n de \u00e1cido fosf\u00f3rico al 37%, as\u00ed como por sus diferentes presentaciones: en l\u00edquido o semi l\u00edquido de color verde claro, para un correcto grabado en las fosetas, ya que, por su consistencia, penetra en ellas, adem\u00e1s de ser m\u00e1s f\u00e1cil el lavado de las mismas con el chorro de agua de la jeringa triple; o en gel, para el grabado de superficies lisas, ya que por su consistencia, es de f\u00e1cil aplicaci\u00f3n y no se escurre.","robots":{"index":"index","follow":"follow","max-snippet":"max-snippet:-1","max-image-preview":"max-image-preview:large","max-video-preview":"max-video-preview:-1"},"canonical":"https:\/\/viardenlab.com\/mx\/producto\/etch-gel","og_locale":"es_ES","og_type":"article","og_title":"Etch Gel - Viarden Lab","og_description":"Para obtener \u00f3ptimos resultados en la colocaci\u00f3n de resinas, ya sea como restauraci\u00f3n, selladores de fosas y fisuras o para la colocaci\u00f3n de brackets, es necesario realizar el grabado del esmalte de manera uniforme para que brinde una superficie adecuada para la retenci\u00f3n mec\u00e1nica de lasresinas.PHOSPHORIC ACID VIARDEN, grabador de esmalte, ofrece al Cirujano Dentista seguridad en el grabado del esmalte debida a su concentraci\u00f3n de \u00e1cido fosf\u00f3rico al 37%, as\u00ed como por sus diferentes presentaciones: en l\u00edquido o semi l\u00edquido de color verde claro, para un correcto grabado en las fosetas, ya que, por su consistencia, penetra en ellas, adem\u00e1s de ser m\u00e1s f\u00e1cil el lavado de las mismas con el chorro de agua de la jeringa triple; o en gel, para el grabado de superficies lisas, ya que por su consistencia, es de f\u00e1cil aplicaci\u00f3n y no se escurre.","og_url":"https:\/\/viardenlab.com\/mx\/producto\/etch-gel","og_site_name":"Viarden Lab","article_modified_time":"2025-04-24T23:30:43+00:00","og_image":[{"width":1000,"height":1000,"url":"http:\/\/viardenlab.com\/mx\/wp-content\/uploads\/2017\/04\/acido-fosforico-1.jpg","type":"image\/jpeg"}],"twitter_misc":{"Tiempo de lectura":"1 minuto"},"schema":{"@context":"https:\/\/schema.org","@graph":[{"@type":"WebPage","@id":"https:\/\/viardenlab.com\/mx\/producto\/etch-gel","url":"https:\/\/viardenlab.com\/mx\/producto\/etch-gel","name":"Etch Gel - Viarden Lab","isPartOf":{"@id":"https:\/\/viardenlab.com\/mx\/#website"},"primaryImageOfPage":{"@id":"https:\/\/viardenlab.com\/mx\/producto\/etch-gel#primaryimage"},"image":{"@id":"https:\/\/viardenlab.com\/mx\/producto\/etch-gel#primaryimage"},"thumbnailUrl":"https:\/\/viardenlab.com\/mx\/wp-content\/uploads\/2017\/04\/acido-fosforico-1.jpg","datePublished":"2017-04-04T17:41:20+00:00","dateModified":"2025-04-24T23:30:43+00:00","description":"Para obtener \u00f3ptimos resultados en la colocaci\u00f3n de resinas, ya sea como restauraci\u00f3n, selladores de fosas y fisuras o para la colocaci\u00f3n de brackets, es necesario realizar el grabado del esmalte de manera uniforme para que brinde una superficie adecuada para la retenci\u00f3n mec\u00e1nica de lasresinas.PHOSPHORIC ACID VIARDEN, grabador de esmalte, ofrece al Cirujano Dentista seguridad en el grabado del esmalte debida a su concentraci\u00f3n de \u00e1cido fosf\u00f3rico al 37%, as\u00ed como por sus diferentes presentaciones: en l\u00edquido o semi l\u00edquido de color verde claro, para un correcto grabado en las fosetas, ya que, por su consistencia, penetra en ellas, adem\u00e1s de ser m\u00e1s f\u00e1cil el lavado de las mismas con el chorro de agua de la jeringa triple; o en gel, para el grabado de superficies lisas, ya que por su consistencia, es de f\u00e1cil aplicaci\u00f3n y no se escurre.","breadcrumb":{"@id":"https:\/\/viardenlab.com\/mx\/producto\/etch-gel#breadcrumb"},"inLanguage":"es","potentialAction":[{"@type":"ReadAction","target":["https:\/\/viardenlab.com\/mx\/producto\/etch-gel"]}]},{"@type":"ImageObject","inLanguage":"es","@id":"https:\/\/viardenlab.com\/mx\/producto\/etch-gel#primaryimage","url":"https:\/\/viardenlab.com\/mx\/wp-content\/uploads\/2017\/04\/acido-fosforico-1.jpg","contentUrl":"https:\/\/viardenlab.com\/mx\/wp-content\/uploads\/2017\/04\/acido-fosforico-1.jpg","width":1000,"height":1000},{"@type":"BreadcrumbList","@id":"https:\/\/viardenlab.com\/mx\/producto\/etch-gel#breadcrumb","itemListElement":[{"@type":"ListItem","position":1,"name":"Portada","item":"https:\/\/viardenlab.com\/mx\/"},{"@type":"ListItem","position":2,"name":"Productos","item":"https:\/\/viardenlab.com\/mx\/shop"},{"@type":"ListItem","position":3,"name":"Etch Gel"}]},{"@type":"WebSite","@id":"https:\/\/viardenlab.com\/mx\/#website","url":"https:\/\/viardenlab.com\/mx\/","name":"Viarden Lab","description":"Compra Online directo a tu consultorio","potentialAction":[{"@type":"SearchAction","target":{"@type":"EntryPoint","urlTemplate":"https:\/\/viardenlab.com\/mx\/?s={search_term_string}"},"query-input":{"@type":"PropertyValueSpecification","valueRequired":true,"valueName":"search_term_string"}}],"inLanguage":"es"}]}},"_links":{"self":[{"href":"https:\/\/viardenlab.com\/mx\/wp-json\/wp\/v2\/product\/229","targetHints":{"allow":["GET"]}}],"collection":[{"href":"https:\/\/viardenlab.com\/mx\/wp-json\/wp\/v2\/product"}],"about":[{"href":"https:\/\/viardenlab.com\/mx\/wp-json\/wp\/v2\/types\/product"}],"wp:featuredmedia":[{"embeddable":true,"href":"https:\/\/viardenlab.com\/mx\/wp-json\/wp\/v2\/media\/8900"}],"wp:attachment":[{"href":"https:\/\/viardenlab.com\/mx\/wp-json\/wp\/v2\/media?parent=229"}],"wp:term":[{"taxonomy":"product_brand","embeddable":true,"href":"https:\/\/viardenlab.com\/mx\/wp-json\/wp\/v2\/product_brand?post=229"},{"taxonomy":"product_cat","embeddable":true,"href":"https:\/\/viardenlab.com\/mx\/wp-json\/wp\/v2\/product_cat?post=229"},{"taxonomy":"product_tag","embeddable":true,"href":"https:\/\/viardenlab.com\/mx\/wp-json\/wp\/v2\/product_tag?post=229"}],"curies":[{"name":"wp","href":"https:\/\/api.w.org\/{rel}","templated":true}]}}