{"id":221,"date":"2017-04-04T12:24:16","date_gmt":"2017-04-04T17:24:16","guid":{"rendered":"http:\/\/viardenlab.com\/mx\/producto\/viargloss-con-fluor-pulidor\/"},"modified":"2025-04-25T12:27:36","modified_gmt":"2025-04-25T18:27:36","slug":"viargloss-polvo-para-pulir","status":"publish","type":"product","link":"https:\/\/viardenlab.com\/mx\/producto\/viargloss-polvo-para-pulir","title":{"rendered":"Viargloss"},"content":{"rendered":"","protected":false},"excerpt":{"rendered":"<div class=\"page\" title=\"Page 87\">\n<div class=\"layoutArea\">\n<div class=\"column\">\n<p>Durante la pra\u0301ctica diaria en el consultorio colocamos diferentes tipos de restauraciones como resinas y amalgamas. Debemos pulir las amalgamas para darles un buen terminado y en ocasiones, tenemos que recortar excedentes de algunas resinas, por lo que tendremos que pulir su superficie para dejarla lo ma\u0301s tersa posible.<\/p>\n<\/div>\n<\/div>\n<\/div>\n<p><a href=\"http:\/\/viardenlab.com\/mx\/producto\/viargloss-polvo-para-pulir\"><span style=\"color: #ff0000;\">+ INFORMACI\u00d3N<\/span><\/a><\/p>\n<p> <a class=\"more-link\" href=\"https:\/\/viardenlab.com\/mx\/producto\/viargloss-polvo-para-pulir\">Leer m\u00e1s<\/a><\/p>","protected":false},"featured_media":9048,"template":"","meta":{"_joinchat":[]},"product_brand":[],"product_cat":[60,46],"product_tag":[314,357,322,358,356,1174],"class_list":{"0":"post-221","1":"product","2":"type-product","3":"status-publish","4":"has-post-thumbnail","6":"product_cat-operatoria-dental","7":"product_cat-pulidores-de-resinas-amalgamas-y-esmaltes","8":"product_tag-operatoria-dental","9":"product_tag-pulidor-de-amalgamos","10":"product_tag-pulidor-de-esmalte","11":"product_tag-pulidor-de-resinas","12":"product_tag-viargloss","13":"product_tag-viargloss-polvo-para-pulir","15":"first","16":"outofstock","17":"shipping-taxable","18":"purchasable","19":"product-type-simple"},"aioseo_notices":[],"yoast_head":"<!-- This site is optimized with the Yoast SEO plugin v27.2 - https:\/\/yoast.com\/product\/yoast-seo-wordpress\/ -->\n<title>Viargloss - Viarden Lab<\/title>\n<meta name=\"description\" content=\"Durante la pr\u00e1ctica diaria en el consultorio colocamos diferentes tipos de restauraciones como resinas y amalgamas. Debemos pulir las amalgamas para darles un buen terminado y en ocasiones, tenemos que recortar excedentes de algunas resinas, por lo que tendremos que pulir su superficie para dejarla lo m\u00e1s tersa posible.Ante la necesidad de un buen terminado en las restauraciones y d\u00e1ndonos cuenta de que, en la pr\u00e1ctica cotidiana, otro problema es la recidiva de caries en los m\u00e1rgenes de las restauraciones, en VIARDEN elaboramos VIARGLOSS CON FL\u00daOR que, adem\u00e1s de ser un excelente polvo para pulir las restauraciones, contiene en su f\u00f3rmula fl\u00faor lo que permite, aplicar fl\u00faor en los m\u00e1rgenes de la cavidad, ayudando as\u00ed a evitar la recidiva de caries.\" \/>\n<meta name=\"robots\" content=\"index, follow, max-snippet:-1, max-image-preview:large, max-video-preview:-1\" \/>\n<link rel=\"canonical\" href=\"https:\/\/viardenlab.com\/mx\/producto\/viargloss-polvo-para-pulir\" \/>\n<meta property=\"og:locale\" content=\"es_ES\" \/>\n<meta property=\"og:type\" content=\"article\" \/>\n<meta property=\"og:title\" content=\"Viargloss - Viarden Lab\" \/>\n<meta property=\"og:description\" content=\"Durante la pr\u00e1ctica diaria en el consultorio colocamos diferentes tipos de restauraciones como resinas y amalgamas. Debemos pulir las amalgamas para darles un buen terminado y en ocasiones, tenemos que recortar excedentes de algunas resinas, por lo que tendremos que pulir su superficie para dejarla lo m\u00e1s tersa posible.Ante la necesidad de un buen terminado en las restauraciones y d\u00e1ndonos cuenta de que, en la pr\u00e1ctica cotidiana, otro problema es la recidiva de caries en los m\u00e1rgenes de las restauraciones, en VIARDEN elaboramos VIARGLOSS CON FL\u00daOR que, adem\u00e1s de ser un excelente polvo para pulir las restauraciones, contiene en su f\u00f3rmula fl\u00faor lo que permite, aplicar fl\u00faor en los m\u00e1rgenes de la cavidad, ayudando as\u00ed a evitar la recidiva de caries.\" \/>\n<meta property=\"og:url\" content=\"https:\/\/viardenlab.com\/mx\/producto\/viargloss-polvo-para-pulir\" \/>\n<meta property=\"og:site_name\" content=\"Viarden Lab\" \/>\n<meta property=\"article:modified_time\" content=\"2025-04-25T18:27:36+00:00\" \/>\n<meta property=\"og:image\" content=\"http:\/\/viardenlab.com\/mx\/wp-content\/uploads\/2017\/04\/viargloss-polvo-para-pulir.jpg\" \/>\n\t<meta property=\"og:image:width\" content=\"1000\" \/>\n\t<meta property=\"og:image:height\" content=\"1000\" \/>\n\t<meta property=\"og:image:type\" content=\"image\/jpeg\" \/>\n<meta name=\"twitter:label1\" content=\"Tiempo de lectura\" \/>\n\t<meta name=\"twitter:data1\" content=\"1 minuto\" \/>\n<script type=\"application\/ld+json\" class=\"yoast-schema-graph\">{\"@context\":\"https:\/\/schema.org\",\"@graph\":[{\"@type\":\"WebPage\",\"@id\":\"https:\/\/viardenlab.com\/mx\/producto\/viargloss-polvo-para-pulir\",\"url\":\"https:\/\/viardenlab.com\/mx\/producto\/viargloss-polvo-para-pulir\",\"name\":\"Viargloss - Viarden Lab\",\"isPartOf\":{\"@id\":\"https:\/\/viardenlab.com\/mx\/#website\"},\"primaryImageOfPage\":{\"@id\":\"https:\/\/viardenlab.com\/mx\/producto\/viargloss-polvo-para-pulir#primaryimage\"},\"image\":{\"@id\":\"https:\/\/viardenlab.com\/mx\/producto\/viargloss-polvo-para-pulir#primaryimage\"},\"thumbnailUrl\":\"https:\/\/viardenlab.com\/mx\/wp-content\/uploads\/2017\/04\/viargloss-polvo-para-pulir.jpg\",\"datePublished\":\"2017-04-04T17:24:16+00:00\",\"dateModified\":\"2025-04-25T18:27:36+00:00\",\"description\":\"Durante la pr\u00e1ctica diaria en el consultorio colocamos diferentes tipos de restauraciones como resinas y amalgamas. Debemos pulir las amalgamas para darles un buen terminado y en ocasiones, tenemos que recortar excedentes de algunas resinas, por lo que tendremos que pulir su superficie para dejarla lo m\u00e1s tersa posible.Ante la necesidad de un buen terminado en las restauraciones y d\u00e1ndonos cuenta de que, en la pr\u00e1ctica cotidiana, otro problema es la recidiva de caries en los m\u00e1rgenes de las restauraciones, en VIARDEN elaboramos VIARGLOSS CON FL\u00daOR que, adem\u00e1s de ser un excelente polvo para pulir las restauraciones, contiene en su f\u00f3rmula fl\u00faor lo que permite, aplicar fl\u00faor en los m\u00e1rgenes de la cavidad, ayudando as\u00ed a evitar la recidiva de caries.\",\"breadcrumb\":{\"@id\":\"https:\/\/viardenlab.com\/mx\/producto\/viargloss-polvo-para-pulir#breadcrumb\"},\"inLanguage\":\"es\",\"potentialAction\":[{\"@type\":\"ReadAction\",\"target\":[\"https:\/\/viardenlab.com\/mx\/producto\/viargloss-polvo-para-pulir\"]}]},{\"@type\":\"ImageObject\",\"inLanguage\":\"es\",\"@id\":\"https:\/\/viardenlab.com\/mx\/producto\/viargloss-polvo-para-pulir#primaryimage\",\"url\":\"https:\/\/viardenlab.com\/mx\/wp-content\/uploads\/2017\/04\/viargloss-polvo-para-pulir.jpg\",\"contentUrl\":\"https:\/\/viardenlab.com\/mx\/wp-content\/uploads\/2017\/04\/viargloss-polvo-para-pulir.jpg\",\"width\":1000,\"height\":1000},{\"@type\":\"BreadcrumbList\",\"@id\":\"https:\/\/viardenlab.com\/mx\/producto\/viargloss-polvo-para-pulir#breadcrumb\",\"itemListElement\":[{\"@type\":\"ListItem\",\"position\":1,\"name\":\"Portada\",\"item\":\"https:\/\/viardenlab.com\/mx\/\"},{\"@type\":\"ListItem\",\"position\":2,\"name\":\"Productos\",\"item\":\"https:\/\/viardenlab.com\/mx\/shop\"},{\"@type\":\"ListItem\",\"position\":3,\"name\":\"Viargloss\"}]},{\"@type\":\"WebSite\",\"@id\":\"https:\/\/viardenlab.com\/mx\/#website\",\"url\":\"https:\/\/viardenlab.com\/mx\/\",\"name\":\"Viarden Lab\",\"description\":\"Compra Online directo a tu consultorio\",\"potentialAction\":[{\"@type\":\"SearchAction\",\"target\":{\"@type\":\"EntryPoint\",\"urlTemplate\":\"https:\/\/viardenlab.com\/mx\/?s={search_term_string}\"},\"query-input\":{\"@type\":\"PropertyValueSpecification\",\"valueRequired\":true,\"valueName\":\"search_term_string\"}}],\"inLanguage\":\"es\"}]}<\/script>\n<!-- \/ Yoast SEO plugin. -->","yoast_head_json":{"title":"Viargloss - Viarden Lab","description":"Durante la pr\u00e1ctica diaria en el consultorio colocamos diferentes tipos de restauraciones como resinas y amalgamas. Debemos pulir las amalgamas para darles un buen terminado y en ocasiones, tenemos que recortar excedentes de algunas resinas, por lo que tendremos que pulir su superficie para dejarla lo m\u00e1s tersa posible.Ante la necesidad de un buen terminado en las restauraciones y d\u00e1ndonos cuenta de que, en la pr\u00e1ctica cotidiana, otro problema es la recidiva de caries en los m\u00e1rgenes de las restauraciones, en VIARDEN elaboramos VIARGLOSS CON FL\u00daOR que, adem\u00e1s de ser un excelente polvo para pulir las restauraciones, contiene en su f\u00f3rmula fl\u00faor lo que permite, aplicar fl\u00faor en los m\u00e1rgenes de la cavidad, ayudando as\u00ed a evitar la recidiva de caries.","robots":{"index":"index","follow":"follow","max-snippet":"max-snippet:-1","max-image-preview":"max-image-preview:large","max-video-preview":"max-video-preview:-1"},"canonical":"https:\/\/viardenlab.com\/mx\/producto\/viargloss-polvo-para-pulir","og_locale":"es_ES","og_type":"article","og_title":"Viargloss - Viarden Lab","og_description":"Durante la pr\u00e1ctica diaria en el consultorio colocamos diferentes tipos de restauraciones como resinas y amalgamas. Debemos pulir las amalgamas para darles un buen terminado y en ocasiones, tenemos que recortar excedentes de algunas resinas, por lo que tendremos que pulir su superficie para dejarla lo m\u00e1s tersa posible.Ante la necesidad de un buen terminado en las restauraciones y d\u00e1ndonos cuenta de que, en la pr\u00e1ctica cotidiana, otro problema es la recidiva de caries en los m\u00e1rgenes de las restauraciones, en VIARDEN elaboramos VIARGLOSS CON FL\u00daOR que, adem\u00e1s de ser un excelente polvo para pulir las restauraciones, contiene en su f\u00f3rmula fl\u00faor lo que permite, aplicar fl\u00faor en los m\u00e1rgenes de la cavidad, ayudando as\u00ed a evitar la recidiva de caries.","og_url":"https:\/\/viardenlab.com\/mx\/producto\/viargloss-polvo-para-pulir","og_site_name":"Viarden Lab","article_modified_time":"2025-04-25T18:27:36+00:00","og_image":[{"width":1000,"height":1000,"url":"http:\/\/viardenlab.com\/mx\/wp-content\/uploads\/2017\/04\/viargloss-polvo-para-pulir.jpg","type":"image\/jpeg"}],"twitter_misc":{"Tiempo de lectura":"1 minuto"},"schema":{"@context":"https:\/\/schema.org","@graph":[{"@type":"WebPage","@id":"https:\/\/viardenlab.com\/mx\/producto\/viargloss-polvo-para-pulir","url":"https:\/\/viardenlab.com\/mx\/producto\/viargloss-polvo-para-pulir","name":"Viargloss - Viarden Lab","isPartOf":{"@id":"https:\/\/viardenlab.com\/mx\/#website"},"primaryImageOfPage":{"@id":"https:\/\/viardenlab.com\/mx\/producto\/viargloss-polvo-para-pulir#primaryimage"},"image":{"@id":"https:\/\/viardenlab.com\/mx\/producto\/viargloss-polvo-para-pulir#primaryimage"},"thumbnailUrl":"https:\/\/viardenlab.com\/mx\/wp-content\/uploads\/2017\/04\/viargloss-polvo-para-pulir.jpg","datePublished":"2017-04-04T17:24:16+00:00","dateModified":"2025-04-25T18:27:36+00:00","description":"Durante la pr\u00e1ctica diaria en el consultorio colocamos diferentes tipos de restauraciones como resinas y amalgamas. Debemos pulir las amalgamas para darles un buen terminado y en ocasiones, tenemos que recortar excedentes de algunas resinas, por lo que tendremos que pulir su superficie para dejarla lo m\u00e1s tersa posible.Ante la necesidad de un buen terminado en las restauraciones y d\u00e1ndonos cuenta de que, en la pr\u00e1ctica cotidiana, otro problema es la recidiva de caries en los m\u00e1rgenes de las restauraciones, en VIARDEN elaboramos VIARGLOSS CON FL\u00daOR que, adem\u00e1s de ser un excelente polvo para pulir las restauraciones, contiene en su f\u00f3rmula fl\u00faor lo que permite, aplicar fl\u00faor en los m\u00e1rgenes de la cavidad, ayudando as\u00ed a evitar la recidiva de caries.","breadcrumb":{"@id":"https:\/\/viardenlab.com\/mx\/producto\/viargloss-polvo-para-pulir#breadcrumb"},"inLanguage":"es","potentialAction":[{"@type":"ReadAction","target":["https:\/\/viardenlab.com\/mx\/producto\/viargloss-polvo-para-pulir"]}]},{"@type":"ImageObject","inLanguage":"es","@id":"https:\/\/viardenlab.com\/mx\/producto\/viargloss-polvo-para-pulir#primaryimage","url":"https:\/\/viardenlab.com\/mx\/wp-content\/uploads\/2017\/04\/viargloss-polvo-para-pulir.jpg","contentUrl":"https:\/\/viardenlab.com\/mx\/wp-content\/uploads\/2017\/04\/viargloss-polvo-para-pulir.jpg","width":1000,"height":1000},{"@type":"BreadcrumbList","@id":"https:\/\/viardenlab.com\/mx\/producto\/viargloss-polvo-para-pulir#breadcrumb","itemListElement":[{"@type":"ListItem","position":1,"name":"Portada","item":"https:\/\/viardenlab.com\/mx\/"},{"@type":"ListItem","position":2,"name":"Productos","item":"https:\/\/viardenlab.com\/mx\/shop"},{"@type":"ListItem","position":3,"name":"Viargloss"}]},{"@type":"WebSite","@id":"https:\/\/viardenlab.com\/mx\/#website","url":"https:\/\/viardenlab.com\/mx\/","name":"Viarden Lab","description":"Compra Online directo a tu consultorio","potentialAction":[{"@type":"SearchAction","target":{"@type":"EntryPoint","urlTemplate":"https:\/\/viardenlab.com\/mx\/?s={search_term_string}"},"query-input":{"@type":"PropertyValueSpecification","valueRequired":true,"valueName":"search_term_string"}}],"inLanguage":"es"}]}},"_links":{"self":[{"href":"https:\/\/viardenlab.com\/mx\/wp-json\/wp\/v2\/product\/221","targetHints":{"allow":["GET"]}}],"collection":[{"href":"https:\/\/viardenlab.com\/mx\/wp-json\/wp\/v2\/product"}],"about":[{"href":"https:\/\/viardenlab.com\/mx\/wp-json\/wp\/v2\/types\/product"}],"wp:featuredmedia":[{"embeddable":true,"href":"https:\/\/viardenlab.com\/mx\/wp-json\/wp\/v2\/media\/9048"}],"wp:attachment":[{"href":"https:\/\/viardenlab.com\/mx\/wp-json\/wp\/v2\/media?parent=221"}],"wp:term":[{"taxonomy":"product_brand","embeddable":true,"href":"https:\/\/viardenlab.com\/mx\/wp-json\/wp\/v2\/product_brand?post=221"},{"taxonomy":"product_cat","embeddable":true,"href":"https:\/\/viardenlab.com\/mx\/wp-json\/wp\/v2\/product_cat?post=221"},{"taxonomy":"product_tag","embeddable":true,"href":"https:\/\/viardenlab.com\/mx\/wp-json\/wp\/v2\/product_tag?post=221"}],"curies":[{"name":"wp","href":"https:\/\/api.w.org\/{rel}","templated":true}]}}