{"id":211,"date":"2017-04-04T11:40:25","date_gmt":"2017-04-04T16:40:25","guid":{"rendered":"http:\/\/viardenlab.com\/mx\/producto\/oxido-de-zinc\/"},"modified":"2025-04-08T13:45:49","modified_gmt":"2025-04-08T19:45:49","slug":"oxido-de-zinc","status":"publish","type":"product","link":"https:\/\/viardenlab.com\/mx\/producto\/oxido-de-zinc","title":{"rendered":"\u00d3xido de Zinc y \u00d3xido de Zinc con Endurecedor"},"content":{"rendered":"","protected":false},"excerpt":{"rendered":"<div class=\"page\" title=\"Page 14\">\n<div class=\"layoutArea\">\n<div class=\"column\">\n<p>El O\u0301xido de Zinc con Endurecedor VIARDEN, al ser mezclado con Eugenol VIARDEN, tiene todas las propiedades terape\u0301uticas de los cementos de o\u0301xido de zinc y eugenol, pero con mayor resistencia a la compresio\u0301n y menor solubilidad y disminucio\u0301n en el tiempo de fraguado, lo que se traduce en aumento de la productividad del consultorio dental.<\/p>\n<\/div>\n<\/div>\n<\/div>\n<p><a href=\"http:\/\/viardenlab.com\/mx\/producto\/oxido-de-zinc\"><span style=\"color: #ff0000;\">+ INFORMACI\u00d3N<\/span><\/a><\/p>\n<p> <a class=\"more-link\" href=\"https:\/\/viardenlab.com\/mx\/producto\/oxido-de-zinc\">Leer m\u00e1s<\/a><\/p>","protected":false},"featured_media":9006,"template":"","meta":{"_joinchat":[]},"product_brand":[],"product_cat":[30,60],"product_tag":[350,314,351,1154],"class_list":{"0":"post-211","1":"product","2":"type-product","3":"status-publish","4":"has-post-thumbnail","6":"product_cat-cementos","7":"product_cat-operatoria-dental","8":"product_tag-cemento-dental","9":"product_tag-operatoria-dental","10":"product_tag-oxido-de-zinc","11":"product_tag-oxido-de-zinc-viarden","13":"first","14":"outofstock","15":"shipping-taxable","16":"purchasable","17":"product-type-simple"},"aioseo_notices":[],"yoast_head":"<!-- This site is optimized with the Yoast SEO plugin v27.2 - https:\/\/yoast.com\/product\/yoast-seo-wordpress\/ -->\n<title>\u00d3xido de Zinc y \u00d3xido de Zinc con Endurecedor - Viarden Lab<\/title>\n<meta name=\"description\" content=\"Adem\u00e1s de su caracter\u00edstica astringente, al mezclarse con Eugenol VIARDEN forma un cemento medicado que presenta cualidades farmac\u00e9uticas y terap\u00e9uticas frecuentemente necesarias en odontolog\u00eda, como son analgesia, antisepsia, sedaci\u00f3n y acci\u00f3n quelante.Lo anterior gracias a que su grado de pureza es U.S.P.Es frecuente que, durante el tratamiento de los \u00f3rganos dentarios, tengamos la necesidad de utilizar cementos a base de \u00f3xido de zinc con mayor resistencia que la proporcionada por el cemento de \u00f3xido de zinc U.S.P.El \u00d3xido de Zinc con Endurecedor VIARDEN, al ser mezclado con Eugenol VIARDEN, tiene todas las propiedades terap\u00e9uticas de los cementos de \u00f3xido de zinc y eugenol, pero con mayor resistencia a la compresi\u00f3n y menor solubilidad y disminuci\u00f3n en el tiempo de fraguado, lo que se traduce en aumento de la productividad del consultorio dental.\" \/>\n<meta name=\"robots\" content=\"index, follow, max-snippet:-1, max-image-preview:large, max-video-preview:-1\" \/>\n<link rel=\"canonical\" href=\"https:\/\/viardenlab.com\/mx\/producto\/oxido-de-zinc\" \/>\n<meta property=\"og:locale\" content=\"es_ES\" \/>\n<meta property=\"og:type\" content=\"article\" \/>\n<meta property=\"og:title\" content=\"\u00d3xido de Zinc y \u00d3xido de Zinc con Endurecedor - Viarden Lab\" \/>\n<meta property=\"og:description\" content=\"Adem\u00e1s de su caracter\u00edstica astringente, al mezclarse con Eugenol VIARDEN forma un cemento medicado que presenta cualidades farmac\u00e9uticas y terap\u00e9uticas frecuentemente necesarias en odontolog\u00eda, como son analgesia, antisepsia, sedaci\u00f3n y acci\u00f3n quelante.Lo anterior gracias a que su grado de pureza es U.S.P.Es frecuente que, durante el tratamiento de los \u00f3rganos dentarios, tengamos la necesidad de utilizar cementos a base de \u00f3xido de zinc con mayor resistencia que la proporcionada por el cemento de \u00f3xido de zinc U.S.P.El \u00d3xido de Zinc con Endurecedor VIARDEN, al ser mezclado con Eugenol VIARDEN, tiene todas las propiedades terap\u00e9uticas de los cementos de \u00f3xido de zinc y eugenol, pero con mayor resistencia a la compresi\u00f3n y menor solubilidad y disminuci\u00f3n en el tiempo de fraguado, lo que se traduce en aumento de la productividad del consultorio dental.\" \/>\n<meta property=\"og:url\" content=\"https:\/\/viardenlab.com\/mx\/producto\/oxido-de-zinc\" \/>\n<meta property=\"og:site_name\" content=\"Viarden Lab\" \/>\n<meta property=\"article:modified_time\" content=\"2025-04-08T19:45:49+00:00\" \/>\n<meta property=\"og:image\" content=\"http:\/\/viardenlab.com\/mx\/wp-content\/uploads\/2017\/04\/O\u0301xido-de-Zinc1.jpg\" \/>\n\t<meta property=\"og:image:width\" content=\"1693\" \/>\n\t<meta property=\"og:image:height\" content=\"888\" \/>\n\t<meta property=\"og:image:type\" content=\"image\/jpeg\" \/>\n<meta name=\"twitter:label1\" content=\"Tiempo de lectura\" \/>\n\t<meta name=\"twitter:data1\" content=\"1 minuto\" \/>\n<script type=\"application\/ld+json\" class=\"yoast-schema-graph\">{\"@context\":\"https:\/\/schema.org\",\"@graph\":[{\"@type\":\"WebPage\",\"@id\":\"https:\/\/viardenlab.com\/mx\/producto\/oxido-de-zinc\",\"url\":\"https:\/\/viardenlab.com\/mx\/producto\/oxido-de-zinc\",\"name\":\"\u00d3xido de Zinc y \u00d3xido de Zinc con Endurecedor - Viarden Lab\",\"isPartOf\":{\"@id\":\"https:\/\/viardenlab.com\/mx\/#website\"},\"primaryImageOfPage\":{\"@id\":\"https:\/\/viardenlab.com\/mx\/producto\/oxido-de-zinc#primaryimage\"},\"image\":{\"@id\":\"https:\/\/viardenlab.com\/mx\/producto\/oxido-de-zinc#primaryimage\"},\"thumbnailUrl\":\"https:\/\/viardenlab.com\/mx\/wp-content\/uploads\/2017\/04\/oxido-de-zinc-1.jpg\",\"datePublished\":\"2017-04-04T16:40:25+00:00\",\"dateModified\":\"2025-04-08T19:45:49+00:00\",\"description\":\"Adem\u00e1s de su caracter\u00edstica astringente, al mezclarse con Eugenol VIARDEN forma un cemento medicado que presenta cualidades farmac\u00e9uticas y terap\u00e9uticas frecuentemente necesarias en odontolog\u00eda, como son analgesia, antisepsia, sedaci\u00f3n y acci\u00f3n quelante.Lo anterior gracias a que su grado de pureza es U.S.P.Es frecuente que, durante el tratamiento de los \u00f3rganos dentarios, tengamos la necesidad de utilizar cementos a base de \u00f3xido de zinc con mayor resistencia que la proporcionada por el cemento de \u00f3xido de zinc U.S.P.El \u00d3xido de Zinc con Endurecedor VIARDEN, al ser mezclado con Eugenol VIARDEN, tiene todas las propiedades terap\u00e9uticas de los cementos de \u00f3xido de zinc y eugenol, pero con mayor resistencia a la compresi\u00f3n y menor solubilidad y disminuci\u00f3n en el tiempo de fraguado, lo que se traduce en aumento de la productividad del consultorio dental.\",\"breadcrumb\":{\"@id\":\"https:\/\/viardenlab.com\/mx\/producto\/oxido-de-zinc#breadcrumb\"},\"inLanguage\":\"es\",\"potentialAction\":[{\"@type\":\"ReadAction\",\"target\":[\"https:\/\/viardenlab.com\/mx\/producto\/oxido-de-zinc\"]}]},{\"@type\":\"ImageObject\",\"inLanguage\":\"es\",\"@id\":\"https:\/\/viardenlab.com\/mx\/producto\/oxido-de-zinc#primaryimage\",\"url\":\"https:\/\/viardenlab.com\/mx\/wp-content\/uploads\/2017\/04\/oxido-de-zinc-1.jpg\",\"contentUrl\":\"https:\/\/viardenlab.com\/mx\/wp-content\/uploads\/2017\/04\/oxido-de-zinc-1.jpg\",\"width\":1000,\"height\":1000},{\"@type\":\"BreadcrumbList\",\"@id\":\"https:\/\/viardenlab.com\/mx\/producto\/oxido-de-zinc#breadcrumb\",\"itemListElement\":[{\"@type\":\"ListItem\",\"position\":1,\"name\":\"Portada\",\"item\":\"https:\/\/viardenlab.com\/mx\/\"},{\"@type\":\"ListItem\",\"position\":2,\"name\":\"Productos\",\"item\":\"https:\/\/viardenlab.com\/mx\/shop\"},{\"@type\":\"ListItem\",\"position\":3,\"name\":\"\u00d3xido de Zinc y \u00d3xido de Zinc con Endurecedor\"}]},{\"@type\":\"WebSite\",\"@id\":\"https:\/\/viardenlab.com\/mx\/#website\",\"url\":\"https:\/\/viardenlab.com\/mx\/\",\"name\":\"Viarden Lab\",\"description\":\"Compra Online directo a tu consultorio\",\"potentialAction\":[{\"@type\":\"SearchAction\",\"target\":{\"@type\":\"EntryPoint\",\"urlTemplate\":\"https:\/\/viardenlab.com\/mx\/?s={search_term_string}\"},\"query-input\":{\"@type\":\"PropertyValueSpecification\",\"valueRequired\":true,\"valueName\":\"search_term_string\"}}],\"inLanguage\":\"es\"}]}<\/script>\n<!-- \/ Yoast SEO plugin. -->","yoast_head_json":{"title":"\u00d3xido de Zinc y \u00d3xido de Zinc con Endurecedor - Viarden Lab","description":"Adem\u00e1s de su caracter\u00edstica astringente, al mezclarse con Eugenol VIARDEN forma un cemento medicado que presenta cualidades farmac\u00e9uticas y terap\u00e9uticas frecuentemente necesarias en odontolog\u00eda, como son analgesia, antisepsia, sedaci\u00f3n y acci\u00f3n quelante.Lo anterior gracias a que su grado de pureza es U.S.P.Es frecuente que, durante el tratamiento de los \u00f3rganos dentarios, tengamos la necesidad de utilizar cementos a base de \u00f3xido de zinc con mayor resistencia que la proporcionada por el cemento de \u00f3xido de zinc U.S.P.El \u00d3xido de Zinc con Endurecedor VIARDEN, al ser mezclado con Eugenol VIARDEN, tiene todas las propiedades terap\u00e9uticas de los cementos de \u00f3xido de zinc y eugenol, pero con mayor resistencia a la compresi\u00f3n y menor solubilidad y disminuci\u00f3n en el tiempo de fraguado, lo que se traduce en aumento de la productividad del consultorio dental.","robots":{"index":"index","follow":"follow","max-snippet":"max-snippet:-1","max-image-preview":"max-image-preview:large","max-video-preview":"max-video-preview:-1"},"canonical":"https:\/\/viardenlab.com\/mx\/producto\/oxido-de-zinc","og_locale":"es_ES","og_type":"article","og_title":"\u00d3xido de Zinc y \u00d3xido de Zinc con Endurecedor - Viarden Lab","og_description":"Adem\u00e1s de su caracter\u00edstica astringente, al mezclarse con Eugenol VIARDEN forma un cemento medicado que presenta cualidades farmac\u00e9uticas y terap\u00e9uticas frecuentemente necesarias en odontolog\u00eda, como son analgesia, antisepsia, sedaci\u00f3n y acci\u00f3n quelante.Lo anterior gracias a que su grado de pureza es U.S.P.Es frecuente que, durante el tratamiento de los \u00f3rganos dentarios, tengamos la necesidad de utilizar cementos a base de \u00f3xido de zinc con mayor resistencia que la proporcionada por el cemento de \u00f3xido de zinc U.S.P.El \u00d3xido de Zinc con Endurecedor VIARDEN, al ser mezclado con Eugenol VIARDEN, tiene todas las propiedades terap\u00e9uticas de los cementos de \u00f3xido de zinc y eugenol, pero con mayor resistencia a la compresi\u00f3n y menor solubilidad y disminuci\u00f3n en el tiempo de fraguado, lo que se traduce en aumento de la productividad del consultorio dental.","og_url":"https:\/\/viardenlab.com\/mx\/producto\/oxido-de-zinc","og_site_name":"Viarden Lab","article_modified_time":"2025-04-08T19:45:49+00:00","og_image":[{"width":1693,"height":888,"url":"http:\/\/viardenlab.com\/mx\/wp-content\/uploads\/2017\/04\/O\u0301xido-de-Zinc1.jpg","type":"image\/jpeg"}],"twitter_misc":{"Tiempo de lectura":"1 minuto"},"schema":{"@context":"https:\/\/schema.org","@graph":[{"@type":"WebPage","@id":"https:\/\/viardenlab.com\/mx\/producto\/oxido-de-zinc","url":"https:\/\/viardenlab.com\/mx\/producto\/oxido-de-zinc","name":"\u00d3xido de Zinc y \u00d3xido de Zinc con Endurecedor - Viarden Lab","isPartOf":{"@id":"https:\/\/viardenlab.com\/mx\/#website"},"primaryImageOfPage":{"@id":"https:\/\/viardenlab.com\/mx\/producto\/oxido-de-zinc#primaryimage"},"image":{"@id":"https:\/\/viardenlab.com\/mx\/producto\/oxido-de-zinc#primaryimage"},"thumbnailUrl":"https:\/\/viardenlab.com\/mx\/wp-content\/uploads\/2017\/04\/oxido-de-zinc-1.jpg","datePublished":"2017-04-04T16:40:25+00:00","dateModified":"2025-04-08T19:45:49+00:00","description":"Adem\u00e1s de su caracter\u00edstica astringente, al mezclarse con Eugenol VIARDEN forma un cemento medicado que presenta cualidades farmac\u00e9uticas y terap\u00e9uticas frecuentemente necesarias en odontolog\u00eda, como son analgesia, antisepsia, sedaci\u00f3n y acci\u00f3n quelante.Lo anterior gracias a que su grado de pureza es U.S.P.Es frecuente que, durante el tratamiento de los \u00f3rganos dentarios, tengamos la necesidad de utilizar cementos a base de \u00f3xido de zinc con mayor resistencia que la proporcionada por el cemento de \u00f3xido de zinc U.S.P.El \u00d3xido de Zinc con Endurecedor VIARDEN, al ser mezclado con Eugenol VIARDEN, tiene todas las propiedades terap\u00e9uticas de los cementos de \u00f3xido de zinc y eugenol, pero con mayor resistencia a la compresi\u00f3n y menor solubilidad y disminuci\u00f3n en el tiempo de fraguado, lo que se traduce en aumento de la productividad del consultorio dental.","breadcrumb":{"@id":"https:\/\/viardenlab.com\/mx\/producto\/oxido-de-zinc#breadcrumb"},"inLanguage":"es","potentialAction":[{"@type":"ReadAction","target":["https:\/\/viardenlab.com\/mx\/producto\/oxido-de-zinc"]}]},{"@type":"ImageObject","inLanguage":"es","@id":"https:\/\/viardenlab.com\/mx\/producto\/oxido-de-zinc#primaryimage","url":"https:\/\/viardenlab.com\/mx\/wp-content\/uploads\/2017\/04\/oxido-de-zinc-1.jpg","contentUrl":"https:\/\/viardenlab.com\/mx\/wp-content\/uploads\/2017\/04\/oxido-de-zinc-1.jpg","width":1000,"height":1000},{"@type":"BreadcrumbList","@id":"https:\/\/viardenlab.com\/mx\/producto\/oxido-de-zinc#breadcrumb","itemListElement":[{"@type":"ListItem","position":1,"name":"Portada","item":"https:\/\/viardenlab.com\/mx\/"},{"@type":"ListItem","position":2,"name":"Productos","item":"https:\/\/viardenlab.com\/mx\/shop"},{"@type":"ListItem","position":3,"name":"\u00d3xido de Zinc y \u00d3xido de Zinc con Endurecedor"}]},{"@type":"WebSite","@id":"https:\/\/viardenlab.com\/mx\/#website","url":"https:\/\/viardenlab.com\/mx\/","name":"Viarden Lab","description":"Compra Online directo a tu consultorio","potentialAction":[{"@type":"SearchAction","target":{"@type":"EntryPoint","urlTemplate":"https:\/\/viardenlab.com\/mx\/?s={search_term_string}"},"query-input":{"@type":"PropertyValueSpecification","valueRequired":true,"valueName":"search_term_string"}}],"inLanguage":"es"}]}},"_links":{"self":[{"href":"https:\/\/viardenlab.com\/mx\/wp-json\/wp\/v2\/product\/211","targetHints":{"allow":["GET"]}}],"collection":[{"href":"https:\/\/viardenlab.com\/mx\/wp-json\/wp\/v2\/product"}],"about":[{"href":"https:\/\/viardenlab.com\/mx\/wp-json\/wp\/v2\/types\/product"}],"wp:featuredmedia":[{"embeddable":true,"href":"https:\/\/viardenlab.com\/mx\/wp-json\/wp\/v2\/media\/9006"}],"wp:attachment":[{"href":"https:\/\/viardenlab.com\/mx\/wp-json\/wp\/v2\/media?parent=211"}],"wp:term":[{"taxonomy":"product_brand","embeddable":true,"href":"https:\/\/viardenlab.com\/mx\/wp-json\/wp\/v2\/product_brand?post=211"},{"taxonomy":"product_cat","embeddable":true,"href":"https:\/\/viardenlab.com\/mx\/wp-json\/wp\/v2\/product_cat?post=211"},{"taxonomy":"product_tag","embeddable":true,"href":"https:\/\/viardenlab.com\/mx\/wp-json\/wp\/v2\/product_tag?post=211"}],"curies":[{"name":"wp","href":"https:\/\/api.w.org\/{rel}","templated":true}]}}