{"id":205,"date":"2017-04-04T11:21:13","date_gmt":"2017-04-04T16:21:13","guid":{"rendered":"http:\/\/viardenlab.com\/mx\/producto\/ion-glass-ortho-ionomero-de-vidrio-para-ortodoncia\/"},"modified":"2025-04-28T17:59:18","modified_gmt":"2025-04-28T23:59:18","slug":"ion-glass-ortho-ionomero-de-vidrio-para-ortodoncia","status":"publish","type":"product","link":"https:\/\/viardenlab.com\/mx\/producto\/ion-glass-ortho-ionomero-de-vidrio-para-ortodoncia","title":{"rendered":"Ion Glass Ortho"},"content":{"rendered":"<p>&nbsp;<\/p>\n<p>&nbsp;<\/p>\n<p>&nbsp;<\/p>\n","protected":false},"excerpt":{"rendered":"<div class=\"page\" title=\"Page 37\">\n<div class=\"layoutArea\">\n<div class=\"column\">\n<p>Es un iono\u0301mero de vidrio fotopolimerizable modificado con resina, su colocacio\u0301n en el bracket simplifica la te\u0301cnica de cementacio\u0301n, se puede utilizar con te\u0301cnica de grabado o directamente.<\/p>\n<\/div>\n<\/div>\n<\/div>\n<p><a href=\"http:\/\/viardenlab.com\/mx\/producto\/ion-glass-ortho-ionomero-de-vidrio-para-ortodoncia\"><span style=\"color: #ff0000;\">+ INFORMACI\u00d3N<\/span><\/a><\/p>\n<p> <a class=\"more-link\" href=\"https:\/\/viardenlab.com\/mx\/producto\/ion-glass-ortho-ionomero-de-vidrio-para-ortodoncia\">Leer m\u00e1s<\/a><\/p>","protected":false},"featured_media":8986,"template":"","meta":{"_joinchat":[]},"product_brand":[],"product_cat":[1188,61],"product_tag":[347,1145,341,346,314,345],"class_list":{"0":"post-205","1":"product","2":"type-product","3":"status-publish","4":"has-post-thumbnail","6":"product_cat-ionomeros","7":"product_cat-ortodoncia","8":"product_tag-ion-glass-ortho","9":"product_tag-ion-glass-ortho-ionomero-de-vidrio-para-ortodoncia-fotopolimerizable","10":"product_tag-ionomero-de-vidrio","11":"product_tag-ionomero-de-vidrio-fotopolimeriz","12":"product_tag-operatoria-dental","13":"product_tag-ortodoncia","15":"first","16":"outofstock","17":"shipping-taxable","18":"purchasable","19":"product-type-simple"},"aioseo_notices":[],"yoast_head":"<!-- This site is optimized with the Yoast SEO plugin v27.2 - https:\/\/yoast.com\/product\/yoast-seo-wordpress\/ -->\n<title>Ion Glass Ortho - Viarden Lab<\/title>\n<meta name=\"description\" content=\"Ionglass ortho es un ion\u00f3mero de vidrio fotopolimerizable reforzado con resina como otra alternativa para la adhesi\u00f3n de brackets y bandas. Su colocaci\u00f3n en el bracket simplifica la t\u00e9cnica de cementaci\u00f3n.\" \/>\n<meta name=\"robots\" content=\"index, follow, max-snippet:-1, max-image-preview:large, max-video-preview:-1\" \/>\n<link rel=\"canonical\" href=\"https:\/\/viardenlab.com\/mx\/producto\/ion-glass-ortho-ionomero-de-vidrio-para-ortodoncia\" \/>\n<meta property=\"og:locale\" content=\"es_ES\" \/>\n<meta property=\"og:type\" content=\"article\" \/>\n<meta property=\"og:title\" content=\"Ion Glass Ortho - Viarden Lab\" \/>\n<meta property=\"og:description\" content=\"Ionglass ortho es un ion\u00f3mero de vidrio fotopolimerizable reforzado con resina como otra alternativa para la adhesi\u00f3n de brackets y bandas. Su colocaci\u00f3n en el bracket simplifica la t\u00e9cnica de cementaci\u00f3n.\" \/>\n<meta property=\"og:url\" content=\"https:\/\/viardenlab.com\/mx\/producto\/ion-glass-ortho-ionomero-de-vidrio-para-ortodoncia\" \/>\n<meta property=\"og:site_name\" content=\"Viarden Lab\" \/>\n<meta property=\"article:modified_time\" content=\"2025-04-28T23:59:18+00:00\" \/>\n<meta property=\"og:image\" content=\"http:\/\/viardenlab.com\/mx\/wp-content\/uploads\/2017\/04\/ion-glass-ortho-ionomero-de-vidrio-para-ortodoncia-fotopolimerizable.jpg\" \/>\n\t<meta property=\"og:image:width\" content=\"1000\" \/>\n\t<meta property=\"og:image:height\" content=\"1000\" \/>\n\t<meta property=\"og:image:type\" content=\"image\/jpeg\" \/>\n<meta name=\"twitter:label1\" content=\"Tiempo de lectura\" \/>\n\t<meta name=\"twitter:data1\" content=\"1 minuto\" \/>\n<script type=\"application\/ld+json\" class=\"yoast-schema-graph\">{\"@context\":\"https:\/\/schema.org\",\"@graph\":[{\"@type\":\"WebPage\",\"@id\":\"https:\/\/viardenlab.com\/mx\/producto\/ion-glass-ortho-ionomero-de-vidrio-para-ortodoncia\",\"url\":\"https:\/\/viardenlab.com\/mx\/producto\/ion-glass-ortho-ionomero-de-vidrio-para-ortodoncia\",\"name\":\"Ion Glass Ortho - Viarden Lab\",\"isPartOf\":{\"@id\":\"https:\/\/viardenlab.com\/mx\/#website\"},\"primaryImageOfPage\":{\"@id\":\"https:\/\/viardenlab.com\/mx\/producto\/ion-glass-ortho-ionomero-de-vidrio-para-ortodoncia#primaryimage\"},\"image\":{\"@id\":\"https:\/\/viardenlab.com\/mx\/producto\/ion-glass-ortho-ionomero-de-vidrio-para-ortodoncia#primaryimage\"},\"thumbnailUrl\":\"https:\/\/viardenlab.com\/mx\/wp-content\/uploads\/2017\/04\/ion-glass-ortho-ionomero-de-vidrio-para-ortodoncia-fotopolimerizable.jpg\",\"datePublished\":\"2017-04-04T16:21:13+00:00\",\"dateModified\":\"2025-04-28T23:59:18+00:00\",\"description\":\"Ionglass ortho es un ion\u00f3mero de vidrio fotopolimerizable reforzado con resina como otra alternativa para la adhesi\u00f3n de brackets y bandas. Su colocaci\u00f3n en el bracket simplifica la t\u00e9cnica de cementaci\u00f3n.\",\"breadcrumb\":{\"@id\":\"https:\/\/viardenlab.com\/mx\/producto\/ion-glass-ortho-ionomero-de-vidrio-para-ortodoncia#breadcrumb\"},\"inLanguage\":\"es\",\"potentialAction\":[{\"@type\":\"ReadAction\",\"target\":[\"https:\/\/viardenlab.com\/mx\/producto\/ion-glass-ortho-ionomero-de-vidrio-para-ortodoncia\"]}]},{\"@type\":\"ImageObject\",\"inLanguage\":\"es\",\"@id\":\"https:\/\/viardenlab.com\/mx\/producto\/ion-glass-ortho-ionomero-de-vidrio-para-ortodoncia#primaryimage\",\"url\":\"https:\/\/viardenlab.com\/mx\/wp-content\/uploads\/2017\/04\/ion-glass-ortho-ionomero-de-vidrio-para-ortodoncia-fotopolimerizable.jpg\",\"contentUrl\":\"https:\/\/viardenlab.com\/mx\/wp-content\/uploads\/2017\/04\/ion-glass-ortho-ionomero-de-vidrio-para-ortodoncia-fotopolimerizable.jpg\",\"width\":1000,\"height\":1000},{\"@type\":\"BreadcrumbList\",\"@id\":\"https:\/\/viardenlab.com\/mx\/producto\/ion-glass-ortho-ionomero-de-vidrio-para-ortodoncia#breadcrumb\",\"itemListElement\":[{\"@type\":\"ListItem\",\"position\":1,\"name\":\"Portada\",\"item\":\"https:\/\/viardenlab.com\/mx\/\"},{\"@type\":\"ListItem\",\"position\":2,\"name\":\"Productos\",\"item\":\"https:\/\/viardenlab.com\/mx\/shop\"},{\"@type\":\"ListItem\",\"position\":3,\"name\":\"Ion Glass Ortho\"}]},{\"@type\":\"WebSite\",\"@id\":\"https:\/\/viardenlab.com\/mx\/#website\",\"url\":\"https:\/\/viardenlab.com\/mx\/\",\"name\":\"Viarden Lab\",\"description\":\"Compra Online directo a tu consultorio\",\"potentialAction\":[{\"@type\":\"SearchAction\",\"target\":{\"@type\":\"EntryPoint\",\"urlTemplate\":\"https:\/\/viardenlab.com\/mx\/?s={search_term_string}\"},\"query-input\":{\"@type\":\"PropertyValueSpecification\",\"valueRequired\":true,\"valueName\":\"search_term_string\"}}],\"inLanguage\":\"es\"}]}<\/script>\n<!-- \/ Yoast SEO plugin. -->","yoast_head_json":{"title":"Ion Glass Ortho - Viarden Lab","description":"Ionglass ortho es un ion\u00f3mero de vidrio fotopolimerizable reforzado con resina como otra alternativa para la adhesi\u00f3n de brackets y bandas. Su colocaci\u00f3n en el bracket simplifica la t\u00e9cnica de cementaci\u00f3n.","robots":{"index":"index","follow":"follow","max-snippet":"max-snippet:-1","max-image-preview":"max-image-preview:large","max-video-preview":"max-video-preview:-1"},"canonical":"https:\/\/viardenlab.com\/mx\/producto\/ion-glass-ortho-ionomero-de-vidrio-para-ortodoncia","og_locale":"es_ES","og_type":"article","og_title":"Ion Glass Ortho - Viarden Lab","og_description":"Ionglass ortho es un ion\u00f3mero de vidrio fotopolimerizable reforzado con resina como otra alternativa para la adhesi\u00f3n de brackets y bandas. Su colocaci\u00f3n en el bracket simplifica la t\u00e9cnica de cementaci\u00f3n.","og_url":"https:\/\/viardenlab.com\/mx\/producto\/ion-glass-ortho-ionomero-de-vidrio-para-ortodoncia","og_site_name":"Viarden Lab","article_modified_time":"2025-04-28T23:59:18+00:00","og_image":[{"width":1000,"height":1000,"url":"http:\/\/viardenlab.com\/mx\/wp-content\/uploads\/2017\/04\/ion-glass-ortho-ionomero-de-vidrio-para-ortodoncia-fotopolimerizable.jpg","type":"image\/jpeg"}],"twitter_misc":{"Tiempo de lectura":"1 minuto"},"schema":{"@context":"https:\/\/schema.org","@graph":[{"@type":"WebPage","@id":"https:\/\/viardenlab.com\/mx\/producto\/ion-glass-ortho-ionomero-de-vidrio-para-ortodoncia","url":"https:\/\/viardenlab.com\/mx\/producto\/ion-glass-ortho-ionomero-de-vidrio-para-ortodoncia","name":"Ion Glass Ortho - Viarden Lab","isPartOf":{"@id":"https:\/\/viardenlab.com\/mx\/#website"},"primaryImageOfPage":{"@id":"https:\/\/viardenlab.com\/mx\/producto\/ion-glass-ortho-ionomero-de-vidrio-para-ortodoncia#primaryimage"},"image":{"@id":"https:\/\/viardenlab.com\/mx\/producto\/ion-glass-ortho-ionomero-de-vidrio-para-ortodoncia#primaryimage"},"thumbnailUrl":"https:\/\/viardenlab.com\/mx\/wp-content\/uploads\/2017\/04\/ion-glass-ortho-ionomero-de-vidrio-para-ortodoncia-fotopolimerizable.jpg","datePublished":"2017-04-04T16:21:13+00:00","dateModified":"2025-04-28T23:59:18+00:00","description":"Ionglass ortho es un ion\u00f3mero de vidrio fotopolimerizable reforzado con resina como otra alternativa para la adhesi\u00f3n de brackets y bandas. Su colocaci\u00f3n en el bracket simplifica la t\u00e9cnica de cementaci\u00f3n.","breadcrumb":{"@id":"https:\/\/viardenlab.com\/mx\/producto\/ion-glass-ortho-ionomero-de-vidrio-para-ortodoncia#breadcrumb"},"inLanguage":"es","potentialAction":[{"@type":"ReadAction","target":["https:\/\/viardenlab.com\/mx\/producto\/ion-glass-ortho-ionomero-de-vidrio-para-ortodoncia"]}]},{"@type":"ImageObject","inLanguage":"es","@id":"https:\/\/viardenlab.com\/mx\/producto\/ion-glass-ortho-ionomero-de-vidrio-para-ortodoncia#primaryimage","url":"https:\/\/viardenlab.com\/mx\/wp-content\/uploads\/2017\/04\/ion-glass-ortho-ionomero-de-vidrio-para-ortodoncia-fotopolimerizable.jpg","contentUrl":"https:\/\/viardenlab.com\/mx\/wp-content\/uploads\/2017\/04\/ion-glass-ortho-ionomero-de-vidrio-para-ortodoncia-fotopolimerizable.jpg","width":1000,"height":1000},{"@type":"BreadcrumbList","@id":"https:\/\/viardenlab.com\/mx\/producto\/ion-glass-ortho-ionomero-de-vidrio-para-ortodoncia#breadcrumb","itemListElement":[{"@type":"ListItem","position":1,"name":"Portada","item":"https:\/\/viardenlab.com\/mx\/"},{"@type":"ListItem","position":2,"name":"Productos","item":"https:\/\/viardenlab.com\/mx\/shop"},{"@type":"ListItem","position":3,"name":"Ion Glass Ortho"}]},{"@type":"WebSite","@id":"https:\/\/viardenlab.com\/mx\/#website","url":"https:\/\/viardenlab.com\/mx\/","name":"Viarden Lab","description":"Compra Online directo a tu consultorio","potentialAction":[{"@type":"SearchAction","target":{"@type":"EntryPoint","urlTemplate":"https:\/\/viardenlab.com\/mx\/?s={search_term_string}"},"query-input":{"@type":"PropertyValueSpecification","valueRequired":true,"valueName":"search_term_string"}}],"inLanguage":"es"}]}},"_links":{"self":[{"href":"https:\/\/viardenlab.com\/mx\/wp-json\/wp\/v2\/product\/205","targetHints":{"allow":["GET"]}}],"collection":[{"href":"https:\/\/viardenlab.com\/mx\/wp-json\/wp\/v2\/product"}],"about":[{"href":"https:\/\/viardenlab.com\/mx\/wp-json\/wp\/v2\/types\/product"}],"wp:featuredmedia":[{"embeddable":true,"href":"https:\/\/viardenlab.com\/mx\/wp-json\/wp\/v2\/media\/8986"}],"wp:attachment":[{"href":"https:\/\/viardenlab.com\/mx\/wp-json\/wp\/v2\/media?parent=205"}],"wp:term":[{"taxonomy":"product_brand","embeddable":true,"href":"https:\/\/viardenlab.com\/mx\/wp-json\/wp\/v2\/product_brand?post=205"},{"taxonomy":"product_cat","embeddable":true,"href":"https:\/\/viardenlab.com\/mx\/wp-json\/wp\/v2\/product_cat?post=205"},{"taxonomy":"product_tag","embeddable":true,"href":"https:\/\/viardenlab.com\/mx\/wp-json\/wp\/v2\/product_tag?post=205"}],"curies":[{"name":"wp","href":"https:\/\/api.w.org\/{rel}","templated":true}]}}