{"id":203,"date":"2017-04-04T11:09:55","date_gmt":"2017-04-04T16:09:55","guid":{"rendered":"http:\/\/viardenlab.com\/mx\/producto\/ion-glass-lux-ionomero-de-vidrio-tipo-iii\/"},"modified":"2025-04-29T11:39:04","modified_gmt":"2025-04-29T17:39:04","slug":"ion-glass-lux-ionomero-de-vidrio-tipo-iii","status":"publish","type":"product","link":"https:\/\/viardenlab.com\/mx\/producto\/ion-glass-lux-ionomero-de-vidrio-tipo-iii","title":{"rendered":"Ion Glass Lux"},"content":{"rendered":"","protected":false},"excerpt":{"rendered":"<div class=\"page\" title=\"Page 39\">\n<div class=\"layoutArea\">\n<div class=\"column\">\n<p>Es un iono\u0301mero de vidrio modificado con resina, radiopaco y fotocurable de microparticulas que permiten una densidad mayor, dando un acabado mas liso, brillante y este\u0301tico.<\/p>\n<\/div>\n<\/div>\n<\/div>\n<p><a href=\"http:\/\/viardenlab.com\/mx\/producto\/ion-glass-lux-ionomero-de-vidrio-tipo-iii\"><span style=\"color: #ff0000;\">+ INFORMACI\u00d3N<\/span><\/a><\/p>\n<p> <a class=\"more-link\" href=\"https:\/\/viardenlab.com\/mx\/producto\/ion-glass-lux-ionomero-de-vidrio-tipo-iii\">Leer m\u00e1s<\/a><\/p>","protected":false},"featured_media":10824,"template":"","meta":{"_joinchat":[]},"product_brand":[],"product_cat":[1188,60,63],"product_tag":[343,1148,341,344,314],"class_list":{"0":"post-203","1":"product","2":"type-product","3":"status-publish","4":"has-post-thumbnail","6":"product_cat-ionomeros","7":"product_cat-operatoria-dental","8":"product_cat-protesis","9":"product_tag-ion-glass-lux","10":"product_tag-ion-glass-lux-ionomero-de-vidrio-tipo-iii-fotopolimerizable","11":"product_tag-ionomero-de-vidrio","12":"product_tag-ionomero-de-vidrio-tipo-3","13":"product_tag-operatoria-dental","15":"first","16":"outofstock","17":"shipping-taxable","18":"purchasable","19":"product-type-simple"},"aioseo_notices":[],"yoast_head":"<!-- This site is optimized with the Yoast SEO plugin v27.2 - https:\/\/yoast.com\/product\/yoast-seo-wordpress\/ -->\n<title>Ion Glass Lux - Viarden Lab<\/title>\n<meta name=\"description\" content=\"Ion\u00f3mero de vidrio fotopolimerizable reforzdo con resina que puede ser utilizado como base o para la cementaci\u00f3n de restauraciones est\u00e9ticas.\" \/>\n<meta name=\"robots\" content=\"index, follow, max-snippet:-1, max-image-preview:large, max-video-preview:-1\" \/>\n<link rel=\"canonical\" href=\"https:\/\/viardenlab.com\/mx\/producto\/ion-glass-lux-ionomero-de-vidrio-tipo-iii\" \/>\n<meta property=\"og:locale\" content=\"es_ES\" \/>\n<meta property=\"og:type\" content=\"article\" \/>\n<meta property=\"og:title\" content=\"Ion Glass Lux - Viarden Lab\" \/>\n<meta property=\"og:description\" content=\"Ion\u00f3mero de vidrio fotopolimerizable reforzdo con resina que puede ser utilizado como base o para la cementaci\u00f3n de restauraciones est\u00e9ticas.\" \/>\n<meta property=\"og:url\" content=\"https:\/\/viardenlab.com\/mx\/producto\/ion-glass-lux-ionomero-de-vidrio-tipo-iii\" \/>\n<meta property=\"og:site_name\" content=\"Viarden Lab\" \/>\n<meta property=\"article:modified_time\" content=\"2025-04-29T17:39:04+00:00\" \/>\n<meta property=\"og:image\" content=\"http:\/\/viardenlab.com\/mx\/wp-content\/uploads\/2017\/04\/ionglass-lux-1.jpg\" \/>\n\t<meta property=\"og:image:width\" content=\"1000\" \/>\n\t<meta property=\"og:image:height\" content=\"1000\" \/>\n\t<meta property=\"og:image:type\" content=\"image\/jpeg\" \/>\n<meta name=\"twitter:label1\" content=\"Tiempo de lectura\" \/>\n\t<meta name=\"twitter:data1\" content=\"1 minuto\" \/>\n<script type=\"application\/ld+json\" class=\"yoast-schema-graph\">{\"@context\":\"https:\/\/schema.org\",\"@graph\":[{\"@type\":\"WebPage\",\"@id\":\"https:\/\/viardenlab.com\/mx\/producto\/ion-glass-lux-ionomero-de-vidrio-tipo-iii\",\"url\":\"https:\/\/viardenlab.com\/mx\/producto\/ion-glass-lux-ionomero-de-vidrio-tipo-iii\",\"name\":\"Ion Glass Lux - Viarden Lab\",\"isPartOf\":{\"@id\":\"https:\/\/viardenlab.com\/mx\/#website\"},\"primaryImageOfPage\":{\"@id\":\"https:\/\/viardenlab.com\/mx\/producto\/ion-glass-lux-ionomero-de-vidrio-tipo-iii#primaryimage\"},\"image\":{\"@id\":\"https:\/\/viardenlab.com\/mx\/producto\/ion-glass-lux-ionomero-de-vidrio-tipo-iii#primaryimage\"},\"thumbnailUrl\":\"https:\/\/viardenlab.com\/mx\/wp-content\/uploads\/2017\/04\/ionglass-lux-1.jpg\",\"datePublished\":\"2017-04-04T16:09:55+00:00\",\"dateModified\":\"2025-04-29T17:39:04+00:00\",\"description\":\"Ion\u00f3mero de vidrio fotopolimerizable reforzdo con resina que puede ser utilizado como base o para la cementaci\u00f3n de restauraciones est\u00e9ticas.\",\"breadcrumb\":{\"@id\":\"https:\/\/viardenlab.com\/mx\/producto\/ion-glass-lux-ionomero-de-vidrio-tipo-iii#breadcrumb\"},\"inLanguage\":\"es\",\"potentialAction\":[{\"@type\":\"ReadAction\",\"target\":[\"https:\/\/viardenlab.com\/mx\/producto\/ion-glass-lux-ionomero-de-vidrio-tipo-iii\"]}]},{\"@type\":\"ImageObject\",\"inLanguage\":\"es\",\"@id\":\"https:\/\/viardenlab.com\/mx\/producto\/ion-glass-lux-ionomero-de-vidrio-tipo-iii#primaryimage\",\"url\":\"https:\/\/viardenlab.com\/mx\/wp-content\/uploads\/2017\/04\/ionglass-lux-1.jpg\",\"contentUrl\":\"https:\/\/viardenlab.com\/mx\/wp-content\/uploads\/2017\/04\/ionglass-lux-1.jpg\",\"width\":1000,\"height\":1000},{\"@type\":\"BreadcrumbList\",\"@id\":\"https:\/\/viardenlab.com\/mx\/producto\/ion-glass-lux-ionomero-de-vidrio-tipo-iii#breadcrumb\",\"itemListElement\":[{\"@type\":\"ListItem\",\"position\":1,\"name\":\"Portada\",\"item\":\"https:\/\/viardenlab.com\/mx\/\"},{\"@type\":\"ListItem\",\"position\":2,\"name\":\"Productos\",\"item\":\"https:\/\/viardenlab.com\/mx\/shop\"},{\"@type\":\"ListItem\",\"position\":3,\"name\":\"Ion Glass Lux\"}]},{\"@type\":\"WebSite\",\"@id\":\"https:\/\/viardenlab.com\/mx\/#website\",\"url\":\"https:\/\/viardenlab.com\/mx\/\",\"name\":\"Viarden Lab\",\"description\":\"Compra Online directo a tu consultorio\",\"potentialAction\":[{\"@type\":\"SearchAction\",\"target\":{\"@type\":\"EntryPoint\",\"urlTemplate\":\"https:\/\/viardenlab.com\/mx\/?s={search_term_string}\"},\"query-input\":{\"@type\":\"PropertyValueSpecification\",\"valueRequired\":true,\"valueName\":\"search_term_string\"}}],\"inLanguage\":\"es\"}]}<\/script>\n<!-- \/ Yoast SEO plugin. -->","yoast_head_json":{"title":"Ion Glass Lux - Viarden Lab","description":"Ion\u00f3mero de vidrio fotopolimerizable reforzdo con resina que puede ser utilizado como base o para la cementaci\u00f3n de restauraciones est\u00e9ticas.","robots":{"index":"index","follow":"follow","max-snippet":"max-snippet:-1","max-image-preview":"max-image-preview:large","max-video-preview":"max-video-preview:-1"},"canonical":"https:\/\/viardenlab.com\/mx\/producto\/ion-glass-lux-ionomero-de-vidrio-tipo-iii","og_locale":"es_ES","og_type":"article","og_title":"Ion Glass Lux - Viarden Lab","og_description":"Ion\u00f3mero de vidrio fotopolimerizable reforzdo con resina que puede ser utilizado como base o para la cementaci\u00f3n de restauraciones est\u00e9ticas.","og_url":"https:\/\/viardenlab.com\/mx\/producto\/ion-glass-lux-ionomero-de-vidrio-tipo-iii","og_site_name":"Viarden Lab","article_modified_time":"2025-04-29T17:39:04+00:00","og_image":[{"width":1000,"height":1000,"url":"http:\/\/viardenlab.com\/mx\/wp-content\/uploads\/2017\/04\/ionglass-lux-1.jpg","type":"image\/jpeg"}],"twitter_misc":{"Tiempo de lectura":"1 minuto"},"schema":{"@context":"https:\/\/schema.org","@graph":[{"@type":"WebPage","@id":"https:\/\/viardenlab.com\/mx\/producto\/ion-glass-lux-ionomero-de-vidrio-tipo-iii","url":"https:\/\/viardenlab.com\/mx\/producto\/ion-glass-lux-ionomero-de-vidrio-tipo-iii","name":"Ion Glass Lux - Viarden Lab","isPartOf":{"@id":"https:\/\/viardenlab.com\/mx\/#website"},"primaryImageOfPage":{"@id":"https:\/\/viardenlab.com\/mx\/producto\/ion-glass-lux-ionomero-de-vidrio-tipo-iii#primaryimage"},"image":{"@id":"https:\/\/viardenlab.com\/mx\/producto\/ion-glass-lux-ionomero-de-vidrio-tipo-iii#primaryimage"},"thumbnailUrl":"https:\/\/viardenlab.com\/mx\/wp-content\/uploads\/2017\/04\/ionglass-lux-1.jpg","datePublished":"2017-04-04T16:09:55+00:00","dateModified":"2025-04-29T17:39:04+00:00","description":"Ion\u00f3mero de vidrio fotopolimerizable reforzdo con resina que puede ser utilizado como base o para la cementaci\u00f3n de restauraciones est\u00e9ticas.","breadcrumb":{"@id":"https:\/\/viardenlab.com\/mx\/producto\/ion-glass-lux-ionomero-de-vidrio-tipo-iii#breadcrumb"},"inLanguage":"es","potentialAction":[{"@type":"ReadAction","target":["https:\/\/viardenlab.com\/mx\/producto\/ion-glass-lux-ionomero-de-vidrio-tipo-iii"]}]},{"@type":"ImageObject","inLanguage":"es","@id":"https:\/\/viardenlab.com\/mx\/producto\/ion-glass-lux-ionomero-de-vidrio-tipo-iii#primaryimage","url":"https:\/\/viardenlab.com\/mx\/wp-content\/uploads\/2017\/04\/ionglass-lux-1.jpg","contentUrl":"https:\/\/viardenlab.com\/mx\/wp-content\/uploads\/2017\/04\/ionglass-lux-1.jpg","width":1000,"height":1000},{"@type":"BreadcrumbList","@id":"https:\/\/viardenlab.com\/mx\/producto\/ion-glass-lux-ionomero-de-vidrio-tipo-iii#breadcrumb","itemListElement":[{"@type":"ListItem","position":1,"name":"Portada","item":"https:\/\/viardenlab.com\/mx\/"},{"@type":"ListItem","position":2,"name":"Productos","item":"https:\/\/viardenlab.com\/mx\/shop"},{"@type":"ListItem","position":3,"name":"Ion Glass Lux"}]},{"@type":"WebSite","@id":"https:\/\/viardenlab.com\/mx\/#website","url":"https:\/\/viardenlab.com\/mx\/","name":"Viarden Lab","description":"Compra Online directo a tu consultorio","potentialAction":[{"@type":"SearchAction","target":{"@type":"EntryPoint","urlTemplate":"https:\/\/viardenlab.com\/mx\/?s={search_term_string}"},"query-input":{"@type":"PropertyValueSpecification","valueRequired":true,"valueName":"search_term_string"}}],"inLanguage":"es"}]}},"_links":{"self":[{"href":"https:\/\/viardenlab.com\/mx\/wp-json\/wp\/v2\/product\/203","targetHints":{"allow":["GET"]}}],"collection":[{"href":"https:\/\/viardenlab.com\/mx\/wp-json\/wp\/v2\/product"}],"about":[{"href":"https:\/\/viardenlab.com\/mx\/wp-json\/wp\/v2\/types\/product"}],"wp:featuredmedia":[{"embeddable":true,"href":"https:\/\/viardenlab.com\/mx\/wp-json\/wp\/v2\/media\/10824"}],"wp:attachment":[{"href":"https:\/\/viardenlab.com\/mx\/wp-json\/wp\/v2\/media?parent=203"}],"wp:term":[{"taxonomy":"product_brand","embeddable":true,"href":"https:\/\/viardenlab.com\/mx\/wp-json\/wp\/v2\/product_brand?post=203"},{"taxonomy":"product_cat","embeddable":true,"href":"https:\/\/viardenlab.com\/mx\/wp-json\/wp\/v2\/product_cat?post=203"},{"taxonomy":"product_tag","embeddable":true,"href":"https:\/\/viardenlab.com\/mx\/wp-json\/wp\/v2\/product_tag?post=203"}],"curies":[{"name":"wp","href":"https:\/\/api.w.org\/{rel}","templated":true}]}}