{"id":201,"date":"2017-04-04T10:53:04","date_gmt":"2017-04-04T15:53:04","guid":{"rendered":"http:\/\/viardenlab.com\/mx\/producto\/ion-glass\/"},"modified":"2025-04-28T17:58:57","modified_gmt":"2025-04-28T23:58:57","slug":"ion-glass","status":"publish","type":"product","link":"https:\/\/viardenlab.com\/mx\/producto\/ion-glass","title":{"rendered":"Ion Glass"},"content":{"rendered":"","protected":false},"excerpt":{"rendered":"<p>El ion\u00f3mero de vidrio representa un avance importante en la pr\u00e1ctica odontol\u00f3gica por sus propiedades adhesivas y preventivas. VIARDEN ha reunido en el cemento Ionglass estas caracter\u00edsticas, adem\u00e1s de notables propiedades f\u00edsicas que le hacen de elecci\u00f3n al cumplir con los requisitos que marcan las normas internacionales para este tipo de cemento. Es competitivo por sus propiedades con los mejores cementos de importaci\u00f3n.<\/p>\n<p><a href=\"http:\/\/viardenlab.com\/mx\/producto\/ion-glass\"><span style=\"color: #ff0000;\">+ INFORMACI\u00d3N<\/span><\/a><\/p>\n<p> <a class=\"more-link\" href=\"https:\/\/viardenlab.com\/mx\/producto\/ion-glass\">Leer m\u00e1s<\/a><\/p>","protected":false},"featured_media":11086,"template":"","meta":{"_joinchat":[]},"product_brand":[],"product_cat":[1188,59,60,61,63],"product_tag":[342,1147,341,314],"class_list":{"0":"post-201","1":"product","2":"type-product","3":"status-publish","4":"has-post-thumbnail","6":"product_cat-ionomeros","7":"product_cat-odontopediatria","8":"product_cat-operatoria-dental","9":"product_cat-ortodoncia","10":"product_cat-protesis","11":"product_tag-ion-glass","12":"product_tag-ion-glass-ionomero-de-vidrio-tipo-i","13":"product_tag-ionomero-de-vidrio","14":"product_tag-operatoria-dental","16":"first","17":"outofstock","18":"shipping-taxable","19":"purchasable","20":"product-type-simple"},"aioseo_notices":[],"yoast_head":"<!-- This site is optimized with the Yoast SEO plugin v27.2 - https:\/\/yoast.com\/product\/yoast-seo-wordpress\/ -->\n<title>Ion Glass - Viarden Lab<\/title>\n<meta name=\"description\" content=\"El ion\u00f3mero de vidrio representa un avance importante en la pr\u00e1ctica odontol\u00f3gica por sus propiedades adhesivas y preventivas.VIARDEN ha reunido en el cemento IONGLASS estas caracter\u00edsticas, adem\u00e1s de notables propiedades f\u00edsicas que le hacen de elecci\u00f3n al cumplir con los requisitos que marcan las normas internacionales para este tipo de cemento.Es competitivo por sus propiedades con los mejores cementos de importaci\u00f3n. Re\u00fane caracter\u00edsticas ideales, como material cementante y forro cavitatorio; produce la uni\u00f3n entre la estructura met\u00e1lica y los tejidos del diente; es \u00fatil para la fijaci\u00f3n de bandas de ortodoncia, inlays, onlays y aparatos fijos de precisi\u00f3n; adem\u00e1s provee protecci\u00f3n contra la caries en las zonas donde se coloca.Por ser un cemento que cumple con las normas f\u00edsicas y biol\u00f3gicas, IONGLASS VIARDEN es el cemento de Ion\u00f3mero de Vidrio de elecci\u00f3n.\" \/>\n<meta name=\"robots\" content=\"index, follow, max-snippet:-1, max-image-preview:large, max-video-preview:-1\" \/>\n<link rel=\"canonical\" href=\"https:\/\/viardenlab.com\/mx\/producto\/ion-glass\" \/>\n<meta property=\"og:locale\" content=\"es_ES\" \/>\n<meta property=\"og:type\" content=\"article\" \/>\n<meta property=\"og:title\" content=\"Ion Glass - Viarden Lab\" \/>\n<meta property=\"og:description\" content=\"El ion\u00f3mero de vidrio representa un avance importante en la pr\u00e1ctica odontol\u00f3gica por sus propiedades adhesivas y preventivas.VIARDEN ha reunido en el cemento IONGLASS estas caracter\u00edsticas, adem\u00e1s de notables propiedades f\u00edsicas que le hacen de elecci\u00f3n al cumplir con los requisitos que marcan las normas internacionales para este tipo de cemento.Es competitivo por sus propiedades con los mejores cementos de importaci\u00f3n. Re\u00fane caracter\u00edsticas ideales, como material cementante y forro cavitatorio; produce la uni\u00f3n entre la estructura met\u00e1lica y los tejidos del diente; es \u00fatil para la fijaci\u00f3n de bandas de ortodoncia, inlays, onlays y aparatos fijos de precisi\u00f3n; adem\u00e1s provee protecci\u00f3n contra la caries en las zonas donde se coloca.Por ser un cemento que cumple con las normas f\u00edsicas y biol\u00f3gicas, IONGLASS VIARDEN es el cemento de Ion\u00f3mero de Vidrio de elecci\u00f3n.\" \/>\n<meta property=\"og:url\" content=\"https:\/\/viardenlab.com\/mx\/producto\/ion-glass\" \/>\n<meta property=\"og:site_name\" content=\"Viarden Lab\" \/>\n<meta property=\"article:modified_time\" content=\"2025-04-28T23:58:57+00:00\" \/>\n<meta property=\"og:image\" content=\"http:\/\/viardenlab.com\/mx\/wp-content\/uploads\/2023\/07\/IonGlass.png\" \/>\n\t<meta property=\"og:image:width\" content=\"1800\" \/>\n\t<meta property=\"og:image:height\" content=\"1800\" \/>\n\t<meta property=\"og:image:type\" content=\"image\/png\" \/>\n<meta name=\"twitter:label1\" content=\"Tiempo de lectura\" \/>\n\t<meta name=\"twitter:data1\" content=\"1 minuto\" \/>\n<script type=\"application\/ld+json\" class=\"yoast-schema-graph\">{\"@context\":\"https:\/\/schema.org\",\"@graph\":[{\"@type\":\"WebPage\",\"@id\":\"https:\/\/viardenlab.com\/mx\/producto\/ion-glass\",\"url\":\"https:\/\/viardenlab.com\/mx\/producto\/ion-glass\",\"name\":\"Ion Glass - Viarden Lab\",\"isPartOf\":{\"@id\":\"https:\/\/viardenlab.com\/mx\/#website\"},\"primaryImageOfPage\":{\"@id\":\"https:\/\/viardenlab.com\/mx\/producto\/ion-glass#primaryimage\"},\"image\":{\"@id\":\"https:\/\/viardenlab.com\/mx\/producto\/ion-glass#primaryimage\"},\"thumbnailUrl\":\"https:\/\/viardenlab.com\/mx\/wp-content\/uploads\/2017\/04\/ionglass-lux-2.jpg\",\"datePublished\":\"2017-04-04T15:53:04+00:00\",\"dateModified\":\"2025-04-28T23:58:57+00:00\",\"description\":\"El ion\u00f3mero de vidrio representa un avance importante en la pr\u00e1ctica odontol\u00f3gica por sus propiedades adhesivas y preventivas.VIARDEN ha reunido en el cemento IONGLASS estas caracter\u00edsticas, adem\u00e1s de notables propiedades f\u00edsicas que le hacen de elecci\u00f3n al cumplir con los requisitos que marcan las normas internacionales para este tipo de cemento.Es competitivo por sus propiedades con los mejores cementos de importaci\u00f3n. Re\u00fane caracter\u00edsticas ideales, como material cementante y forro cavitatorio; produce la uni\u00f3n entre la estructura met\u00e1lica y los tejidos del diente; es \u00fatil para la fijaci\u00f3n de bandas de ortodoncia, inlays, onlays y aparatos fijos de precisi\u00f3n; adem\u00e1s provee protecci\u00f3n contra la caries en las zonas donde se coloca.Por ser un cemento que cumple con las normas f\u00edsicas y biol\u00f3gicas, IONGLASS VIARDEN es el cemento de Ion\u00f3mero de Vidrio de elecci\u00f3n.\",\"breadcrumb\":{\"@id\":\"https:\/\/viardenlab.com\/mx\/producto\/ion-glass#breadcrumb\"},\"inLanguage\":\"es\",\"potentialAction\":[{\"@type\":\"ReadAction\",\"target\":[\"https:\/\/viardenlab.com\/mx\/producto\/ion-glass\"]}]},{\"@type\":\"ImageObject\",\"inLanguage\":\"es\",\"@id\":\"https:\/\/viardenlab.com\/mx\/producto\/ion-glass#primaryimage\",\"url\":\"https:\/\/viardenlab.com\/mx\/wp-content\/uploads\/2017\/04\/ionglass-lux-2.jpg\",\"contentUrl\":\"https:\/\/viardenlab.com\/mx\/wp-content\/uploads\/2017\/04\/ionglass-lux-2.jpg\",\"width\":1000,\"height\":1000},{\"@type\":\"BreadcrumbList\",\"@id\":\"https:\/\/viardenlab.com\/mx\/producto\/ion-glass#breadcrumb\",\"itemListElement\":[{\"@type\":\"ListItem\",\"position\":1,\"name\":\"Portada\",\"item\":\"https:\/\/viardenlab.com\/mx\/\"},{\"@type\":\"ListItem\",\"position\":2,\"name\":\"Productos\",\"item\":\"https:\/\/viardenlab.com\/mx\/shop\"},{\"@type\":\"ListItem\",\"position\":3,\"name\":\"Ion Glass\"}]},{\"@type\":\"WebSite\",\"@id\":\"https:\/\/viardenlab.com\/mx\/#website\",\"url\":\"https:\/\/viardenlab.com\/mx\/\",\"name\":\"Viarden Lab\",\"description\":\"Compra Online directo a tu consultorio\",\"potentialAction\":[{\"@type\":\"SearchAction\",\"target\":{\"@type\":\"EntryPoint\",\"urlTemplate\":\"https:\/\/viardenlab.com\/mx\/?s={search_term_string}\"},\"query-input\":{\"@type\":\"PropertyValueSpecification\",\"valueRequired\":true,\"valueName\":\"search_term_string\"}}],\"inLanguage\":\"es\"}]}<\/script>\n<!-- \/ Yoast SEO plugin. -->","yoast_head_json":{"title":"Ion Glass - Viarden Lab","description":"El ion\u00f3mero de vidrio representa un avance importante en la pr\u00e1ctica odontol\u00f3gica por sus propiedades adhesivas y preventivas.VIARDEN ha reunido en el cemento IONGLASS estas caracter\u00edsticas, adem\u00e1s de notables propiedades f\u00edsicas que le hacen de elecci\u00f3n al cumplir con los requisitos que marcan las normas internacionales para este tipo de cemento.Es competitivo por sus propiedades con los mejores cementos de importaci\u00f3n. Re\u00fane caracter\u00edsticas ideales, como material cementante y forro cavitatorio; produce la uni\u00f3n entre la estructura met\u00e1lica y los tejidos del diente; es \u00fatil para la fijaci\u00f3n de bandas de ortodoncia, inlays, onlays y aparatos fijos de precisi\u00f3n; adem\u00e1s provee protecci\u00f3n contra la caries en las zonas donde se coloca.Por ser un cemento que cumple con las normas f\u00edsicas y biol\u00f3gicas, IONGLASS VIARDEN es el cemento de Ion\u00f3mero de Vidrio de elecci\u00f3n.","robots":{"index":"index","follow":"follow","max-snippet":"max-snippet:-1","max-image-preview":"max-image-preview:large","max-video-preview":"max-video-preview:-1"},"canonical":"https:\/\/viardenlab.com\/mx\/producto\/ion-glass","og_locale":"es_ES","og_type":"article","og_title":"Ion Glass - Viarden Lab","og_description":"El ion\u00f3mero de vidrio representa un avance importante en la pr\u00e1ctica odontol\u00f3gica por sus propiedades adhesivas y preventivas.VIARDEN ha reunido en el cemento IONGLASS estas caracter\u00edsticas, adem\u00e1s de notables propiedades f\u00edsicas que le hacen de elecci\u00f3n al cumplir con los requisitos que marcan las normas internacionales para este tipo de cemento.Es competitivo por sus propiedades con los mejores cementos de importaci\u00f3n. Re\u00fane caracter\u00edsticas ideales, como material cementante y forro cavitatorio; produce la uni\u00f3n entre la estructura met\u00e1lica y los tejidos del diente; es \u00fatil para la fijaci\u00f3n de bandas de ortodoncia, inlays, onlays y aparatos fijos de precisi\u00f3n; adem\u00e1s provee protecci\u00f3n contra la caries en las zonas donde se coloca.Por ser un cemento que cumple con las normas f\u00edsicas y biol\u00f3gicas, IONGLASS VIARDEN es el cemento de Ion\u00f3mero de Vidrio de elecci\u00f3n.","og_url":"https:\/\/viardenlab.com\/mx\/producto\/ion-glass","og_site_name":"Viarden Lab","article_modified_time":"2025-04-28T23:58:57+00:00","og_image":[{"width":1800,"height":1800,"url":"http:\/\/viardenlab.com\/mx\/wp-content\/uploads\/2023\/07\/IonGlass.png","type":"image\/png"}],"twitter_misc":{"Tiempo de lectura":"1 minuto"},"schema":{"@context":"https:\/\/schema.org","@graph":[{"@type":"WebPage","@id":"https:\/\/viardenlab.com\/mx\/producto\/ion-glass","url":"https:\/\/viardenlab.com\/mx\/producto\/ion-glass","name":"Ion Glass - Viarden Lab","isPartOf":{"@id":"https:\/\/viardenlab.com\/mx\/#website"},"primaryImageOfPage":{"@id":"https:\/\/viardenlab.com\/mx\/producto\/ion-glass#primaryimage"},"image":{"@id":"https:\/\/viardenlab.com\/mx\/producto\/ion-glass#primaryimage"},"thumbnailUrl":"https:\/\/viardenlab.com\/mx\/wp-content\/uploads\/2017\/04\/ionglass-lux-2.jpg","datePublished":"2017-04-04T15:53:04+00:00","dateModified":"2025-04-28T23:58:57+00:00","description":"El ion\u00f3mero de vidrio representa un avance importante en la pr\u00e1ctica odontol\u00f3gica por sus propiedades adhesivas y preventivas.VIARDEN ha reunido en el cemento IONGLASS estas caracter\u00edsticas, adem\u00e1s de notables propiedades f\u00edsicas que le hacen de elecci\u00f3n al cumplir con los requisitos que marcan las normas internacionales para este tipo de cemento.Es competitivo por sus propiedades con los mejores cementos de importaci\u00f3n. Re\u00fane caracter\u00edsticas ideales, como material cementante y forro cavitatorio; produce la uni\u00f3n entre la estructura met\u00e1lica y los tejidos del diente; es \u00fatil para la fijaci\u00f3n de bandas de ortodoncia, inlays, onlays y aparatos fijos de precisi\u00f3n; adem\u00e1s provee protecci\u00f3n contra la caries en las zonas donde se coloca.Por ser un cemento que cumple con las normas f\u00edsicas y biol\u00f3gicas, IONGLASS VIARDEN es el cemento de Ion\u00f3mero de Vidrio de elecci\u00f3n.","breadcrumb":{"@id":"https:\/\/viardenlab.com\/mx\/producto\/ion-glass#breadcrumb"},"inLanguage":"es","potentialAction":[{"@type":"ReadAction","target":["https:\/\/viardenlab.com\/mx\/producto\/ion-glass"]}]},{"@type":"ImageObject","inLanguage":"es","@id":"https:\/\/viardenlab.com\/mx\/producto\/ion-glass#primaryimage","url":"https:\/\/viardenlab.com\/mx\/wp-content\/uploads\/2017\/04\/ionglass-lux-2.jpg","contentUrl":"https:\/\/viardenlab.com\/mx\/wp-content\/uploads\/2017\/04\/ionglass-lux-2.jpg","width":1000,"height":1000},{"@type":"BreadcrumbList","@id":"https:\/\/viardenlab.com\/mx\/producto\/ion-glass#breadcrumb","itemListElement":[{"@type":"ListItem","position":1,"name":"Portada","item":"https:\/\/viardenlab.com\/mx\/"},{"@type":"ListItem","position":2,"name":"Productos","item":"https:\/\/viardenlab.com\/mx\/shop"},{"@type":"ListItem","position":3,"name":"Ion Glass"}]},{"@type":"WebSite","@id":"https:\/\/viardenlab.com\/mx\/#website","url":"https:\/\/viardenlab.com\/mx\/","name":"Viarden Lab","description":"Compra Online directo a tu consultorio","potentialAction":[{"@type":"SearchAction","target":{"@type":"EntryPoint","urlTemplate":"https:\/\/viardenlab.com\/mx\/?s={search_term_string}"},"query-input":{"@type":"PropertyValueSpecification","valueRequired":true,"valueName":"search_term_string"}}],"inLanguage":"es"}]}},"_links":{"self":[{"href":"https:\/\/viardenlab.com\/mx\/wp-json\/wp\/v2\/product\/201","targetHints":{"allow":["GET"]}}],"collection":[{"href":"https:\/\/viardenlab.com\/mx\/wp-json\/wp\/v2\/product"}],"about":[{"href":"https:\/\/viardenlab.com\/mx\/wp-json\/wp\/v2\/types\/product"}],"wp:featuredmedia":[{"embeddable":true,"href":"https:\/\/viardenlab.com\/mx\/wp-json\/wp\/v2\/media\/11086"}],"wp:attachment":[{"href":"https:\/\/viardenlab.com\/mx\/wp-json\/wp\/v2\/media?parent=201"}],"wp:term":[{"taxonomy":"product_brand","embeddable":true,"href":"https:\/\/viardenlab.com\/mx\/wp-json\/wp\/v2\/product_brand?post=201"},{"taxonomy":"product_cat","embeddable":true,"href":"https:\/\/viardenlab.com\/mx\/wp-json\/wp\/v2\/product_cat?post=201"},{"taxonomy":"product_tag","embeddable":true,"href":"https:\/\/viardenlab.com\/mx\/wp-json\/wp\/v2\/product_tag?post=201"}],"curies":[{"name":"wp","href":"https:\/\/api.w.org\/{rel}","templated":true}]}}