{"id":164,"date":"2017-04-03T17:27:31","date_gmt":"2017-04-03T22:27:31","guid":{"rendered":"http:\/\/viardenlab.com\/mx\/producto\/feeling-lux-estuche-4-jeringas\/"},"modified":"2025-04-25T11:47:32","modified_gmt":"2025-04-25T17:47:32","slug":"feeling-lux-resina-microhibrida","status":"publish","type":"product","link":"https:\/\/viardenlab.com\/mx\/producto\/feeling-lux-resina-microhibrida","title":{"rendered":"Feeling Lux"},"content":{"rendered":"","protected":false},"excerpt":{"rendered":"<div class=\"page\" title=\"Page 71\">\n<div class=\"layoutArea\">\n<div class=\"column\">\n<p>Entre los avances que se han presentado en los tratamientos de rehabilitacio\u0301n de la cavidad bucal, es sin duda la cosmetologi\u0301a la que ocupa un lugar predominante. VIARDEN, pone a su disposicio\u0301n resinas microhi\u0301bridas fotopolimerizables que cumplen con la Norma Internacional No. 27 de la A.D.A., brindando un producto confiable para satisfacer las necesidades de reconstruccio\u0301n este\u0301tica de los o\u0301rganos dentarios.<\/p>\n<\/div>\n<\/div>\n<\/div>\n<p><a href=\"http:\/\/viardenlab.com\/mx\/producto\/feeling-lux-resina-microhibrida\"><span style=\"color: #ff0000;\">+ INFORMACI\u00d3N<\/span><\/a><\/p>\n<p> <a class=\"more-link\" href=\"https:\/\/viardenlab.com\/mx\/producto\/feeling-lux-resina-microhibrida\">Leer m\u00e1s<\/a><\/p>","protected":false},"featured_media":8962,"template":"","meta":{"_joinchat":[]},"product_brand":[],"product_cat":[20,60,50],"product_tag":[1138,314],"class_list":{"0":"post-164","1":"product","2":"type-product","3":"status-publish","4":"has-post-thumbnail","6":"product_cat-home","7":"product_cat-operatoria-dental","8":"product_cat-resinas","9":"product_tag-feeling-lux-resina-microhibrida","10":"product_tag-operatoria-dental","12":"first","13":"outofstock","14":"shipping-taxable","15":"purchasable","16":"product-type-simple"},"aioseo_notices":[],"yoast_head":"<!-- This site is optimized with the Yoast SEO plugin v27.2 - https:\/\/yoast.com\/product\/yoast-seo-wordpress\/ -->\n<title>Feeling Lux - Viarden Lab<\/title>\n<meta name=\"description\" content=\"Entre los avances que se han presentado en los tratamientos de rehabilitaci\u00f3n de la cavidad bucal, es sin duda la cosmetolog\u00edala que ocupa un lugar preponderante. VIARDEN, con la inquietud de proporcionar a la profesi\u00f3n odontol\u00f3gica los materiales adecuados a las necesidades que se presenten al Cirujano Dentista, pone a su disposici\u00f3n resinas microh\u00edbridas fotopolimerizables que cubren las normas exigidas para materiales de obturaci\u00f3n de su tipo.FEELING LUX VIARDEN, resina microh\u00edbrida VIARDEN, proporciona al Cirujano Dentista la seguridad de tener a mano un material confiable para satisfacer las necesidades de reconstrucci\u00f3n est\u00e9tica de los \u00f3rganos dentarios, ya que cumple con la Norma Internacional No. 27 de la A.D.A.\" \/>\n<meta name=\"robots\" content=\"index, follow, max-snippet:-1, max-image-preview:large, max-video-preview:-1\" \/>\n<link rel=\"canonical\" href=\"https:\/\/viardenlab.com\/mx\/producto\/feeling-lux-resina-microhibrida\" \/>\n<meta property=\"og:locale\" content=\"es_ES\" \/>\n<meta property=\"og:type\" content=\"article\" \/>\n<meta property=\"og:title\" content=\"Feeling Lux - Viarden Lab\" \/>\n<meta property=\"og:description\" content=\"Entre los avances que se han presentado en los tratamientos de rehabilitaci\u00f3n de la cavidad bucal, es sin duda la cosmetolog\u00edala que ocupa un lugar preponderante. VIARDEN, con la inquietud de proporcionar a la profesi\u00f3n odontol\u00f3gica los materiales adecuados a las necesidades que se presenten al Cirujano Dentista, pone a su disposici\u00f3n resinas microh\u00edbridas fotopolimerizables que cubren las normas exigidas para materiales de obturaci\u00f3n de su tipo.FEELING LUX VIARDEN, resina microh\u00edbrida VIARDEN, proporciona al Cirujano Dentista la seguridad de tener a mano un material confiable para satisfacer las necesidades de reconstrucci\u00f3n est\u00e9tica de los \u00f3rganos dentarios, ya que cumple con la Norma Internacional No. 27 de la A.D.A.\" \/>\n<meta property=\"og:url\" content=\"https:\/\/viardenlab.com\/mx\/producto\/feeling-lux-resina-microhibrida\" \/>\n<meta property=\"og:site_name\" content=\"Viarden Lab\" \/>\n<meta property=\"article:modified_time\" content=\"2025-04-25T17:47:32+00:00\" \/>\n<meta property=\"og:image\" content=\"http:\/\/viardenlab.com\/mx\/wp-content\/uploads\/2017\/04\/feeling-lux-resina-microhibrida.jpg\" \/>\n\t<meta property=\"og:image:width\" content=\"1000\" \/>\n\t<meta property=\"og:image:height\" content=\"1000\" \/>\n\t<meta property=\"og:image:type\" content=\"image\/jpeg\" \/>\n<meta name=\"twitter:label1\" content=\"Tiempo de lectura\" \/>\n\t<meta name=\"twitter:data1\" content=\"1 minuto\" \/>\n<script type=\"application\/ld+json\" class=\"yoast-schema-graph\">{\"@context\":\"https:\/\/schema.org\",\"@graph\":[{\"@type\":\"WebPage\",\"@id\":\"https:\/\/viardenlab.com\/mx\/producto\/feeling-lux-resina-microhibrida\",\"url\":\"https:\/\/viardenlab.com\/mx\/producto\/feeling-lux-resina-microhibrida\",\"name\":\"Feeling Lux - Viarden Lab\",\"isPartOf\":{\"@id\":\"https:\/\/viardenlab.com\/mx\/#website\"},\"primaryImageOfPage\":{\"@id\":\"https:\/\/viardenlab.com\/mx\/producto\/feeling-lux-resina-microhibrida#primaryimage\"},\"image\":{\"@id\":\"https:\/\/viardenlab.com\/mx\/producto\/feeling-lux-resina-microhibrida#primaryimage\"},\"thumbnailUrl\":\"https:\/\/viardenlab.com\/mx\/wp-content\/uploads\/2017\/04\/feeling-lux-resina-microhibrida.jpg\",\"datePublished\":\"2017-04-03T22:27:31+00:00\",\"dateModified\":\"2025-04-25T17:47:32+00:00\",\"description\":\"Entre los avances que se han presentado en los tratamientos de rehabilitaci\u00f3n de la cavidad bucal, es sin duda la cosmetolog\u00edala que ocupa un lugar preponderante. VIARDEN, con la inquietud de proporcionar a la profesi\u00f3n odontol\u00f3gica los materiales adecuados a las necesidades que se presenten al Cirujano Dentista, pone a su disposici\u00f3n resinas microh\u00edbridas fotopolimerizables que cubren las normas exigidas para materiales de obturaci\u00f3n de su tipo.FEELING LUX VIARDEN, resina microh\u00edbrida VIARDEN, proporciona al Cirujano Dentista la seguridad de tener a mano un material confiable para satisfacer las necesidades de reconstrucci\u00f3n est\u00e9tica de los \u00f3rganos dentarios, ya que cumple con la Norma Internacional No. 27 de la A.D.A.\",\"breadcrumb\":{\"@id\":\"https:\/\/viardenlab.com\/mx\/producto\/feeling-lux-resina-microhibrida#breadcrumb\"},\"inLanguage\":\"es\",\"potentialAction\":[{\"@type\":\"ReadAction\",\"target\":[\"https:\/\/viardenlab.com\/mx\/producto\/feeling-lux-resina-microhibrida\"]}]},{\"@type\":\"ImageObject\",\"inLanguage\":\"es\",\"@id\":\"https:\/\/viardenlab.com\/mx\/producto\/feeling-lux-resina-microhibrida#primaryimage\",\"url\":\"https:\/\/viardenlab.com\/mx\/wp-content\/uploads\/2017\/04\/feeling-lux-resina-microhibrida.jpg\",\"contentUrl\":\"https:\/\/viardenlab.com\/mx\/wp-content\/uploads\/2017\/04\/feeling-lux-resina-microhibrida.jpg\",\"width\":1000,\"height\":1000},{\"@type\":\"BreadcrumbList\",\"@id\":\"https:\/\/viardenlab.com\/mx\/producto\/feeling-lux-resina-microhibrida#breadcrumb\",\"itemListElement\":[{\"@type\":\"ListItem\",\"position\":1,\"name\":\"Portada\",\"item\":\"https:\/\/viardenlab.com\/mx\/\"},{\"@type\":\"ListItem\",\"position\":2,\"name\":\"Productos\",\"item\":\"https:\/\/viardenlab.com\/mx\/shop\"},{\"@type\":\"ListItem\",\"position\":3,\"name\":\"Feeling Lux\"}]},{\"@type\":\"WebSite\",\"@id\":\"https:\/\/viardenlab.com\/mx\/#website\",\"url\":\"https:\/\/viardenlab.com\/mx\/\",\"name\":\"Viarden Lab\",\"description\":\"Compra Online directo a tu consultorio\",\"potentialAction\":[{\"@type\":\"SearchAction\",\"target\":{\"@type\":\"EntryPoint\",\"urlTemplate\":\"https:\/\/viardenlab.com\/mx\/?s={search_term_string}\"},\"query-input\":{\"@type\":\"PropertyValueSpecification\",\"valueRequired\":true,\"valueName\":\"search_term_string\"}}],\"inLanguage\":\"es\"}]}<\/script>\n<!-- \/ Yoast SEO plugin. -->","yoast_head_json":{"title":"Feeling Lux - Viarden Lab","description":"Entre los avances que se han presentado en los tratamientos de rehabilitaci\u00f3n de la cavidad bucal, es sin duda la cosmetolog\u00edala que ocupa un lugar preponderante. VIARDEN, con la inquietud de proporcionar a la profesi\u00f3n odontol\u00f3gica los materiales adecuados a las necesidades que se presenten al Cirujano Dentista, pone a su disposici\u00f3n resinas microh\u00edbridas fotopolimerizables que cubren las normas exigidas para materiales de obturaci\u00f3n de su tipo.FEELING LUX VIARDEN, resina microh\u00edbrida VIARDEN, proporciona al Cirujano Dentista la seguridad de tener a mano un material confiable para satisfacer las necesidades de reconstrucci\u00f3n est\u00e9tica de los \u00f3rganos dentarios, ya que cumple con la Norma Internacional No. 27 de la A.D.A.","robots":{"index":"index","follow":"follow","max-snippet":"max-snippet:-1","max-image-preview":"max-image-preview:large","max-video-preview":"max-video-preview:-1"},"canonical":"https:\/\/viardenlab.com\/mx\/producto\/feeling-lux-resina-microhibrida","og_locale":"es_ES","og_type":"article","og_title":"Feeling Lux - Viarden Lab","og_description":"Entre los avances que se han presentado en los tratamientos de rehabilitaci\u00f3n de la cavidad bucal, es sin duda la cosmetolog\u00edala que ocupa un lugar preponderante. VIARDEN, con la inquietud de proporcionar a la profesi\u00f3n odontol\u00f3gica los materiales adecuados a las necesidades que se presenten al Cirujano Dentista, pone a su disposici\u00f3n resinas microh\u00edbridas fotopolimerizables que cubren las normas exigidas para materiales de obturaci\u00f3n de su tipo.FEELING LUX VIARDEN, resina microh\u00edbrida VIARDEN, proporciona al Cirujano Dentista la seguridad de tener a mano un material confiable para satisfacer las necesidades de reconstrucci\u00f3n est\u00e9tica de los \u00f3rganos dentarios, ya que cumple con la Norma Internacional No. 27 de la A.D.A.","og_url":"https:\/\/viardenlab.com\/mx\/producto\/feeling-lux-resina-microhibrida","og_site_name":"Viarden Lab","article_modified_time":"2025-04-25T17:47:32+00:00","og_image":[{"width":1000,"height":1000,"url":"http:\/\/viardenlab.com\/mx\/wp-content\/uploads\/2017\/04\/feeling-lux-resina-microhibrida.jpg","type":"image\/jpeg"}],"twitter_misc":{"Tiempo de lectura":"1 minuto"},"schema":{"@context":"https:\/\/schema.org","@graph":[{"@type":"WebPage","@id":"https:\/\/viardenlab.com\/mx\/producto\/feeling-lux-resina-microhibrida","url":"https:\/\/viardenlab.com\/mx\/producto\/feeling-lux-resina-microhibrida","name":"Feeling Lux - Viarden Lab","isPartOf":{"@id":"https:\/\/viardenlab.com\/mx\/#website"},"primaryImageOfPage":{"@id":"https:\/\/viardenlab.com\/mx\/producto\/feeling-lux-resina-microhibrida#primaryimage"},"image":{"@id":"https:\/\/viardenlab.com\/mx\/producto\/feeling-lux-resina-microhibrida#primaryimage"},"thumbnailUrl":"https:\/\/viardenlab.com\/mx\/wp-content\/uploads\/2017\/04\/feeling-lux-resina-microhibrida.jpg","datePublished":"2017-04-03T22:27:31+00:00","dateModified":"2025-04-25T17:47:32+00:00","description":"Entre los avances que se han presentado en los tratamientos de rehabilitaci\u00f3n de la cavidad bucal, es sin duda la cosmetolog\u00edala que ocupa un lugar preponderante. VIARDEN, con la inquietud de proporcionar a la profesi\u00f3n odontol\u00f3gica los materiales adecuados a las necesidades que se presenten al Cirujano Dentista, pone a su disposici\u00f3n resinas microh\u00edbridas fotopolimerizables que cubren las normas exigidas para materiales de obturaci\u00f3n de su tipo.FEELING LUX VIARDEN, resina microh\u00edbrida VIARDEN, proporciona al Cirujano Dentista la seguridad de tener a mano un material confiable para satisfacer las necesidades de reconstrucci\u00f3n est\u00e9tica de los \u00f3rganos dentarios, ya que cumple con la Norma Internacional No. 27 de la A.D.A.","breadcrumb":{"@id":"https:\/\/viardenlab.com\/mx\/producto\/feeling-lux-resina-microhibrida#breadcrumb"},"inLanguage":"es","potentialAction":[{"@type":"ReadAction","target":["https:\/\/viardenlab.com\/mx\/producto\/feeling-lux-resina-microhibrida"]}]},{"@type":"ImageObject","inLanguage":"es","@id":"https:\/\/viardenlab.com\/mx\/producto\/feeling-lux-resina-microhibrida#primaryimage","url":"https:\/\/viardenlab.com\/mx\/wp-content\/uploads\/2017\/04\/feeling-lux-resina-microhibrida.jpg","contentUrl":"https:\/\/viardenlab.com\/mx\/wp-content\/uploads\/2017\/04\/feeling-lux-resina-microhibrida.jpg","width":1000,"height":1000},{"@type":"BreadcrumbList","@id":"https:\/\/viardenlab.com\/mx\/producto\/feeling-lux-resina-microhibrida#breadcrumb","itemListElement":[{"@type":"ListItem","position":1,"name":"Portada","item":"https:\/\/viardenlab.com\/mx\/"},{"@type":"ListItem","position":2,"name":"Productos","item":"https:\/\/viardenlab.com\/mx\/shop"},{"@type":"ListItem","position":3,"name":"Feeling Lux"}]},{"@type":"WebSite","@id":"https:\/\/viardenlab.com\/mx\/#website","url":"https:\/\/viardenlab.com\/mx\/","name":"Viarden Lab","description":"Compra Online directo a tu consultorio","potentialAction":[{"@type":"SearchAction","target":{"@type":"EntryPoint","urlTemplate":"https:\/\/viardenlab.com\/mx\/?s={search_term_string}"},"query-input":{"@type":"PropertyValueSpecification","valueRequired":true,"valueName":"search_term_string"}}],"inLanguage":"es"}]}},"_links":{"self":[{"href":"https:\/\/viardenlab.com\/mx\/wp-json\/wp\/v2\/product\/164","targetHints":{"allow":["GET"]}}],"collection":[{"href":"https:\/\/viardenlab.com\/mx\/wp-json\/wp\/v2\/product"}],"about":[{"href":"https:\/\/viardenlab.com\/mx\/wp-json\/wp\/v2\/types\/product"}],"wp:featuredmedia":[{"embeddable":true,"href":"https:\/\/viardenlab.com\/mx\/wp-json\/wp\/v2\/media\/8962"}],"wp:attachment":[{"href":"https:\/\/viardenlab.com\/mx\/wp-json\/wp\/v2\/media?parent=164"}],"wp:term":[{"taxonomy":"product_brand","embeddable":true,"href":"https:\/\/viardenlab.com\/mx\/wp-json\/wp\/v2\/product_brand?post=164"},{"taxonomy":"product_cat","embeddable":true,"href":"https:\/\/viardenlab.com\/mx\/wp-json\/wp\/v2\/product_cat?post=164"},{"taxonomy":"product_tag","embeddable":true,"href":"https:\/\/viardenlab.com\/mx\/wp-json\/wp\/v2\/product_tag?post=164"}],"curies":[{"name":"wp","href":"https:\/\/api.w.org\/{rel}","templated":true}]}}