{"id":162,"date":"2017-04-03T17:14:45","date_gmt":"2017-04-03T22:14:45","guid":{"rendered":"http:\/\/viardenlab.com\/mx\/producto\/feeling-dual-resina-dual-para-cementacion\/"},"modified":"2025-04-25T12:08:35","modified_gmt":"2025-04-25T18:08:35","slug":"feeling-dual-resina-dual-para-cementacion","status":"publish","type":"product","link":"https:\/\/viardenlab.com\/mx\/producto\/feeling-dual-resina-dual-para-cementacion","title":{"rendered":"Feeling Dual"},"content":{"rendered":"","protected":false},"excerpt":{"rendered":"<div class=\"page\" title=\"Page 78\">\n<div class=\"layoutArea\">\n<div class=\"column\">\n<p>Resina de doble polimerizado qui\u0301mico (autopolimerizable) y de activacio\u0301n por luz (fotopolimerizable) para cementacio\u0301n. Contiene flu\u0301or lo que ayuda a prevenir recidiva de caries.<\/p>\n<\/div>\n<\/div>\n<\/div>\n<p><a href=\"http:\/\/viardenlab.com\/mx\/producto\/feeling-dual-resina-dual-para-cementacion\"><span style=\"color: #ff0000;\">+ INFORMACI\u00d3N<\/span><\/a><\/p>\n<p> <a class=\"more-link\" href=\"https:\/\/viardenlab.com\/mx\/producto\/feeling-dual-resina-dual-para-cementacion\">Leer m\u00e1s<\/a><\/p>","protected":false},"featured_media":9146,"template":"","meta":{"_joinchat":[]},"product_brand":[],"product_cat":[60,63,50],"product_tag":[1137,314,331,332],"class_list":{"0":"post-162","1":"product","2":"type-product","3":"status-publish","4":"has-post-thumbnail","6":"product_cat-operatoria-dental","7":"product_cat-protesis","8":"product_cat-resinas","9":"product_tag-feeling-dual-resina-dual-para-cementacion","10":"product_tag-operatoria-dental","11":"product_tag-resina-dual","12":"product_tag-resina-para-cementacion","14":"first","15":"outofstock","16":"shipping-taxable","17":"purchasable","18":"product-type-simple"},"aioseo_notices":[],"yoast_head":"<!-- This site is optimized with the Yoast SEO plugin v27.2 - https:\/\/yoast.com\/product\/yoast-seo-wordpress\/ -->\n<title>Feeling Dual - Viarden Lab<\/title>\n<meta name=\"description\" content=\"Resina compuesta de doble polimerizado para cementaci\u00f3n (auto y fotopolimerizable)FEELING DUAL VIARDEN, resina de doble polimerizado qu\u00edmico (autopolimerizable) y de activaci\u00f3n por luz (fotopolimerizable), contiene fl\u00faor, lo que ayuda a prevenir recidiva de caries y por sus caracter\u00edsticas de resistencia a la compresi\u00f3n y a la tensi\u00f3n diametrales \u00fatil en la cementaci\u00f3n de postes, coronas e incrustaciones.Al ser una resina de doble polimerizaci\u00f3n, se puede recortar inmediatamente como si fuera dentina para repreparar y tomar impresi\u00f3n. Coloque FEELING DUAL VIARDEN y active con luz durante 20 segundos para acelerar la polimerizaci\u00f3n y as\u00ed disminuir el tiempo de trabajo.\" \/>\n<meta name=\"robots\" content=\"index, follow, max-snippet:-1, max-image-preview:large, max-video-preview:-1\" \/>\n<link rel=\"canonical\" href=\"https:\/\/viardenlab.com\/mx\/producto\/feeling-dual-resina-dual-para-cementacion\" \/>\n<meta property=\"og:locale\" content=\"es_ES\" \/>\n<meta property=\"og:type\" content=\"article\" \/>\n<meta property=\"og:title\" content=\"Feeling Dual - Viarden Lab\" \/>\n<meta property=\"og:description\" content=\"Resina compuesta de doble polimerizado para cementaci\u00f3n (auto y fotopolimerizable)FEELING DUAL VIARDEN, resina de doble polimerizado qu\u00edmico (autopolimerizable) y de activaci\u00f3n por luz (fotopolimerizable), contiene fl\u00faor, lo que ayuda a prevenir recidiva de caries y por sus caracter\u00edsticas de resistencia a la compresi\u00f3n y a la tensi\u00f3n diametrales \u00fatil en la cementaci\u00f3n de postes, coronas e incrustaciones.Al ser una resina de doble polimerizaci\u00f3n, se puede recortar inmediatamente como si fuera dentina para repreparar y tomar impresi\u00f3n. Coloque FEELING DUAL VIARDEN y active con luz durante 20 segundos para acelerar la polimerizaci\u00f3n y as\u00ed disminuir el tiempo de trabajo.\" \/>\n<meta property=\"og:url\" content=\"https:\/\/viardenlab.com\/mx\/producto\/feeling-dual-resina-dual-para-cementacion\" \/>\n<meta property=\"og:site_name\" content=\"Viarden Lab\" \/>\n<meta property=\"article:modified_time\" content=\"2025-04-25T18:08:35+00:00\" \/>\n<meta property=\"og:image\" content=\"http:\/\/viardenlab.com\/mx\/wp-content\/uploads\/2017\/04\/feeling-dual-1-1.jpg\" \/>\n\t<meta property=\"og:image:width\" content=\"1000\" \/>\n\t<meta property=\"og:image:height\" content=\"1000\" \/>\n\t<meta property=\"og:image:type\" content=\"image\/jpeg\" \/>\n<meta name=\"twitter:label1\" content=\"Tiempo de lectura\" \/>\n\t<meta name=\"twitter:data1\" content=\"1 minuto\" \/>\n<script type=\"application\/ld+json\" class=\"yoast-schema-graph\">{\"@context\":\"https:\/\/schema.org\",\"@graph\":[{\"@type\":\"WebPage\",\"@id\":\"https:\/\/viardenlab.com\/mx\/producto\/feeling-dual-resina-dual-para-cementacion\",\"url\":\"https:\/\/viardenlab.com\/mx\/producto\/feeling-dual-resina-dual-para-cementacion\",\"name\":\"Feeling Dual - Viarden Lab\",\"isPartOf\":{\"@id\":\"https:\/\/viardenlab.com\/mx\/#website\"},\"primaryImageOfPage\":{\"@id\":\"https:\/\/viardenlab.com\/mx\/producto\/feeling-dual-resina-dual-para-cementacion#primaryimage\"},\"image\":{\"@id\":\"https:\/\/viardenlab.com\/mx\/producto\/feeling-dual-resina-dual-para-cementacion#primaryimage\"},\"thumbnailUrl\":\"https:\/\/viardenlab.com\/mx\/wp-content\/uploads\/2017\/04\/feeling-dual-1-1.jpg\",\"datePublished\":\"2017-04-03T22:14:45+00:00\",\"dateModified\":\"2025-04-25T18:08:35+00:00\",\"description\":\"Resina compuesta de doble polimerizado para cementaci\u00f3n (auto y fotopolimerizable)FEELING DUAL VIARDEN, resina de doble polimerizado qu\u00edmico (autopolimerizable) y de activaci\u00f3n por luz (fotopolimerizable), contiene fl\u00faor, lo que ayuda a prevenir recidiva de caries y por sus caracter\u00edsticas de resistencia a la compresi\u00f3n y a la tensi\u00f3n diametrales \u00fatil en la cementaci\u00f3n de postes, coronas e incrustaciones.Al ser una resina de doble polimerizaci\u00f3n, se puede recortar inmediatamente como si fuera dentina para repreparar y tomar impresi\u00f3n. Coloque FEELING DUAL VIARDEN y active con luz durante 20 segundos para acelerar la polimerizaci\u00f3n y as\u00ed disminuir el tiempo de trabajo.\",\"breadcrumb\":{\"@id\":\"https:\/\/viardenlab.com\/mx\/producto\/feeling-dual-resina-dual-para-cementacion#breadcrumb\"},\"inLanguage\":\"es\",\"potentialAction\":[{\"@type\":\"ReadAction\",\"target\":[\"https:\/\/viardenlab.com\/mx\/producto\/feeling-dual-resina-dual-para-cementacion\"]}]},{\"@type\":\"ImageObject\",\"inLanguage\":\"es\",\"@id\":\"https:\/\/viardenlab.com\/mx\/producto\/feeling-dual-resina-dual-para-cementacion#primaryimage\",\"url\":\"https:\/\/viardenlab.com\/mx\/wp-content\/uploads\/2017\/04\/feeling-dual-1-1.jpg\",\"contentUrl\":\"https:\/\/viardenlab.com\/mx\/wp-content\/uploads\/2017\/04\/feeling-dual-1-1.jpg\",\"width\":1000,\"height\":1000},{\"@type\":\"BreadcrumbList\",\"@id\":\"https:\/\/viardenlab.com\/mx\/producto\/feeling-dual-resina-dual-para-cementacion#breadcrumb\",\"itemListElement\":[{\"@type\":\"ListItem\",\"position\":1,\"name\":\"Portada\",\"item\":\"https:\/\/viardenlab.com\/mx\/\"},{\"@type\":\"ListItem\",\"position\":2,\"name\":\"Productos\",\"item\":\"https:\/\/viardenlab.com\/mx\/shop\"},{\"@type\":\"ListItem\",\"position\":3,\"name\":\"Feeling Dual\"}]},{\"@type\":\"WebSite\",\"@id\":\"https:\/\/viardenlab.com\/mx\/#website\",\"url\":\"https:\/\/viardenlab.com\/mx\/\",\"name\":\"Viarden Lab\",\"description\":\"Compra Online directo a tu consultorio\",\"potentialAction\":[{\"@type\":\"SearchAction\",\"target\":{\"@type\":\"EntryPoint\",\"urlTemplate\":\"https:\/\/viardenlab.com\/mx\/?s={search_term_string}\"},\"query-input\":{\"@type\":\"PropertyValueSpecification\",\"valueRequired\":true,\"valueName\":\"search_term_string\"}}],\"inLanguage\":\"es\"}]}<\/script>\n<!-- \/ Yoast SEO plugin. -->","yoast_head_json":{"title":"Feeling Dual - Viarden Lab","description":"Resina compuesta de doble polimerizado para cementaci\u00f3n (auto y fotopolimerizable)FEELING DUAL VIARDEN, resina de doble polimerizado qu\u00edmico (autopolimerizable) y de activaci\u00f3n por luz (fotopolimerizable), contiene fl\u00faor, lo que ayuda a prevenir recidiva de caries y por sus caracter\u00edsticas de resistencia a la compresi\u00f3n y a la tensi\u00f3n diametrales \u00fatil en la cementaci\u00f3n de postes, coronas e incrustaciones.Al ser una resina de doble polimerizaci\u00f3n, se puede recortar inmediatamente como si fuera dentina para repreparar y tomar impresi\u00f3n. Coloque FEELING DUAL VIARDEN y active con luz durante 20 segundos para acelerar la polimerizaci\u00f3n y as\u00ed disminuir el tiempo de trabajo.","robots":{"index":"index","follow":"follow","max-snippet":"max-snippet:-1","max-image-preview":"max-image-preview:large","max-video-preview":"max-video-preview:-1"},"canonical":"https:\/\/viardenlab.com\/mx\/producto\/feeling-dual-resina-dual-para-cementacion","og_locale":"es_ES","og_type":"article","og_title":"Feeling Dual - Viarden Lab","og_description":"Resina compuesta de doble polimerizado para cementaci\u00f3n (auto y fotopolimerizable)FEELING DUAL VIARDEN, resina de doble polimerizado qu\u00edmico (autopolimerizable) y de activaci\u00f3n por luz (fotopolimerizable), contiene fl\u00faor, lo que ayuda a prevenir recidiva de caries y por sus caracter\u00edsticas de resistencia a la compresi\u00f3n y a la tensi\u00f3n diametrales \u00fatil en la cementaci\u00f3n de postes, coronas e incrustaciones.Al ser una resina de doble polimerizaci\u00f3n, se puede recortar inmediatamente como si fuera dentina para repreparar y tomar impresi\u00f3n. Coloque FEELING DUAL VIARDEN y active con luz durante 20 segundos para acelerar la polimerizaci\u00f3n y as\u00ed disminuir el tiempo de trabajo.","og_url":"https:\/\/viardenlab.com\/mx\/producto\/feeling-dual-resina-dual-para-cementacion","og_site_name":"Viarden Lab","article_modified_time":"2025-04-25T18:08:35+00:00","og_image":[{"width":1000,"height":1000,"url":"http:\/\/viardenlab.com\/mx\/wp-content\/uploads\/2017\/04\/feeling-dual-1-1.jpg","type":"image\/jpeg"}],"twitter_misc":{"Tiempo de lectura":"1 minuto"},"schema":{"@context":"https:\/\/schema.org","@graph":[{"@type":"WebPage","@id":"https:\/\/viardenlab.com\/mx\/producto\/feeling-dual-resina-dual-para-cementacion","url":"https:\/\/viardenlab.com\/mx\/producto\/feeling-dual-resina-dual-para-cementacion","name":"Feeling Dual - Viarden Lab","isPartOf":{"@id":"https:\/\/viardenlab.com\/mx\/#website"},"primaryImageOfPage":{"@id":"https:\/\/viardenlab.com\/mx\/producto\/feeling-dual-resina-dual-para-cementacion#primaryimage"},"image":{"@id":"https:\/\/viardenlab.com\/mx\/producto\/feeling-dual-resina-dual-para-cementacion#primaryimage"},"thumbnailUrl":"https:\/\/viardenlab.com\/mx\/wp-content\/uploads\/2017\/04\/feeling-dual-1-1.jpg","datePublished":"2017-04-03T22:14:45+00:00","dateModified":"2025-04-25T18:08:35+00:00","description":"Resina compuesta de doble polimerizado para cementaci\u00f3n (auto y fotopolimerizable)FEELING DUAL VIARDEN, resina de doble polimerizado qu\u00edmico (autopolimerizable) y de activaci\u00f3n por luz (fotopolimerizable), contiene fl\u00faor, lo que ayuda a prevenir recidiva de caries y por sus caracter\u00edsticas de resistencia a la compresi\u00f3n y a la tensi\u00f3n diametrales \u00fatil en la cementaci\u00f3n de postes, coronas e incrustaciones.Al ser una resina de doble polimerizaci\u00f3n, se puede recortar inmediatamente como si fuera dentina para repreparar y tomar impresi\u00f3n. Coloque FEELING DUAL VIARDEN y active con luz durante 20 segundos para acelerar la polimerizaci\u00f3n y as\u00ed disminuir el tiempo de trabajo.","breadcrumb":{"@id":"https:\/\/viardenlab.com\/mx\/producto\/feeling-dual-resina-dual-para-cementacion#breadcrumb"},"inLanguage":"es","potentialAction":[{"@type":"ReadAction","target":["https:\/\/viardenlab.com\/mx\/producto\/feeling-dual-resina-dual-para-cementacion"]}]},{"@type":"ImageObject","inLanguage":"es","@id":"https:\/\/viardenlab.com\/mx\/producto\/feeling-dual-resina-dual-para-cementacion#primaryimage","url":"https:\/\/viardenlab.com\/mx\/wp-content\/uploads\/2017\/04\/feeling-dual-1-1.jpg","contentUrl":"https:\/\/viardenlab.com\/mx\/wp-content\/uploads\/2017\/04\/feeling-dual-1-1.jpg","width":1000,"height":1000},{"@type":"BreadcrumbList","@id":"https:\/\/viardenlab.com\/mx\/producto\/feeling-dual-resina-dual-para-cementacion#breadcrumb","itemListElement":[{"@type":"ListItem","position":1,"name":"Portada","item":"https:\/\/viardenlab.com\/mx\/"},{"@type":"ListItem","position":2,"name":"Productos","item":"https:\/\/viardenlab.com\/mx\/shop"},{"@type":"ListItem","position":3,"name":"Feeling Dual"}]},{"@type":"WebSite","@id":"https:\/\/viardenlab.com\/mx\/#website","url":"https:\/\/viardenlab.com\/mx\/","name":"Viarden Lab","description":"Compra Online directo a tu consultorio","potentialAction":[{"@type":"SearchAction","target":{"@type":"EntryPoint","urlTemplate":"https:\/\/viardenlab.com\/mx\/?s={search_term_string}"},"query-input":{"@type":"PropertyValueSpecification","valueRequired":true,"valueName":"search_term_string"}}],"inLanguage":"es"}]}},"_links":{"self":[{"href":"https:\/\/viardenlab.com\/mx\/wp-json\/wp\/v2\/product\/162","targetHints":{"allow":["GET"]}}],"collection":[{"href":"https:\/\/viardenlab.com\/mx\/wp-json\/wp\/v2\/product"}],"about":[{"href":"https:\/\/viardenlab.com\/mx\/wp-json\/wp\/v2\/types\/product"}],"wp:featuredmedia":[{"embeddable":true,"href":"https:\/\/viardenlab.com\/mx\/wp-json\/wp\/v2\/media\/9146"}],"wp:attachment":[{"href":"https:\/\/viardenlab.com\/mx\/wp-json\/wp\/v2\/media?parent=162"}],"wp:term":[{"taxonomy":"product_brand","embeddable":true,"href":"https:\/\/viardenlab.com\/mx\/wp-json\/wp\/v2\/product_brand?post=162"},{"taxonomy":"product_cat","embeddable":true,"href":"https:\/\/viardenlab.com\/mx\/wp-json\/wp\/v2\/product_cat?post=162"},{"taxonomy":"product_tag","embeddable":true,"href":"https:\/\/viardenlab.com\/mx\/wp-json\/wp\/v2\/product_tag?post=162"}],"curies":[{"name":"wp","href":"https:\/\/api.w.org\/{rel}","templated":true}]}}