{"id":160,"date":"2017-04-03T17:11:58","date_gmt":"2017-04-03T22:11:58","guid":{"rendered":"http:\/\/viardenlab.com\/mx\/producto\/eugenol\/"},"modified":"2025-04-24T15:48:52","modified_gmt":"2025-04-24T21:48:52","slug":"eugenol","status":"publish","type":"product","link":"https:\/\/viardenlab.com\/mx\/producto\/eugenol","title":{"rendered":"Eugenol"},"content":{"rendered":"<p>&nbsp;<\/p>\n<p>&nbsp;<\/p>\n<p>&nbsp;<\/p>\n","protected":false},"excerpt":{"rendered":"<div class=\"page\" title=\"Page 16\">\n<div class=\"layoutArea\">\n<div class=\"column\">\n<p>El Eugenol VIARDEN, al mezclarse con los O\u0301xidos de Zinc VIARDEN, proporciona las propiedades o\u0301ptimas requeridas en los cementos provisionales o para bases.<\/p>\n<p>Al mezclarlo con O\u0301xido de Zinc con Endurecedor VIARDEN, adema\u0301s de las propiedades anteriores, se obtiene cristalizacio\u0301n controlada y endurecimiento ra\u0301pido, lo que da por resultado un aumento en la resistencia a la compresio\u0301n, asi\u0301 como baja solubilidad.<\/p>\n<\/div>\n<\/div>\n<\/div>\n<p><a href=\"http:\/\/viardenlab.com\/mx\/producto\/eugenol\"><span style=\"color: #ff0000;\">+ INFORMACI\u00d3N<\/span><\/a><\/p>\n<p> <a class=\"more-link\" href=\"https:\/\/viardenlab.com\/mx\/producto\/eugenol\">Leer m\u00e1s<\/a><\/p>","protected":false},"featured_media":8956,"template":"","meta":{"_joinchat":[]},"product_brand":[],"product_cat":[30,60],"product_tag":[1135,314],"class_list":{"0":"post-160","1":"product","2":"type-product","3":"status-publish","4":"has-post-thumbnail","6":"product_cat-cementos","7":"product_cat-operatoria-dental","8":"product_tag-eugenol","9":"product_tag-operatoria-dental","11":"first","12":"outofstock","13":"shipping-taxable","14":"purchasable","15":"product-type-simple"},"aioseo_notices":[],"yoast_head":"<!-- This site is optimized with the Yoast SEO plugin v27.2 - https:\/\/yoast.com\/product\/yoast-seo-wordpress\/ -->\n<title>Eugenol - Viarden Lab<\/title>\n<meta name=\"description\" content=\"El EUGENOL VIARDEN es un aceite extra\u00eddo de la semilla de clavo, lo que le da su aroma caracter\u00edstico.Al cumplir con las normas U.S.P. (United States Pharmacopeia), el EUGENOL VIARDEN brinda propiedades analg\u00e9sicas, antis\u00e9pticas y sedantes, adem\u00e1s de estar envasado en frasco \u00e1mbar para evitar su oxidaci\u00f3n.El EUGENOL VIARDEN, al mezclarse con los \u00d3XIDOS DE ZINC VIARDEN, proporciona las propiedades \u00f3ptimas requeridas en los cementos provisionales o para bases. Al mezclarlo con \u00d3XIDO DE ZINC CON ENDURECEDOR VIARDEN, adem\u00e1s de las propiedades anteriores, se obtiene cristalizaci\u00f3n controlada y endurecimiento r\u00e1pido, lo que da por resultado un aumento en la resistencia a la compresi\u00f3n, as\u00ed como baja solubilidad.\" \/>\n<meta name=\"robots\" content=\"index, follow, max-snippet:-1, max-image-preview:large, max-video-preview:-1\" \/>\n<link rel=\"canonical\" href=\"https:\/\/viardenlab.com\/mx\/producto\/eugenol\" \/>\n<meta property=\"og:locale\" content=\"es_ES\" \/>\n<meta property=\"og:type\" content=\"article\" \/>\n<meta property=\"og:title\" content=\"Eugenol - Viarden Lab\" \/>\n<meta property=\"og:description\" content=\"El EUGENOL VIARDEN es un aceite extra\u00eddo de la semilla de clavo, lo que le da su aroma caracter\u00edstico.Al cumplir con las normas U.S.P. (United States Pharmacopeia), el EUGENOL VIARDEN brinda propiedades analg\u00e9sicas, antis\u00e9pticas y sedantes, adem\u00e1s de estar envasado en frasco \u00e1mbar para evitar su oxidaci\u00f3n.El EUGENOL VIARDEN, al mezclarse con los \u00d3XIDOS DE ZINC VIARDEN, proporciona las propiedades \u00f3ptimas requeridas en los cementos provisionales o para bases. Al mezclarlo con \u00d3XIDO DE ZINC CON ENDURECEDOR VIARDEN, adem\u00e1s de las propiedades anteriores, se obtiene cristalizaci\u00f3n controlada y endurecimiento r\u00e1pido, lo que da por resultado un aumento en la resistencia a la compresi\u00f3n, as\u00ed como baja solubilidad.\" \/>\n<meta property=\"og:url\" content=\"https:\/\/viardenlab.com\/mx\/producto\/eugenol\" \/>\n<meta property=\"og:site_name\" content=\"Viarden Lab\" \/>\n<meta property=\"article:modified_time\" content=\"2025-04-24T21:48:52+00:00\" \/>\n<meta property=\"og:image\" content=\"http:\/\/viardenlab.com\/mx\/wp-content\/uploads\/2017\/04\/eugenol-2.jpg\" \/>\n\t<meta property=\"og:image:width\" content=\"1000\" \/>\n\t<meta property=\"og:image:height\" content=\"1000\" \/>\n\t<meta property=\"og:image:type\" content=\"image\/jpeg\" \/>\n<meta name=\"twitter:label1\" content=\"Tiempo de lectura\" \/>\n\t<meta name=\"twitter:data1\" content=\"1 minuto\" \/>\n<script type=\"application\/ld+json\" class=\"yoast-schema-graph\">{\"@context\":\"https:\/\/schema.org\",\"@graph\":[{\"@type\":\"WebPage\",\"@id\":\"https:\/\/viardenlab.com\/mx\/producto\/eugenol\",\"url\":\"https:\/\/viardenlab.com\/mx\/producto\/eugenol\",\"name\":\"Eugenol - Viarden Lab\",\"isPartOf\":{\"@id\":\"https:\/\/viardenlab.com\/mx\/#website\"},\"primaryImageOfPage\":{\"@id\":\"https:\/\/viardenlab.com\/mx\/producto\/eugenol#primaryimage\"},\"image\":{\"@id\":\"https:\/\/viardenlab.com\/mx\/producto\/eugenol#primaryimage\"},\"thumbnailUrl\":\"https:\/\/viardenlab.com\/mx\/wp-content\/uploads\/2017\/04\/eugenol-2.jpg\",\"datePublished\":\"2017-04-03T22:11:58+00:00\",\"dateModified\":\"2025-04-24T21:48:52+00:00\",\"description\":\"El EUGENOL VIARDEN es un aceite extra\u00eddo de la semilla de clavo, lo que le da su aroma caracter\u00edstico.Al cumplir con las normas U.S.P. (United States Pharmacopeia), el EUGENOL VIARDEN brinda propiedades analg\u00e9sicas, antis\u00e9pticas y sedantes, adem\u00e1s de estar envasado en frasco \u00e1mbar para evitar su oxidaci\u00f3n.El EUGENOL VIARDEN, al mezclarse con los \u00d3XIDOS DE ZINC VIARDEN, proporciona las propiedades \u00f3ptimas requeridas en los cementos provisionales o para bases. Al mezclarlo con \u00d3XIDO DE ZINC CON ENDURECEDOR VIARDEN, adem\u00e1s de las propiedades anteriores, se obtiene cristalizaci\u00f3n controlada y endurecimiento r\u00e1pido, lo que da por resultado un aumento en la resistencia a la compresi\u00f3n, as\u00ed como baja solubilidad.\",\"breadcrumb\":{\"@id\":\"https:\/\/viardenlab.com\/mx\/producto\/eugenol#breadcrumb\"},\"inLanguage\":\"es\",\"potentialAction\":[{\"@type\":\"ReadAction\",\"target\":[\"https:\/\/viardenlab.com\/mx\/producto\/eugenol\"]}]},{\"@type\":\"ImageObject\",\"inLanguage\":\"es\",\"@id\":\"https:\/\/viardenlab.com\/mx\/producto\/eugenol#primaryimage\",\"url\":\"https:\/\/viardenlab.com\/mx\/wp-content\/uploads\/2017\/04\/eugenol-2.jpg\",\"contentUrl\":\"https:\/\/viardenlab.com\/mx\/wp-content\/uploads\/2017\/04\/eugenol-2.jpg\",\"width\":1000,\"height\":1000},{\"@type\":\"BreadcrumbList\",\"@id\":\"https:\/\/viardenlab.com\/mx\/producto\/eugenol#breadcrumb\",\"itemListElement\":[{\"@type\":\"ListItem\",\"position\":1,\"name\":\"Portada\",\"item\":\"https:\/\/viardenlab.com\/mx\/\"},{\"@type\":\"ListItem\",\"position\":2,\"name\":\"Productos\",\"item\":\"https:\/\/viardenlab.com\/mx\/shop\"},{\"@type\":\"ListItem\",\"position\":3,\"name\":\"Eugenol\"}]},{\"@type\":\"WebSite\",\"@id\":\"https:\/\/viardenlab.com\/mx\/#website\",\"url\":\"https:\/\/viardenlab.com\/mx\/\",\"name\":\"Viarden Lab\",\"description\":\"Compra Online directo a tu consultorio\",\"potentialAction\":[{\"@type\":\"SearchAction\",\"target\":{\"@type\":\"EntryPoint\",\"urlTemplate\":\"https:\/\/viardenlab.com\/mx\/?s={search_term_string}\"},\"query-input\":{\"@type\":\"PropertyValueSpecification\",\"valueRequired\":true,\"valueName\":\"search_term_string\"}}],\"inLanguage\":\"es\"}]}<\/script>\n<!-- \/ Yoast SEO plugin. -->","yoast_head_json":{"title":"Eugenol - Viarden Lab","description":"El EUGENOL VIARDEN es un aceite extra\u00eddo de la semilla de clavo, lo que le da su aroma caracter\u00edstico.Al cumplir con las normas U.S.P. (United States Pharmacopeia), el EUGENOL VIARDEN brinda propiedades analg\u00e9sicas, antis\u00e9pticas y sedantes, adem\u00e1s de estar envasado en frasco \u00e1mbar para evitar su oxidaci\u00f3n.El EUGENOL VIARDEN, al mezclarse con los \u00d3XIDOS DE ZINC VIARDEN, proporciona las propiedades \u00f3ptimas requeridas en los cementos provisionales o para bases. Al mezclarlo con \u00d3XIDO DE ZINC CON ENDURECEDOR VIARDEN, adem\u00e1s de las propiedades anteriores, se obtiene cristalizaci\u00f3n controlada y endurecimiento r\u00e1pido, lo que da por resultado un aumento en la resistencia a la compresi\u00f3n, as\u00ed como baja solubilidad.","robots":{"index":"index","follow":"follow","max-snippet":"max-snippet:-1","max-image-preview":"max-image-preview:large","max-video-preview":"max-video-preview:-1"},"canonical":"https:\/\/viardenlab.com\/mx\/producto\/eugenol","og_locale":"es_ES","og_type":"article","og_title":"Eugenol - Viarden Lab","og_description":"El EUGENOL VIARDEN es un aceite extra\u00eddo de la semilla de clavo, lo que le da su aroma caracter\u00edstico.Al cumplir con las normas U.S.P. (United States Pharmacopeia), el EUGENOL VIARDEN brinda propiedades analg\u00e9sicas, antis\u00e9pticas y sedantes, adem\u00e1s de estar envasado en frasco \u00e1mbar para evitar su oxidaci\u00f3n.El EUGENOL VIARDEN, al mezclarse con los \u00d3XIDOS DE ZINC VIARDEN, proporciona las propiedades \u00f3ptimas requeridas en los cementos provisionales o para bases. Al mezclarlo con \u00d3XIDO DE ZINC CON ENDURECEDOR VIARDEN, adem\u00e1s de las propiedades anteriores, se obtiene cristalizaci\u00f3n controlada y endurecimiento r\u00e1pido, lo que da por resultado un aumento en la resistencia a la compresi\u00f3n, as\u00ed como baja solubilidad.","og_url":"https:\/\/viardenlab.com\/mx\/producto\/eugenol","og_site_name":"Viarden Lab","article_modified_time":"2025-04-24T21:48:52+00:00","og_image":[{"width":1000,"height":1000,"url":"http:\/\/viardenlab.com\/mx\/wp-content\/uploads\/2017\/04\/eugenol-2.jpg","type":"image\/jpeg"}],"twitter_misc":{"Tiempo de lectura":"1 minuto"},"schema":{"@context":"https:\/\/schema.org","@graph":[{"@type":"WebPage","@id":"https:\/\/viardenlab.com\/mx\/producto\/eugenol","url":"https:\/\/viardenlab.com\/mx\/producto\/eugenol","name":"Eugenol - Viarden Lab","isPartOf":{"@id":"https:\/\/viardenlab.com\/mx\/#website"},"primaryImageOfPage":{"@id":"https:\/\/viardenlab.com\/mx\/producto\/eugenol#primaryimage"},"image":{"@id":"https:\/\/viardenlab.com\/mx\/producto\/eugenol#primaryimage"},"thumbnailUrl":"https:\/\/viardenlab.com\/mx\/wp-content\/uploads\/2017\/04\/eugenol-2.jpg","datePublished":"2017-04-03T22:11:58+00:00","dateModified":"2025-04-24T21:48:52+00:00","description":"El EUGENOL VIARDEN es un aceite extra\u00eddo de la semilla de clavo, lo que le da su aroma caracter\u00edstico.Al cumplir con las normas U.S.P. (United States Pharmacopeia), el EUGENOL VIARDEN brinda propiedades analg\u00e9sicas, antis\u00e9pticas y sedantes, adem\u00e1s de estar envasado en frasco \u00e1mbar para evitar su oxidaci\u00f3n.El EUGENOL VIARDEN, al mezclarse con los \u00d3XIDOS DE ZINC VIARDEN, proporciona las propiedades \u00f3ptimas requeridas en los cementos provisionales o para bases. Al mezclarlo con \u00d3XIDO DE ZINC CON ENDURECEDOR VIARDEN, adem\u00e1s de las propiedades anteriores, se obtiene cristalizaci\u00f3n controlada y endurecimiento r\u00e1pido, lo que da por resultado un aumento en la resistencia a la compresi\u00f3n, as\u00ed como baja solubilidad.","breadcrumb":{"@id":"https:\/\/viardenlab.com\/mx\/producto\/eugenol#breadcrumb"},"inLanguage":"es","potentialAction":[{"@type":"ReadAction","target":["https:\/\/viardenlab.com\/mx\/producto\/eugenol"]}]},{"@type":"ImageObject","inLanguage":"es","@id":"https:\/\/viardenlab.com\/mx\/producto\/eugenol#primaryimage","url":"https:\/\/viardenlab.com\/mx\/wp-content\/uploads\/2017\/04\/eugenol-2.jpg","contentUrl":"https:\/\/viardenlab.com\/mx\/wp-content\/uploads\/2017\/04\/eugenol-2.jpg","width":1000,"height":1000},{"@type":"BreadcrumbList","@id":"https:\/\/viardenlab.com\/mx\/producto\/eugenol#breadcrumb","itemListElement":[{"@type":"ListItem","position":1,"name":"Portada","item":"https:\/\/viardenlab.com\/mx\/"},{"@type":"ListItem","position":2,"name":"Productos","item":"https:\/\/viardenlab.com\/mx\/shop"},{"@type":"ListItem","position":3,"name":"Eugenol"}]},{"@type":"WebSite","@id":"https:\/\/viardenlab.com\/mx\/#website","url":"https:\/\/viardenlab.com\/mx\/","name":"Viarden Lab","description":"Compra Online directo a tu consultorio","potentialAction":[{"@type":"SearchAction","target":{"@type":"EntryPoint","urlTemplate":"https:\/\/viardenlab.com\/mx\/?s={search_term_string}"},"query-input":{"@type":"PropertyValueSpecification","valueRequired":true,"valueName":"search_term_string"}}],"inLanguage":"es"}]}},"_links":{"self":[{"href":"https:\/\/viardenlab.com\/mx\/wp-json\/wp\/v2\/product\/160","targetHints":{"allow":["GET"]}}],"collection":[{"href":"https:\/\/viardenlab.com\/mx\/wp-json\/wp\/v2\/product"}],"about":[{"href":"https:\/\/viardenlab.com\/mx\/wp-json\/wp\/v2\/types\/product"}],"wp:featuredmedia":[{"embeddable":true,"href":"https:\/\/viardenlab.com\/mx\/wp-json\/wp\/v2\/media\/8956"}],"wp:attachment":[{"href":"https:\/\/viardenlab.com\/mx\/wp-json\/wp\/v2\/media?parent=160"}],"wp:term":[{"taxonomy":"product_brand","embeddable":true,"href":"https:\/\/viardenlab.com\/mx\/wp-json\/wp\/v2\/product_brand?post=160"},{"taxonomy":"product_cat","embeddable":true,"href":"https:\/\/viardenlab.com\/mx\/wp-json\/wp\/v2\/product_cat?post=160"},{"taxonomy":"product_tag","embeddable":true,"href":"https:\/\/viardenlab.com\/mx\/wp-json\/wp\/v2\/product_tag?post=160"}],"curies":[{"name":"wp","href":"https:\/\/api.w.org\/{rel}","templated":true}]}}