{"id":158,"date":"2017-04-03T17:08:15","date_gmt":"2017-04-03T22:08:15","guid":{"rendered":"http:\/\/viardenlab.com\/mx\/producto\/detector-de-caries-viarden-jeringa-con-25ml\/"},"modified":"2025-04-24T17:21:16","modified_gmt":"2025-04-24T23:21:16","slug":"detector-de-caries","status":"publish","type":"product","link":"https:\/\/viardenlab.com\/mx\/producto\/detector-de-caries","title":{"rendered":"C- Detector Detector de caries"},"content":{"rendered":"","protected":false},"excerpt":{"rendered":"<div class=\"page\" title=\"Page 61\">\n<div class=\"layoutArea\">\n<div class=\"column\">\n<p>En la pra\u0301ctica odontolo\u0301gica se pueden presentar situaciones de duda sobre la implantacio\u0301n o persistencia de procesos cariosos que la vista no percibe con facilidad. Es por esta razo\u0301n que VIARDEN presenta en solucio\u0301n de color verde el C-Detector para facilitar la labor del Cirujano Dentista, ayudar al mantenimiento y preservacio\u0301n dental.<\/p>\n<\/div>\n<\/div>\n<\/div>\n<p><a href=\"http:\/\/viardenlab.com\/mx\/producto\/detector-de-caries\"><span style=\"color: #ff0000;\">+ INFORMACI\u00d3N<\/span><\/a><\/p>\n<p> <a class=\"more-link\" href=\"https:\/\/viardenlab.com\/mx\/producto\/detector-de-caries\">Leer m\u00e1s<\/a><\/p>","protected":false},"featured_media":8949,"template":"","meta":{"_joinchat":[]},"product_brand":[],"product_cat":[54,60],"product_tag":[329,330,314],"class_list":{"0":"post-158","1":"product","2":"type-product","3":"status-publish","4":"has-post-thumbnail","6":"product_cat-colorante-revelador","7":"product_cat-operatoria-dental","8":"product_tag-detector-de-caries","9":"product_tag-detector-de-caries-viarden","10":"product_tag-operatoria-dental","12":"first","13":"outofstock","14":"shipping-taxable","15":"purchasable","16":"product-type-simple"},"aioseo_notices":[],"yoast_head":"<!-- This site is optimized with the Yoast SEO plugin v27.2 - https:\/\/yoast.com\/product\/yoast-seo-wordpress\/ -->\n<title>C- Detector Detector de caries - Viarden Lab<\/title>\n<meta name=\"description\" content=\"En la pr\u00e1ctica odontol\u00f3gica se pueden presentar situaciones de duda sobre la implantaci\u00f3n o persistencia de procesos cariosos que la vista no percibe con facilidad.\" \/>\n<meta name=\"robots\" content=\"index, follow, max-snippet:-1, max-image-preview:large, max-video-preview:-1\" \/>\n<link rel=\"canonical\" href=\"https:\/\/viardenlab.com\/mx\/producto\/detector-de-caries\" \/>\n<meta property=\"og:locale\" content=\"es_ES\" \/>\n<meta property=\"og:type\" content=\"article\" \/>\n<meta property=\"og:title\" content=\"Detector de Caries\" \/>\n<meta property=\"og:description\" content=\"En la pr\u00e1ctica odontol\u00f3gica se pueden presentar situaciones de duda sobre la implantaci\u00f3n o persistencia de procesos cariosos que la vista no percibe con facilidad.\" \/>\n<meta property=\"og:url\" content=\"https:\/\/viardenlab.com\/mx\/producto\/detector-de-caries\" \/>\n<meta property=\"og:site_name\" content=\"Viarden Lab\" \/>\n<meta property=\"article:modified_time\" content=\"2025-04-24T23:21:16+00:00\" \/>\n<meta property=\"og:image\" content=\"http:\/\/viardenlab.com\/mx\/wp-content\/uploads\/2017\/04\/detector-de-caries-1.jpg\" \/>\n\t<meta property=\"og:image:width\" content=\"1000\" \/>\n\t<meta property=\"og:image:height\" content=\"1000\" \/>\n\t<meta property=\"og:image:type\" content=\"image\/jpeg\" \/>\n<meta name=\"twitter:label1\" content=\"Tiempo de lectura\" \/>\n\t<meta name=\"twitter:data1\" content=\"1 minuto\" \/>\n<script type=\"application\/ld+json\" class=\"yoast-schema-graph\">{\"@context\":\"https:\/\/schema.org\",\"@graph\":[{\"@type\":\"WebPage\",\"@id\":\"https:\/\/viardenlab.com\/mx\/producto\/detector-de-caries\",\"url\":\"https:\/\/viardenlab.com\/mx\/producto\/detector-de-caries\",\"name\":\"C- Detector Detector de caries - Viarden Lab\",\"isPartOf\":{\"@id\":\"https:\/\/viardenlab.com\/mx\/#website\"},\"primaryImageOfPage\":{\"@id\":\"https:\/\/viardenlab.com\/mx\/producto\/detector-de-caries#primaryimage\"},\"image\":{\"@id\":\"https:\/\/viardenlab.com\/mx\/producto\/detector-de-caries#primaryimage\"},\"thumbnailUrl\":\"https:\/\/viardenlab.com\/mx\/wp-content\/uploads\/2017\/04\/detector-de-caries-1.jpg\",\"datePublished\":\"2017-04-03T22:08:15+00:00\",\"dateModified\":\"2025-04-24T23:21:16+00:00\",\"description\":\"En la pr\u00e1ctica odontol\u00f3gica se pueden presentar situaciones de duda sobre la implantaci\u00f3n o persistencia de procesos cariosos que la vista no percibe con facilidad.\",\"breadcrumb\":{\"@id\":\"https:\/\/viardenlab.com\/mx\/producto\/detector-de-caries#breadcrumb\"},\"inLanguage\":\"es\",\"potentialAction\":[{\"@type\":\"ReadAction\",\"target\":[\"https:\/\/viardenlab.com\/mx\/producto\/detector-de-caries\"]}]},{\"@type\":\"ImageObject\",\"inLanguage\":\"es\",\"@id\":\"https:\/\/viardenlab.com\/mx\/producto\/detector-de-caries#primaryimage\",\"url\":\"https:\/\/viardenlab.com\/mx\/wp-content\/uploads\/2017\/04\/detector-de-caries-1.jpg\",\"contentUrl\":\"https:\/\/viardenlab.com\/mx\/wp-content\/uploads\/2017\/04\/detector-de-caries-1.jpg\",\"width\":1000,\"height\":1000},{\"@type\":\"BreadcrumbList\",\"@id\":\"https:\/\/viardenlab.com\/mx\/producto\/detector-de-caries#breadcrumb\",\"itemListElement\":[{\"@type\":\"ListItem\",\"position\":1,\"name\":\"Portada\",\"item\":\"https:\/\/viardenlab.com\/mx\/\"},{\"@type\":\"ListItem\",\"position\":2,\"name\":\"Productos\",\"item\":\"https:\/\/viardenlab.com\/mx\/shop\"},{\"@type\":\"ListItem\",\"position\":3,\"name\":\"C- Detector Detector de caries\"}]},{\"@type\":\"WebSite\",\"@id\":\"https:\/\/viardenlab.com\/mx\/#website\",\"url\":\"https:\/\/viardenlab.com\/mx\/\",\"name\":\"Viarden Lab\",\"description\":\"Compra Online directo a tu consultorio\",\"potentialAction\":[{\"@type\":\"SearchAction\",\"target\":{\"@type\":\"EntryPoint\",\"urlTemplate\":\"https:\/\/viardenlab.com\/mx\/?s={search_term_string}\"},\"query-input\":{\"@type\":\"PropertyValueSpecification\",\"valueRequired\":true,\"valueName\":\"search_term_string\"}}],\"inLanguage\":\"es\"}]}<\/script>\n<!-- \/ Yoast SEO plugin. -->","yoast_head_json":{"title":"C- Detector Detector de caries - Viarden Lab","description":"En la pr\u00e1ctica odontol\u00f3gica se pueden presentar situaciones de duda sobre la implantaci\u00f3n o persistencia de procesos cariosos que la vista no percibe con facilidad.","robots":{"index":"index","follow":"follow","max-snippet":"max-snippet:-1","max-image-preview":"max-image-preview:large","max-video-preview":"max-video-preview:-1"},"canonical":"https:\/\/viardenlab.com\/mx\/producto\/detector-de-caries","og_locale":"es_ES","og_type":"article","og_title":"Detector de Caries","og_description":"En la pr\u00e1ctica odontol\u00f3gica se pueden presentar situaciones de duda sobre la implantaci\u00f3n o persistencia de procesos cariosos que la vista no percibe con facilidad.","og_url":"https:\/\/viardenlab.com\/mx\/producto\/detector-de-caries","og_site_name":"Viarden Lab","article_modified_time":"2025-04-24T23:21:16+00:00","og_image":[{"width":1000,"height":1000,"url":"http:\/\/viardenlab.com\/mx\/wp-content\/uploads\/2017\/04\/detector-de-caries-1.jpg","type":"image\/jpeg"}],"twitter_misc":{"Tiempo de lectura":"1 minuto"},"schema":{"@context":"https:\/\/schema.org","@graph":[{"@type":"WebPage","@id":"https:\/\/viardenlab.com\/mx\/producto\/detector-de-caries","url":"https:\/\/viardenlab.com\/mx\/producto\/detector-de-caries","name":"C- Detector Detector de caries - Viarden Lab","isPartOf":{"@id":"https:\/\/viardenlab.com\/mx\/#website"},"primaryImageOfPage":{"@id":"https:\/\/viardenlab.com\/mx\/producto\/detector-de-caries#primaryimage"},"image":{"@id":"https:\/\/viardenlab.com\/mx\/producto\/detector-de-caries#primaryimage"},"thumbnailUrl":"https:\/\/viardenlab.com\/mx\/wp-content\/uploads\/2017\/04\/detector-de-caries-1.jpg","datePublished":"2017-04-03T22:08:15+00:00","dateModified":"2025-04-24T23:21:16+00:00","description":"En la pr\u00e1ctica odontol\u00f3gica se pueden presentar situaciones de duda sobre la implantaci\u00f3n o persistencia de procesos cariosos que la vista no percibe con facilidad.","breadcrumb":{"@id":"https:\/\/viardenlab.com\/mx\/producto\/detector-de-caries#breadcrumb"},"inLanguage":"es","potentialAction":[{"@type":"ReadAction","target":["https:\/\/viardenlab.com\/mx\/producto\/detector-de-caries"]}]},{"@type":"ImageObject","inLanguage":"es","@id":"https:\/\/viardenlab.com\/mx\/producto\/detector-de-caries#primaryimage","url":"https:\/\/viardenlab.com\/mx\/wp-content\/uploads\/2017\/04\/detector-de-caries-1.jpg","contentUrl":"https:\/\/viardenlab.com\/mx\/wp-content\/uploads\/2017\/04\/detector-de-caries-1.jpg","width":1000,"height":1000},{"@type":"BreadcrumbList","@id":"https:\/\/viardenlab.com\/mx\/producto\/detector-de-caries#breadcrumb","itemListElement":[{"@type":"ListItem","position":1,"name":"Portada","item":"https:\/\/viardenlab.com\/mx\/"},{"@type":"ListItem","position":2,"name":"Productos","item":"https:\/\/viardenlab.com\/mx\/shop"},{"@type":"ListItem","position":3,"name":"C- Detector Detector de caries"}]},{"@type":"WebSite","@id":"https:\/\/viardenlab.com\/mx\/#website","url":"https:\/\/viardenlab.com\/mx\/","name":"Viarden Lab","description":"Compra Online directo a tu consultorio","potentialAction":[{"@type":"SearchAction","target":{"@type":"EntryPoint","urlTemplate":"https:\/\/viardenlab.com\/mx\/?s={search_term_string}"},"query-input":{"@type":"PropertyValueSpecification","valueRequired":true,"valueName":"search_term_string"}}],"inLanguage":"es"}]}},"_links":{"self":[{"href":"https:\/\/viardenlab.com\/mx\/wp-json\/wp\/v2\/product\/158","targetHints":{"allow":["GET"]}}],"collection":[{"href":"https:\/\/viardenlab.com\/mx\/wp-json\/wp\/v2\/product"}],"about":[{"href":"https:\/\/viardenlab.com\/mx\/wp-json\/wp\/v2\/types\/product"}],"wp:featuredmedia":[{"embeddable":true,"href":"https:\/\/viardenlab.com\/mx\/wp-json\/wp\/v2\/media\/8949"}],"wp:attachment":[{"href":"https:\/\/viardenlab.com\/mx\/wp-json\/wp\/v2\/media?parent=158"}],"wp:term":[{"taxonomy":"product_brand","embeddable":true,"href":"https:\/\/viardenlab.com\/mx\/wp-json\/wp\/v2\/product_brand?post=158"},{"taxonomy":"product_cat","embeddable":true,"href":"https:\/\/viardenlab.com\/mx\/wp-json\/wp\/v2\/product_cat?post=158"},{"taxonomy":"product_tag","embeddable":true,"href":"https:\/\/viardenlab.com\/mx\/wp-json\/wp\/v2\/product_tag?post=158"}],"curies":[{"name":"wp","href":"https:\/\/api.w.org\/{rel}","templated":true}]}}