{"id":154,"date":"2017-04-03T16:55:39","date_gmt":"2017-04-03T21:55:39","guid":{"rendered":"http:\/\/viardenlab.com\/mx\/producto\/dentbond\/"},"modified":"2025-04-24T16:21:06","modified_gmt":"2025-04-24T22:21:06","slug":"dentbond","status":"publish","type":"product","link":"https:\/\/viardenlab.com\/mx\/producto\/dentbond","title":{"rendered":"Dent Bond"},"content":{"rendered":"<p>&nbsp;<\/p>\n<p>&nbsp;<\/p>\n<p>&nbsp;<\/p>\n","protected":false},"excerpt":{"rendered":"<div class=\"page\" title=\"Page 31\">\n<div class=\"layoutArea\">\n<div class=\"column\">\n<p>Cemento libre de eugenol para evitar la contaminacio\u0301n de acri\u0301lico del provisional, esta formulado para uso menor de 30 di\u0301as, desde el inicio del procedimiento odontolo\u0301gico, pruebas de laboratorio, hasta la colocacio\u0301n de la restauracio\u0301n definitiva, no dan\u0303a al acri\u0301lico lo que permite hacer rebase de ellos las veces que sea necesario.<\/p>\n<\/div>\n<\/div>\n<\/div>\n<p><a href=\"http:\/\/viardenlab.com\/mx\/producto\/dentbond\"><span style=\"color: #ff0000;\">+ INFORMACI\u00d3N<\/span><\/a><\/p>\n<p>&nbsp;<\/p>\n<p> <a class=\"more-link\" href=\"https:\/\/viardenlab.com\/mx\/producto\/dentbond\">Leer m\u00e1s<\/a><\/p>","protected":false},"featured_media":8943,"template":"","meta":{"_joinchat":[]},"product_brand":[],"product_cat":[30,60,63],"product_tag":[325,326,1130,314],"class_list":{"0":"post-154","1":"product","2":"type-product","3":"status-publish","4":"has-post-thumbnail","6":"product_cat-cementos","7":"product_cat-operatoria-dental","8":"product_cat-protesis","9":"product_tag-cemento-temporal","10":"product_tag-dent-bond","11":"product_tag-dentbond-cemento-temporal","12":"product_tag-operatoria-dental","14":"first","15":"outofstock","16":"shipping-taxable","17":"purchasable","18":"product-type-simple"},"aioseo_notices":[],"yoast_head":"<!-- This site is optimized with the Yoast SEO plugin v27.2 - https:\/\/yoast.com\/product\/yoast-seo-wordpress\/ -->\n<title>Dent Bond - Viarden Lab<\/title>\n<meta name=\"description\" content=\"DENT-BOND VIARDEN, cemento temporal que no contiene Eugenol, es \u00fatil en la cementaci\u00f3n provisional de coronas, puentes y onlays. Por sus caracter\u00edsticas, al mezclarse, tiene la suficiente fluidez para colocar la restauraci\u00f3n, mantiene un sellado marginal estrecho previniendo la filtraci\u00f3n de fluidos; as\u00ed mismo, resiste el estr\u00e9s funcional y permite una f\u00e1cil remoci\u00f3n.DENT-BOND VIARDEN est\u00e1 formulado para uso menor de 30 d\u00edas, al no contener Eugenol, no contamina el acr\u00edlico de los provisionales, lo que permite hacer rebase de ellos las veces que se requiera.\" \/>\n<meta name=\"robots\" content=\"index, follow, max-snippet:-1, max-image-preview:large, max-video-preview:-1\" \/>\n<link rel=\"canonical\" href=\"https:\/\/viardenlab.com\/mx\/producto\/dentbond\" \/>\n<meta property=\"og:locale\" content=\"es_ES\" \/>\n<meta property=\"og:type\" content=\"article\" \/>\n<meta property=\"og:title\" content=\"Dent Bond - Viarden Lab\" \/>\n<meta property=\"og:description\" content=\"DENT-BOND VIARDEN, cemento temporal que no contiene Eugenol, es \u00fatil en la cementaci\u00f3n provisional de coronas, puentes y onlays. Por sus caracter\u00edsticas, al mezclarse, tiene la suficiente fluidez para colocar la restauraci\u00f3n, mantiene un sellado marginal estrecho previniendo la filtraci\u00f3n de fluidos; as\u00ed mismo, resiste el estr\u00e9s funcional y permite una f\u00e1cil remoci\u00f3n.DENT-BOND VIARDEN est\u00e1 formulado para uso menor de 30 d\u00edas, al no contener Eugenol, no contamina el acr\u00edlico de los provisionales, lo que permite hacer rebase de ellos las veces que se requiera.\" \/>\n<meta property=\"og:url\" content=\"https:\/\/viardenlab.com\/mx\/producto\/dentbond\" \/>\n<meta property=\"og:site_name\" content=\"Viarden Lab\" \/>\n<meta property=\"article:modified_time\" content=\"2025-04-24T22:21:06+00:00\" \/>\n<meta property=\"og:image\" content=\"http:\/\/viardenlab.com\/mx\/wp-content\/uploads\/2017\/04\/dentbond-cemento-temporal.jpg\" \/>\n\t<meta property=\"og:image:width\" content=\"1000\" \/>\n\t<meta property=\"og:image:height\" content=\"1000\" \/>\n\t<meta property=\"og:image:type\" content=\"image\/jpeg\" \/>\n<meta name=\"twitter:label1\" content=\"Tiempo de lectura\" \/>\n\t<meta name=\"twitter:data1\" content=\"1 minuto\" \/>\n<script type=\"application\/ld+json\" class=\"yoast-schema-graph\">{\"@context\":\"https:\/\/schema.org\",\"@graph\":[{\"@type\":\"WebPage\",\"@id\":\"https:\/\/viardenlab.com\/mx\/producto\/dentbond\",\"url\":\"https:\/\/viardenlab.com\/mx\/producto\/dentbond\",\"name\":\"Dent Bond - Viarden Lab\",\"isPartOf\":{\"@id\":\"https:\/\/viardenlab.com\/mx\/#website\"},\"primaryImageOfPage\":{\"@id\":\"https:\/\/viardenlab.com\/mx\/producto\/dentbond#primaryimage\"},\"image\":{\"@id\":\"https:\/\/viardenlab.com\/mx\/producto\/dentbond#primaryimage\"},\"thumbnailUrl\":\"https:\/\/viardenlab.com\/mx\/wp-content\/uploads\/2017\/04\/dentbond-cemento-temporal.jpg\",\"datePublished\":\"2017-04-03T21:55:39+00:00\",\"dateModified\":\"2025-04-24T22:21:06+00:00\",\"description\":\"DENT-BOND VIARDEN, cemento temporal que no contiene Eugenol, es \u00fatil en la cementaci\u00f3n provisional de coronas, puentes y onlays. Por sus caracter\u00edsticas, al mezclarse, tiene la suficiente fluidez para colocar la restauraci\u00f3n, mantiene un sellado marginal estrecho previniendo la filtraci\u00f3n de fluidos; as\u00ed mismo, resiste el estr\u00e9s funcional y permite una f\u00e1cil remoci\u00f3n.DENT-BOND VIARDEN est\u00e1 formulado para uso menor de 30 d\u00edas, al no contener Eugenol, no contamina el acr\u00edlico de los provisionales, lo que permite hacer rebase de ellos las veces que se requiera.\",\"breadcrumb\":{\"@id\":\"https:\/\/viardenlab.com\/mx\/producto\/dentbond#breadcrumb\"},\"inLanguage\":\"es\",\"potentialAction\":[{\"@type\":\"ReadAction\",\"target\":[\"https:\/\/viardenlab.com\/mx\/producto\/dentbond\"]}]},{\"@type\":\"ImageObject\",\"inLanguage\":\"es\",\"@id\":\"https:\/\/viardenlab.com\/mx\/producto\/dentbond#primaryimage\",\"url\":\"https:\/\/viardenlab.com\/mx\/wp-content\/uploads\/2017\/04\/dentbond-cemento-temporal.jpg\",\"contentUrl\":\"https:\/\/viardenlab.com\/mx\/wp-content\/uploads\/2017\/04\/dentbond-cemento-temporal.jpg\",\"width\":1000,\"height\":1000},{\"@type\":\"BreadcrumbList\",\"@id\":\"https:\/\/viardenlab.com\/mx\/producto\/dentbond#breadcrumb\",\"itemListElement\":[{\"@type\":\"ListItem\",\"position\":1,\"name\":\"Portada\",\"item\":\"https:\/\/viardenlab.com\/mx\/\"},{\"@type\":\"ListItem\",\"position\":2,\"name\":\"Productos\",\"item\":\"https:\/\/viardenlab.com\/mx\/shop\"},{\"@type\":\"ListItem\",\"position\":3,\"name\":\"Dent Bond\"}]},{\"@type\":\"WebSite\",\"@id\":\"https:\/\/viardenlab.com\/mx\/#website\",\"url\":\"https:\/\/viardenlab.com\/mx\/\",\"name\":\"Viarden Lab\",\"description\":\"Compra Online directo a tu consultorio\",\"potentialAction\":[{\"@type\":\"SearchAction\",\"target\":{\"@type\":\"EntryPoint\",\"urlTemplate\":\"https:\/\/viardenlab.com\/mx\/?s={search_term_string}\"},\"query-input\":{\"@type\":\"PropertyValueSpecification\",\"valueRequired\":true,\"valueName\":\"search_term_string\"}}],\"inLanguage\":\"es\"}]}<\/script>\n<!-- \/ Yoast SEO plugin. -->","yoast_head_json":{"title":"Dent Bond - Viarden Lab","description":"DENT-BOND VIARDEN, cemento temporal que no contiene Eugenol, es \u00fatil en la cementaci\u00f3n provisional de coronas, puentes y onlays. Por sus caracter\u00edsticas, al mezclarse, tiene la suficiente fluidez para colocar la restauraci\u00f3n, mantiene un sellado marginal estrecho previniendo la filtraci\u00f3n de fluidos; as\u00ed mismo, resiste el estr\u00e9s funcional y permite una f\u00e1cil remoci\u00f3n.DENT-BOND VIARDEN est\u00e1 formulado para uso menor de 30 d\u00edas, al no contener Eugenol, no contamina el acr\u00edlico de los provisionales, lo que permite hacer rebase de ellos las veces que se requiera.","robots":{"index":"index","follow":"follow","max-snippet":"max-snippet:-1","max-image-preview":"max-image-preview:large","max-video-preview":"max-video-preview:-1"},"canonical":"https:\/\/viardenlab.com\/mx\/producto\/dentbond","og_locale":"es_ES","og_type":"article","og_title":"Dent Bond - Viarden Lab","og_description":"DENT-BOND VIARDEN, cemento temporal que no contiene Eugenol, es \u00fatil en la cementaci\u00f3n provisional de coronas, puentes y onlays. Por sus caracter\u00edsticas, al mezclarse, tiene la suficiente fluidez para colocar la restauraci\u00f3n, mantiene un sellado marginal estrecho previniendo la filtraci\u00f3n de fluidos; as\u00ed mismo, resiste el estr\u00e9s funcional y permite una f\u00e1cil remoci\u00f3n.DENT-BOND VIARDEN est\u00e1 formulado para uso menor de 30 d\u00edas, al no contener Eugenol, no contamina el acr\u00edlico de los provisionales, lo que permite hacer rebase de ellos las veces que se requiera.","og_url":"https:\/\/viardenlab.com\/mx\/producto\/dentbond","og_site_name":"Viarden Lab","article_modified_time":"2025-04-24T22:21:06+00:00","og_image":[{"width":1000,"height":1000,"url":"http:\/\/viardenlab.com\/mx\/wp-content\/uploads\/2017\/04\/dentbond-cemento-temporal.jpg","type":"image\/jpeg"}],"twitter_misc":{"Tiempo de lectura":"1 minuto"},"schema":{"@context":"https:\/\/schema.org","@graph":[{"@type":"WebPage","@id":"https:\/\/viardenlab.com\/mx\/producto\/dentbond","url":"https:\/\/viardenlab.com\/mx\/producto\/dentbond","name":"Dent Bond - Viarden Lab","isPartOf":{"@id":"https:\/\/viardenlab.com\/mx\/#website"},"primaryImageOfPage":{"@id":"https:\/\/viardenlab.com\/mx\/producto\/dentbond#primaryimage"},"image":{"@id":"https:\/\/viardenlab.com\/mx\/producto\/dentbond#primaryimage"},"thumbnailUrl":"https:\/\/viardenlab.com\/mx\/wp-content\/uploads\/2017\/04\/dentbond-cemento-temporal.jpg","datePublished":"2017-04-03T21:55:39+00:00","dateModified":"2025-04-24T22:21:06+00:00","description":"DENT-BOND VIARDEN, cemento temporal que no contiene Eugenol, es \u00fatil en la cementaci\u00f3n provisional de coronas, puentes y onlays. Por sus caracter\u00edsticas, al mezclarse, tiene la suficiente fluidez para colocar la restauraci\u00f3n, mantiene un sellado marginal estrecho previniendo la filtraci\u00f3n de fluidos; as\u00ed mismo, resiste el estr\u00e9s funcional y permite una f\u00e1cil remoci\u00f3n.DENT-BOND VIARDEN est\u00e1 formulado para uso menor de 30 d\u00edas, al no contener Eugenol, no contamina el acr\u00edlico de los provisionales, lo que permite hacer rebase de ellos las veces que se requiera.","breadcrumb":{"@id":"https:\/\/viardenlab.com\/mx\/producto\/dentbond#breadcrumb"},"inLanguage":"es","potentialAction":[{"@type":"ReadAction","target":["https:\/\/viardenlab.com\/mx\/producto\/dentbond"]}]},{"@type":"ImageObject","inLanguage":"es","@id":"https:\/\/viardenlab.com\/mx\/producto\/dentbond#primaryimage","url":"https:\/\/viardenlab.com\/mx\/wp-content\/uploads\/2017\/04\/dentbond-cemento-temporal.jpg","contentUrl":"https:\/\/viardenlab.com\/mx\/wp-content\/uploads\/2017\/04\/dentbond-cemento-temporal.jpg","width":1000,"height":1000},{"@type":"BreadcrumbList","@id":"https:\/\/viardenlab.com\/mx\/producto\/dentbond#breadcrumb","itemListElement":[{"@type":"ListItem","position":1,"name":"Portada","item":"https:\/\/viardenlab.com\/mx\/"},{"@type":"ListItem","position":2,"name":"Productos","item":"https:\/\/viardenlab.com\/mx\/shop"},{"@type":"ListItem","position":3,"name":"Dent Bond"}]},{"@type":"WebSite","@id":"https:\/\/viardenlab.com\/mx\/#website","url":"https:\/\/viardenlab.com\/mx\/","name":"Viarden Lab","description":"Compra Online directo a tu consultorio","potentialAction":[{"@type":"SearchAction","target":{"@type":"EntryPoint","urlTemplate":"https:\/\/viardenlab.com\/mx\/?s={search_term_string}"},"query-input":{"@type":"PropertyValueSpecification","valueRequired":true,"valueName":"search_term_string"}}],"inLanguage":"es"}]}},"_links":{"self":[{"href":"https:\/\/viardenlab.com\/mx\/wp-json\/wp\/v2\/product\/154","targetHints":{"allow":["GET"]}}],"collection":[{"href":"https:\/\/viardenlab.com\/mx\/wp-json\/wp\/v2\/product"}],"about":[{"href":"https:\/\/viardenlab.com\/mx\/wp-json\/wp\/v2\/types\/product"}],"wp:featuredmedia":[{"embeddable":true,"href":"https:\/\/viardenlab.com\/mx\/wp-json\/wp\/v2\/media\/8943"}],"wp:attachment":[{"href":"https:\/\/viardenlab.com\/mx\/wp-json\/wp\/v2\/media?parent=154"}],"wp:term":[{"taxonomy":"product_brand","embeddable":true,"href":"https:\/\/viardenlab.com\/mx\/wp-json\/wp\/v2\/product_brand?post=154"},{"taxonomy":"product_cat","embeddable":true,"href":"https:\/\/viardenlab.com\/mx\/wp-json\/wp\/v2\/product_cat?post=154"},{"taxonomy":"product_tag","embeddable":true,"href":"https:\/\/viardenlab.com\/mx\/wp-json\/wp\/v2\/product_tag?post=154"}],"curies":[{"name":"wp","href":"https:\/\/api.w.org\/{rel}","templated":true}]}}