{"id":150,"date":"2017-03-31T17:58:27","date_gmt":"2017-03-31T23:58:27","guid":{"rendered":"http:\/\/viardenlab.com\/mx\/producto\/pca\/"},"modified":"2025-04-24T16:16:02","modified_gmt":"2025-04-24T22:16:02","slug":"pca","status":"publish","type":"product","link":"https:\/\/viardenlab.com\/mx\/producto\/pca","title":{"rendered":"P.C.A"},"content":{"rendered":"","protected":false},"excerpt":{"rendered":"<div class=\"page\" title=\"Page 29\">\n<div class=\"layoutArea\">\n<div class=\"column\">\n<p>Es un material fabricado con la ma\u0301s alta calidad, su li\u0301quido a\u0301cido poliacri\u0301lico de alto peso molecular, mezclado con el polvo de parti\u0301cula muy fina, proporciona las caracteri\u0301sticas adecuadas para un cemento de este tipo, realizando una unio\u0301n qui\u0301mica con la dentina y el esmalte.<\/p>\n<\/div>\n<\/div>\n<\/div>\n<p><a href=\"http:\/\/viardenlab.com\/mx\/producto\/pca\"><span style=\"color: #ff0000;\">+ INFORMACI\u00d3N<\/span><\/a><\/p>\n<p> <a class=\"more-link\" href=\"https:\/\/viardenlab.com\/mx\/producto\/pca\">Leer m\u00e1s<\/a><\/p>","protected":false},"featured_media":9014,"template":"","meta":{"_joinchat":[]},"product_brand":[],"product_cat":[30,60],"product_tag":[319,320,314,321,1158],"class_list":{"0":"post-150","1":"product","2":"type-product","3":"status-publish","4":"has-post-thumbnail","6":"product_cat-cementos","7":"product_cat-operatoria-dental","8":"product_tag-cemento-de-policarboxilato","9":"product_tag-cementos-dentales","10":"product_tag-operatoria-dental","11":"product_tag-pca","12":"product_tag-pca-cemento-de-policarboxilato","14":"first","15":"outofstock","16":"shipping-taxable","17":"purchasable","18":"product-type-simple"},"aioseo_notices":[],"yoast_head":"<!-- This site is optimized with the Yoast SEO plugin v27.2 - https:\/\/yoast.com\/product\/yoast-seo-wordpress\/ -->\n<title>P.C.A - Viarden Lab<\/title>\n<meta name=\"description\" content=\"EL CEMENTO DE POLICARBOXILATO VIARDEN es un material fabricado con la m\u00e1s alta calidad. Su l\u00edquido \u00e1cido poliacr\u00edlico de alto peso molecular, mezclado con el polvo de part\u00edcula muy fina, proporciona las caracter\u00edsticas adecuadas para un cemento de este tipo.Siendo el PCA VIARDEN un cemento de policarboxilato, realiza uni\u00f3n qu\u00edmica con la dentina y el esmalte. Su relaci\u00f3n polvo l\u00edquido es de 1:1; para mezclarlo divida el polvo en 2 partes iguales, incorporando una a una cada 15 segundos.\" \/>\n<meta name=\"robots\" content=\"index, follow, max-snippet:-1, max-image-preview:large, max-video-preview:-1\" \/>\n<link rel=\"canonical\" href=\"https:\/\/viardenlab.com\/mx\/producto\/pca\" \/>\n<meta property=\"og:locale\" content=\"es_ES\" \/>\n<meta property=\"og:type\" content=\"article\" \/>\n<meta property=\"og:title\" content=\"P.C.A - Viarden Lab\" \/>\n<meta property=\"og:description\" content=\"EL CEMENTO DE POLICARBOXILATO VIARDEN es un material fabricado con la m\u00e1s alta calidad. Su l\u00edquido \u00e1cido poliacr\u00edlico de alto peso molecular, mezclado con el polvo de part\u00edcula muy fina, proporciona las caracter\u00edsticas adecuadas para un cemento de este tipo.Siendo el PCA VIARDEN un cemento de policarboxilato, realiza uni\u00f3n qu\u00edmica con la dentina y el esmalte. Su relaci\u00f3n polvo l\u00edquido es de 1:1; para mezclarlo divida el polvo en 2 partes iguales, incorporando una a una cada 15 segundos.\" \/>\n<meta property=\"og:url\" content=\"https:\/\/viardenlab.com\/mx\/producto\/pca\" \/>\n<meta property=\"og:site_name\" content=\"Viarden Lab\" \/>\n<meta property=\"article:modified_time\" content=\"2025-04-24T22:16:02+00:00\" \/>\n<meta property=\"og:image\" content=\"http:\/\/viardenlab.com\/mx\/wp-content\/uploads\/2023\/07\/pca-cemento-de-policarboxilato.jpg\" \/>\n\t<meta property=\"og:image:width\" content=\"1000\" \/>\n\t<meta property=\"og:image:height\" content=\"1000\" \/>\n\t<meta property=\"og:image:type\" content=\"image\/jpeg\" \/>\n<meta name=\"twitter:label1\" content=\"Tiempo de lectura\" \/>\n\t<meta name=\"twitter:data1\" content=\"1 minuto\" \/>\n<script type=\"application\/ld+json\" class=\"yoast-schema-graph\">{\"@context\":\"https:\/\/schema.org\",\"@graph\":[{\"@type\":\"WebPage\",\"@id\":\"https:\/\/viardenlab.com\/mx\/producto\/pca\",\"url\":\"https:\/\/viardenlab.com\/mx\/producto\/pca\",\"name\":\"P.C.A - Viarden Lab\",\"isPartOf\":{\"@id\":\"https:\/\/viardenlab.com\/mx\/#website\"},\"primaryImageOfPage\":{\"@id\":\"https:\/\/viardenlab.com\/mx\/producto\/pca#primaryimage\"},\"image\":{\"@id\":\"https:\/\/viardenlab.com\/mx\/producto\/pca#primaryimage\"},\"thumbnailUrl\":\"https:\/\/viardenlab.com\/mx\/wp-content\/uploads\/2023\/07\/pca-cemento-de-policarboxilato.jpg\",\"datePublished\":\"2017-03-31T23:58:27+00:00\",\"dateModified\":\"2025-04-24T22:16:02+00:00\",\"description\":\"EL CEMENTO DE POLICARBOXILATO VIARDEN es un material fabricado con la m\u00e1s alta calidad. Su l\u00edquido \u00e1cido poliacr\u00edlico de alto peso molecular, mezclado con el polvo de part\u00edcula muy fina, proporciona las caracter\u00edsticas adecuadas para un cemento de este tipo.Siendo el PCA VIARDEN un cemento de policarboxilato, realiza uni\u00f3n qu\u00edmica con la dentina y el esmalte. Su relaci\u00f3n polvo l\u00edquido es de 1:1; para mezclarlo divida el polvo en 2 partes iguales, incorporando una a una cada 15 segundos.\",\"breadcrumb\":{\"@id\":\"https:\/\/viardenlab.com\/mx\/producto\/pca#breadcrumb\"},\"inLanguage\":\"es\",\"potentialAction\":[{\"@type\":\"ReadAction\",\"target\":[\"https:\/\/viardenlab.com\/mx\/producto\/pca\"]}]},{\"@type\":\"ImageObject\",\"inLanguage\":\"es\",\"@id\":\"https:\/\/viardenlab.com\/mx\/producto\/pca#primaryimage\",\"url\":\"https:\/\/viardenlab.com\/mx\/wp-content\/uploads\/2023\/07\/pca-cemento-de-policarboxilato.jpg\",\"contentUrl\":\"https:\/\/viardenlab.com\/mx\/wp-content\/uploads\/2023\/07\/pca-cemento-de-policarboxilato.jpg\",\"width\":1000,\"height\":1000},{\"@type\":\"BreadcrumbList\",\"@id\":\"https:\/\/viardenlab.com\/mx\/producto\/pca#breadcrumb\",\"itemListElement\":[{\"@type\":\"ListItem\",\"position\":1,\"name\":\"Portada\",\"item\":\"https:\/\/viardenlab.com\/mx\/\"},{\"@type\":\"ListItem\",\"position\":2,\"name\":\"Productos\",\"item\":\"https:\/\/viardenlab.com\/mx\/shop\"},{\"@type\":\"ListItem\",\"position\":3,\"name\":\"P.C.A\"}]},{\"@type\":\"WebSite\",\"@id\":\"https:\/\/viardenlab.com\/mx\/#website\",\"url\":\"https:\/\/viardenlab.com\/mx\/\",\"name\":\"Viarden Lab\",\"description\":\"Compra Online directo a tu consultorio\",\"potentialAction\":[{\"@type\":\"SearchAction\",\"target\":{\"@type\":\"EntryPoint\",\"urlTemplate\":\"https:\/\/viardenlab.com\/mx\/?s={search_term_string}\"},\"query-input\":{\"@type\":\"PropertyValueSpecification\",\"valueRequired\":true,\"valueName\":\"search_term_string\"}}],\"inLanguage\":\"es\"}]}<\/script>\n<!-- \/ Yoast SEO plugin. -->","yoast_head_json":{"title":"P.C.A - Viarden Lab","description":"EL CEMENTO DE POLICARBOXILATO VIARDEN es un material fabricado con la m\u00e1s alta calidad. Su l\u00edquido \u00e1cido poliacr\u00edlico de alto peso molecular, mezclado con el polvo de part\u00edcula muy fina, proporciona las caracter\u00edsticas adecuadas para un cemento de este tipo.Siendo el PCA VIARDEN un cemento de policarboxilato, realiza uni\u00f3n qu\u00edmica con la dentina y el esmalte. Su relaci\u00f3n polvo l\u00edquido es de 1:1; para mezclarlo divida el polvo en 2 partes iguales, incorporando una a una cada 15 segundos.","robots":{"index":"index","follow":"follow","max-snippet":"max-snippet:-1","max-image-preview":"max-image-preview:large","max-video-preview":"max-video-preview:-1"},"canonical":"https:\/\/viardenlab.com\/mx\/producto\/pca","og_locale":"es_ES","og_type":"article","og_title":"P.C.A - Viarden Lab","og_description":"EL CEMENTO DE POLICARBOXILATO VIARDEN es un material fabricado con la m\u00e1s alta calidad. Su l\u00edquido \u00e1cido poliacr\u00edlico de alto peso molecular, mezclado con el polvo de part\u00edcula muy fina, proporciona las caracter\u00edsticas adecuadas para un cemento de este tipo.Siendo el PCA VIARDEN un cemento de policarboxilato, realiza uni\u00f3n qu\u00edmica con la dentina y el esmalte. Su relaci\u00f3n polvo l\u00edquido es de 1:1; para mezclarlo divida el polvo en 2 partes iguales, incorporando una a una cada 15 segundos.","og_url":"https:\/\/viardenlab.com\/mx\/producto\/pca","og_site_name":"Viarden Lab","article_modified_time":"2025-04-24T22:16:02+00:00","og_image":[{"width":1000,"height":1000,"url":"http:\/\/viardenlab.com\/mx\/wp-content\/uploads\/2023\/07\/pca-cemento-de-policarboxilato.jpg","type":"image\/jpeg"}],"twitter_misc":{"Tiempo de lectura":"1 minuto"},"schema":{"@context":"https:\/\/schema.org","@graph":[{"@type":"WebPage","@id":"https:\/\/viardenlab.com\/mx\/producto\/pca","url":"https:\/\/viardenlab.com\/mx\/producto\/pca","name":"P.C.A - Viarden Lab","isPartOf":{"@id":"https:\/\/viardenlab.com\/mx\/#website"},"primaryImageOfPage":{"@id":"https:\/\/viardenlab.com\/mx\/producto\/pca#primaryimage"},"image":{"@id":"https:\/\/viardenlab.com\/mx\/producto\/pca#primaryimage"},"thumbnailUrl":"https:\/\/viardenlab.com\/mx\/wp-content\/uploads\/2023\/07\/pca-cemento-de-policarboxilato.jpg","datePublished":"2017-03-31T23:58:27+00:00","dateModified":"2025-04-24T22:16:02+00:00","description":"EL CEMENTO DE POLICARBOXILATO VIARDEN es un material fabricado con la m\u00e1s alta calidad. Su l\u00edquido \u00e1cido poliacr\u00edlico de alto peso molecular, mezclado con el polvo de part\u00edcula muy fina, proporciona las caracter\u00edsticas adecuadas para un cemento de este tipo.Siendo el PCA VIARDEN un cemento de policarboxilato, realiza uni\u00f3n qu\u00edmica con la dentina y el esmalte. Su relaci\u00f3n polvo l\u00edquido es de 1:1; para mezclarlo divida el polvo en 2 partes iguales, incorporando una a una cada 15 segundos.","breadcrumb":{"@id":"https:\/\/viardenlab.com\/mx\/producto\/pca#breadcrumb"},"inLanguage":"es","potentialAction":[{"@type":"ReadAction","target":["https:\/\/viardenlab.com\/mx\/producto\/pca"]}]},{"@type":"ImageObject","inLanguage":"es","@id":"https:\/\/viardenlab.com\/mx\/producto\/pca#primaryimage","url":"https:\/\/viardenlab.com\/mx\/wp-content\/uploads\/2023\/07\/pca-cemento-de-policarboxilato.jpg","contentUrl":"https:\/\/viardenlab.com\/mx\/wp-content\/uploads\/2023\/07\/pca-cemento-de-policarboxilato.jpg","width":1000,"height":1000},{"@type":"BreadcrumbList","@id":"https:\/\/viardenlab.com\/mx\/producto\/pca#breadcrumb","itemListElement":[{"@type":"ListItem","position":1,"name":"Portada","item":"https:\/\/viardenlab.com\/mx\/"},{"@type":"ListItem","position":2,"name":"Productos","item":"https:\/\/viardenlab.com\/mx\/shop"},{"@type":"ListItem","position":3,"name":"P.C.A"}]},{"@type":"WebSite","@id":"https:\/\/viardenlab.com\/mx\/#website","url":"https:\/\/viardenlab.com\/mx\/","name":"Viarden Lab","description":"Compra Online directo a tu consultorio","potentialAction":[{"@type":"SearchAction","target":{"@type":"EntryPoint","urlTemplate":"https:\/\/viardenlab.com\/mx\/?s={search_term_string}"},"query-input":{"@type":"PropertyValueSpecification","valueRequired":true,"valueName":"search_term_string"}}],"inLanguage":"es"}]}},"_links":{"self":[{"href":"https:\/\/viardenlab.com\/mx\/wp-json\/wp\/v2\/product\/150","targetHints":{"allow":["GET"]}}],"collection":[{"href":"https:\/\/viardenlab.com\/mx\/wp-json\/wp\/v2\/product"}],"about":[{"href":"https:\/\/viardenlab.com\/mx\/wp-json\/wp\/v2\/types\/product"}],"wp:featuredmedia":[{"embeddable":true,"href":"https:\/\/viardenlab.com\/mx\/wp-json\/wp\/v2\/media\/9014"}],"wp:attachment":[{"href":"https:\/\/viardenlab.com\/mx\/wp-json\/wp\/v2\/media?parent=150"}],"wp:term":[{"taxonomy":"product_brand","embeddable":true,"href":"https:\/\/viardenlab.com\/mx\/wp-json\/wp\/v2\/product_brand?post=150"},{"taxonomy":"product_cat","embeddable":true,"href":"https:\/\/viardenlab.com\/mx\/wp-json\/wp\/v2\/product_cat?post=150"},{"taxonomy":"product_tag","embeddable":true,"href":"https:\/\/viardenlab.com\/mx\/wp-json\/wp\/v2\/product_tag?post=150"}],"curies":[{"name":"wp","href":"https:\/\/api.w.org\/{rel}","templated":true}]}}