{"id":127,"date":"2017-03-31T17:25:25","date_gmt":"2017-03-31T23:25:25","guid":{"rendered":"http:\/\/viardenlab.com\/mx\/producto\/tabletas-reveladoras-de-placa-caja-con-100-tabletas\/"},"modified":"2025-05-19T15:41:47","modified_gmt":"2025-05-19T21:41:47","slug":"da-360-colorante-revelador-de-placa","status":"publish","type":"product","link":"https:\/\/viardenlab.com\/mx\/producto\/da-360-colorante-revelador-de-placa","title":{"rendered":"DA-360 Colorante Revelador de Placa"},"content":{"rendered":"","protected":false},"excerpt":{"rendered":"<p><span class=\"s5\">Con la finalidad de dar apoyo a los m\u00e9todos de prevenci\u00f3n, V<\/span><span class=\"s5\">iardenLab<\/span><span class=\"s5\"> elabora la <\/span><span class=\"s5\">\u00a0 \u00a0 \u00a0 \u00a0 \u00a0DA-<\/span><span class=\"s5\">360 <\/span><span class=\"s5\">en<\/span><span class=\"s5\"> s<\/span><span class=\"s5\">\u00f3<\/span><span class=\"s5\">lido masticable <\/span><span class=\"s5\">y<\/span> <span class=\"s5\">s<\/span><span class=\"s5\">oluci\u00f3n, <\/span><span class=\"s5\">que,<\/span><span class=\"s5\"> al disolverse en la saliva, pintan la placa dentobacteriana o biofilm facilitando al paciente <\/span><span class=\"s5\">su detecci\u00f3n<\/span><span class=\"s5\">,<\/span><span class=\"s5\"> as\u00ed como su eliminaci\u00f3n por medio del cepillo dental sobre las zonas te\u00f1idas.<\/span><\/p>\n<p><a href=\"http:\/\/viardenlab.com\/mx\/producto\/solucion-y-tabletas-reveladoras-de-placa-dentobacteriana\"><span style=\"color: #ff0000;\">+ INFORMACI\u00d3N<\/span><\/a><\/p>\n<p> <a class=\"more-link\" href=\"https:\/\/viardenlab.com\/mx\/producto\/da-360-colorante-revelador-de-placa\">Leer m\u00e1s<\/a><\/p>","protected":false},"featured_media":11578,"template":"","meta":{"_joinchat":[]},"product_brand":[],"product_cat":[54,20,58],"product_tag":[310,1166,309],"class_list":{"0":"post-127","1":"product","2":"type-product","3":"status-publish","4":"has-post-thumbnail","6":"product_cat-colorante-revelador","7":"product_cat-home","8":"product_cat-odontologia-preventiva","9":"product_tag-solucion-y-tableta-reveladora","10":"product_tag-solucion-y-tabletas-reveladoras-de-placa-dentobacteriana","11":"product_tag-tabletas-reveladoras-de-placa","12":"pa_sabores-d7-bubblegum","13":"pa_sabores-09-cereza","15":"first","16":"outofstock","17":"shipping-taxable","18":"product-type-simple"},"aioseo_notices":[],"yoast_head":"<!-- This site is optimized with the Yoast SEO plugin v27.2 - https:\/\/yoast.com\/product\/yoast-seo-wordpress\/ -->\n<title>DA-360 Colorante Revelador de Placa - Viarden Lab<\/title>\n<meta name=\"description\" content=\"Durante la d\u00e9cada de los a\u00f1os cuarenta, la odontolog\u00eda empez\u00f3 a preocuparse por realizar procedimientos preventivos ya que tanto la enfermedad periodontal como la caries dental aumentaban su porcentaje de incidencia.Han sido muchos estudios realizados y muy variados los sistemas de prevenci\u00f3n que se han aplicado, es as\u00ed que se observ\u00f3 que sobre el diente y la mucosa gingival se forma, principalmente por falta de aseo adecuado, una placa que se le dio primero el nombre de placa dental y posteriormente placa dentobacteriana, que por la gran cantidad de colonias de bacterias que en ella habitan es la causa inicial de los problemas m\u00e1s frecuentes de laalteraci\u00f3n de la salud bucal.La detecci\u00f3n y localizaci\u00f3n de zonas en que se forma la placa dentobacteriana es tal vez el modo preventivo m\u00e1s eficiente para el control y disminuci\u00f3n de los problemas de la patolog\u00eda bucal. Al no ser perceptible en todos los lugares donde se implanta, se idearon m\u00e9todos de tinci\u00f3n que revelan su presencia para que por medio de cepillado se eliminara la placa dentobacteriana. Con la finalidad de dar apoyo a los m\u00e9todos de prevenci\u00f3n, VIARDEN elabora COLORANTE REVELADOR DE PLACA DENTOBACTERIANA y SOLUCI\u00d3N REVELADORA que al disolverse en la saliva, pintan la placa dentobacteriana facilitando al paciente la detecci\u00f3n de dicha placa as\u00ed como su eliminaci\u00f3n por medio del cepillo sobre las zonas te\u00f1idas.\" \/>\n<meta name=\"robots\" content=\"index, follow, max-snippet:-1, max-image-preview:large, max-video-preview:-1\" \/>\n<link rel=\"canonical\" href=\"https:\/\/viardenlab.com\/mx\/producto\/da-360-colorante-revelador-de-placa\" \/>\n<meta property=\"og:locale\" content=\"es_ES\" \/>\n<meta property=\"og:type\" content=\"article\" \/>\n<meta property=\"og:title\" content=\"DA-360 Colorante Revelador de Placa - Viarden Lab\" \/>\n<meta property=\"og:description\" content=\"Durante la d\u00e9cada de los a\u00f1os cuarenta, la odontolog\u00eda empez\u00f3 a preocuparse por realizar procedimientos preventivos ya que tanto la enfermedad periodontal como la caries dental aumentaban su porcentaje de incidencia.Han sido muchos estudios realizados y muy variados los sistemas de prevenci\u00f3n que se han aplicado, es as\u00ed que se observ\u00f3 que sobre el diente y la mucosa gingival se forma, principalmente por falta de aseo adecuado, una placa que se le dio primero el nombre de placa dental y posteriormente placa dentobacteriana, que por la gran cantidad de colonias de bacterias que en ella habitan es la causa inicial de los problemas m\u00e1s frecuentes de laalteraci\u00f3n de la salud bucal.La detecci\u00f3n y localizaci\u00f3n de zonas en que se forma la placa dentobacteriana es tal vez el modo preventivo m\u00e1s eficiente para el control y disminuci\u00f3n de los problemas de la patolog\u00eda bucal. Al no ser perceptible en todos los lugares donde se implanta, se idearon m\u00e9todos de tinci\u00f3n que revelan su presencia para que por medio de cepillado se eliminara la placa dentobacteriana. Con la finalidad de dar apoyo a los m\u00e9todos de prevenci\u00f3n, VIARDEN elabora COLORANTE REVELADOR DE PLACA DENTOBACTERIANA y SOLUCI\u00d3N REVELADORA que al disolverse en la saliva, pintan la placa dentobacteriana facilitando al paciente la detecci\u00f3n de dicha placa as\u00ed como su eliminaci\u00f3n por medio del cepillo sobre las zonas te\u00f1idas.\" \/>\n<meta property=\"og:url\" content=\"https:\/\/viardenlab.com\/mx\/producto\/da-360-colorante-revelador-de-placa\" \/>\n<meta property=\"og:site_name\" content=\"Viarden Lab\" \/>\n<meta property=\"article:modified_time\" content=\"2025-05-19T21:41:47+00:00\" \/>\n<meta property=\"og:image\" content=\"http:\/\/viardenlab.com\/mx\/wp-content\/uploads\/2017\/03\/Solucio\u0301n-y-tableta-reveladora-1.jpg\" \/>\n\t<meta property=\"og:image:width\" content=\"1693\" \/>\n\t<meta property=\"og:image:height\" content=\"888\" \/>\n\t<meta property=\"og:image:type\" content=\"image\/jpeg\" \/>\n<meta name=\"twitter:label1\" content=\"Tiempo de lectura\" \/>\n\t<meta name=\"twitter:data1\" content=\"1 minuto\" \/>\n<script type=\"application\/ld+json\" class=\"yoast-schema-graph\">{\"@context\":\"https:\/\/schema.org\",\"@graph\":[{\"@type\":\"WebPage\",\"@id\":\"https:\/\/viardenlab.com\/mx\/producto\/da-360-colorante-revelador-de-placa\",\"url\":\"https:\/\/viardenlab.com\/mx\/producto\/da-360-colorante-revelador-de-placa\",\"name\":\"DA-360 Colorante Revelador de Placa - Viarden Lab\",\"isPartOf\":{\"@id\":\"https:\/\/viardenlab.com\/mx\/#website\"},\"primaryImageOfPage\":{\"@id\":\"https:\/\/viardenlab.com\/mx\/producto\/da-360-colorante-revelador-de-placa#primaryimage\"},\"image\":{\"@id\":\"https:\/\/viardenlab.com\/mx\/producto\/da-360-colorante-revelador-de-placa#primaryimage\"},\"thumbnailUrl\":\"https:\/\/viardenlab.com\/mx\/wp-content\/uploads\/2017\/03\/Colorante-Revelador-de-Placa-1.jpg\",\"datePublished\":\"2017-03-31T23:25:25+00:00\",\"dateModified\":\"2025-05-19T21:41:47+00:00\",\"description\":\"Durante la d\u00e9cada de los a\u00f1os cuarenta, la odontolog\u00eda empez\u00f3 a preocuparse por realizar procedimientos preventivos ya que tanto la enfermedad periodontal como la caries dental aumentaban su porcentaje de incidencia.Han sido muchos estudios realizados y muy variados los sistemas de prevenci\u00f3n que se han aplicado, es as\u00ed que se observ\u00f3 que sobre el diente y la mucosa gingival se forma, principalmente por falta de aseo adecuado, una placa que se le dio primero el nombre de placa dental y posteriormente placa dentobacteriana, que por la gran cantidad de colonias de bacterias que en ella habitan es la causa inicial de los problemas m\u00e1s frecuentes de laalteraci\u00f3n de la salud bucal.La detecci\u00f3n y localizaci\u00f3n de zonas en que se forma la placa dentobacteriana es tal vez el modo preventivo m\u00e1s eficiente para el control y disminuci\u00f3n de los problemas de la patolog\u00eda bucal. Al no ser perceptible en todos los lugares donde se implanta, se idearon m\u00e9todos de tinci\u00f3n que revelan su presencia para que por medio de cepillado se eliminara la placa dentobacteriana. Con la finalidad de dar apoyo a los m\u00e9todos de prevenci\u00f3n, VIARDEN elabora COLORANTE REVELADOR DE PLACA DENTOBACTERIANA y SOLUCI\u00d3N REVELADORA que al disolverse en la saliva, pintan la placa dentobacteriana facilitando al paciente la detecci\u00f3n de dicha placa as\u00ed como su eliminaci\u00f3n por medio del cepillo sobre las zonas te\u00f1idas.\",\"breadcrumb\":{\"@id\":\"https:\/\/viardenlab.com\/mx\/producto\/da-360-colorante-revelador-de-placa#breadcrumb\"},\"inLanguage\":\"es\",\"potentialAction\":[{\"@type\":\"ReadAction\",\"target\":[\"https:\/\/viardenlab.com\/mx\/producto\/da-360-colorante-revelador-de-placa\"]}]},{\"@type\":\"ImageObject\",\"inLanguage\":\"es\",\"@id\":\"https:\/\/viardenlab.com\/mx\/producto\/da-360-colorante-revelador-de-placa#primaryimage\",\"url\":\"https:\/\/viardenlab.com\/mx\/wp-content\/uploads\/2017\/03\/Colorante-Revelador-de-Placa-1.jpg\",\"contentUrl\":\"https:\/\/viardenlab.com\/mx\/wp-content\/uploads\/2017\/03\/Colorante-Revelador-de-Placa-1.jpg\",\"width\":1000,\"height\":1000},{\"@type\":\"BreadcrumbList\",\"@id\":\"https:\/\/viardenlab.com\/mx\/producto\/da-360-colorante-revelador-de-placa#breadcrumb\",\"itemListElement\":[{\"@type\":\"ListItem\",\"position\":1,\"name\":\"Portada\",\"item\":\"https:\/\/viardenlab.com\/mx\/\"},{\"@type\":\"ListItem\",\"position\":2,\"name\":\"Productos\",\"item\":\"https:\/\/viardenlab.com\/mx\/shop\"},{\"@type\":\"ListItem\",\"position\":3,\"name\":\"DA-360 Colorante Revelador de Placa\"}]},{\"@type\":\"WebSite\",\"@id\":\"https:\/\/viardenlab.com\/mx\/#website\",\"url\":\"https:\/\/viardenlab.com\/mx\/\",\"name\":\"Viarden Lab\",\"description\":\"Compra Online directo a tu consultorio\",\"potentialAction\":[{\"@type\":\"SearchAction\",\"target\":{\"@type\":\"EntryPoint\",\"urlTemplate\":\"https:\/\/viardenlab.com\/mx\/?s={search_term_string}\"},\"query-input\":{\"@type\":\"PropertyValueSpecification\",\"valueRequired\":true,\"valueName\":\"search_term_string\"}}],\"inLanguage\":\"es\"}]}<\/script>\n<!-- \/ Yoast SEO plugin. -->","yoast_head_json":{"title":"DA-360 Colorante Revelador de Placa - Viarden Lab","description":"Durante la d\u00e9cada de los a\u00f1os cuarenta, la odontolog\u00eda empez\u00f3 a preocuparse por realizar procedimientos preventivos ya que tanto la enfermedad periodontal como la caries dental aumentaban su porcentaje de incidencia.Han sido muchos estudios realizados y muy variados los sistemas de prevenci\u00f3n que se han aplicado, es as\u00ed que se observ\u00f3 que sobre el diente y la mucosa gingival se forma, principalmente por falta de aseo adecuado, una placa que se le dio primero el nombre de placa dental y posteriormente placa dentobacteriana, que por la gran cantidad de colonias de bacterias que en ella habitan es la causa inicial de los problemas m\u00e1s frecuentes de laalteraci\u00f3n de la salud bucal.La detecci\u00f3n y localizaci\u00f3n de zonas en que se forma la placa dentobacteriana es tal vez el modo preventivo m\u00e1s eficiente para el control y disminuci\u00f3n de los problemas de la patolog\u00eda bucal. Al no ser perceptible en todos los lugares donde se implanta, se idearon m\u00e9todos de tinci\u00f3n que revelan su presencia para que por medio de cepillado se eliminara la placa dentobacteriana. Con la finalidad de dar apoyo a los m\u00e9todos de prevenci\u00f3n, VIARDEN elabora COLORANTE REVELADOR DE PLACA DENTOBACTERIANA y SOLUCI\u00d3N REVELADORA que al disolverse en la saliva, pintan la placa dentobacteriana facilitando al paciente la detecci\u00f3n de dicha placa as\u00ed como su eliminaci\u00f3n por medio del cepillo sobre las zonas te\u00f1idas.","robots":{"index":"index","follow":"follow","max-snippet":"max-snippet:-1","max-image-preview":"max-image-preview:large","max-video-preview":"max-video-preview:-1"},"canonical":"https:\/\/viardenlab.com\/mx\/producto\/da-360-colorante-revelador-de-placa","og_locale":"es_ES","og_type":"article","og_title":"DA-360 Colorante Revelador de Placa - Viarden Lab","og_description":"Durante la d\u00e9cada de los a\u00f1os cuarenta, la odontolog\u00eda empez\u00f3 a preocuparse por realizar procedimientos preventivos ya que tanto la enfermedad periodontal como la caries dental aumentaban su porcentaje de incidencia.Han sido muchos estudios realizados y muy variados los sistemas de prevenci\u00f3n que se han aplicado, es as\u00ed que se observ\u00f3 que sobre el diente y la mucosa gingival se forma, principalmente por falta de aseo adecuado, una placa que se le dio primero el nombre de placa dental y posteriormente placa dentobacteriana, que por la gran cantidad de colonias de bacterias que en ella habitan es la causa inicial de los problemas m\u00e1s frecuentes de laalteraci\u00f3n de la salud bucal.La detecci\u00f3n y localizaci\u00f3n de zonas en que se forma la placa dentobacteriana es tal vez el modo preventivo m\u00e1s eficiente para el control y disminuci\u00f3n de los problemas de la patolog\u00eda bucal. Al no ser perceptible en todos los lugares donde se implanta, se idearon m\u00e9todos de tinci\u00f3n que revelan su presencia para que por medio de cepillado se eliminara la placa dentobacteriana. Con la finalidad de dar apoyo a los m\u00e9todos de prevenci\u00f3n, VIARDEN elabora COLORANTE REVELADOR DE PLACA DENTOBACTERIANA y SOLUCI\u00d3N REVELADORA que al disolverse en la saliva, pintan la placa dentobacteriana facilitando al paciente la detecci\u00f3n de dicha placa as\u00ed como su eliminaci\u00f3n por medio del cepillo sobre las zonas te\u00f1idas.","og_url":"https:\/\/viardenlab.com\/mx\/producto\/da-360-colorante-revelador-de-placa","og_site_name":"Viarden Lab","article_modified_time":"2025-05-19T21:41:47+00:00","og_image":[{"width":1693,"height":888,"url":"http:\/\/viardenlab.com\/mx\/wp-content\/uploads\/2017\/03\/Solucio\u0301n-y-tableta-reveladora-1.jpg","type":"image\/jpeg"}],"twitter_misc":{"Tiempo de lectura":"1 minuto"},"schema":{"@context":"https:\/\/schema.org","@graph":[{"@type":"WebPage","@id":"https:\/\/viardenlab.com\/mx\/producto\/da-360-colorante-revelador-de-placa","url":"https:\/\/viardenlab.com\/mx\/producto\/da-360-colorante-revelador-de-placa","name":"DA-360 Colorante Revelador de Placa - Viarden Lab","isPartOf":{"@id":"https:\/\/viardenlab.com\/mx\/#website"},"primaryImageOfPage":{"@id":"https:\/\/viardenlab.com\/mx\/producto\/da-360-colorante-revelador-de-placa#primaryimage"},"image":{"@id":"https:\/\/viardenlab.com\/mx\/producto\/da-360-colorante-revelador-de-placa#primaryimage"},"thumbnailUrl":"https:\/\/viardenlab.com\/mx\/wp-content\/uploads\/2017\/03\/Colorante-Revelador-de-Placa-1.jpg","datePublished":"2017-03-31T23:25:25+00:00","dateModified":"2025-05-19T21:41:47+00:00","description":"Durante la d\u00e9cada de los a\u00f1os cuarenta, la odontolog\u00eda empez\u00f3 a preocuparse por realizar procedimientos preventivos ya que tanto la enfermedad periodontal como la caries dental aumentaban su porcentaje de incidencia.Han sido muchos estudios realizados y muy variados los sistemas de prevenci\u00f3n que se han aplicado, es as\u00ed que se observ\u00f3 que sobre el diente y la mucosa gingival se forma, principalmente por falta de aseo adecuado, una placa que se le dio primero el nombre de placa dental y posteriormente placa dentobacteriana, que por la gran cantidad de colonias de bacterias que en ella habitan es la causa inicial de los problemas m\u00e1s frecuentes de laalteraci\u00f3n de la salud bucal.La detecci\u00f3n y localizaci\u00f3n de zonas en que se forma la placa dentobacteriana es tal vez el modo preventivo m\u00e1s eficiente para el control y disminuci\u00f3n de los problemas de la patolog\u00eda bucal. Al no ser perceptible en todos los lugares donde se implanta, se idearon m\u00e9todos de tinci\u00f3n que revelan su presencia para que por medio de cepillado se eliminara la placa dentobacteriana. Con la finalidad de dar apoyo a los m\u00e9todos de prevenci\u00f3n, VIARDEN elabora COLORANTE REVELADOR DE PLACA DENTOBACTERIANA y SOLUCI\u00d3N REVELADORA que al disolverse en la saliva, pintan la placa dentobacteriana facilitando al paciente la detecci\u00f3n de dicha placa as\u00ed como su eliminaci\u00f3n por medio del cepillo sobre las zonas te\u00f1idas.","breadcrumb":{"@id":"https:\/\/viardenlab.com\/mx\/producto\/da-360-colorante-revelador-de-placa#breadcrumb"},"inLanguage":"es","potentialAction":[{"@type":"ReadAction","target":["https:\/\/viardenlab.com\/mx\/producto\/da-360-colorante-revelador-de-placa"]}]},{"@type":"ImageObject","inLanguage":"es","@id":"https:\/\/viardenlab.com\/mx\/producto\/da-360-colorante-revelador-de-placa#primaryimage","url":"https:\/\/viardenlab.com\/mx\/wp-content\/uploads\/2017\/03\/Colorante-Revelador-de-Placa-1.jpg","contentUrl":"https:\/\/viardenlab.com\/mx\/wp-content\/uploads\/2017\/03\/Colorante-Revelador-de-Placa-1.jpg","width":1000,"height":1000},{"@type":"BreadcrumbList","@id":"https:\/\/viardenlab.com\/mx\/producto\/da-360-colorante-revelador-de-placa#breadcrumb","itemListElement":[{"@type":"ListItem","position":1,"name":"Portada","item":"https:\/\/viardenlab.com\/mx\/"},{"@type":"ListItem","position":2,"name":"Productos","item":"https:\/\/viardenlab.com\/mx\/shop"},{"@type":"ListItem","position":3,"name":"DA-360 Colorante Revelador de Placa"}]},{"@type":"WebSite","@id":"https:\/\/viardenlab.com\/mx\/#website","url":"https:\/\/viardenlab.com\/mx\/","name":"Viarden Lab","description":"Compra Online directo a tu consultorio","potentialAction":[{"@type":"SearchAction","target":{"@type":"EntryPoint","urlTemplate":"https:\/\/viardenlab.com\/mx\/?s={search_term_string}"},"query-input":{"@type":"PropertyValueSpecification","valueRequired":true,"valueName":"search_term_string"}}],"inLanguage":"es"}]}},"_links":{"self":[{"href":"https:\/\/viardenlab.com\/mx\/wp-json\/wp\/v2\/product\/127","targetHints":{"allow":["GET"]}}],"collection":[{"href":"https:\/\/viardenlab.com\/mx\/wp-json\/wp\/v2\/product"}],"about":[{"href":"https:\/\/viardenlab.com\/mx\/wp-json\/wp\/v2\/types\/product"}],"wp:featuredmedia":[{"embeddable":true,"href":"https:\/\/viardenlab.com\/mx\/wp-json\/wp\/v2\/media\/11578"}],"wp:attachment":[{"href":"https:\/\/viardenlab.com\/mx\/wp-json\/wp\/v2\/media?parent=127"}],"wp:term":[{"taxonomy":"product_brand","embeddable":true,"href":"https:\/\/viardenlab.com\/mx\/wp-json\/wp\/v2\/product_brand?post=127"},{"taxonomy":"product_cat","embeddable":true,"href":"https:\/\/viardenlab.com\/mx\/wp-json\/wp\/v2\/product_cat?post=127"},{"taxonomy":"product_tag","embeddable":true,"href":"https:\/\/viardenlab.com\/mx\/wp-json\/wp\/v2\/product_tag?post=127"}],"curies":[{"name":"wp","href":"https:\/\/api.w.org\/{rel}","templated":true}]}}