{"id":6677,"date":"2020-10-14T11:46:52","date_gmt":"2020-10-14T16:46:52","guid":{"rendered":"http:\/\/viardenlab.com\/mx\/?page_id=6677"},"modified":"2025-04-24T14:08:55","modified_gmt":"2025-04-24T20:08:55","slug":"empresa","status":"publish","type":"page","link":"https:\/\/viardenlab.com\/mx\/empresa","title":{"rendered":"Empresa"},"content":{"rendered":"\t\t<div data-elementor-type=\"wp-page\" data-elementor-id=\"6677\" class=\"elementor elementor-6677\" data-elementor-settings=\"{&quot;ha_cmc_init_switcher&quot;:&quot;no&quot;}\" data-elementor-post-type=\"page\">\n\t\t\t\t\t\t<section class=\"elementor-section elementor-top-section elementor-element elementor-element-27aa17c elementor-section-boxed elementor-section-height-default elementor-section-height-default exad-glass-effect-no wpr-particle-no wpr-jarallax-no wpr-parallax-no wpr-sticky-section-no exad-sticky-section-no\" data-id=\"27aa17c\" data-element_type=\"section\" data-e-type=\"section\" data-settings=\"{&quot;_ha_eqh_enable&quot;:false}\">\n\t\t\t\t\t\t<div class=\"elementor-container elementor-column-gap-default\">\n\t\t\t\t\t<div class=\"elementor-column elementor-col-100 elementor-top-column elementor-element elementor-element-79756a6 exad-glass-effect-no exad-sticky-section-no\" data-id=\"79756a6\" data-element_type=\"column\" data-e-type=\"column\">\n\t\t\t<div class=\"elementor-widget-wrap elementor-element-populated\">\n\t\t\t\t\t\t<div class=\"elementor-element elementor-element-a893ec1 exad-sticky-section-no exad-glass-effect-no elementor-invisible elementor-widget elementor-widget-text-editor\" data-id=\"a893ec1\" data-element_type=\"widget\" data-e-type=\"widget\" data-settings=\"{&quot;_animation&quot;:&quot;fadeInUp&quot;}\" data-widget_type=\"text-editor.default\">\n\t\t\t\t<div class=\"elementor-widget-container\">\n\t\t\t\t\t\t\t\t\t<p class=\"s5\"><strong><span class=\"s3\">Viarden<\/span><\/strong><span class=\"s4\"> es una empresa orgullosamente mexicana, fundada en <\/span><span class=\"s4\">F<\/span><span class=\"s4\">ebrero de 1984, especializada en la fabricaci\u00f3n y distribuci\u00f3n de productos odontol\u00f3gicos de la m\u00e1s alta calidad. Con m\u00e1s de cuatro d\u00e9cadas de trayectoria, nos hemos posicionado como un referente en el sector gracias al respaldo acad\u00e9mico y cient\u00edfico de diversas escuelas y facultades de odontolog\u00eda, lo cual ha fortalecido nuestra credibilidad y proyecci\u00f3n tanto a nivel nacional como internacional.<\/span><\/p><p class=\"s5\"><span class=\"s4\">En el a\u00f1o 2016, iniciamos un importante proceso de expansi\u00f3n internacional con la apertura de operaciones en los Estados Unidos<\/span><span class=\"s4\">,<\/span><span class=\"s4\"> contando hoy en <\/span><span class=\"s4\">d\u00eda<\/span><span class=\"s4\"> con<\/span><span class=\"s4\"> instalaciones <\/span><span class=\"s4\">en <\/span><span class=\"s4\">Ciudad de <\/span><span class=\"s4\">M\u00e9xico<\/span><span class=\"s4\">,<\/span> <span class=\"s4\">Quer\u00e9taro<\/span><span class=\"s4\"> y Texas<\/span><span class=\"s4\">. <\/span><span class=\"s4\">Esta estrategia no solo consolid\u00f3 nuestra presencia global, sino que tambi\u00e9n elev\u00f3 nuestros est\u00e1ndares de calidad y nos permiti\u00f3 cumplir rigurosamente con las normativas sanitarias de organismos como la FDA, entre otros.<\/span><\/p><p class=\"s5\"><span class=\"s4\">Como parte de nuestra visi\u00f3n de crecimiento estrat\u00e9gico, hemos forjado alianzas con destacadas firmas internacionales, obteniendo la distribuci\u00f3n exclusiva en M\u00e9xico de marcas reconocidas como <\/span><strong><span class=\"s3\">Anger<\/span><span class=\"s4\">, <\/span><span class=\"s3\">Neolix<\/span><span class=\"s4\"> y <\/span><span class=\"s3\">BlueM<\/span><\/strong><span class=\"s4\">. Esta colaboraci\u00f3n, en conjunto con nuestra capacidad productiva, nos permite responder de manera eficaz y puntual a las exigencias del profesional en salud bucodental.<\/span><\/p><p class=\"s5\"><span class=\"s4\">Actualmente, <\/span><strong><span class=\"s3\">Viarden<\/span><\/strong><span class=\"s4\"> cuenta con m\u00e1s de <\/span><strong><span class=\"s3\">2,500 m\u00b2<\/span><\/strong><span class=\"s4\"> de infraestructura dedicada a la producci\u00f3n, investigaci\u00f3n, control de calidad, almacenamiento, capacitaci\u00f3n y gesti\u00f3n administrativa. Estas instalaciones son reflejo de nuestro firme compromiso con la innovaci\u00f3n, el desarrollo tecnol\u00f3gico y la mejora continua.<\/span><\/p>\t\t\t\t\t\t\t\t<\/div>\n\t\t\t\t<\/div>\n\t\t\t\t<section class=\"elementor-section elementor-inner-section elementor-element elementor-element-1daa423 elementor-section-boxed elementor-section-height-default elementor-section-height-default exad-glass-effect-no wpr-particle-no wpr-jarallax-no wpr-parallax-no wpr-sticky-section-no exad-sticky-section-no\" data-id=\"1daa423\" data-element_type=\"section\" data-e-type=\"section\" data-settings=\"{&quot;background_background&quot;:&quot;classic&quot;,&quot;_ha_eqh_enable&quot;:false}\">\n\t\t\t\t\t\t<div class=\"elementor-container elementor-column-gap-default\">\n\t\t\t\t\t<div class=\"elementor-column elementor-col-50 elementor-inner-column elementor-element elementor-element-a4bec9c exad-glass-effect-no exad-sticky-section-no\" data-id=\"a4bec9c\" data-element_type=\"column\" data-e-type=\"column\">\n\t\t\t<div class=\"elementor-widget-wrap elementor-element-populated\">\n\t\t\t\t\t\t<div class=\"elementor-element elementor-element-a6de0e5 exad-sticky-section-no exad-glass-effect-no elementor-invisible elementor-widget elementor-widget-heading\" data-id=\"a6de0e5\" data-element_type=\"widget\" data-e-type=\"widget\" data-settings=\"{&quot;_animation&quot;:&quot;fadeInUp&quot;}\" data-widget_type=\"heading.default\">\n\t\t\t\t<div class=\"elementor-widget-container\">\n\t\t\t\t\t<h2 class=\"elementor-heading-title elementor-size-default\">MISI\u00d3N<\/h2>\t\t\t\t<\/div>\n\t\t\t\t<\/div>\n\t\t\t\t<div class=\"elementor-element elementor-element-d99729e exad-sticky-section-no exad-glass-effect-no elementor-invisible elementor-widget elementor-widget-text-editor\" data-id=\"d99729e\" data-element_type=\"widget\" data-e-type=\"widget\" data-settings=\"{&quot;_animation&quot;:&quot;fadeInUp&quot;}\" data-widget_type=\"text-editor.default\">\n\t\t\t\t<div class=\"elementor-widget-container\">\n\t\t\t\t\t\t\t\t\tProveer a los profesionales de la salud en particular del \u00e1mbito odontol\u00f3gico productos y servicios de excelencia, con precios justos y en estricto cumplimiento de las normativas nacionales e internacionales, promoviendo adem\u00e1s su formaci\u00f3n integral y continua.\n\n\t\t\t\t\t\t\t\t<\/div>\n\t\t\t\t<\/div>\n\t\t\t\t\t<\/div>\n\t\t<\/div>\n\t\t\t\t<div class=\"elementor-column elementor-col-50 elementor-inner-column elementor-element elementor-element-0941337 exad-glass-effect-no exad-sticky-section-no\" data-id=\"0941337\" data-element_type=\"column\" data-e-type=\"column\">\n\t\t\t<div class=\"elementor-widget-wrap elementor-element-populated\">\n\t\t\t\t\t\t<div class=\"elementor-element elementor-element-2de878f exad-sticky-section-no exad-glass-effect-no elementor-invisible elementor-widget elementor-widget-heading\" data-id=\"2de878f\" data-element_type=\"widget\" data-e-type=\"widget\" data-settings=\"{&quot;_animation&quot;:&quot;fadeInUp&quot;}\" data-widget_type=\"heading.default\">\n\t\t\t\t<div class=\"elementor-widget-container\">\n\t\t\t\t\t<h2 class=\"elementor-heading-title elementor-size-default\">VISI\u00d3N<\/h2>\t\t\t\t<\/div>\n\t\t\t\t<\/div>\n\t\t\t\t<div class=\"elementor-element elementor-element-5feafad exad-sticky-section-no exad-glass-effect-no elementor-invisible elementor-widget elementor-widget-text-editor\" data-id=\"5feafad\" data-element_type=\"widget\" data-e-type=\"widget\" data-settings=\"{&quot;_animation&quot;:&quot;fadeInUp&quot;}\" data-widget_type=\"text-editor.default\">\n\t\t\t\t<div class=\"elementor-widget-container\">\n\t\t\t\t\t\t\t\t\t<p>Consolidarnos como l\u00edderes en el \u00e1mbito nacional e internacional, reafirmando nuestro car\u00e1cter como empresa 100% mexicana, reconocida por ofrecer soluciones innovadoras y confiables que contribuyan al bienestar y a la salud bucodental de la poblaci\u00f3n.<\/p>\t\t\t\t\t\t\t\t<\/div>\n\t\t\t\t<\/div>\n\t\t\t\t\t<\/div>\n\t\t<\/div>\n\t\t\t\t\t<\/div>\n\t\t<\/section>\n\t\t\t\t\t<\/div>\n\t\t<\/div>\n\t\t\t\t\t<\/div>\n\t\t<\/section>\n\t\t\t\t<\/div>\n\t\t","protected":false},"excerpt":{"rendered":"<p>Viarden es una empresa orgullosamente mexicana, fundada en Febrero de 1984, especializada en la fabricaci\u00f3n y distribuci\u00f3n de productos odontol\u00f3gicos de la m\u00e1s alta calidad. Con m\u00e1s de cuatro d\u00e9cadas&hellip;<\/p>\n<p> <a class=\"more-link\" href=\"https:\/\/viardenlab.com\/mx\/empresa\">Leer m\u00e1s<\/a><\/p>\n","protected":false},"author":1,"featured_media":0,"parent":0,"menu_order":0,"comment_status":"closed","ping_status":"closed","template":"elementor_header_footer","meta":{"_joinchat":[],"footnotes":""},"class_list":["post-6677","page","type-page","status-publish"],"aioseo_notices":[],"yoast_head":"<!-- This site is optimized with the Yoast SEO plugin v27.2 - https:\/\/yoast.com\/product\/yoast-seo-wordpress\/ -->\n<title>Empresa - Viarden Lab<\/title>\n<meta name=\"robots\" content=\"index, follow, max-snippet:-1, max-image-preview:large, max-video-preview:-1\" \/>\n<link rel=\"canonical\" href=\"https:\/\/viardenlab.com\/mx\/empresa\" \/>\n<meta property=\"og:locale\" content=\"es_ES\" \/>\n<meta property=\"og:type\" content=\"article\" \/>\n<meta property=\"og:title\" content=\"Empresa - Viarden Lab\" \/>\n<meta property=\"og:description\" content=\"Viarden es una empresa orgullosamente mexicana, fundada en Febrero de 1984, especializada en la fabricaci\u00f3n y distribuci\u00f3n de productos odontol\u00f3gicos de la m\u00e1s alta calidad. Con m\u00e1s de cuatro d\u00e9cadas&hellip;  Leer m\u00e1s\" \/>\n<meta property=\"og:url\" content=\"https:\/\/viardenlab.com\/mx\/empresa\" \/>\n<meta property=\"og:site_name\" content=\"Viarden Lab\" \/>\n<meta property=\"article:modified_time\" content=\"2025-04-24T20:08:55+00:00\" \/>\n<meta name=\"twitter:label1\" content=\"Tiempo de lectura\" \/>\n\t<meta name=\"twitter:data1\" content=\"2 minutos\" \/>\n<script type=\"application\/ld+json\" class=\"yoast-schema-graph\">{\"@context\":\"https:\/\/schema.org\",\"@graph\":[{\"@type\":\"WebPage\",\"@id\":\"https:\/\/viardenlab.com\/mx\/empresa\",\"url\":\"https:\/\/viardenlab.com\/mx\/empresa\",\"name\":\"Empresa - Viarden Lab\",\"isPartOf\":{\"@id\":\"https:\/\/viardenlab.com\/mx\/#website\"},\"datePublished\":\"2020-10-14T16:46:52+00:00\",\"dateModified\":\"2025-04-24T20:08:55+00:00\",\"breadcrumb\":{\"@id\":\"https:\/\/viardenlab.com\/mx\/empresa#breadcrumb\"},\"inLanguage\":\"es\",\"potentialAction\":[{\"@type\":\"ReadAction\",\"target\":[\"https:\/\/viardenlab.com\/mx\/empresa\"]}]},{\"@type\":\"BreadcrumbList\",\"@id\":\"https:\/\/viardenlab.com\/mx\/empresa#breadcrumb\",\"itemListElement\":[{\"@type\":\"ListItem\",\"position\":1,\"name\":\"Portada\",\"item\":\"https:\/\/viardenlab.com\/mx\/\"},{\"@type\":\"ListItem\",\"position\":2,\"name\":\"Empresa\"}]},{\"@type\":\"WebSite\",\"@id\":\"https:\/\/viardenlab.com\/mx\/#website\",\"url\":\"https:\/\/viardenlab.com\/mx\/\",\"name\":\"Viarden Lab\",\"description\":\"Compra Online directo a tu consultorio\",\"potentialAction\":[{\"@type\":\"SearchAction\",\"target\":{\"@type\":\"EntryPoint\",\"urlTemplate\":\"https:\/\/viardenlab.com\/mx\/?s={search_term_string}\"},\"query-input\":{\"@type\":\"PropertyValueSpecification\",\"valueRequired\":true,\"valueName\":\"search_term_string\"}}],\"inLanguage\":\"es\"}]}<\/script>\n<!-- \/ Yoast SEO plugin. -->","yoast_head_json":{"title":"Empresa - Viarden Lab","robots":{"index":"index","follow":"follow","max-snippet":"max-snippet:-1","max-image-preview":"max-image-preview:large","max-video-preview":"max-video-preview:-1"},"canonical":"https:\/\/viardenlab.com\/mx\/empresa","og_locale":"es_ES","og_type":"article","og_title":"Empresa - Viarden Lab","og_description":"Viarden es una empresa orgullosamente mexicana, fundada en Febrero de 1984, especializada en la fabricaci\u00f3n y distribuci\u00f3n de productos odontol\u00f3gicos de la m\u00e1s alta calidad. Con m\u00e1s de cuatro d\u00e9cadas&hellip;  Leer m\u00e1s","og_url":"https:\/\/viardenlab.com\/mx\/empresa","og_site_name":"Viarden Lab","article_modified_time":"2025-04-24T20:08:55+00:00","twitter_misc":{"Tiempo de lectura":"2 minutos"},"schema":{"@context":"https:\/\/schema.org","@graph":[{"@type":"WebPage","@id":"https:\/\/viardenlab.com\/mx\/empresa","url":"https:\/\/viardenlab.com\/mx\/empresa","name":"Empresa - Viarden Lab","isPartOf":{"@id":"https:\/\/viardenlab.com\/mx\/#website"},"datePublished":"2020-10-14T16:46:52+00:00","dateModified":"2025-04-24T20:08:55+00:00","breadcrumb":{"@id":"https:\/\/viardenlab.com\/mx\/empresa#breadcrumb"},"inLanguage":"es","potentialAction":[{"@type":"ReadAction","target":["https:\/\/viardenlab.com\/mx\/empresa"]}]},{"@type":"BreadcrumbList","@id":"https:\/\/viardenlab.com\/mx\/empresa#breadcrumb","itemListElement":[{"@type":"ListItem","position":1,"name":"Portada","item":"https:\/\/viardenlab.com\/mx\/"},{"@type":"ListItem","position":2,"name":"Empresa"}]},{"@type":"WebSite","@id":"https:\/\/viardenlab.com\/mx\/#website","url":"https:\/\/viardenlab.com\/mx\/","name":"Viarden Lab","description":"Compra Online directo a tu consultorio","potentialAction":[{"@type":"SearchAction","target":{"@type":"EntryPoint","urlTemplate":"https:\/\/viardenlab.com\/mx\/?s={search_term_string}"},"query-input":{"@type":"PropertyValueSpecification","valueRequired":true,"valueName":"search_term_string"}}],"inLanguage":"es"}]}},"_links":{"self":[{"href":"https:\/\/viardenlab.com\/mx\/wp-json\/wp\/v2\/pages\/6677","targetHints":{"allow":["GET"]}}],"collection":[{"href":"https:\/\/viardenlab.com\/mx\/wp-json\/wp\/v2\/pages"}],"about":[{"href":"https:\/\/viardenlab.com\/mx\/wp-json\/wp\/v2\/types\/page"}],"author":[{"embeddable":true,"href":"https:\/\/viardenlab.com\/mx\/wp-json\/wp\/v2\/users\/1"}],"replies":[{"embeddable":true,"href":"https:\/\/viardenlab.com\/mx\/wp-json\/wp\/v2\/comments?post=6677"}],"version-history":[{"count":17,"href":"https:\/\/viardenlab.com\/mx\/wp-json\/wp\/v2\/pages\/6677\/revisions"}],"predecessor-version":[{"id":11068,"href":"https:\/\/viardenlab.com\/mx\/wp-json\/wp\/v2\/pages\/6677\/revisions\/11068"}],"wp:attachment":[{"href":"https:\/\/viardenlab.com\/mx\/wp-json\/wp\/v2\/media?parent=6677"}],"curies":[{"name":"wp","href":"https:\/\/api.w.org\/{rel}","templated":true}]}}