{"id":6443,"date":"2020-10-08T23:25:28","date_gmt":"2020-10-09T04:25:28","guid":{"rendered":"http:\/\/viardenlab.com\/mx\/?page_id=6443"},"modified":"2025-01-09T16:24:57","modified_gmt":"2025-01-09T22:24:57","slug":"cursos-y-eventos","status":"publish","type":"page","link":"https:\/\/viardenlab.com\/mx\/cursos-y-eventos","title":{"rendered":"Cursos y eventos"},"content":{"rendered":"\t\t<div data-elementor-type=\"wp-page\" data-elementor-id=\"6443\" class=\"elementor elementor-6443\" data-elementor-settings=\"{&quot;ha_cmc_init_switcher&quot;:&quot;no&quot;}\" data-elementor-post-type=\"page\">\n\t\t\t\t\t\t<section class=\"elementor-section elementor-top-section elementor-element elementor-element-3506f27 elementor-section-stretched elementor-section-boxed elementor-section-height-default elementor-section-height-default exad-glass-effect-no wpr-particle-no wpr-jarallax-no wpr-parallax-no wpr-sticky-section-no exad-sticky-section-no\" data-id=\"3506f27\" data-element_type=\"section\" data-e-type=\"section\" data-settings=\"{&quot;stretch_section&quot;:&quot;section-stretched&quot;,&quot;_ha_eqh_enable&quot;:false}\">\n\t\t\t\t\t\t<div class=\"elementor-container elementor-column-gap-default\">\n\t\t\t\t\t<div class=\"elementor-column elementor-col-100 elementor-top-column elementor-element elementor-element-e7a47b4 exad-glass-effect-no exad-sticky-section-no\" data-id=\"e7a47b4\" data-element_type=\"column\" data-e-type=\"column\">\n\t\t\t<div class=\"elementor-widget-wrap elementor-element-populated\">\n\t\t\t\t\t\t<div class=\"elementor-element elementor-element-762c523 elementor-hidden-desktop elementor-hidden-tablet elementor-hidden-mobile exad-sticky-section-no exad-glass-effect-no elementor-widget elementor-widget-wp-widget-search\" data-id=\"762c523\" data-element_type=\"widget\" data-e-type=\"widget\" data-widget_type=\"wp-widget-search.default\">\n\t\t\t\t<div class=\"elementor-widget-container\">\n\t\t\t\t\t\r\n                <form class=\"search-form\" role=\"search\" method=\"get\" action=\"https:\/\/viardenlab.com\/mx\/\" >\r\n                    <fieldset class=\"semantic\">\r\n                        <input placeholder=\"Buscar &hellip;\" type=\"search\" name=\"s\" id=\"s1\" value=\"\" \/>\r\n                        <input type=\"submit\" id=\"searchsubmit1\" title=\"Buscar\" value=\"Buscar\" \/>\r\n                        \r\n                        \r\n                    <\/fieldset>\r\n                <\/form>\t\t\t\t<\/div>\n\t\t\t\t<\/div>\n\t\t\t\t<div class=\"elementor-element elementor-element-bd26dd6 elementor-grid-3 elementor-grid-tablet-2 elementor-grid-mobile-1 elementor-posts--thumbnail-top elementor-card-shadow-yes elementor-posts__hover-gradient exad-sticky-section-no exad-glass-effect-no elementor-widget elementor-widget-posts\" data-id=\"bd26dd6\" data-element_type=\"widget\" data-e-type=\"widget\" data-settings=\"{&quot;pagination_type&quot;:&quot;numbers_and_prev_next&quot;,&quot;cards_columns&quot;:&quot;3&quot;,&quot;cards_columns_tablet&quot;:&quot;2&quot;,&quot;cards_columns_mobile&quot;:&quot;1&quot;,&quot;cards_row_gap&quot;:{&quot;unit&quot;:&quot;px&quot;,&quot;size&quot;:35,&quot;sizes&quot;:[]},&quot;cards_row_gap_tablet&quot;:{&quot;unit&quot;:&quot;px&quot;,&quot;size&quot;:&quot;&quot;,&quot;sizes&quot;:[]},&quot;cards_row_gap_mobile&quot;:{&quot;unit&quot;:&quot;px&quot;,&quot;size&quot;:&quot;&quot;,&quot;sizes&quot;:[]}}\" data-widget_type=\"posts.cards\">\n\t\t\t\t<div class=\"elementor-widget-container\">\n\t\t\t\t\t\t\t<div class=\"elementor-posts-container elementor-posts elementor-posts--skin-cards elementor-grid\" role=\"list\">\n\t\t\t\t<article class=\"elementor-post elementor-grid-item post-12070 post type-post status-publish format-standard has-post-thumbnail category-cursos-y-eventos tag-eventos\" role=\"listitem\">\n\t\t\t<div class=\"elementor-post__card\">\n\t\t\t\t<a class=\"elementor-post__thumbnail__link\" href=\"https:\/\/viardenlab.com\/mx\/relacion-riesgo-prevencion-en-odontopediatria\/.html\" tabindex=\"-1\" ><div class=\"elementor-post__thumbnail\"><img fetchpriority=\"high\" decoding=\"async\" width=\"1080\" height=\"1350\" src=\"https:\/\/viardenlab.com\/mx\/wp-content\/uploads\/2026\/04\/WhatsApp-Image-2026-04-08-at-12.01.27-PM.jpeg\" class=\"attachment-full size-full wp-image-12072\" alt=\"\" srcset=\"https:\/\/viardenlab.com\/mx\/wp-content\/uploads\/2026\/04\/WhatsApp-Image-2026-04-08-at-12.01.27-PM.jpeg 1080w, https:\/\/viardenlab.com\/mx\/wp-content\/uploads\/2026\/04\/WhatsApp-Image-2026-04-08-at-12.01.27-PM-240x300.jpeg 240w, https:\/\/viardenlab.com\/mx\/wp-content\/uploads\/2026\/04\/WhatsApp-Image-2026-04-08-at-12.01.27-PM-819x1024.jpeg 819w, https:\/\/viardenlab.com\/mx\/wp-content\/uploads\/2026\/04\/WhatsApp-Image-2026-04-08-at-12.01.27-PM-768x960.jpeg 768w, https:\/\/viardenlab.com\/mx\/wp-content\/uploads\/2026\/04\/WhatsApp-Image-2026-04-08-at-12.01.27-PM-600x750.jpeg 600w\" sizes=\"(max-width: 1080px) 100vw, 1080px\" \/><\/div><\/a>\n\t\t\t\t<div class=\"elementor-post__badge\">Cursos y eventos<\/div>\n\t\t\t\t<div class=\"elementor-post__text\">\n\t\t\t\t<h3 class=\"elementor-post__title\">\n\t\t\t<a href=\"https:\/\/viardenlab.com\/mx\/relacion-riesgo-prevencion-en-odontopediatria\/.html\" >\n\t\t\t\tRelaci\u00f3n Riesgo-Prevenci\u00f3n en Odontopediatr\u00eda\u00a0\t\t\t<\/a>\n\t\t<\/h3>\n\t\t\t\t<div class=\"elementor-post__excerpt\">\n\t\t\t<p>Viarden Lab te invita al curso Relaci\u00f3n Riesgo-Prevenci\u00f3n en Odontopediatr\u00eda . Se llevar\u00e1 a cabo el viernes 17 de abril del a\u00f1o en curso,<\/p>\n\t\t<\/div>\n\t\t\n\t\t<a class=\"elementor-post__read-more\" href=\"https:\/\/viardenlab.com\/mx\/relacion-riesgo-prevencion-en-odontopediatria\/.html\" aria-label=\"M\u00e1s informaci\u00f3n sobre Relaci\u00f3n Riesgo-Prevenci\u00f3n en Odontopediatr\u00eda\u00a0\" tabindex=\"-1\" >\n\t\t\tLeer m\u00e1s \u00bb\t\t<\/a>\n\n\t\t\t\t<\/div>\n\t\t\t\t\t<\/div>\n\t\t<\/article>\n\t\t\t\t<article class=\"elementor-post elementor-grid-item post-12078 post type-post status-publish format-standard has-post-thumbnail category-cursos-y-eventos tag-eventos\" role=\"listitem\">\n\t\t\t<div class=\"elementor-post__card\">\n\t\t\t\t<a class=\"elementor-post__thumbnail__link\" href=\"https:\/\/viardenlab.com\/mx\/hands-on-de-instrumentacion-rotatoria-neolix-neo-niti\/.html\" tabindex=\"-1\" ><div class=\"elementor-post__thumbnail\"><img decoding=\"async\" width=\"1080\" height=\"1350\" src=\"https:\/\/viardenlab.com\/mx\/wp-content\/uploads\/2026\/04\/WhatsApp-Image-2026-04-08-at-12.01.26-PM.jpeg\" class=\"attachment-full size-full wp-image-12071\" alt=\"\" srcset=\"https:\/\/viardenlab.com\/mx\/wp-content\/uploads\/2026\/04\/WhatsApp-Image-2026-04-08-at-12.01.26-PM.jpeg 1080w, https:\/\/viardenlab.com\/mx\/wp-content\/uploads\/2026\/04\/WhatsApp-Image-2026-04-08-at-12.01.26-PM-240x300.jpeg 240w, https:\/\/viardenlab.com\/mx\/wp-content\/uploads\/2026\/04\/WhatsApp-Image-2026-04-08-at-12.01.26-PM-819x1024.jpeg 819w, https:\/\/viardenlab.com\/mx\/wp-content\/uploads\/2026\/04\/WhatsApp-Image-2026-04-08-at-12.01.26-PM-768x960.jpeg 768w, https:\/\/viardenlab.com\/mx\/wp-content\/uploads\/2026\/04\/WhatsApp-Image-2026-04-08-at-12.01.26-PM-600x750.jpeg 600w\" sizes=\"(max-width: 1080px) 100vw, 1080px\" \/><\/div><\/a>\n\t\t\t\t<div class=\"elementor-post__badge\">Cursos y eventos<\/div>\n\t\t\t\t<div class=\"elementor-post__text\">\n\t\t\t\t<h3 class=\"elementor-post__title\">\n\t\t\t<a href=\"https:\/\/viardenlab.com\/mx\/hands-on-de-instrumentacion-rotatoria-neolix-neo-niti\/.html\" >\n\t\t\t\tHands On de Instrumentaci\u00f3n Rotatoria Neolix Neo-Niti\t\t\t<\/a>\n\t\t<\/h3>\n\t\t\t\t<div class=\"elementor-post__excerpt\">\n\t\t\t<p>Viarden Lab te invita al curso Hands On de Instrumentaci\u00f3n Rotatoria Neolix Neo-Niti. Se llevar\u00e1 a cabo el viernes 10 y s\u00e1bado 11 de<\/p>\n\t\t<\/div>\n\t\t\n\t\t<a class=\"elementor-post__read-more\" href=\"https:\/\/viardenlab.com\/mx\/hands-on-de-instrumentacion-rotatoria-neolix-neo-niti\/.html\" aria-label=\"M\u00e1s informaci\u00f3n sobre Hands On de Instrumentaci\u00f3n Rotatoria Neolix Neo-Niti\" tabindex=\"-1\" >\n\t\t\tLeer m\u00e1s \u00bb\t\t<\/a>\n\n\t\t\t\t<\/div>\n\t\t\t\t\t<\/div>\n\t\t<\/article>\n\t\t\t\t<\/div>\n\t\t\n\t\t\t\t\t\t<\/div>\n\t\t\t\t<\/div>\n\t\t\t\t\t<\/div>\n\t\t<\/div>\n\t\t\t\t\t<\/div>\n\t\t<\/section>\n\t\t\t\t<\/div>\n\t\t","protected":false},"excerpt":{"rendered":"","protected":false},"author":1,"featured_media":0,"parent":0,"menu_order":0,"comment_status":"closed","ping_status":"closed","template":"elementor_header_footer","meta":{"_joinchat":[],"footnotes":""},"class_list":["post-6443","page","type-page","status-publish"],"aioseo_notices":[],"yoast_head":"<!-- This site is optimized with the Yoast SEO plugin v27.2 - https:\/\/yoast.com\/product\/yoast-seo-wordpress\/ -->\n<title>Cursos y eventos - Viarden Lab<\/title>\n<meta name=\"robots\" content=\"index, follow, max-snippet:-1, max-image-preview:large, max-video-preview:-1\" \/>\n<link rel=\"canonical\" href=\"https:\/\/viardenlab.com\/mx\/cursos-y-eventos\" \/>\n<meta property=\"og:locale\" content=\"es_ES\" \/>\n<meta property=\"og:type\" content=\"article\" \/>\n<meta property=\"og:title\" content=\"Cursos y eventos - Viarden Lab\" \/>\n<meta property=\"og:url\" content=\"https:\/\/viardenlab.com\/mx\/cursos-y-eventos\" \/>\n<meta property=\"og:site_name\" content=\"Viarden Lab\" \/>\n<meta property=\"article:modified_time\" content=\"2025-01-09T22:24:57+00:00\" \/>\n<meta name=\"twitter:label1\" content=\"Tiempo de lectura\" \/>\n\t<meta name=\"twitter:data1\" content=\"1 minuto\" \/>\n<script type=\"application\/ld+json\" class=\"yoast-schema-graph\">{\"@context\":\"https:\/\/schema.org\",\"@graph\":[{\"@type\":\"WebPage\",\"@id\":\"https:\/\/viardenlab.com\/mx\/cursos-y-eventos\",\"url\":\"https:\/\/viardenlab.com\/mx\/cursos-y-eventos\",\"name\":\"Cursos y eventos - Viarden Lab\",\"isPartOf\":{\"@id\":\"https:\/\/viardenlab.com\/mx\/#website\"},\"datePublished\":\"2020-10-09T04:25:28+00:00\",\"dateModified\":\"2025-01-09T22:24:57+00:00\",\"breadcrumb\":{\"@id\":\"https:\/\/viardenlab.com\/mx\/cursos-y-eventos#breadcrumb\"},\"inLanguage\":\"es\",\"potentialAction\":[{\"@type\":\"ReadAction\",\"target\":[\"https:\/\/viardenlab.com\/mx\/cursos-y-eventos\"]}]},{\"@type\":\"BreadcrumbList\",\"@id\":\"https:\/\/viardenlab.com\/mx\/cursos-y-eventos#breadcrumb\",\"itemListElement\":[{\"@type\":\"ListItem\",\"position\":1,\"name\":\"Portada\",\"item\":\"https:\/\/viardenlab.com\/mx\/\"},{\"@type\":\"ListItem\",\"position\":2,\"name\":\"Cursos y eventos\"}]},{\"@type\":\"WebSite\",\"@id\":\"https:\/\/viardenlab.com\/mx\/#website\",\"url\":\"https:\/\/viardenlab.com\/mx\/\",\"name\":\"Viarden Lab\",\"description\":\"Compra Online directo a tu consultorio\",\"potentialAction\":[{\"@type\":\"SearchAction\",\"target\":{\"@type\":\"EntryPoint\",\"urlTemplate\":\"https:\/\/viardenlab.com\/mx\/?s={search_term_string}\"},\"query-input\":{\"@type\":\"PropertyValueSpecification\",\"valueRequired\":true,\"valueName\":\"search_term_string\"}}],\"inLanguage\":\"es\"}]}<\/script>\n<!-- \/ Yoast SEO plugin. -->","yoast_head_json":{"title":"Cursos y eventos - Viarden Lab","robots":{"index":"index","follow":"follow","max-snippet":"max-snippet:-1","max-image-preview":"max-image-preview:large","max-video-preview":"max-video-preview:-1"},"canonical":"https:\/\/viardenlab.com\/mx\/cursos-y-eventos","og_locale":"es_ES","og_type":"article","og_title":"Cursos y eventos - Viarden Lab","og_url":"https:\/\/viardenlab.com\/mx\/cursos-y-eventos","og_site_name":"Viarden Lab","article_modified_time":"2025-01-09T22:24:57+00:00","twitter_misc":{"Tiempo de lectura":"1 minuto"},"schema":{"@context":"https:\/\/schema.org","@graph":[{"@type":"WebPage","@id":"https:\/\/viardenlab.com\/mx\/cursos-y-eventos","url":"https:\/\/viardenlab.com\/mx\/cursos-y-eventos","name":"Cursos y eventos - Viarden Lab","isPartOf":{"@id":"https:\/\/viardenlab.com\/mx\/#website"},"datePublished":"2020-10-09T04:25:28+00:00","dateModified":"2025-01-09T22:24:57+00:00","breadcrumb":{"@id":"https:\/\/viardenlab.com\/mx\/cursos-y-eventos#breadcrumb"},"inLanguage":"es","potentialAction":[{"@type":"ReadAction","target":["https:\/\/viardenlab.com\/mx\/cursos-y-eventos"]}]},{"@type":"BreadcrumbList","@id":"https:\/\/viardenlab.com\/mx\/cursos-y-eventos#breadcrumb","itemListElement":[{"@type":"ListItem","position":1,"name":"Portada","item":"https:\/\/viardenlab.com\/mx\/"},{"@type":"ListItem","position":2,"name":"Cursos y eventos"}]},{"@type":"WebSite","@id":"https:\/\/viardenlab.com\/mx\/#website","url":"https:\/\/viardenlab.com\/mx\/","name":"Viarden Lab","description":"Compra Online directo a tu consultorio","potentialAction":[{"@type":"SearchAction","target":{"@type":"EntryPoint","urlTemplate":"https:\/\/viardenlab.com\/mx\/?s={search_term_string}"},"query-input":{"@type":"PropertyValueSpecification","valueRequired":true,"valueName":"search_term_string"}}],"inLanguage":"es"}]}},"_links":{"self":[{"href":"https:\/\/viardenlab.com\/mx\/wp-json\/wp\/v2\/pages\/6443","targetHints":{"allow":["GET"]}}],"collection":[{"href":"https:\/\/viardenlab.com\/mx\/wp-json\/wp\/v2\/pages"}],"about":[{"href":"https:\/\/viardenlab.com\/mx\/wp-json\/wp\/v2\/types\/page"}],"author":[{"embeddable":true,"href":"https:\/\/viardenlab.com\/mx\/wp-json\/wp\/v2\/users\/1"}],"replies":[{"embeddable":true,"href":"https:\/\/viardenlab.com\/mx\/wp-json\/wp\/v2\/comments?post=6443"}],"version-history":[{"count":39,"href":"https:\/\/viardenlab.com\/mx\/wp-json\/wp\/v2\/pages\/6443\/revisions"}],"predecessor-version":[{"id":9529,"href":"https:\/\/viardenlab.com\/mx\/wp-json\/wp\/v2\/pages\/6443\/revisions\/9529"}],"wp:attachment":[{"href":"https:\/\/viardenlab.com\/mx\/wp-json\/wp\/v2\/media?parent=6443"}],"curies":[{"name":"wp","href":"https:\/\/api.w.org\/{rel}","templated":true}]}}