{"id":3750,"date":"2020-07-07T17:36:52","date_gmt":"2020-07-07T22:36:52","guid":{"rendered":"http:\/\/viardenlab.com\/mx\/?page_id=3750"},"modified":"2020-12-11T12:21:37","modified_gmt":"2020-12-11T18:21:37","slug":"aviso-de-privacidad","status":"publish","type":"page","link":"https:\/\/viardenlab.com\/mx\/aviso-de-privacidad","title":{"rendered":"Aviso de privacidad"},"content":{"rendered":"\t\t<div data-elementor-type=\"wp-page\" data-elementor-id=\"3750\" class=\"elementor elementor-3750\" data-elementor-settings=\"{&quot;ha_cmc_init_switcher&quot;:&quot;no&quot;}\" data-elementor-post-type=\"page\">\n\t\t\t\t\t\t<section class=\"elementor-section elementor-top-section elementor-element elementor-element-705a9fd4 elementor-section-boxed elementor-section-height-default elementor-section-height-default exad-glass-effect-no wpr-particle-no wpr-jarallax-no wpr-parallax-no wpr-sticky-section-no exad-sticky-section-no\" data-id=\"705a9fd4\" data-element_type=\"section\" data-e-type=\"section\" data-settings=\"{&quot;_ha_eqh_enable&quot;:false}\">\n\t\t\t\t\t\t<div class=\"elementor-container elementor-column-gap-default\">\n\t\t\t\t\t<div class=\"elementor-column elementor-col-100 elementor-top-column elementor-element elementor-element-2c03994b exad-glass-effect-no exad-sticky-section-no\" data-id=\"2c03994b\" data-element_type=\"column\" data-e-type=\"column\">\n\t\t\t<div class=\"elementor-widget-wrap elementor-element-populated\">\n\t\t\t\t\t\t<div class=\"elementor-element elementor-element-2c1a3bb4 exad-sticky-section-no exad-glass-effect-no elementor-widget elementor-widget-text-editor\" data-id=\"2c1a3bb4\" data-element_type=\"widget\" data-e-type=\"widget\" data-widget_type=\"text-editor.default\">\n\t\t\t\t<div class=\"elementor-widget-container\">\n\t\t\t\t\t\t\t\t\t<p class=\"p1\"><span class=\"s1\">Viarden Lab, con domicilio en 2005 E. Griffin Park Away Mission, TX 78572, pagina web: www.viardenlab.com, correo electr\u00f3nico: recep@viarden.com es responsable de recabar sus datos personales, del uso y de su protecci\u00f3n, de la misma manera le informamos que dentro de las instalaciones contamos con CCTV para monitoreo por cuestiones de seguridad.<\/span><\/p>\n<p class=\"p1\"><span class=\"s1\">En congruencia con la Ley Federal de Protecci\u00f3n de Datos Personales en Posesi\u00f3n de los Particulares, en sus art\u00edculos 8, 15, 16, 17, 18 y 36, hacemos de su conocimiento que NO se le pedir\u00e1n datos personales ni de ning\u00fan tipo.<\/span><\/p>\n<p class=\"p1\"><span class=\"s1\">Usted tiene derecho de acceder, rectificar y cancelar sus datos personales, as\u00ed como de oponerse al tratamiento de los mismos y\/o revocar el consentimiento que para tal fin nos haya otorgado, a trav\u00e9s de los procedimientos que hemos implementado.<\/span><\/p>\n<p class=\"p1\"><span class=\"s1\">Para conocer dichos procedimientos, los requisitos y plazos, se puede poner en contacto con los representantes para tal efecto.<\/span><\/p>\t\t\t\t\t\t\t\t<\/div>\n\t\t\t\t<\/div>\n\t\t\t\t\t<\/div>\n\t\t<\/div>\n\t\t\t\t\t<\/div>\n\t\t<\/section>\n\t\t\t\t<\/div>\n\t\t","protected":false},"excerpt":{"rendered":"<p>Viarden Lab, con domicilio en 2005 E. Griffin Park Away Mission, TX 78572, pagina web: www.viardenlab.com, correo electr\u00f3nico: recep@viarden.com es responsable de recabar sus datos personales, del uso y de&hellip;<\/p>\n<p> <a class=\"more-link\" href=\"https:\/\/viardenlab.com\/mx\/aviso-de-privacidad\">Leer m\u00e1s<\/a><\/p>\n","protected":false},"author":1,"featured_media":0,"parent":0,"menu_order":0,"comment_status":"closed","ping_status":"closed","template":"","meta":{"_joinchat":[],"footnotes":""},"class_list":["post-3750","page","type-page","status-publish"],"aioseo_notices":[],"yoast_head":"<!-- This site is optimized with the Yoast SEO plugin v27.2 - https:\/\/yoast.com\/product\/yoast-seo-wordpress\/ -->\n<title>Aviso de privacidad - Viarden Lab<\/title>\n<meta name=\"robots\" content=\"index, follow, max-snippet:-1, max-image-preview:large, max-video-preview:-1\" \/>\n<link rel=\"canonical\" href=\"https:\/\/viardenlab.com\/mx\/aviso-de-privacidad\" \/>\n<meta property=\"og:locale\" content=\"es_ES\" \/>\n<meta property=\"og:type\" content=\"article\" \/>\n<meta property=\"og:title\" content=\"Aviso de privacidad - Viarden Lab\" \/>\n<meta property=\"og:description\" content=\"Viarden Lab, con domicilio en 2005 E. Griffin Park Away Mission, TX 78572, pagina web: www.viardenlab.com, correo electr\u00f3nico: recep@viarden.com es responsable de recabar sus datos personales, del uso y de&hellip;  Leer m\u00e1s\" \/>\n<meta property=\"og:url\" content=\"https:\/\/viardenlab.com\/mx\/aviso-de-privacidad\" \/>\n<meta property=\"og:site_name\" content=\"Viarden Lab\" \/>\n<meta property=\"article:modified_time\" content=\"2020-12-11T18:21:37+00:00\" \/>\n<meta name=\"twitter:label1\" content=\"Tiempo de lectura\" \/>\n\t<meta name=\"twitter:data1\" content=\"1 minuto\" \/>\n<script type=\"application\/ld+json\" class=\"yoast-schema-graph\">{\"@context\":\"https:\/\/schema.org\",\"@graph\":[{\"@type\":\"WebPage\",\"@id\":\"https:\/\/viardenlab.com\/mx\/aviso-de-privacidad\",\"url\":\"https:\/\/viardenlab.com\/mx\/aviso-de-privacidad\",\"name\":\"Aviso de privacidad - Viarden Lab\",\"isPartOf\":{\"@id\":\"https:\/\/viardenlab.com\/mx\/#website\"},\"datePublished\":\"2020-07-07T22:36:52+00:00\",\"dateModified\":\"2020-12-11T18:21:37+00:00\",\"breadcrumb\":{\"@id\":\"https:\/\/viardenlab.com\/mx\/aviso-de-privacidad#breadcrumb\"},\"inLanguage\":\"es\",\"potentialAction\":[{\"@type\":\"ReadAction\",\"target\":[\"https:\/\/viardenlab.com\/mx\/aviso-de-privacidad\"]}]},{\"@type\":\"BreadcrumbList\",\"@id\":\"https:\/\/viardenlab.com\/mx\/aviso-de-privacidad#breadcrumb\",\"itemListElement\":[{\"@type\":\"ListItem\",\"position\":1,\"name\":\"Portada\",\"item\":\"https:\/\/viardenlab.com\/mx\/\"},{\"@type\":\"ListItem\",\"position\":2,\"name\":\"Aviso de privacidad\"}]},{\"@type\":\"WebSite\",\"@id\":\"https:\/\/viardenlab.com\/mx\/#website\",\"url\":\"https:\/\/viardenlab.com\/mx\/\",\"name\":\"Viarden Lab\",\"description\":\"Compra Online directo a tu consultorio\",\"potentialAction\":[{\"@type\":\"SearchAction\",\"target\":{\"@type\":\"EntryPoint\",\"urlTemplate\":\"https:\/\/viardenlab.com\/mx\/?s={search_term_string}\"},\"query-input\":{\"@type\":\"PropertyValueSpecification\",\"valueRequired\":true,\"valueName\":\"search_term_string\"}}],\"inLanguage\":\"es\"}]}<\/script>\n<!-- \/ Yoast SEO plugin. -->","yoast_head_json":{"title":"Aviso de privacidad - Viarden Lab","robots":{"index":"index","follow":"follow","max-snippet":"max-snippet:-1","max-image-preview":"max-image-preview:large","max-video-preview":"max-video-preview:-1"},"canonical":"https:\/\/viardenlab.com\/mx\/aviso-de-privacidad","og_locale":"es_ES","og_type":"article","og_title":"Aviso de privacidad - Viarden Lab","og_description":"Viarden Lab, con domicilio en 2005 E. Griffin Park Away Mission, TX 78572, pagina web: www.viardenlab.com, correo electr\u00f3nico: recep@viarden.com es responsable de recabar sus datos personales, del uso y de&hellip;  Leer m\u00e1s","og_url":"https:\/\/viardenlab.com\/mx\/aviso-de-privacidad","og_site_name":"Viarden Lab","article_modified_time":"2020-12-11T18:21:37+00:00","twitter_misc":{"Tiempo de lectura":"1 minuto"},"schema":{"@context":"https:\/\/schema.org","@graph":[{"@type":"WebPage","@id":"https:\/\/viardenlab.com\/mx\/aviso-de-privacidad","url":"https:\/\/viardenlab.com\/mx\/aviso-de-privacidad","name":"Aviso de privacidad - Viarden Lab","isPartOf":{"@id":"https:\/\/viardenlab.com\/mx\/#website"},"datePublished":"2020-07-07T22:36:52+00:00","dateModified":"2020-12-11T18:21:37+00:00","breadcrumb":{"@id":"https:\/\/viardenlab.com\/mx\/aviso-de-privacidad#breadcrumb"},"inLanguage":"es","potentialAction":[{"@type":"ReadAction","target":["https:\/\/viardenlab.com\/mx\/aviso-de-privacidad"]}]},{"@type":"BreadcrumbList","@id":"https:\/\/viardenlab.com\/mx\/aviso-de-privacidad#breadcrumb","itemListElement":[{"@type":"ListItem","position":1,"name":"Portada","item":"https:\/\/viardenlab.com\/mx\/"},{"@type":"ListItem","position":2,"name":"Aviso de privacidad"}]},{"@type":"WebSite","@id":"https:\/\/viardenlab.com\/mx\/#website","url":"https:\/\/viardenlab.com\/mx\/","name":"Viarden Lab","description":"Compra Online directo a tu consultorio","potentialAction":[{"@type":"SearchAction","target":{"@type":"EntryPoint","urlTemplate":"https:\/\/viardenlab.com\/mx\/?s={search_term_string}"},"query-input":{"@type":"PropertyValueSpecification","valueRequired":true,"valueName":"search_term_string"}}],"inLanguage":"es"}]}},"_links":{"self":[{"href":"https:\/\/viardenlab.com\/mx\/wp-json\/wp\/v2\/pages\/3750","targetHints":{"allow":["GET"]}}],"collection":[{"href":"https:\/\/viardenlab.com\/mx\/wp-json\/wp\/v2\/pages"}],"about":[{"href":"https:\/\/viardenlab.com\/mx\/wp-json\/wp\/v2\/types\/page"}],"author":[{"embeddable":true,"href":"https:\/\/viardenlab.com\/mx\/wp-json\/wp\/v2\/users\/1"}],"replies":[{"embeddable":true,"href":"https:\/\/viardenlab.com\/mx\/wp-json\/wp\/v2\/comments?post=3750"}],"version-history":[{"count":4,"href":"https:\/\/viardenlab.com\/mx\/wp-json\/wp\/v2\/pages\/3750\/revisions"}],"predecessor-version":[{"id":7004,"href":"https:\/\/viardenlab.com\/mx\/wp-json\/wp\/v2\/pages\/3750\/revisions\/7004"}],"wp:attachment":[{"href":"https:\/\/viardenlab.com\/mx\/wp-json\/wp\/v2\/media?parent=3750"}],"curies":[{"name":"wp","href":"https:\/\/api.w.org\/{rel}","templated":true}]}}