{"id":11483,"date":"2025-05-02T18:07:09","date_gmt":"2025-05-03T00:07:09","guid":{"rendered":"https:\/\/viardenlab.com\/mx\/?page_id=11483"},"modified":"2025-07-23T11:53:05","modified_gmt":"2025-07-23T17:53:05","slug":"donde-comprar","status":"publish","type":"page","link":"https:\/\/viardenlab.com\/mx\/donde-comprar","title":{"rendered":"D\u00f3nde comprar"},"content":{"rendered":"\t\t<div data-elementor-type=\"wp-page\" data-elementor-id=\"11483\" class=\"elementor elementor-11483\" data-elementor-settings=\"{&quot;ha_cmc_init_switcher&quot;:&quot;no&quot;}\" data-elementor-post-type=\"page\">\n\t\t\t\t\t\t<section class=\"elementor-section elementor-top-section elementor-element elementor-element-a3c99aa elementor-section-boxed elementor-section-height-default elementor-section-height-default exad-glass-effect-no wpr-particle-no wpr-jarallax-no wpr-parallax-no wpr-sticky-section-no exad-sticky-section-no\" data-id=\"a3c99aa\" data-element_type=\"section\" data-e-type=\"section\" data-settings=\"{&quot;_ha_eqh_enable&quot;:false}\">\n\t\t\t\t\t\t<div class=\"elementor-container elementor-column-gap-default\">\n\t\t\t\t\t<div class=\"elementor-column elementor-col-100 elementor-top-column elementor-element elementor-element-d00a085 exad-glass-effect-no exad-sticky-section-no\" data-id=\"d00a085\" data-element_type=\"column\" data-e-type=\"column\">\n\t\t\t<div class=\"elementor-widget-wrap\">\n\t\t\t\t\t\t\t<\/div>\n\t\t<\/div>\n\t\t\t\t\t<\/div>\n\t\t<\/section>\n\t\t\t\t<section class=\"elementor-section elementor-top-section elementor-element elementor-element-7153d94 elementor-section-boxed elementor-section-height-default elementor-section-height-default exad-glass-effect-no wpr-particle-no wpr-jarallax-no wpr-parallax-no wpr-sticky-section-no exad-sticky-section-no\" data-id=\"7153d94\" data-element_type=\"section\" data-e-type=\"section\" data-settings=\"{&quot;background_background&quot;:&quot;classic&quot;,&quot;_ha_eqh_enable&quot;:false}\">\n\t\t\t\t\t\t<div class=\"elementor-container elementor-column-gap-default\">\n\t\t\t\t\t<div class=\"elementor-column elementor-col-33 elementor-top-column elementor-element elementor-element-be30801 exad-glass-effect-no exad-sticky-section-no\" data-id=\"be30801\" data-element_type=\"column\" data-e-type=\"column\">\n\t\t\t<div class=\"elementor-widget-wrap\">\n\t\t\t\t\t\t\t<\/div>\n\t\t<\/div>\n\t\t\t\t<div class=\"elementor-column elementor-col-33 elementor-top-column elementor-element elementor-element-9eafa0f exad-glass-effect-no exad-sticky-section-no\" data-id=\"9eafa0f\" data-element_type=\"column\" data-e-type=\"column\">\n\t\t\t<div class=\"elementor-widget-wrap elementor-element-populated\">\n\t\t\t\t\t\t<div class=\"elementor-element elementor-element-722e829 exad-sticky-section-no exad-glass-effect-no elementor-widget elementor-widget-text-editor\" data-id=\"722e829\" data-element_type=\"widget\" data-e-type=\"widget\" data-widget_type=\"text-editor.default\">\n\t\t\t\t<div class=\"elementor-widget-container\">\n\t\t\t\t\t\t\t\t\t<p><a href=\"https:\/\/ofertasdentales.com\/?utm_source=Web+donde+comprar+ViardenLab&amp;utm_medium=WEB&amp;utm_campaign=Viardenlab+donde+comprar&amp;utm_id=Viardenlab+donde+comprar\"><img decoding=\"async\" class=\"aligncenter wp-image-10646\" src=\"http:\/\/viardenlab.com\/mx\/wp-content\/uploads\/2025\/04\/logo-OFERTAS.png.webp\" alt=\"\" width=\"187\" height=\"51\" srcset=\"https:\/\/viardenlab.com\/mx\/wp-content\/uploads\/2025\/04\/logo-OFERTAS.png.webp 668w, https:\/\/viardenlab.com\/mx\/wp-content\/uploads\/2025\/04\/logo-OFERTAS.png-300x82.webp 300w, https:\/\/viardenlab.com\/mx\/wp-content\/uploads\/2025\/04\/logo-OFERTAS.png-600x163.webp 600w\" sizes=\"(max-width: 187px) 100vw, 187px\" \/><\/a><\/p>\t\t\t\t\t\t\t\t<\/div>\n\t\t\t\t<\/div>\n\t\t\t\t\t<\/div>\n\t\t<\/div>\n\t\t\t\t<div class=\"elementor-column elementor-col-33 elementor-top-column elementor-element elementor-element-b11b64a exad-glass-effect-no exad-sticky-section-no\" data-id=\"b11b64a\" data-element_type=\"column\" data-e-type=\"column\">\n\t\t\t<div class=\"elementor-widget-wrap elementor-element-populated\">\n\t\t\t\t\t\t<div class=\"elementor-element elementor-element-1745ba8 exad-sticky-section-no exad-glass-effect-no elementor-widget elementor-widget-text-editor\" data-id=\"1745ba8\" data-element_type=\"widget\" data-e-type=\"widget\" data-widget_type=\"text-editor.default\">\n\t\t\t\t<div class=\"elementor-widget-container\">\n\t\t\t\t\t\t\t\t\t<p><a href=\"https:\/\/ofertasdentales.com\/?utm_source=Web+donde+comprar+ViardenLab&amp;utm_medium=WEB&amp;utm_campaign=Viardenlab+donde+comprar&amp;utm_id=Viardenlab+donde+comprar\" target=\"_blank\" rel=\"noopener\"><span style=\"color: #000000;\"><strong>Compra en Linea<\/strong> <strong>Directo a tu consultorio<\/strong><\/span><br \/>Enviamos a toda la Rep\u00fablica. <span style=\"color: #0000ff;\"><strong>IR AL SITIO<\/strong><\/span><\/a><\/p>\t\t\t\t\t\t\t\t<\/div>\n\t\t\t\t<\/div>\n\t\t\t\t\t<\/div>\n\t\t<\/div>\n\t\t\t\t\t<\/div>\n\t\t<\/section>\n\t\t\t\t<section class=\"elementor-section elementor-top-section elementor-element elementor-element-28ff7ae elementor-section-boxed elementor-section-height-default elementor-section-height-default exad-glass-effect-no wpr-particle-no wpr-jarallax-no wpr-parallax-no wpr-sticky-section-no exad-sticky-section-no\" data-id=\"28ff7ae\" data-element_type=\"section\" data-e-type=\"section\" data-settings=\"{&quot;_ha_eqh_enable&quot;:false}\">\n\t\t\t\t\t\t<div class=\"elementor-container elementor-column-gap-default\">\n\t\t\t\t\t<div class=\"elementor-column elementor-col-100 elementor-top-column elementor-element elementor-element-b8c093e exad-glass-effect-no exad-sticky-section-no\" data-id=\"b8c093e\" data-element_type=\"column\" data-e-type=\"column\">\n\t\t\t<div class=\"elementor-widget-wrap elementor-element-populated\">\n\t\t\t\t\t\t<div class=\"elementor-element elementor-element-d350b0f exad-sticky-section-no exad-glass-effect-no elementor-widget elementor-widget-html\" data-id=\"d350b0f\" data-element_type=\"widget\" data-e-type=\"widget\" data-widget_type=\"html.default\">\n\t\t\t\t<div class=\"elementor-widget-container\">\n\t\t\t\t\t<style type=\"text\/css\">\n  body #asl-storelocator.asl-cont.asl-template-1 {--sl-font-size: 13px;--sl-title-size: 18px;--sl-btn-size: 13px;--sl-primary: #215288;--sl-secondary: #ce2d25;--sl-header: #215288;--sl-header-color: #555d66;--sl-infobox-color: #555d66;--sl-infobox-bg: #FFFFFF;--sl-infobox-a: #215288;--sl-action-btn-color: #FFFFFF;--sl-action-btn-bg: #ce2d25;--sl-color: #555d66;--sl-list-bg: #FFFFFF;--sl-list-title: #32373c;--sl-list-sub-title: #6a6a6a;--sl-highlighted: #F7F7F7;}  #asl-storelocator.asl-cont .sl-main-cont .asl-panel.pol-lg-12 .asl-panel-inner{ position: relative;height: 450px;}\n  #asl-storelocator.asl-cont .sl-main-cont .asl-panel.pol-lg-12 {order: 0;}\n  .asl-cont .onoffswitch .onoffswitch-label .onoffswitch-switch:before {content: \"ABIERTO\" !important;}\n  .asl-cont .onoffswitch .onoffswitch-label .onoffswitch-switch:after {content: \"TODOS\" !important;}\n  @media (max-width: 767px) {\n  #asl-storelocator.asl-cont .asl-panel {order: 0;}\n  }\n  .asl-cont .sl-hide-branches,\n  .asl-cont .sl-hide-branches:hover {color: #FFF !important; text-decoration: none !important;cursor: pointer;}\n  .sl-hide-branches + .asl-print-btn {display: none !important;}\n<\/style>\n<div id=\"asl-storelocator\" class=\"storelocator-main asl-cont asl-template-1 asl-layout-1 asl-bg-0 asl-adv-lay1  asl-text-1\">\n  <div class=\"asl-wrapper\">\n    <div class=\"sl-container\">\n            <div class=\"Filter_section\">\n        <div class=\"sl-row\">\n          <div class=\"sl-form-group search_filter\">\n            <label for=\"auto-complete-search\">ubicaci\u00f3n de b\u00fasqueda<\/label>\n            <div class=\"sl-search-group d-flex\">\n               <input type=\"text\" value=\"\" data-submit=\"disable\" id=\"auto-complete-search\" placeholder=\"Ingrese una ubicaci\u00f3n\"  class=\"asl-search-address form-control isp_ignore\">\n               <button aria-label=\"ubicaci\u00f3n de b\u00fasqueda\" title=\"ubicaci\u00f3n de b\u00fasqueda\" type=\"button\" class=\"span-geo\"><i class=\"icon-search\"><\/i><\/button>\n            <\/div>\n          <\/div>\n          <div class=\"sl-form-group range_filter hide asl-ddl-filters\">\n            <label for=\"asl-radius-slide\">In<\/label>\n            <div class=\"rangeFilter asl-filter-cntrl\">\n              <input id=\"asl-radius-slide\" type=\"text\" class=\"span2\" \/>\n              <span class=\"rad-unit\">Radio: <span id=\"asl-radius-input\"><\/span><span id=\"asl-dist-unit\">Km<\/span><\/span>\n            <\/div>\n          <\/div>\n          <div class=\"sl-form-group Status_filter\">\n            <div class=\"asl-filter-cntrl\">\n               <div class=\"onoffswitch\">\n                  <input type=\"checkbox\" name=\"onoffswitch\" class=\"onoffswitch-checkbox\" id=\"asl-open-close\" checked>\n                  <label aria-label=\"Opened Stores\" title=\"Opened Stores\" class=\"onoffswitch-label\" for=\"asl-open-close\">\n                  <span class=\"onoffswitch-inner\"><\/span>\n                  <span class=\"onoffswitch-switch\"><\/span>\n                  <\/label>\n               <\/div>\n            <\/div>\n          <\/div>\n        <\/div>\n        <div class=\"asl-advance-filters hide\">\n          <div class=\"sl-row\">\n                                    <div class=\" sl-form-group asl-ddl-filters asl-ddl-filter-cats\">\n                <div class=\"asl-filter-cntrl\">\n                  <label class=\"asl-cntrl-lbl\" for=\"asl-categories\">Categor\u00eda<\/label>\n                  <div class=\"sl-dropdown-cont\" id=\"categories_filter\">\n                  <\/div>\n                <\/div>\n            <\/div>\n                                              <\/div>\n        <\/div>\n      <\/div>\n      <div class=\"sl-row\">\n        <div class=\"pol-12\">\n            <div class=\"sl-main-cont\">\n                <div class=\"sl-row no-gutters sl-main-row\">\n                    <div id=\"asl-panel\" class=\"asl-panel pol-md-5 pol-lg-4 asl_locator-panel\">\n                        <div class=\"asl-overlay\" id=\"map-loading\">\n                            <div class=\"white\"><\/div>\n                            <div class=\"sl-loading\">\n                              <i class=\"animate-sl-spin icon-spin3\"><\/i>\n                              Cargando                            <\/div>\n                        <\/div>\n                        <!-- list -->\n                        <div class=\"asl-panel-inner\">\n                            <div class=\"top-title Num_of_store\">\n                              <span><span class=\"sl-head-title\">Number Of Shops<\/span>: <span class=\"count-result\">0<\/span><\/span>\n                                                              <a class=\"asl-print-btn\" aria-label=\"PRINT\"><span>PRINT<\/span><span class=\"asl-print\"><\/span><\/a>\n                                                          <\/div>\n                            <div class=\"sl-main-cont-box\">\n                              <div id=\"asl-list\" class=\"sl-list-wrapper\">\n                                <ul id=\"p-statelist\" class=\"sl-list\">\n                                <\/ul>\n                              <\/div>\n                            <\/div>\n                        <\/div>\n                        <div class=\"directions-cont hide\">\n                            <div class=\"agile-modal-header\">\n                                <button type=\"button\" class=\"close\"><span aria-hidden=\"true\">\u00d7<\/span><\/button>\n                                <h4>Direcci\u00f3n de la tienda<\/h4>\n                            <\/div>\n                            <div class=\"rendered-directions\" id=\"asl-rendered-dir\" style=\"direction: ltr;\"><\/div>\n                        <\/div>\n                    <\/div>\n                    <div class=\"pol-md-7 pol-lg-8 asl-map\">\n                        <div class=\"map-image\">\n                            <div id=\"asl-map-canv\" class=\"asl-map-canv\"><\/div>\n                            <div id=\"agile-modal-direction\" class=\"agile-modal fade\">\n    <div class=\"agile-modal-backdrop-in\"><\/div>\n    <div class=\"agile-modal-dialog in\">\n        <div class=\"agile-modal-content\">\n            <div class=\"sl-form-group d-flex justify-content-between\">\n                <h4 >Como llegar<\/h4>\n                <button type=\"button\" class=\"close-directions sl-close\" data-dismiss=\"agile-modal\" aria-label=\"Close\">&times;<\/button>\n            <\/div>\n            <div class=\"sl-form-group\">\n                <label for=\"frm-lbl\">Desde:<\/label>\n                <input type=\"text\" class=\"form-control frm-place\" id=\"frm-lbl\" placeholder=\"Ingrese una ubicaci\u00f3n\">\n            <\/div>\n            <div class=\"sl-form-group\">\n                <label for=\"to-lbl\">A:<\/label>\n                <input readonly=\"true\" type=\"text\"  class=\"directions-to form-control\" id=\"to-lbl\" placeholder=\"Direcci\u00f3n de destino rellenada previamente\">\n            <\/div>\n            <div class=\"sl-form-group mb-0\">\n                <label for=\"rbtn-km\" class=\"checkbox-inline\">\n                    <input type=\"radio\" name=\"dist-type\"  id=\"rbtn-km\" value=\"0\"> Km                <\/label>\n                <label for=\"rbtn-mile\" class=\"checkbox-inline\">\n                    <input type=\"radio\" name=\"dist-type\" checked id=\"rbtn-mile\" value=\"1\"> Millas                <\/label>\n            <\/div>\n            <div class=\"sl-form-group mb-0\">\n                <button type=\"submit\" class=\"btn btn-default btn-submit\">Como llegar<\/button>\n            <\/div>\n        <\/div>\n    <\/div>\n<\/div>\n\n<div id=\"asl-geolocation-agile-modal\" class=\"agile-modal fade\">\n  <div class=\"agile-modal-backdrop-in\"><\/div>\n  <div class=\"agile-modal-dialog in\">\n    <div class=\"agile-modal-content\">\n            <div class=\"sl-form-group d-flex justify-content-between\">\n        <h5>Usar mi ubicaci\u00f3n para encontrar el proveedor de servicios m\u00e1s cercano cerca de m\u00ed<\/h5>\n        <button type=\"button\" class=\"close-directions sl-close\" data-dismiss=\"agile-modal\" aria-label=\"Close\">&times;<\/button>\n      <\/div>\n      <div class=\"sl-form-group text-center mb-0\">\n        <button type=\"button\" id=\"asl-btn-geolocation\" class=\"btn btn-block btn-default\">uso Localizaci\u00f3n<\/button>\n      <\/div>\n          <\/div>\n  <\/div>\n<\/div>\n\n<div id=\"asl-desc-agile-modal\" class=\"agile-modal fade\">\n  <div class=\"agile-modal-backdrop-in\"><\/div>\n  <div class=\"agile-modal-dialog in\">\n    <div class=\"agile-modal-content\">\n      <div class=\"sl-row\">\n        <div class=\"pol-md-12\">\n          <div class=\"sl-form-group d-flex justify-content-between\">\n            <h4 class=\"sl-title\">Description<\/h4>\n            <button type=\"button\" class=\"close-directions sl-close\" data-dismiss=\"agile-modal\" aria-label=\"Close\">&times;<\/button>\n          <\/div>\n          <div class=\"sl-desc\"><\/div>\n        <\/div>\n      <\/div>\n    <\/div>\n  <\/div>\n<\/div>                        <\/div>\n                    <\/div>\n                <\/div>\n            <\/div>\n        <\/div>\n      <\/div>\n    <\/div>\n  <\/div>\n  <\/div>\n<!-- This plugin is developed by \"Agile Store Locator by WordPress\" https:\/\/agilestorelocator.com -->\t\t\t\t<\/div>\n\t\t\t\t<\/div>\n\t\t\t\t\t<\/div>\n\t\t<\/div>\n\t\t\t\t\t<\/div>\n\t\t<\/section>\n\t\t\t\t<section class=\"elementor-section elementor-top-section elementor-element elementor-element-3d7bd93 elementor-section-boxed elementor-section-height-default elementor-section-height-default exad-glass-effect-no wpr-particle-no wpr-jarallax-no wpr-parallax-no wpr-sticky-section-no exad-sticky-section-no\" data-id=\"3d7bd93\" data-element_type=\"section\" data-e-type=\"section\" data-settings=\"{&quot;_ha_eqh_enable&quot;:false}\">\n\t\t\t\t\t\t<div class=\"elementor-container elementor-column-gap-default\">\n\t\t\t\t\t<div class=\"elementor-column elementor-col-100 elementor-top-column elementor-element elementor-element-dc6b151 exad-glass-effect-no exad-sticky-section-no\" data-id=\"dc6b151\" data-element_type=\"column\" data-e-type=\"column\">\n\t\t\t<div class=\"elementor-widget-wrap\">\n\t\t\t\t\t\t\t<\/div>\n\t\t<\/div>\n\t\t\t\t\t<\/div>\n\t\t<\/section>\n\t\t\t\t<\/div>\n\t\t","protected":false},"excerpt":{"rendered":"<p>Compra en Linea Directo a tu consultorioEnviamos a toda la Rep\u00fablica. IR AL SITIO<\/p>\n","protected":false},"author":1,"featured_media":0,"parent":0,"menu_order":0,"comment_status":"closed","ping_status":"closed","template":"elementor_header_footer","meta":{"_joinchat":[],"footnotes":""},"class_list":["post-11483","page","type-page","status-publish"],"aioseo_notices":[],"yoast_head":"<!-- This site is optimized with the Yoast SEO plugin v27.2 - https:\/\/yoast.com\/product\/yoast-seo-wordpress\/ -->\n<title>D\u00f3nde comprar - Viarden Lab<\/title>\n<meta name=\"robots\" content=\"index, follow, max-snippet:-1, max-image-preview:large, max-video-preview:-1\" \/>\n<link rel=\"canonical\" href=\"https:\/\/viardenlab.com\/mx\/donde-comprar\" \/>\n<meta property=\"og:locale\" content=\"es_ES\" \/>\n<meta property=\"og:type\" content=\"article\" \/>\n<meta property=\"og:title\" content=\"D\u00f3nde comprar - Viarden Lab\" \/>\n<meta property=\"og:description\" content=\"Compra en Linea Directo a tu consultorioEnviamos a toda la Rep\u00fablica. IR AL SITIO\" \/>\n<meta property=\"og:url\" content=\"https:\/\/viardenlab.com\/mx\/donde-comprar\" \/>\n<meta property=\"og:site_name\" content=\"Viarden Lab\" \/>\n<meta property=\"article:modified_time\" content=\"2025-07-23T17:53:05+00:00\" \/>\n<meta property=\"og:image\" content=\"https:\/\/viardenlab.com\/mx\/wp-content\/uploads\/2025\/04\/logo-OFERTAS.png.webp\" \/>\n\t<meta property=\"og:image:width\" content=\"668\" \/>\n\t<meta property=\"og:image:height\" content=\"182\" \/>\n\t<meta property=\"og:image:type\" content=\"image\/webp\" \/>\n<meta name=\"twitter:label1\" content=\"Tiempo de lectura\" \/>\n\t<meta name=\"twitter:data1\" content=\"1 minuto\" \/>\n<script type=\"application\/ld+json\" class=\"yoast-schema-graph\">{\"@context\":\"https:\/\/schema.org\",\"@graph\":[{\"@type\":\"WebPage\",\"@id\":\"https:\/\/viardenlab.com\/mx\/donde-comprar\",\"url\":\"https:\/\/viardenlab.com\/mx\/donde-comprar\",\"name\":\"D\u00f3nde comprar - Viarden Lab\",\"isPartOf\":{\"@id\":\"https:\/\/viardenlab.com\/mx\/#website\"},\"primaryImageOfPage\":{\"@id\":\"https:\/\/viardenlab.com\/mx\/donde-comprar#primaryimage\"},\"image\":{\"@id\":\"https:\/\/viardenlab.com\/mx\/donde-comprar#primaryimage\"},\"thumbnailUrl\":\"http:\/\/viardenlab.com\/mx\/wp-content\/uploads\/2025\/04\/logo-OFERTAS.png.webp\",\"datePublished\":\"2025-05-03T00:07:09+00:00\",\"dateModified\":\"2025-07-23T17:53:05+00:00\",\"breadcrumb\":{\"@id\":\"https:\/\/viardenlab.com\/mx\/donde-comprar#breadcrumb\"},\"inLanguage\":\"es\",\"potentialAction\":[{\"@type\":\"ReadAction\",\"target\":[\"https:\/\/viardenlab.com\/mx\/donde-comprar\"]}]},{\"@type\":\"ImageObject\",\"inLanguage\":\"es\",\"@id\":\"https:\/\/viardenlab.com\/mx\/donde-comprar#primaryimage\",\"url\":\"https:\/\/viardenlab.com\/mx\/wp-content\/uploads\/2025\/04\/logo-OFERTAS.png.webp\",\"contentUrl\":\"https:\/\/viardenlab.com\/mx\/wp-content\/uploads\/2025\/04\/logo-OFERTAS.png.webp\",\"width\":668,\"height\":182},{\"@type\":\"BreadcrumbList\",\"@id\":\"https:\/\/viardenlab.com\/mx\/donde-comprar#breadcrumb\",\"itemListElement\":[{\"@type\":\"ListItem\",\"position\":1,\"name\":\"Portada\",\"item\":\"https:\/\/viardenlab.com\/mx\/\"},{\"@type\":\"ListItem\",\"position\":2,\"name\":\"D\u00f3nde comprar\"}]},{\"@type\":\"WebSite\",\"@id\":\"https:\/\/viardenlab.com\/mx\/#website\",\"url\":\"https:\/\/viardenlab.com\/mx\/\",\"name\":\"Viarden Lab\",\"description\":\"Compra Online directo a tu consultorio\",\"potentialAction\":[{\"@type\":\"SearchAction\",\"target\":{\"@type\":\"EntryPoint\",\"urlTemplate\":\"https:\/\/viardenlab.com\/mx\/?s={search_term_string}\"},\"query-input\":{\"@type\":\"PropertyValueSpecification\",\"valueRequired\":true,\"valueName\":\"search_term_string\"}}],\"inLanguage\":\"es\"}]}<\/script>\n<!-- \/ Yoast SEO plugin. -->","yoast_head_json":{"title":"D\u00f3nde comprar - Viarden Lab","robots":{"index":"index","follow":"follow","max-snippet":"max-snippet:-1","max-image-preview":"max-image-preview:large","max-video-preview":"max-video-preview:-1"},"canonical":"https:\/\/viardenlab.com\/mx\/donde-comprar","og_locale":"es_ES","og_type":"article","og_title":"D\u00f3nde comprar - Viarden Lab","og_description":"Compra en Linea Directo a tu consultorioEnviamos a toda la Rep\u00fablica. IR AL SITIO","og_url":"https:\/\/viardenlab.com\/mx\/donde-comprar","og_site_name":"Viarden Lab","article_modified_time":"2025-07-23T17:53:05+00:00","og_image":[{"width":668,"height":182,"url":"https:\/\/viardenlab.com\/mx\/wp-content\/uploads\/2025\/04\/logo-OFERTAS.png.webp","type":"image\/webp"}],"twitter_misc":{"Tiempo de lectura":"1 minuto"},"schema":{"@context":"https:\/\/schema.org","@graph":[{"@type":"WebPage","@id":"https:\/\/viardenlab.com\/mx\/donde-comprar","url":"https:\/\/viardenlab.com\/mx\/donde-comprar","name":"D\u00f3nde comprar - Viarden Lab","isPartOf":{"@id":"https:\/\/viardenlab.com\/mx\/#website"},"primaryImageOfPage":{"@id":"https:\/\/viardenlab.com\/mx\/donde-comprar#primaryimage"},"image":{"@id":"https:\/\/viardenlab.com\/mx\/donde-comprar#primaryimage"},"thumbnailUrl":"http:\/\/viardenlab.com\/mx\/wp-content\/uploads\/2025\/04\/logo-OFERTAS.png.webp","datePublished":"2025-05-03T00:07:09+00:00","dateModified":"2025-07-23T17:53:05+00:00","breadcrumb":{"@id":"https:\/\/viardenlab.com\/mx\/donde-comprar#breadcrumb"},"inLanguage":"es","potentialAction":[{"@type":"ReadAction","target":["https:\/\/viardenlab.com\/mx\/donde-comprar"]}]},{"@type":"ImageObject","inLanguage":"es","@id":"https:\/\/viardenlab.com\/mx\/donde-comprar#primaryimage","url":"https:\/\/viardenlab.com\/mx\/wp-content\/uploads\/2025\/04\/logo-OFERTAS.png.webp","contentUrl":"https:\/\/viardenlab.com\/mx\/wp-content\/uploads\/2025\/04\/logo-OFERTAS.png.webp","width":668,"height":182},{"@type":"BreadcrumbList","@id":"https:\/\/viardenlab.com\/mx\/donde-comprar#breadcrumb","itemListElement":[{"@type":"ListItem","position":1,"name":"Portada","item":"https:\/\/viardenlab.com\/mx\/"},{"@type":"ListItem","position":2,"name":"D\u00f3nde comprar"}]},{"@type":"WebSite","@id":"https:\/\/viardenlab.com\/mx\/#website","url":"https:\/\/viardenlab.com\/mx\/","name":"Viarden Lab","description":"Compra Online directo a tu consultorio","potentialAction":[{"@type":"SearchAction","target":{"@type":"EntryPoint","urlTemplate":"https:\/\/viardenlab.com\/mx\/?s={search_term_string}"},"query-input":{"@type":"PropertyValueSpecification","valueRequired":true,"valueName":"search_term_string"}}],"inLanguage":"es"}]}},"_links":{"self":[{"href":"https:\/\/viardenlab.com\/mx\/wp-json\/wp\/v2\/pages\/11483","targetHints":{"allow":["GET"]}}],"collection":[{"href":"https:\/\/viardenlab.com\/mx\/wp-json\/wp\/v2\/pages"}],"about":[{"href":"https:\/\/viardenlab.com\/mx\/wp-json\/wp\/v2\/types\/page"}],"author":[{"embeddable":true,"href":"https:\/\/viardenlab.com\/mx\/wp-json\/wp\/v2\/users\/1"}],"replies":[{"embeddable":true,"href":"https:\/\/viardenlab.com\/mx\/wp-json\/wp\/v2\/comments?post=11483"}],"version-history":[{"count":40,"href":"https:\/\/viardenlab.com\/mx\/wp-json\/wp\/v2\/pages\/11483\/revisions"}],"predecessor-version":[{"id":11890,"href":"https:\/\/viardenlab.com\/mx\/wp-json\/wp\/v2\/pages\/11483\/revisions\/11890"}],"wp:attachment":[{"href":"https:\/\/viardenlab.com\/mx\/wp-json\/wp\/v2\/media?parent=11483"}],"curies":[{"name":"wp","href":"https:\/\/api.w.org\/{rel}","templated":true}]}}