{"id":11318,"date":"2025-04-28T18:03:25","date_gmt":"2025-04-29T00:03:25","guid":{"rendered":"https:\/\/viardenlab.com\/mx\/?page_id=11318"},"modified":"2025-04-29T12:43:38","modified_gmt":"2025-04-29T18:43:38","slug":"ionomeros","status":"publish","type":"page","link":"https:\/\/viardenlab.com\/mx\/ionomeros","title":{"rendered":"Ion\u00f3meros"},"content":{"rendered":"\t\t<div data-elementor-type=\"wp-page\" data-elementor-id=\"11318\" class=\"elementor elementor-11318\" data-elementor-settings=\"{&quot;ha_cmc_init_switcher&quot;:&quot;no&quot;}\" data-elementor-post-type=\"page\">\n\t\t\t\t\t\t<section class=\"elementor-section elementor-top-section elementor-element elementor-element-29fbf19 elementor-section-boxed elementor-section-height-default elementor-section-height-default exad-glass-effect-no wpr-particle-no wpr-jarallax-no wpr-parallax-no wpr-sticky-section-no exad-sticky-section-no\" data-id=\"29fbf19\" data-element_type=\"section\" data-e-type=\"section\" data-settings=\"{&quot;_ha_eqh_enable&quot;:false}\">\n\t\t\t\t\t\t<div class=\"elementor-container elementor-column-gap-default\">\n\t\t\t\t\t<div class=\"elementor-column elementor-col-100 elementor-top-column elementor-element elementor-element-a453419 exad-glass-effect-no exad-sticky-section-no\" data-id=\"a453419\" data-element_type=\"column\" data-e-type=\"column\">\n\t\t\t<div class=\"elementor-widget-wrap elementor-element-populated\">\n\t\t\t\t\t\t<div class=\"elementor-element elementor-element-b38b330 exad-sticky-section-no exad-glass-effect-no elementor-invisible elementor-widget elementor-widget-heading\" data-id=\"b38b330\" data-element_type=\"widget\" data-e-type=\"widget\" data-settings=\"{&quot;_animation&quot;:&quot;fadeInUp&quot;}\" data-widget_type=\"heading.default\">\n\t\t\t\t<div class=\"elementor-widget-container\">\n\t\t\t\t\t<h2 class=\"elementor-heading-title elementor-size-default\">ION\u00d3MEROS<\/h2>\t\t\t\t<\/div>\n\t\t\t\t<\/div>\n\t\t\t\t<div class=\"elementor-element elementor-element-45a851e eael-product-list-column-2 exad-sticky-section-no exad-glass-effect-no elementor-widget elementor-widget-eicon-woocommerce\" data-id=\"45a851e\" data-element_type=\"widget\" data-e-type=\"widget\" data-widget_type=\"eicon-woocommerce.default\">\n\t\t\t\t<div class=\"elementor-widget-container\">\n\t\t\t\t\t\n        <div class=\"eael-product-grid  list\" id=\"eael-product-grid\" data-widget-id=\"45a851e\" data-page-id=\"11318\" data-nonce=\"b69e22bb95\" >\n            <div class=\"woocommerce\">\n                <ul class=\"products eael-post-appender eael-post-appender-45a851e\" data-ssi-desktop=\"no\" data-ssi-tablet=\"no\" data-ssi-mobile=\"no\" data-layout-mode=\"list\"><li class=\"product  eael-product-list-preset-1\">\n    <div class=\"eael-product-wrap\">\n        <div class=\"product-image-wrap\">\n            <div class=\"image-wrap\">\n                <a href=\"https:\/\/viardenlab.com\/mx\/producto\/ion-glass-sealer\" class=\"woocommerce-LoopProduct-link woocommerce-loop-product__link\"><img fetchpriority=\"high\" decoding=\"async\" width=\"300\" height=\"300\" src=\"https:\/\/viardenlab.com\/mx\/wp-content\/uploads\/2019\/03\/ion-glass-sealer-300x300.jpg\" class=\"attachment-medium size-medium\" alt=\"Ion Glass Sealer\" loading=\"eager\" \/><\/a>            <\/div>\n        <\/div>\n        <div class=\"product-details-wrap\">\n            <div class=\"eael-product-title\">\n                                <a href=\"https:\/\/viardenlab.com\/mx\/producto\/ion-glass-sealer\" class=\"woocommerce-LoopProduct-link woocommerce-loop-product__link\"><h2 class=\"woocommerce-loop-product__title\">Ion Glass Sealer<\/h2><\/a><\/div><div class=\"eael-product-excerpt\">\n                <p>Iono\u0301mero de vidrio fotopolimerizable modificado con resina que por su consistencia facilita su aplicacio\u0301n, con excelente sellado, radiopaco, alta resistencia...<\/p><\/div>\n            <ul class=\"icons-wrap details-block-style-2\">\n                                <li class=\"add-to-cart\"><a href=\"https:\/\/viardenlab.com\/mx\/producto\/ion-glass-sealer\" aria-describedby=\"woocommerce_loop_add_to_cart_link_describedby_763\" data-quantity=\"1\" class=\"button product_type_simple\" data-product_id=\"763\" data-product_sku=\"\" aria-label=\"Lee m\u00e1s sobre &ldquo;Ion Glass Sealer&rdquo;\" rel=\"nofollow\" data-success_message=\"\">Leer m\u00e1s<\/a>\t<span id=\"woocommerce_loop_add_to_cart_link_describedby_763\" class=\"screen-reader-text\">\n\t\t\t<\/span>\n<\/li>\n\n                                            <\/ul>\n                    <\/div>\n    <\/div>\n<\/li><li class=\"product  eael-product-list-preset-1\">\n    <div class=\"eael-product-wrap\">\n        <div class=\"product-image-wrap\">\n            <div class=\"image-wrap\">\n                <a href=\"https:\/\/viardenlab.com\/mx\/producto\/ion-glass-ortho-ionomero-de-vidrio-para-ortodoncia\" class=\"woocommerce-LoopProduct-link woocommerce-loop-product__link\"><img decoding=\"async\" width=\"300\" height=\"300\" src=\"https:\/\/viardenlab.com\/mx\/wp-content\/uploads\/2017\/04\/ion-glass-ortho-ionomero-de-vidrio-para-ortodoncia-fotopolimerizable-300x300.jpg\" class=\"attachment-medium size-medium\" alt=\"Ion Glass Ortho\" loading=\"eager\" \/><\/a>            <\/div>\n        <\/div>\n        <div class=\"product-details-wrap\">\n            <div class=\"eael-product-title\">\n                                <a href=\"https:\/\/viardenlab.com\/mx\/producto\/ion-glass-ortho-ionomero-de-vidrio-para-ortodoncia\" class=\"woocommerce-LoopProduct-link woocommerce-loop-product__link\"><h2 class=\"woocommerce-loop-product__title\">Ion Glass Ortho<\/h2><\/a><\/div><div class=\"eael-product-excerpt\">\n                <p>Es un iono\u0301mero de vidrio fotopolimerizable modificado con resina, su colocacio\u0301n en el bracket simplifica la te\u0301cnica de cementacio\u0301n, se...<\/p><\/div>\n            <ul class=\"icons-wrap details-block-style-2\">\n                                <li class=\"add-to-cart\"><a href=\"https:\/\/viardenlab.com\/mx\/producto\/ion-glass-ortho-ionomero-de-vidrio-para-ortodoncia\" aria-describedby=\"woocommerce_loop_add_to_cart_link_describedby_205\" data-quantity=\"1\" class=\"button product_type_simple\" data-product_id=\"205\" data-product_sku=\"\" aria-label=\"Lee m\u00e1s sobre &ldquo;Ion Glass Ortho&rdquo;\" rel=\"nofollow\" data-success_message=\"\">Leer m\u00e1s<\/a>\t<span id=\"woocommerce_loop_add_to_cart_link_describedby_205\" class=\"screen-reader-text\">\n\t\t\t<\/span>\n<\/li>\n\n                                            <\/ul>\n                    <\/div>\n    <\/div>\n<\/li><li class=\"product  eael-product-list-preset-1\">\n    <div class=\"eael-product-wrap\">\n        <div class=\"product-image-wrap\">\n            <div class=\"image-wrap\">\n                <a href=\"https:\/\/viardenlab.com\/mx\/producto\/ion-glass-lux-ionomero-de-vidrio-tipo-iii\" class=\"woocommerce-LoopProduct-link woocommerce-loop-product__link\"><img decoding=\"async\" width=\"300\" height=\"300\" src=\"https:\/\/viardenlab.com\/mx\/wp-content\/uploads\/2017\/04\/ionglass-lux-1-300x300.jpg\" class=\"attachment-medium size-medium\" alt=\"Ion Glass Lux\" loading=\"eager\" \/><\/a>            <\/div>\n        <\/div>\n        <div class=\"product-details-wrap\">\n            <div class=\"eael-product-title\">\n                                <a href=\"https:\/\/viardenlab.com\/mx\/producto\/ion-glass-lux-ionomero-de-vidrio-tipo-iii\" class=\"woocommerce-LoopProduct-link woocommerce-loop-product__link\"><h2 class=\"woocommerce-loop-product__title\">Ion Glass Lux<\/h2><\/a><\/div><div class=\"eael-product-excerpt\">\n                <p>Es un iono\u0301mero de vidrio modificado con resina, radiopaco y fotocurable de microparticulas que permiten una densidad mayor, dando un...<\/p><\/div>\n            <ul class=\"icons-wrap details-block-style-2\">\n                                <li class=\"add-to-cart\"><a href=\"https:\/\/viardenlab.com\/mx\/producto\/ion-glass-lux-ionomero-de-vidrio-tipo-iii\" aria-describedby=\"woocommerce_loop_add_to_cart_link_describedby_203\" data-quantity=\"1\" class=\"button product_type_simple\" data-product_id=\"203\" data-product_sku=\"\" aria-label=\"Lee m\u00e1s sobre &ldquo;Ion Glass Lux&rdquo;\" rel=\"nofollow\" data-success_message=\"\">Leer m\u00e1s<\/a>\t<span id=\"woocommerce_loop_add_to_cart_link_describedby_203\" class=\"screen-reader-text\">\n\t\t\t<\/span>\n<\/li>\n\n                                            <\/ul>\n                    <\/div>\n    <\/div>\n<\/li><li class=\"product  eael-product-list-preset-1\">\n    <div class=\"eael-product-wrap\">\n        <div class=\"product-image-wrap\">\n            <div class=\"image-wrap\">\n                <a href=\"https:\/\/viardenlab.com\/mx\/producto\/ion-glass\" class=\"woocommerce-LoopProduct-link woocommerce-loop-product__link\"><img decoding=\"async\" width=\"300\" height=\"300\" src=\"https:\/\/viardenlab.com\/mx\/wp-content\/uploads\/2017\/04\/ionglass-lux-2-300x300.jpg\" class=\"attachment-medium size-medium\" alt=\"Ion Glass\" loading=\"eager\" \/><\/a>            <\/div>\n        <\/div>\n        <div class=\"product-details-wrap\">\n            <div class=\"eael-product-title\">\n                                <a href=\"https:\/\/viardenlab.com\/mx\/producto\/ion-glass\" class=\"woocommerce-LoopProduct-link woocommerce-loop-product__link\"><h2 class=\"woocommerce-loop-product__title\">Ion Glass<\/h2><\/a><\/div><div class=\"eael-product-excerpt\">\n                <p>El ion\u00f3mero de vidrio representa un avance importante en la pr\u00e1ctica odontol\u00f3gica por sus propiedades adhesivas y preventivas. VIARDEN ha...<\/p><\/div>\n            <ul class=\"icons-wrap details-block-style-2\">\n                                <li class=\"add-to-cart\"><a href=\"https:\/\/viardenlab.com\/mx\/producto\/ion-glass\" aria-describedby=\"woocommerce_loop_add_to_cart_link_describedby_201\" data-quantity=\"1\" class=\"button product_type_simple\" data-product_id=\"201\" data-product_sku=\"\" aria-label=\"Lee m\u00e1s sobre &ldquo;Ion Glass&rdquo;\" rel=\"nofollow\" data-success_message=\"\">Leer m\u00e1s<\/a>\t<span id=\"woocommerce_loop_add_to_cart_link_describedby_201\" class=\"screen-reader-text\">\n\t\t\t<\/span>\n<\/li>\n\n                                            <\/ul>\n                    <\/div>\n    <\/div>\n<\/li><\/ul><nav id='45a851e-eael-pagination' class='eael-woo-pagination' data-plimit='10' data-totalpage ='4' data-widgetid='45a851e' data-pageid='11318' data-args='post_type=product&post_status%5B0%5D=publish&post_status%5B1%5D=pending&post_status%5B2%5D=future&posts_per_page=10&order=desc&offset=0&tax_query%5Brelation%5D=AND&tax_query%5B0%5D%5Btaxonomy%5D=product_visibility&tax_query%5B0%5D%5Bfield%5D=name&tax_query%5B0%5D%5Bterms%5D%5B0%5D=exclude-from-search&tax_query%5B0%5D%5Bterms%5D%5B1%5D=exclude-from-catalog&tax_query%5B0%5D%5Boperator%5D=NOT+IN&tax_query%5B1%5D%5Btaxonomy%5D=product_cat&tax_query%5B1%5D%5Bfield%5D=slug&tax_query%5B1%5D%5Bterms%5D%5B0%5D=ionomeros&tax_query%5B1%5D%5Boperator%5D=IN&meta_query%5Brelation%5D=AND&orderby=date&max_page=1&total_post=4'  data-template='{\"dir\":\"free\",\"file_name\":\"list-preset-1\",\"name\":\"eicon-woocommerce\"}'><ul class='page-numbers'><li><a href='javascript:void(0);' id='post' class='page-numbers current' data-pnumber='1'>1<\/a><\/li><\/ul><\/nav>            <\/div>\n        <\/div>\n\n        <script type=\"text\/javascript\">\n            jQuery(document).ready(function($) {\n                var $scope = jQuery(\".elementor-element-45a851e\");\n                var $products = $('.products', $scope);\n                var $layout_mode = $products.data('layout-mode');\n                \n                if ( $layout_mode === 'masonry' ) {\n                    \/\/ init isotope\n                    var $isotope_products = $products.isotope({\n                        itemSelector: \"li.product\",\n                        layoutMode: $layout_mode,\n                        percentPosition: true\n                    });\n\n                    $isotope_products.imagesLoaded().progress( function() {\n                        $isotope_products.isotope('layout');\n                    })\n                    \n                }\n            });\n        <\/script>\n        \t\t\t\t<\/div>\n\t\t\t\t<\/div>\n\t\t\t\t\t<\/div>\n\t\t<\/div>\n\t\t\t\t\t<\/div>\n\t\t<\/section>\n\t\t\t\t<\/div>\n\t\t","protected":false},"excerpt":{"rendered":"<p>ION\u00d3MEROS Ion Glass Sealer Iono\u0301mero de vidrio fotopolimerizable modificado con resina que por su consistencia facilita su aplicacio\u0301n, con excelente sellado, radiopaco, alta resistencia&#8230; Leer m\u00e1s Ion Glass Ortho Es&hellip;<\/p>\n<p> <a class=\"more-link\" href=\"https:\/\/viardenlab.com\/mx\/producto\/ion-glass\">Leer m\u00e1s<\/a><\/p>\n<p> <a class=\"more-link\" href=\"https:\/\/viardenlab.com\/mx\/producto\/ion-glass\">Leer m\u00e1s<\/a><\/p>","protected":false},"author":1,"featured_media":0,"parent":0,"menu_order":0,"comment_status":"closed","ping_status":"closed","template":"elementor_header_footer","meta":{"_joinchat":[],"footnotes":""},"class_list":["post-11318","page","type-page","status-publish"],"aioseo_notices":[],"yoast_head":"<!-- This site is optimized with the Yoast SEO plugin v27.2 - https:\/\/yoast.com\/product\/yoast-seo-wordpress\/ -->\n<title>Ion\u00f3meros - Viarden Lab<\/title>\n<meta name=\"robots\" content=\"index, follow, max-snippet:-1, max-image-preview:large, max-video-preview:-1\" \/>\n<link rel=\"canonical\" href=\"https:\/\/viardenlab.com\/mx\/ionomeros\" \/>\n<meta property=\"og:locale\" content=\"es_ES\" \/>\n<meta property=\"og:type\" content=\"article\" \/>\n<meta property=\"og:title\" content=\"Ion\u00f3meros - Viarden Lab\" \/>\n<meta property=\"og:description\" content=\"ION\u00d3MEROS Ion Glass Sealer Iono\u0301mero de vidrio fotopolimerizable modificado con resina que por su consistencia facilita su aplicacio\u0301n, con excelente sellado, radiopaco, alta resistencia&#8230; Leer m\u00e1s Ion Glass Ortho Es&hellip;  Leer m\u00e1s\" \/>\n<meta property=\"og:url\" content=\"https:\/\/viardenlab.com\/mx\/ionomeros\" \/>\n<meta property=\"og:site_name\" content=\"Viarden Lab\" \/>\n<meta property=\"article:modified_time\" content=\"2025-04-29T18:43:38+00:00\" \/>\n<meta property=\"og:image\" content=\"http:\/\/viardenlab.com\/mx\/wp-content\/uploads\/2019\/03\/ion-glass-sealer-300x300.jpg\" \/>\n<meta name=\"twitter:label1\" content=\"Tiempo de lectura\" \/>\n\t<meta name=\"twitter:data1\" content=\"2 minutos\" \/>\n<script type=\"application\/ld+json\" class=\"yoast-schema-graph\">{\"@context\":\"https:\/\/schema.org\",\"@graph\":[{\"@type\":\"WebPage\",\"@id\":\"https:\/\/viardenlab.com\/mx\/ionomeros\",\"url\":\"https:\/\/viardenlab.com\/mx\/ionomeros\",\"name\":\"Ion\u00f3meros - Viarden Lab\",\"isPartOf\":{\"@id\":\"https:\/\/viardenlab.com\/mx\/#website\"},\"primaryImageOfPage\":{\"@id\":\"https:\/\/viardenlab.com\/mx\/ionomeros#primaryimage\"},\"image\":{\"@id\":\"https:\/\/viardenlab.com\/mx\/ionomeros#primaryimage\"},\"thumbnailUrl\":\"http:\/\/viardenlab.com\/mx\/wp-content\/uploads\/2019\/03\/ion-glass-sealer-300x300.jpg\",\"datePublished\":\"2025-04-29T00:03:25+00:00\",\"dateModified\":\"2025-04-29T18:43:38+00:00\",\"breadcrumb\":{\"@id\":\"https:\/\/viardenlab.com\/mx\/ionomeros#breadcrumb\"},\"inLanguage\":\"es\",\"potentialAction\":[{\"@type\":\"ReadAction\",\"target\":[\"https:\/\/viardenlab.com\/mx\/ionomeros\"]}]},{\"@type\":\"ImageObject\",\"inLanguage\":\"es\",\"@id\":\"https:\/\/viardenlab.com\/mx\/ionomeros#primaryimage\",\"url\":\"https:\/\/viardenlab.com\/mx\/wp-content\/uploads\/2019\/03\/ion-glass-sealer.jpg\",\"contentUrl\":\"https:\/\/viardenlab.com\/mx\/wp-content\/uploads\/2019\/03\/ion-glass-sealer.jpg\",\"width\":1000,\"height\":1000},{\"@type\":\"BreadcrumbList\",\"@id\":\"https:\/\/viardenlab.com\/mx\/ionomeros#breadcrumb\",\"itemListElement\":[{\"@type\":\"ListItem\",\"position\":1,\"name\":\"Portada\",\"item\":\"https:\/\/viardenlab.com\/mx\/\"},{\"@type\":\"ListItem\",\"position\":2,\"name\":\"Ion\u00f3meros\"}]},{\"@type\":\"WebSite\",\"@id\":\"https:\/\/viardenlab.com\/mx\/#website\",\"url\":\"https:\/\/viardenlab.com\/mx\/\",\"name\":\"Viarden Lab\",\"description\":\"Compra Online directo a tu consultorio\",\"potentialAction\":[{\"@type\":\"SearchAction\",\"target\":{\"@type\":\"EntryPoint\",\"urlTemplate\":\"https:\/\/viardenlab.com\/mx\/?s={search_term_string}\"},\"query-input\":{\"@type\":\"PropertyValueSpecification\",\"valueRequired\":true,\"valueName\":\"search_term_string\"}}],\"inLanguage\":\"es\"}]}<\/script>\n<!-- \/ Yoast SEO plugin. -->","yoast_head_json":{"title":"Ion\u00f3meros - Viarden Lab","robots":{"index":"index","follow":"follow","max-snippet":"max-snippet:-1","max-image-preview":"max-image-preview:large","max-video-preview":"max-video-preview:-1"},"canonical":"https:\/\/viardenlab.com\/mx\/ionomeros","og_locale":"es_ES","og_type":"article","og_title":"Ion\u00f3meros - Viarden Lab","og_description":"ION\u00d3MEROS Ion Glass Sealer Iono\u0301mero de vidrio fotopolimerizable modificado con resina que por su consistencia facilita su aplicacio\u0301n, con excelente sellado, radiopaco, alta resistencia&#8230; Leer m\u00e1s Ion Glass Ortho Es&hellip;  Leer m\u00e1s","og_url":"https:\/\/viardenlab.com\/mx\/ionomeros","og_site_name":"Viarden Lab","article_modified_time":"2025-04-29T18:43:38+00:00","og_image":[{"url":"http:\/\/viardenlab.com\/mx\/wp-content\/uploads\/2019\/03\/ion-glass-sealer-300x300.jpg","type":"","width":"","height":""}],"twitter_misc":{"Tiempo de lectura":"2 minutos"},"schema":{"@context":"https:\/\/schema.org","@graph":[{"@type":"WebPage","@id":"https:\/\/viardenlab.com\/mx\/ionomeros","url":"https:\/\/viardenlab.com\/mx\/ionomeros","name":"Ion\u00f3meros - Viarden Lab","isPartOf":{"@id":"https:\/\/viardenlab.com\/mx\/#website"},"primaryImageOfPage":{"@id":"https:\/\/viardenlab.com\/mx\/ionomeros#primaryimage"},"image":{"@id":"https:\/\/viardenlab.com\/mx\/ionomeros#primaryimage"},"thumbnailUrl":"http:\/\/viardenlab.com\/mx\/wp-content\/uploads\/2019\/03\/ion-glass-sealer-300x300.jpg","datePublished":"2025-04-29T00:03:25+00:00","dateModified":"2025-04-29T18:43:38+00:00","breadcrumb":{"@id":"https:\/\/viardenlab.com\/mx\/ionomeros#breadcrumb"},"inLanguage":"es","potentialAction":[{"@type":"ReadAction","target":["https:\/\/viardenlab.com\/mx\/ionomeros"]}]},{"@type":"ImageObject","inLanguage":"es","@id":"https:\/\/viardenlab.com\/mx\/ionomeros#primaryimage","url":"https:\/\/viardenlab.com\/mx\/wp-content\/uploads\/2019\/03\/ion-glass-sealer.jpg","contentUrl":"https:\/\/viardenlab.com\/mx\/wp-content\/uploads\/2019\/03\/ion-glass-sealer.jpg","width":1000,"height":1000},{"@type":"BreadcrumbList","@id":"https:\/\/viardenlab.com\/mx\/ionomeros#breadcrumb","itemListElement":[{"@type":"ListItem","position":1,"name":"Portada","item":"https:\/\/viardenlab.com\/mx\/"},{"@type":"ListItem","position":2,"name":"Ion\u00f3meros"}]},{"@type":"WebSite","@id":"https:\/\/viardenlab.com\/mx\/#website","url":"https:\/\/viardenlab.com\/mx\/","name":"Viarden Lab","description":"Compra Online directo a tu consultorio","potentialAction":[{"@type":"SearchAction","target":{"@type":"EntryPoint","urlTemplate":"https:\/\/viardenlab.com\/mx\/?s={search_term_string}"},"query-input":{"@type":"PropertyValueSpecification","valueRequired":true,"valueName":"search_term_string"}}],"inLanguage":"es"}]}},"_links":{"self":[{"href":"https:\/\/viardenlab.com\/mx\/wp-json\/wp\/v2\/pages\/11318","targetHints":{"allow":["GET"]}}],"collection":[{"href":"https:\/\/viardenlab.com\/mx\/wp-json\/wp\/v2\/pages"}],"about":[{"href":"https:\/\/viardenlab.com\/mx\/wp-json\/wp\/v2\/types\/page"}],"author":[{"embeddable":true,"href":"https:\/\/viardenlab.com\/mx\/wp-json\/wp\/v2\/users\/1"}],"replies":[{"embeddable":true,"href":"https:\/\/viardenlab.com\/mx\/wp-json\/wp\/v2\/comments?post=11318"}],"version-history":[{"count":7,"href":"https:\/\/viardenlab.com\/mx\/wp-json\/wp\/v2\/pages\/11318\/revisions"}],"predecessor-version":[{"id":11432,"href":"https:\/\/viardenlab.com\/mx\/wp-json\/wp\/v2\/pages\/11318\/revisions\/11432"}],"wp:attachment":[{"href":"https:\/\/viardenlab.com\/mx\/wp-json\/wp\/v2\/media?parent=11318"}],"curies":[{"name":"wp","href":"https:\/\/api.w.org\/{rel}","templated":true}]}}