{"id":10420,"date":"2025-03-31T13:46:03","date_gmt":"2025-03-31T19:46:03","guid":{"rendered":"https:\/\/viardenlab.com\/mx\/?page_id=10420"},"modified":"2025-04-29T12:52:29","modified_gmt":"2025-04-29T18:52:29","slug":"varios","status":"publish","type":"page","link":"https:\/\/viardenlab.com\/mx\/varios","title":{"rendered":"Varios"},"content":{"rendered":"\t\t<div data-elementor-type=\"wp-page\" data-elementor-id=\"10420\" class=\"elementor elementor-10420\" data-elementor-settings=\"{&quot;ha_cmc_init_switcher&quot;:&quot;no&quot;}\" data-elementor-post-type=\"page\">\n\t\t\t\t\t\t<section class=\"elementor-section elementor-top-section elementor-element elementor-element-021ed3f elementor-section-boxed elementor-section-height-default elementor-section-height-default exad-glass-effect-no wpr-particle-no wpr-jarallax-no wpr-parallax-no wpr-sticky-section-no exad-sticky-section-no\" data-id=\"021ed3f\" data-element_type=\"section\" data-e-type=\"section\" data-settings=\"{&quot;_ha_eqh_enable&quot;:false}\">\n\t\t\t\t\t\t<div class=\"elementor-container elementor-column-gap-default\">\n\t\t\t\t\t<div class=\"elementor-column elementor-col-100 elementor-top-column elementor-element elementor-element-461c222 exad-glass-effect-no exad-sticky-section-no\" data-id=\"461c222\" data-element_type=\"column\" data-e-type=\"column\">\n\t\t\t<div class=\"elementor-widget-wrap elementor-element-populated\">\n\t\t\t\t\t\t<div class=\"elementor-element elementor-element-436543f exad-sticky-section-no exad-glass-effect-no elementor-invisible elementor-widget elementor-widget-heading\" data-id=\"436543f\" data-element_type=\"widget\" data-e-type=\"widget\" data-settings=\"{&quot;_animation&quot;:&quot;fadeInUp&quot;}\" data-widget_type=\"heading.default\">\n\t\t\t\t<div class=\"elementor-widget-container\">\n\t\t\t\t\t<h2 class=\"elementor-heading-title elementor-size-default\">Varios<\/h2>\t\t\t\t<\/div>\n\t\t\t\t<\/div>\n\t\t\t\t<div class=\"elementor-element elementor-element-6432a79 eael-product-list-column-2 exad-sticky-section-no exad-glass-effect-no elementor-widget elementor-widget-eicon-woocommerce\" data-id=\"6432a79\" data-element_type=\"widget\" data-e-type=\"widget\" data-widget_type=\"eicon-woocommerce.default\">\n\t\t\t\t<div class=\"elementor-widget-container\">\n\t\t\t\t\t\n        <div class=\"eael-product-grid  list\" id=\"eael-product-grid\" data-widget-id=\"6432a79\" data-page-id=\"10420\" data-nonce=\"b69e22bb95\" >\n            <div class=\"woocommerce\">\n                <ul class=\"products eael-post-appender eael-post-appender-6432a79\" data-ssi-desktop=\"no\" data-ssi-tablet=\"no\" data-ssi-mobile=\"no\" data-layout-mode=\"list\"><li class=\"product  eael-product-list-preset-1\">\n    <div class=\"eael-product-wrap\">\n        <div class=\"product-image-wrap\">\n            <div class=\"image-wrap\">\n                <a href=\"https:\/\/viardenlab.com\/mx\/producto\/cucharillas-para-fluor\" class=\"woocommerce-LoopProduct-link woocommerce-loop-product__link\"><img fetchpriority=\"high\" decoding=\"async\" width=\"300\" height=\"300\" src=\"https:\/\/viardenlab.com\/mx\/wp-content\/uploads\/2024\/12\/cucharillas-300x300.jpg\" class=\"attachment-medium size-medium\" alt=\"Cucharillas para fl\u00faor\" loading=\"eager\" \/><\/a>            <\/div>\n        <\/div>\n        <div class=\"product-details-wrap\">\n            <div class=\"eael-product-title\">\n                                <a href=\"https:\/\/viardenlab.com\/mx\/producto\/cucharillas-para-fluor\" class=\"woocommerce-LoopProduct-link woocommerce-loop-product__link\"><h2 class=\"woocommerce-loop-product__title\">Cucharillas para fl\u00faor<\/h2><\/a><\/div><div class=\"eael-product-excerpt\">\n                <p>Viarden Lab presenta sus cucharillas flexibles, desechables, anato\u0301micas, ato\u0301xicas y con gran facilidad de aplicacio\u0301n simulta\u0301nea en las dos arcadas,...<\/p><\/div>\n            <ul class=\"icons-wrap details-block-style-2\">\n                                <li class=\"add-to-cart\"><a href=\"https:\/\/viardenlab.com\/mx\/producto\/cucharillas-para-fluor\" aria-describedby=\"woocommerce_loop_add_to_cart_link_describedby_9490\" data-quantity=\"1\" class=\"button product_type_simple\" data-product_id=\"9490\" data-product_sku=\"\" aria-label=\"Lee m\u00e1s sobre &ldquo;Cucharillas para fl\u00faor&rdquo;\" rel=\"nofollow\" data-success_message=\"\">Leer m\u00e1s<\/a>\t<span id=\"woocommerce_loop_add_to_cart_link_describedby_9490\" class=\"screen-reader-text\">\n\t\t\t<\/span>\n<\/li>\n\n                                            <\/ul>\n                    <\/div>\n    <\/div>\n<\/li><li class=\"product  eael-product-list-preset-1\">\n    <div class=\"eael-product-wrap\">\n        <div class=\"product-image-wrap\">\n            <div class=\"image-wrap\">\n                <a href=\"https:\/\/viardenlab.com\/mx\/producto\/coronas-de-celuloide-estuche-mini\" class=\"woocommerce-LoopProduct-link woocommerce-loop-product__link\"><img decoding=\"async\" width=\"300\" height=\"300\" src=\"https:\/\/viardenlab.com\/mx\/wp-content\/uploads\/2021\/01\/coronas-de-celuloide-estuche-mini-300x300.jpg\" class=\"attachment-medium size-medium\" alt=\"Formas para coronas de celuloide estuche mini\" loading=\"eager\" \/><\/a>            <\/div>\n        <\/div>\n        <div class=\"product-details-wrap\">\n            <div class=\"eael-product-title\">\n                                <a href=\"https:\/\/viardenlab.com\/mx\/producto\/coronas-de-celuloide-estuche-mini\" class=\"woocommerce-LoopProduct-link woocommerce-loop-product__link\"><h2 class=\"woocommerce-loop-product__title\">Formas para coronas de celuloide estuche mini<\/h2><\/a><\/div><div class=\"eael-product-excerpt\">\n                <p>+ INFORMACI\u00d3N<\/p><\/div>\n            <ul class=\"icons-wrap details-block-style-2\">\n                                <li class=\"add-to-cart\"><a href=\"https:\/\/viardenlab.com\/mx\/producto\/coronas-de-celuloide-estuche-mini\" aria-describedby=\"woocommerce_loop_add_to_cart_link_describedby_7027\" data-quantity=\"1\" class=\"button product_type_simple\" data-product_id=\"7027\" data-product_sku=\"\" aria-label=\"Lee m\u00e1s sobre &ldquo;Formas para coronas de celuloide estuche mini&rdquo;\" rel=\"nofollow\" data-success_message=\"\">Leer m\u00e1s<\/a>\t<span id=\"woocommerce_loop_add_to_cart_link_describedby_7027\" class=\"screen-reader-text\">\n\t\t\t<\/span>\n<\/li>\n\n                                            <\/ul>\n                    <\/div>\n    <\/div>\n<\/li><li class=\"product  eael-product-list-preset-1\">\n    <div class=\"eael-product-wrap\">\n        <div class=\"product-image-wrap\">\n            <div class=\"image-wrap\">\n                <a href=\"https:\/\/viardenlab.com\/mx\/producto\/coronas-de-celuloide-estuche-introductorio\" class=\"woocommerce-LoopProduct-link woocommerce-loop-product__link\"><img decoding=\"async\" width=\"300\" height=\"300\" src=\"https:\/\/viardenlab.com\/mx\/wp-content\/uploads\/2021\/01\/coronas-de-celuloide-estuche-introductorio-300x300.jpg\" class=\"attachment-medium size-medium\" alt=\"Formas para coronas de celuloide estuche introductorio\" loading=\"eager\" \/><\/a>            <\/div>\n        <\/div>\n        <div class=\"product-details-wrap\">\n            <div class=\"eael-product-title\">\n                                <a href=\"https:\/\/viardenlab.com\/mx\/producto\/coronas-de-celuloide-estuche-introductorio\" class=\"woocommerce-LoopProduct-link woocommerce-loop-product__link\"><h2 class=\"woocommerce-loop-product__title\">Formas para coronas de celuloide estuche introductorio<\/h2><\/a><\/div><div class=\"eael-product-excerpt\">\n                <p>+ INFORMACI\u00d3N<\/p><\/div>\n            <ul class=\"icons-wrap details-block-style-2\">\n                                <li class=\"add-to-cart\"><a href=\"https:\/\/viardenlab.com\/mx\/producto\/coronas-de-celuloide-estuche-introductorio\" aria-describedby=\"woocommerce_loop_add_to_cart_link_describedby_7025\" data-quantity=\"1\" class=\"button product_type_simple\" data-product_id=\"7025\" data-product_sku=\"\" aria-label=\"Lee m\u00e1s sobre &ldquo;Formas para coronas de celuloide estuche introductorio&rdquo;\" rel=\"nofollow\" data-success_message=\"\">Leer m\u00e1s<\/a>\t<span id=\"woocommerce_loop_add_to_cart_link_describedby_7025\" class=\"screen-reader-text\">\n\t\t\t<\/span>\n<\/li>\n\n                                            <\/ul>\n                    <\/div>\n    <\/div>\n<\/li><li class=\"product  eael-product-list-preset-1\">\n    <div class=\"eael-product-wrap\">\n        <div class=\"product-image-wrap\">\n            <div class=\"image-wrap\">\n                <a href=\"https:\/\/viardenlab.com\/mx\/producto\/papel-de-articular\" class=\"woocommerce-LoopProduct-link woocommerce-loop-product__link\"><img decoding=\"async\" width=\"300\" height=\"300\" src=\"https:\/\/viardenlab.com\/mx\/wp-content\/uploads\/2023\/07\/papel-articular-300x300.jpg\" class=\"attachment-medium size-medium\" alt=\"Papel Articular\" loading=\"eager\" \/><\/a>            <\/div>\n        <\/div>\n        <div class=\"product-details-wrap\">\n            <div class=\"eael-product-title\">\n                                <a href=\"https:\/\/viardenlab.com\/mx\/producto\/papel-de-articular\" class=\"woocommerce-LoopProduct-link woocommerce-loop-product__link\"><h2 class=\"woocommerce-loop-product__title\">Papel Articular<\/h2><\/a><\/div><div class=\"eael-product-excerpt\">\n                <p>Realizado con fibras finas de seda impregnadas en su superficie con parti\u0301culas de adhesivo para que se adhiera a las...<\/p><\/div>\n            <ul class=\"icons-wrap details-block-style-2\">\n                                <li class=\"add-to-cart\"><a href=\"https:\/\/viardenlab.com\/mx\/producto\/papel-de-articular\" aria-describedby=\"woocommerce_loop_add_to_cart_link_describedby_765\" data-quantity=\"1\" class=\"button product_type_simple\" data-product_id=\"765\" data-product_sku=\"\" aria-label=\"Lee m\u00e1s sobre &ldquo;Papel Articular&rdquo;\" rel=\"nofollow\" data-success_message=\"\">Leer m\u00e1s<\/a>\t<span id=\"woocommerce_loop_add_to_cart_link_describedby_765\" class=\"screen-reader-text\">\n\t\t\t<\/span>\n<\/li>\n\n                                            <\/ul>\n                    <\/div>\n    <\/div>\n<\/li><li class=\"product  eael-product-list-preset-1\">\n    <div class=\"eael-product-wrap\">\n        <div class=\"product-image-wrap\">\n            <div class=\"image-wrap\">\n                <a href=\"https:\/\/viardenlab.com\/mx\/producto\/micas-porta-radiografias\" class=\"woocommerce-LoopProduct-link woocommerce-loop-product__link\"><img decoding=\"async\" width=\"300\" height=\"300\" src=\"https:\/\/viardenlab.com\/mx\/wp-content\/uploads\/2017\/04\/micas-porta-radiografias-300x300.jpg\" class=\"attachment-medium size-medium\" alt=\"Micas porta radiograf\u00edas\" loading=\"eager\" \/><\/a>            <\/div>\n        <\/div>\n        <div class=\"product-details-wrap\">\n            <div class=\"eael-product-title\">\n                                <a href=\"https:\/\/viardenlab.com\/mx\/producto\/micas-porta-radiografias\" class=\"woocommerce-LoopProduct-link woocommerce-loop-product__link\"><h2 class=\"woocommerce-loop-product__title\">Micas porta radiograf\u00edas<\/h2><\/a><\/div><div class=\"eael-product-excerpt\">\n                <p>Permiten una visualizacio\u0301n co\u0301moda y precisa de las radiografi\u0301as, asi\u0301 como su proteccio\u0301n y seguridad para evitar extravi\u0301os. + INFORMACI\u00d3N<\/p><\/div>\n            <ul class=\"icons-wrap details-block-style-2\">\n                                <li class=\"add-to-cart\"><a href=\"https:\/\/viardenlab.com\/mx\/producto\/micas-porta-radiografias\" aria-describedby=\"woocommerce_loop_add_to_cart_link_describedby_341\" data-quantity=\"1\" class=\"button product_type_simple\" data-product_id=\"341\" data-product_sku=\"\" aria-label=\"Lee m\u00e1s sobre &ldquo;Micas porta radiograf\u00edas&rdquo;\" rel=\"nofollow\" data-success_message=\"\">Leer m\u00e1s<\/a>\t<span id=\"woocommerce_loop_add_to_cart_link_describedby_341\" class=\"screen-reader-text\">\n\t\t\t<\/span>\n<\/li>\n\n                                            <\/ul>\n                    <\/div>\n    <\/div>\n<\/li><li class=\"product  eael-product-list-preset-1\">\n    <div class=\"eael-product-wrap\">\n        <div class=\"product-image-wrap\">\n            <div class=\"image-wrap\">\n                <a href=\"https:\/\/viardenlab.com\/mx\/producto\/hiel-gel-aposito-quirurgico\" class=\"woocommerce-LoopProduct-link woocommerce-loop-product__link\"><img decoding=\"async\" width=\"300\" height=\"300\" src=\"https:\/\/viardenlab.com\/mx\/wp-content\/uploads\/2017\/04\/hiel-gel-2-300x300.jpg\" class=\"attachment-medium size-medium\" alt=\"Hiel gel ap\u00f3sito quir\u00fargico\" loading=\"eager\" \/><\/a>            <\/div>\n        <\/div>\n        <div class=\"product-details-wrap\">\n            <div class=\"eael-product-title\">\n                                <a href=\"https:\/\/viardenlab.com\/mx\/producto\/hiel-gel-aposito-quirurgico\" class=\"woocommerce-LoopProduct-link woocommerce-loop-product__link\"><h2 class=\"woocommerce-loop-product__title\">Hiel gel ap\u00f3sito quir\u00fargico<\/h2><\/a><\/div><div class=\"eael-product-excerpt\">\n                <p>Es frecuente que al realizar procedimientos quiru\u0301rgicos se presenten inflamaciones o hematomas debidos principalmente al traumatismo normal de la intervencio\u0301n....<\/p><\/div>\n            <ul class=\"icons-wrap details-block-style-2\">\n                                <li class=\"add-to-cart\"><a href=\"https:\/\/viardenlab.com\/mx\/producto\/hiel-gel-aposito-quirurgico\" aria-describedby=\"woocommerce_loop_add_to_cart_link_describedby_334\" data-quantity=\"1\" class=\"button product_type_simple\" data-product_id=\"334\" data-product_sku=\"\" aria-label=\"Lee m\u00e1s sobre &ldquo;Hiel gel ap\u00f3sito quir\u00fargico&rdquo;\" rel=\"nofollow\" data-success_message=\"\">Leer m\u00e1s<\/a>\t<span id=\"woocommerce_loop_add_to_cart_link_describedby_334\" class=\"screen-reader-text\">\n\t\t\t<\/span>\n<\/li>\n\n                                            <\/ul>\n                    <\/div>\n    <\/div>\n<\/li><li class=\"product  eael-product-list-preset-1\">\n    <div class=\"eael-product-wrap\">\n        <div class=\"product-image-wrap\">\n            <div class=\"image-wrap\">\n                <a href=\"https:\/\/viardenlab.com\/mx\/producto\/dedodent\" class=\"woocommerce-LoopProduct-link woocommerce-loop-product__link\"><img decoding=\"async\" width=\"300\" height=\"300\" src=\"https:\/\/viardenlab.com\/mx\/wp-content\/uploads\/2017\/04\/dedodent-3-300x300.jpg\" class=\"attachment-medium size-medium\" alt=\"Dedodent\" loading=\"eager\" \/><\/a>            <\/div>\n        <\/div>\n        <div class=\"product-details-wrap\">\n            <div class=\"eael-product-title\">\n                                <a href=\"https:\/\/viardenlab.com\/mx\/producto\/dedodent\" class=\"woocommerce-LoopProduct-link woocommerce-loop-product__link\"><h2 class=\"woocommerce-loop-product__title\">Dedodent<\/h2><\/a><\/div><div class=\"eael-product-excerpt\">\n                <p>Dedal auxiliar de limpieza para bebe\u0301s el cual permite tener mejor higiene en enci\u0301as, lengua y carrillos, u\u0301til como masajeador...<\/p><\/div>\n            <ul class=\"icons-wrap details-block-style-2\">\n                                <li class=\"add-to-cart\"><a href=\"https:\/\/viardenlab.com\/mx\/producto\/dedodent\" aria-describedby=\"woocommerce_loop_add_to_cart_link_describedby_302\" data-quantity=\"1\" class=\"button product_type_simple\" data-product_id=\"302\" data-product_sku=\"\" aria-label=\"Lee m\u00e1s sobre &ldquo;Dedodent&rdquo;\" rel=\"nofollow\" data-success_message=\"\">Leer m\u00e1s<\/a>\t<span id=\"woocommerce_loop_add_to_cart_link_describedby_302\" class=\"screen-reader-text\">\n\t\t\t<\/span>\n<\/li>\n\n                                            <\/ul>\n                    <\/div>\n    <\/div>\n<\/li><li class=\"product  eael-product-list-preset-1\">\n    <div class=\"eael-product-wrap\">\n        <div class=\"product-image-wrap\">\n            <div class=\"image-wrap\">\n                <a href=\"https:\/\/viardenlab.com\/mx\/producto\/bandas-matrix\" class=\"woocommerce-LoopProduct-link woocommerce-loop-product__link\"><img decoding=\"async\" width=\"300\" height=\"300\" src=\"https:\/\/viardenlab.com\/mx\/wp-content\/uploads\/2017\/04\/bandas-matrix-mylar-300x300.jpg\" class=\"attachment-medium size-medium\" alt=\"Bandas Matrix\" loading=\"eager\" \/><\/a>            <\/div>\n        <\/div>\n        <div class=\"product-details-wrap\">\n            <div class=\"eael-product-title\">\n                                <a href=\"https:\/\/viardenlab.com\/mx\/producto\/bandas-matrix\" class=\"woocommerce-LoopProduct-link woocommerce-loop-product__link\"><h2 class=\"woocommerce-loop-product__title\">Bandas Matrix<\/h2><\/a><\/div><div class=\"eael-product-excerpt\">\n                <p>Son bandas de celuloide o de cualquier otro material conveniente que se adaptan a la superficie del diente a restaurar....<\/p><\/div>\n            <ul class=\"icons-wrap details-block-style-2\">\n                                <li class=\"add-to-cart\"><a href=\"https:\/\/viardenlab.com\/mx\/producto\/bandas-matrix\" aria-describedby=\"woocommerce_loop_add_to_cart_link_describedby_300\" data-quantity=\"1\" class=\"button product_type_simple\" data-product_id=\"300\" data-product_sku=\"\" aria-label=\"Lee m\u00e1s sobre &ldquo;Bandas Matrix&rdquo;\" rel=\"nofollow\" data-success_message=\"\">Leer m\u00e1s<\/a>\t<span id=\"woocommerce_loop_add_to_cart_link_describedby_300\" class=\"screen-reader-text\">\n\t\t\t<\/span>\n<\/li>\n\n                                            <\/ul>\n                    <\/div>\n    <\/div>\n<\/li><\/ul><nav id='6432a79-eael-pagination' class='eael-woo-pagination' data-plimit='10' data-totalpage ='8' data-widgetid='6432a79' data-pageid='10420' data-args='post_type=product&post_status%5B0%5D=publish&post_status%5B1%5D=pending&post_status%5B2%5D=future&posts_per_page=10&order=desc&offset=0&tax_query%5Brelation%5D=AND&tax_query%5B0%5D%5Btaxonomy%5D=product_visibility&tax_query%5B0%5D%5Bfield%5D=name&tax_query%5B0%5D%5Bterms%5D%5B0%5D=exclude-from-search&tax_query%5B0%5D%5Bterms%5D%5B1%5D=exclude-from-catalog&tax_query%5B0%5D%5Boperator%5D=NOT+IN&tax_query%5B1%5D%5Btaxonomy%5D=product_cat&tax_query%5B1%5D%5Bfield%5D=slug&tax_query%5B1%5D%5Bterms%5D%5B0%5D=varios&tax_query%5B1%5D%5Boperator%5D=IN&meta_query%5Brelation%5D=AND&orderby=date&max_page=1&total_post=8'  data-template='{\"dir\":\"free\",\"file_name\":\"list-preset-1\",\"name\":\"eicon-woocommerce\"}'><ul class='page-numbers'><li><a href='javascript:void(0);' id='post' class='page-numbers current' data-pnumber='1'>1<\/a><\/li><\/ul><\/nav>            <\/div>\n        <\/div>\n\n        <script type=\"text\/javascript\">\n            jQuery(document).ready(function($) {\n                var $scope = jQuery(\".elementor-element-6432a79\");\n                var $products = $('.products', $scope);\n                var $layout_mode = $products.data('layout-mode');\n                \n                if ( $layout_mode === 'masonry' ) {\n                    \/\/ init isotope\n                    var $isotope_products = $products.isotope({\n                        itemSelector: \"li.product\",\n                        layoutMode: $layout_mode,\n                        percentPosition: true\n                    });\n\n                    $isotope_products.imagesLoaded().progress( function() {\n                        $isotope_products.isotope('layout');\n                    })\n                    \n                }\n            });\n        <\/script>\n        \t\t\t\t<\/div>\n\t\t\t\t<\/div>\n\t\t\t\t\t<\/div>\n\t\t<\/div>\n\t\t\t\t\t<\/div>\n\t\t<\/section>\n\t\t\t\t<\/div>\n\t\t","protected":false},"excerpt":{"rendered":"<p>Varios Cucharillas para fl\u00faor Viarden Lab presenta sus cucharillas flexibles, desechables, anato\u0301micas, ato\u0301xicas y con gran facilidad de aplicacio\u0301n simulta\u0301nea en las dos arcadas,&#8230; Leer m\u00e1s Formas para coronas de&hellip;<\/p>\n<p> <a class=\"more-link\" href=\"https:\/\/viardenlab.com\/mx\/producto\/bandas-matrix\">Leer m\u00e1s<\/a><\/p>\n<p> <a class=\"more-link\" href=\"https:\/\/viardenlab.com\/mx\/producto\/bandas-matrix\">Leer m\u00e1s<\/a><\/p>","protected":false},"author":1,"featured_media":0,"parent":0,"menu_order":0,"comment_status":"closed","ping_status":"closed","template":"elementor_header_footer","meta":{"_joinchat":[],"footnotes":""},"class_list":["post-10420","page","type-page","status-publish"],"aioseo_notices":[],"yoast_head":"<!-- This site is optimized with the Yoast SEO plugin v27.2 - https:\/\/yoast.com\/product\/yoast-seo-wordpress\/ -->\n<title>Varios - Viarden Lab<\/title>\n<meta name=\"robots\" content=\"index, follow, max-snippet:-1, max-image-preview:large, max-video-preview:-1\" \/>\n<link rel=\"canonical\" href=\"https:\/\/viardenlab.com\/mx\/varios\" \/>\n<meta property=\"og:locale\" content=\"es_ES\" \/>\n<meta property=\"og:type\" content=\"article\" \/>\n<meta property=\"og:title\" content=\"Varios - Viarden Lab\" \/>\n<meta property=\"og:description\" content=\"Varios Cucharillas para fl\u00faor Viarden Lab presenta sus cucharillas flexibles, desechables, anato\u0301micas, ato\u0301xicas y con gran facilidad de aplicacio\u0301n simulta\u0301nea en las dos arcadas,&#8230; Leer m\u00e1s Formas para coronas de&hellip;  Leer m\u00e1s\" \/>\n<meta property=\"og:url\" content=\"https:\/\/viardenlab.com\/mx\/varios\" \/>\n<meta property=\"og:site_name\" content=\"Viarden Lab\" \/>\n<meta property=\"article:modified_time\" content=\"2025-04-29T18:52:29+00:00\" \/>\n<meta property=\"og:image\" content=\"http:\/\/viardenlab.com\/mx\/wp-content\/uploads\/2024\/12\/cucharillas-300x300.jpg\" \/>\n<meta name=\"twitter:label1\" content=\"Tiempo de lectura\" \/>\n\t<meta name=\"twitter:data1\" content=\"3 minutos\" \/>\n<script type=\"application\/ld+json\" class=\"yoast-schema-graph\">{\"@context\":\"https:\/\/schema.org\",\"@graph\":[{\"@type\":\"WebPage\",\"@id\":\"https:\/\/viardenlab.com\/mx\/varios\",\"url\":\"https:\/\/viardenlab.com\/mx\/varios\",\"name\":\"Varios - Viarden Lab\",\"isPartOf\":{\"@id\":\"https:\/\/viardenlab.com\/mx\/#website\"},\"primaryImageOfPage\":{\"@id\":\"https:\/\/viardenlab.com\/mx\/varios#primaryimage\"},\"image\":{\"@id\":\"https:\/\/viardenlab.com\/mx\/varios#primaryimage\"},\"thumbnailUrl\":\"http:\/\/viardenlab.com\/mx\/wp-content\/uploads\/2024\/12\/cucharillas-300x300.jpg\",\"datePublished\":\"2025-03-31T19:46:03+00:00\",\"dateModified\":\"2025-04-29T18:52:29+00:00\",\"breadcrumb\":{\"@id\":\"https:\/\/viardenlab.com\/mx\/varios#breadcrumb\"},\"inLanguage\":\"es\",\"potentialAction\":[{\"@type\":\"ReadAction\",\"target\":[\"https:\/\/viardenlab.com\/mx\/varios\"]}]},{\"@type\":\"ImageObject\",\"inLanguage\":\"es\",\"@id\":\"https:\/\/viardenlab.com\/mx\/varios#primaryimage\",\"url\":\"https:\/\/viardenlab.com\/mx\/wp-content\/uploads\/2024\/12\/cucharillas.jpg\",\"contentUrl\":\"https:\/\/viardenlab.com\/mx\/wp-content\/uploads\/2024\/12\/cucharillas.jpg\",\"width\":1000,\"height\":1000},{\"@type\":\"BreadcrumbList\",\"@id\":\"https:\/\/viardenlab.com\/mx\/varios#breadcrumb\",\"itemListElement\":[{\"@type\":\"ListItem\",\"position\":1,\"name\":\"Portada\",\"item\":\"https:\/\/viardenlab.com\/mx\/\"},{\"@type\":\"ListItem\",\"position\":2,\"name\":\"Varios\"}]},{\"@type\":\"WebSite\",\"@id\":\"https:\/\/viardenlab.com\/mx\/#website\",\"url\":\"https:\/\/viardenlab.com\/mx\/\",\"name\":\"Viarden Lab\",\"description\":\"Compra Online directo a tu consultorio\",\"potentialAction\":[{\"@type\":\"SearchAction\",\"target\":{\"@type\":\"EntryPoint\",\"urlTemplate\":\"https:\/\/viardenlab.com\/mx\/?s={search_term_string}\"},\"query-input\":{\"@type\":\"PropertyValueSpecification\",\"valueRequired\":true,\"valueName\":\"search_term_string\"}}],\"inLanguage\":\"es\"}]}<\/script>\n<!-- \/ Yoast SEO plugin. -->","yoast_head_json":{"title":"Varios - Viarden Lab","robots":{"index":"index","follow":"follow","max-snippet":"max-snippet:-1","max-image-preview":"max-image-preview:large","max-video-preview":"max-video-preview:-1"},"canonical":"https:\/\/viardenlab.com\/mx\/varios","og_locale":"es_ES","og_type":"article","og_title":"Varios - Viarden Lab","og_description":"Varios Cucharillas para fl\u00faor Viarden Lab presenta sus cucharillas flexibles, desechables, anato\u0301micas, ato\u0301xicas y con gran facilidad de aplicacio\u0301n simulta\u0301nea en las dos arcadas,&#8230; Leer m\u00e1s Formas para coronas de&hellip;  Leer m\u00e1s","og_url":"https:\/\/viardenlab.com\/mx\/varios","og_site_name":"Viarden Lab","article_modified_time":"2025-04-29T18:52:29+00:00","og_image":[{"url":"http:\/\/viardenlab.com\/mx\/wp-content\/uploads\/2024\/12\/cucharillas-300x300.jpg","type":"","width":"","height":""}],"twitter_misc":{"Tiempo de lectura":"3 minutos"},"schema":{"@context":"https:\/\/schema.org","@graph":[{"@type":"WebPage","@id":"https:\/\/viardenlab.com\/mx\/varios","url":"https:\/\/viardenlab.com\/mx\/varios","name":"Varios - Viarden Lab","isPartOf":{"@id":"https:\/\/viardenlab.com\/mx\/#website"},"primaryImageOfPage":{"@id":"https:\/\/viardenlab.com\/mx\/varios#primaryimage"},"image":{"@id":"https:\/\/viardenlab.com\/mx\/varios#primaryimage"},"thumbnailUrl":"http:\/\/viardenlab.com\/mx\/wp-content\/uploads\/2024\/12\/cucharillas-300x300.jpg","datePublished":"2025-03-31T19:46:03+00:00","dateModified":"2025-04-29T18:52:29+00:00","breadcrumb":{"@id":"https:\/\/viardenlab.com\/mx\/varios#breadcrumb"},"inLanguage":"es","potentialAction":[{"@type":"ReadAction","target":["https:\/\/viardenlab.com\/mx\/varios"]}]},{"@type":"ImageObject","inLanguage":"es","@id":"https:\/\/viardenlab.com\/mx\/varios#primaryimage","url":"https:\/\/viardenlab.com\/mx\/wp-content\/uploads\/2024\/12\/cucharillas.jpg","contentUrl":"https:\/\/viardenlab.com\/mx\/wp-content\/uploads\/2024\/12\/cucharillas.jpg","width":1000,"height":1000},{"@type":"BreadcrumbList","@id":"https:\/\/viardenlab.com\/mx\/varios#breadcrumb","itemListElement":[{"@type":"ListItem","position":1,"name":"Portada","item":"https:\/\/viardenlab.com\/mx\/"},{"@type":"ListItem","position":2,"name":"Varios"}]},{"@type":"WebSite","@id":"https:\/\/viardenlab.com\/mx\/#website","url":"https:\/\/viardenlab.com\/mx\/","name":"Viarden Lab","description":"Compra Online directo a tu consultorio","potentialAction":[{"@type":"SearchAction","target":{"@type":"EntryPoint","urlTemplate":"https:\/\/viardenlab.com\/mx\/?s={search_term_string}"},"query-input":{"@type":"PropertyValueSpecification","valueRequired":true,"valueName":"search_term_string"}}],"inLanguage":"es"}]}},"_links":{"self":[{"href":"https:\/\/viardenlab.com\/mx\/wp-json\/wp\/v2\/pages\/10420","targetHints":{"allow":["GET"]}}],"collection":[{"href":"https:\/\/viardenlab.com\/mx\/wp-json\/wp\/v2\/pages"}],"about":[{"href":"https:\/\/viardenlab.com\/mx\/wp-json\/wp\/v2\/types\/page"}],"author":[{"embeddable":true,"href":"https:\/\/viardenlab.com\/mx\/wp-json\/wp\/v2\/users\/1"}],"replies":[{"embeddable":true,"href":"https:\/\/viardenlab.com\/mx\/wp-json\/wp\/v2\/comments?post=10420"}],"version-history":[{"count":7,"href":"https:\/\/viardenlab.com\/mx\/wp-json\/wp\/v2\/pages\/10420\/revisions"}],"predecessor-version":[{"id":11462,"href":"https:\/\/viardenlab.com\/mx\/wp-json\/wp\/v2\/pages\/10420\/revisions\/11462"}],"wp:attachment":[{"href":"https:\/\/viardenlab.com\/mx\/wp-json\/wp\/v2\/media?parent=10420"}],"curies":[{"name":"wp","href":"https:\/\/api.w.org\/{rel}","templated":true}]}}