{"id":10360,"date":"2025-03-31T13:33:01","date_gmt":"2025-03-31T19:33:01","guid":{"rendered":"https:\/\/viardenlab.com\/mx\/?page_id=10360"},"modified":"2025-04-29T12:40:58","modified_gmt":"2025-04-29T18:40:58","slug":"fluoruros","status":"publish","type":"page","link":"https:\/\/viardenlab.com\/mx\/fluoruros","title":{"rendered":"Fluoruros"},"content":{"rendered":"\t\t<div data-elementor-type=\"wp-page\" data-elementor-id=\"10360\" class=\"elementor elementor-10360\" data-elementor-settings=\"{&quot;ha_cmc_init_switcher&quot;:&quot;no&quot;}\" data-elementor-post-type=\"page\">\n\t\t\t\t\t\t<section class=\"elementor-section elementor-top-section elementor-element elementor-element-fdacaad elementor-section-boxed elementor-section-height-default elementor-section-height-default exad-glass-effect-no wpr-particle-no wpr-jarallax-no wpr-parallax-no wpr-sticky-section-no exad-sticky-section-no\" data-id=\"fdacaad\" data-element_type=\"section\" data-e-type=\"section\" data-settings=\"{&quot;_ha_eqh_enable&quot;:false}\">\n\t\t\t\t\t\t<div class=\"elementor-container elementor-column-gap-default\">\n\t\t\t\t\t<div class=\"elementor-column elementor-col-100 elementor-top-column elementor-element elementor-element-a76271b exad-glass-effect-no exad-sticky-section-no\" data-id=\"a76271b\" data-element_type=\"column\" data-e-type=\"column\">\n\t\t\t<div class=\"elementor-widget-wrap elementor-element-populated\">\n\t\t\t\t\t\t<div class=\"elementor-element elementor-element-45a7408 exad-sticky-section-no exad-glass-effect-no elementor-invisible elementor-widget elementor-widget-heading\" data-id=\"45a7408\" data-element_type=\"widget\" data-e-type=\"widget\" data-settings=\"{&quot;_animation&quot;:&quot;fadeInUp&quot;}\" data-widget_type=\"heading.default\">\n\t\t\t\t<div class=\"elementor-widget-container\">\n\t\t\t\t\t<h2 class=\"elementor-heading-title elementor-size-default\">Fluoruros<\/h2>\t\t\t\t<\/div>\n\t\t\t\t<\/div>\n\t\t\t\t<div class=\"elementor-element elementor-element-470a65e eael-product-list-column-2 exad-sticky-section-no exad-glass-effect-no elementor-widget elementor-widget-eicon-woocommerce\" data-id=\"470a65e\" data-element_type=\"widget\" data-e-type=\"widget\" data-widget_type=\"eicon-woocommerce.default\">\n\t\t\t\t<div class=\"elementor-widget-container\">\n\t\t\t\t\t\n        <div class=\"eael-product-grid  list\" id=\"eael-product-grid\" data-widget-id=\"470a65e\" data-page-id=\"10360\" data-nonce=\"b69e22bb95\" >\n            <div class=\"woocommerce\">\n                <ul class=\"products eael-post-appender eael-post-appender-470a65e\" data-ssi-desktop=\"no\" data-ssi-tablet=\"no\" data-ssi-mobile=\"no\" data-layout-mode=\"list\"><li class=\"product  eael-product-list-preset-1\">\n    <div class=\"eael-product-wrap\">\n        <div class=\"product-image-wrap\">\n            <div class=\"image-wrap\">\n                <a href=\"https:\/\/viardenlab.com\/mx\/producto\/fluor-foam\" class=\"woocommerce-LoopProduct-link woocommerce-loop-product__link\"><img fetchpriority=\"high\" decoding=\"async\" width=\"300\" height=\"300\" src=\"https:\/\/viardenlab.com\/mx\/wp-content\/uploads\/2017\/03\/fluor-foam-2-300x300.jpg\" class=\"attachment-medium size-medium\" alt=\"Fluor foam\" loading=\"eager\" \/><\/a>            <\/div>\n        <\/div>\n        <div class=\"product-details-wrap\">\n            <div class=\"eael-product-title\">\n                                <a href=\"https:\/\/viardenlab.com\/mx\/producto\/fluor-foam\" class=\"woocommerce-LoopProduct-link woocommerce-loop-product__link\"><h2 class=\"woocommerce-loop-product__title\">Fluor foam<\/h2><\/a><\/div><div class=\"eael-product-excerpt\">\n                <p>Espuma de Fluoruro de Sodio acidulada (APF) para aplicaciones to\u0301picas de flu\u0301or. Contiene 1.23% de ion flu\u0301or (proveniente de Fluoruro...<\/p><\/div>\n            <ul class=\"icons-wrap details-block-style-2\">\n                                <li class=\"add-to-cart\"><a href=\"https:\/\/viardenlab.com\/mx\/producto\/fluor-foam\" aria-describedby=\"woocommerce_loop_add_to_cart_link_describedby_80\" data-quantity=\"1\" class=\"button product_type_simple\" data-product_id=\"80\" data-product_sku=\"Fluor foam\" aria-label=\"Lee m\u00e1s sobre &ldquo;Fluor foam&rdquo;\" rel=\"nofollow\" data-success_message=\"\">Leer m\u00e1s<\/a>\t<span id=\"woocommerce_loop_add_to_cart_link_describedby_80\" class=\"screen-reader-text\">\n\t\t\t<\/span>\n<\/li>\n\n                                            <\/ul>\n                    <\/div>\n    <\/div>\n<\/li><li class=\"product  eael-product-list-preset-1\">\n    <div class=\"eael-product-wrap\">\n        <div class=\"product-image-wrap\">\n            <div class=\"image-wrap\">\n                <a href=\"https:\/\/viardenlab.com\/mx\/producto\/minute-fluor\" class=\"woocommerce-LoopProduct-link woocommerce-loop-product__link\"><img decoding=\"async\" width=\"300\" height=\"300\" src=\"https:\/\/viardenlab.com\/mx\/wp-content\/uploads\/2017\/03\/minute-fluor-1-300x300.jpg\" class=\"attachment-medium size-medium\" alt=\"Minute fl\u00faor\" loading=\"eager\" \/><\/a>            <\/div>\n        <\/div>\n        <div class=\"product-details-wrap\">\n            <div class=\"eael-product-title\">\n                                <a href=\"https:\/\/viardenlab.com\/mx\/producto\/minute-fluor\" class=\"woocommerce-LoopProduct-link woocommerce-loop-product__link\"><h2 class=\"woocommerce-loop-product__title\">Minute fl\u00faor<\/h2><\/a><\/div><div class=\"eael-product-excerpt\">\n                <p>Es un gel de Fluoruro de Sodio Fosfato acidulado (APF) estabilizado a un pH a\u0301cido, lo cual facilita, durante su...<\/p><\/div>\n            <ul class=\"icons-wrap details-block-style-2\">\n                                <li class=\"add-to-cart\"><a href=\"https:\/\/viardenlab.com\/mx\/producto\/minute-fluor\" aria-describedby=\"woocommerce_loop_add_to_cart_link_describedby_64\" data-quantity=\"1\" class=\"button product_type_simple\" data-product_id=\"64\" data-product_sku=\"\" aria-label=\"Lee m\u00e1s sobre &ldquo;Minute fl\u00faor&rdquo;\" rel=\"nofollow\" data-success_message=\"\">Leer m\u00e1s<\/a>\t<span id=\"woocommerce_loop_add_to_cart_link_describedby_64\" class=\"screen-reader-text\">\n\t\t\t<\/span>\n<\/li>\n\n                                            <\/ul>\n                    <\/div>\n    <\/div>\n<\/li><li class=\"product  eael-product-list-preset-1\">\n    <div class=\"eael-product-wrap\">\n        <div class=\"product-image-wrap\">\n            <div class=\"image-wrap\">\n                <a href=\"https:\/\/viardenlab.com\/mx\/producto\/viarveneer\" class=\"woocommerce-LoopProduct-link woocommerce-loop-product__link\"><img decoding=\"async\" width=\"300\" height=\"300\" src=\"https:\/\/viardenlab.com\/mx\/wp-content\/uploads\/2017\/03\/barniz-de-fluor-viar-veneer-300x300.jpg\" class=\"attachment-medium size-medium\" alt=\"Viarveneer\" loading=\"eager\" \/><\/a>            <\/div>\n        <\/div>\n        <div class=\"product-details-wrap\">\n            <div class=\"eael-product-title\">\n                                <a href=\"https:\/\/viardenlab.com\/mx\/producto\/viarveneer\" class=\"woocommerce-LoopProduct-link woocommerce-loop-product__link\"><h2 class=\"woocommerce-loop-product__title\">Viarveneer<\/h2><\/a><\/div><div class=\"eael-product-excerpt\">\n                <p>Con el objetivo de mantener unos dientes saludables y con buena apariencia es necesario suministrar fluoruro durante toda la vida,...<\/p><\/div>\n            <ul class=\"icons-wrap details-block-style-2\">\n                                <li class=\"add-to-cart\"><a href=\"https:\/\/viardenlab.com\/mx\/producto\/viarveneer\" aria-describedby=\"woocommerce_loop_add_to_cart_link_describedby_62\" data-quantity=\"1\" class=\"button product_type_simple\" data-product_id=\"62\" data-product_sku=\"\" aria-label=\"Lee m\u00e1s sobre &ldquo;Viarveneer&rdquo;\" rel=\"nofollow\" data-success_message=\"\">Leer m\u00e1s<\/a>\t<span id=\"woocommerce_loop_add_to_cart_link_describedby_62\" class=\"screen-reader-text\">\n\t\t\t<\/span>\n<\/li>\n\n                                            <\/ul>\n                    <\/div>\n    <\/div>\n<\/li><li class=\"product  eael-product-list-preset-1\">\n    <div class=\"eael-product-wrap\">\n        <div class=\"product-image-wrap\">\n            <div class=\"image-wrap\">\n                <a href=\"https:\/\/viardenlab.com\/mx\/producto\/aquafluor\" class=\"woocommerce-LoopProduct-link woocommerce-loop-product__link\"><img decoding=\"async\" width=\"300\" height=\"300\" src=\"https:\/\/viardenlab.com\/mx\/wp-content\/uploads\/2017\/03\/aquafluor-300x300.jpg\" class=\"attachment-medium size-medium\" alt=\"Aquafl\u00faor\" loading=\"eager\" \/><\/a>            <\/div>\n        <\/div>\n        <div class=\"product-details-wrap\">\n            <div class=\"eael-product-title\">\n                                <a href=\"https:\/\/viardenlab.com\/mx\/producto\/aquafluor\" class=\"woocommerce-LoopProduct-link woocommerce-loop-product__link\"><h2 class=\"woocommerce-loop-product__title\">Aquafl\u00faor<\/h2><\/a><\/div><div class=\"eael-product-excerpt\">\n                <p>Los fluoruros de aplicacio\u0301n to\u0301pica (geles, espumas, colutorios, denti\u0301fricos, pastas para profilaxis, barniz) han proporcionado gran ayuda en la prevencio\u0301n...<\/p><\/div>\n            <ul class=\"icons-wrap details-block-style-2\">\n                                <li class=\"add-to-cart\"><a href=\"https:\/\/viardenlab.com\/mx\/producto\/aquafluor\" aria-describedby=\"woocommerce_loop_add_to_cart_link_describedby_60\" data-quantity=\"1\" class=\"button product_type_simple\" data-product_id=\"60\" data-product_sku=\"\" aria-label=\"Lee m\u00e1s sobre &ldquo;Aquafl\u00faor&rdquo;\" rel=\"nofollow\" data-success_message=\"\">Leer m\u00e1s<\/a>\t<span id=\"woocommerce_loop_add_to_cart_link_describedby_60\" class=\"screen-reader-text\">\n\t\t\t<\/span>\n<\/li>\n\n                                            <\/ul>\n                    <\/div>\n    <\/div>\n<\/li><\/ul><nav id='470a65e-eael-pagination' class='eael-woo-pagination' data-plimit='10' data-totalpage ='4' data-widgetid='470a65e' data-pageid='10360' data-args='post_type=product&post_status%5B0%5D=publish&post_status%5B1%5D=pending&post_status%5B2%5D=future&posts_per_page=10&order=desc&offset=0&tax_query%5Brelation%5D=AND&tax_query%5B0%5D%5Btaxonomy%5D=product_visibility&tax_query%5B0%5D%5Bfield%5D=name&tax_query%5B0%5D%5Bterms%5D%5B0%5D=exclude-from-search&tax_query%5B0%5D%5Bterms%5D%5B1%5D=exclude-from-catalog&tax_query%5B0%5D%5Boperator%5D=NOT+IN&tax_query%5B1%5D%5Btaxonomy%5D=product_cat&tax_query%5B1%5D%5Bfield%5D=slug&tax_query%5B1%5D%5Bterms%5D%5B0%5D=fluoruros&tax_query%5B1%5D%5Boperator%5D=IN&meta_query%5Brelation%5D=AND&orderby=date&max_page=1&total_post=4'  data-template='{\"dir\":\"free\",\"file_name\":\"list-preset-1\",\"name\":\"eicon-woocommerce\"}'><ul class='page-numbers'><li><a href='javascript:void(0);' id='post' class='page-numbers current' data-pnumber='1'>1<\/a><\/li><\/ul><\/nav>            <\/div>\n        <\/div>\n\n        <script type=\"text\/javascript\">\n            jQuery(document).ready(function($) {\n                var $scope = jQuery(\".elementor-element-470a65e\");\n                var $products = $('.products', $scope);\n                var $layout_mode = $products.data('layout-mode');\n                \n                if ( $layout_mode === 'masonry' ) {\n                    \/\/ init isotope\n                    var $isotope_products = $products.isotope({\n                        itemSelector: \"li.product\",\n                        layoutMode: $layout_mode,\n                        percentPosition: true\n                    });\n\n                    $isotope_products.imagesLoaded().progress( function() {\n                        $isotope_products.isotope('layout');\n                    })\n                    \n                }\n            });\n        <\/script>\n        \t\t\t\t<\/div>\n\t\t\t\t<\/div>\n\t\t\t\t\t<\/div>\n\t\t<\/div>\n\t\t\t\t\t<\/div>\n\t\t<\/section>\n\t\t\t\t<\/div>\n\t\t","protected":false},"excerpt":{"rendered":"<p>Fluoruros Fluor foam Espuma de Fluoruro de Sodio acidulada (APF) para aplicaciones to\u0301picas de flu\u0301or. Contiene 1.23% de ion flu\u0301or (proveniente de Fluoruro&#8230; Leer m\u00e1s Minute fl\u00faor Es un gel&hellip;<\/p>\n<p> <a class=\"more-link\" href=\"https:\/\/viardenlab.com\/mx\/producto\/aquafluor\">Leer m\u00e1s<\/a><\/p>\n<p> <a class=\"more-link\" href=\"https:\/\/viardenlab.com\/mx\/producto\/aquafluor\">Leer m\u00e1s<\/a><\/p>","protected":false},"author":1,"featured_media":0,"parent":0,"menu_order":0,"comment_status":"closed","ping_status":"closed","template":"elementor_header_footer","meta":{"_joinchat":[],"footnotes":""},"class_list":["post-10360","page","type-page","status-publish"],"aioseo_notices":[],"yoast_head":"<!-- This site is optimized with the Yoast SEO plugin v27.2 - https:\/\/yoast.com\/product\/yoast-seo-wordpress\/ -->\n<title>Fluoruros - Viarden Lab<\/title>\n<meta name=\"robots\" content=\"index, follow, max-snippet:-1, max-image-preview:large, max-video-preview:-1\" \/>\n<link rel=\"canonical\" href=\"https:\/\/viardenlab.com\/mx\/fluoruros\" \/>\n<meta property=\"og:locale\" content=\"es_ES\" \/>\n<meta property=\"og:type\" content=\"article\" \/>\n<meta property=\"og:title\" content=\"Fluoruros - Viarden Lab\" \/>\n<meta property=\"og:description\" content=\"Fluoruros Fluor foam Espuma de Fluoruro de Sodio acidulada (APF) para aplicaciones to\u0301picas de flu\u0301or. Contiene 1.23% de ion flu\u0301or (proveniente de Fluoruro&#8230; Leer m\u00e1s Minute fl\u00faor Es un gel&hellip;  Leer m\u00e1s\" \/>\n<meta property=\"og:url\" content=\"https:\/\/viardenlab.com\/mx\/fluoruros\" \/>\n<meta property=\"og:site_name\" content=\"Viarden Lab\" \/>\n<meta property=\"article:modified_time\" content=\"2025-04-29T18:40:58+00:00\" \/>\n<meta property=\"og:image\" content=\"http:\/\/viardenlab.com\/mx\/wp-content\/uploads\/2017\/03\/fluor-foam-2-300x300.jpg\" \/>\n<meta name=\"twitter:label1\" content=\"Tiempo de lectura\" \/>\n\t<meta name=\"twitter:data1\" content=\"2 minutos\" \/>\n<script type=\"application\/ld+json\" class=\"yoast-schema-graph\">{\"@context\":\"https:\/\/schema.org\",\"@graph\":[{\"@type\":\"WebPage\",\"@id\":\"https:\/\/viardenlab.com\/mx\/fluoruros\",\"url\":\"https:\/\/viardenlab.com\/mx\/fluoruros\",\"name\":\"Fluoruros - Viarden Lab\",\"isPartOf\":{\"@id\":\"https:\/\/viardenlab.com\/mx\/#website\"},\"primaryImageOfPage\":{\"@id\":\"https:\/\/viardenlab.com\/mx\/fluoruros#primaryimage\"},\"image\":{\"@id\":\"https:\/\/viardenlab.com\/mx\/fluoruros#primaryimage\"},\"thumbnailUrl\":\"http:\/\/viardenlab.com\/mx\/wp-content\/uploads\/2017\/03\/fluor-foam-2-300x300.jpg\",\"datePublished\":\"2025-03-31T19:33:01+00:00\",\"dateModified\":\"2025-04-29T18:40:58+00:00\",\"breadcrumb\":{\"@id\":\"https:\/\/viardenlab.com\/mx\/fluoruros#breadcrumb\"},\"inLanguage\":\"es\",\"potentialAction\":[{\"@type\":\"ReadAction\",\"target\":[\"https:\/\/viardenlab.com\/mx\/fluoruros\"]}]},{\"@type\":\"ImageObject\",\"inLanguage\":\"es\",\"@id\":\"https:\/\/viardenlab.com\/mx\/fluoruros#primaryimage\",\"url\":\"https:\/\/viardenlab.com\/mx\/wp-content\/uploads\/2017\/03\/fluor-foam-2.jpg\",\"contentUrl\":\"https:\/\/viardenlab.com\/mx\/wp-content\/uploads\/2017\/03\/fluor-foam-2.jpg\",\"width\":1000,\"height\":1000},{\"@type\":\"BreadcrumbList\",\"@id\":\"https:\/\/viardenlab.com\/mx\/fluoruros#breadcrumb\",\"itemListElement\":[{\"@type\":\"ListItem\",\"position\":1,\"name\":\"Portada\",\"item\":\"https:\/\/viardenlab.com\/mx\/\"},{\"@type\":\"ListItem\",\"position\":2,\"name\":\"Fluoruros\"}]},{\"@type\":\"WebSite\",\"@id\":\"https:\/\/viardenlab.com\/mx\/#website\",\"url\":\"https:\/\/viardenlab.com\/mx\/\",\"name\":\"Viarden Lab\",\"description\":\"Compra Online directo a tu consultorio\",\"potentialAction\":[{\"@type\":\"SearchAction\",\"target\":{\"@type\":\"EntryPoint\",\"urlTemplate\":\"https:\/\/viardenlab.com\/mx\/?s={search_term_string}\"},\"query-input\":{\"@type\":\"PropertyValueSpecification\",\"valueRequired\":true,\"valueName\":\"search_term_string\"}}],\"inLanguage\":\"es\"}]}<\/script>\n<!-- \/ Yoast SEO plugin. -->","yoast_head_json":{"title":"Fluoruros - Viarden Lab","robots":{"index":"index","follow":"follow","max-snippet":"max-snippet:-1","max-image-preview":"max-image-preview:large","max-video-preview":"max-video-preview:-1"},"canonical":"https:\/\/viardenlab.com\/mx\/fluoruros","og_locale":"es_ES","og_type":"article","og_title":"Fluoruros - Viarden Lab","og_description":"Fluoruros Fluor foam Espuma de Fluoruro de Sodio acidulada (APF) para aplicaciones to\u0301picas de flu\u0301or. Contiene 1.23% de ion flu\u0301or (proveniente de Fluoruro&#8230; Leer m\u00e1s Minute fl\u00faor Es un gel&hellip;  Leer m\u00e1s","og_url":"https:\/\/viardenlab.com\/mx\/fluoruros","og_site_name":"Viarden Lab","article_modified_time":"2025-04-29T18:40:58+00:00","og_image":[{"url":"http:\/\/viardenlab.com\/mx\/wp-content\/uploads\/2017\/03\/fluor-foam-2-300x300.jpg","type":"","width":"","height":""}],"twitter_misc":{"Tiempo de lectura":"2 minutos"},"schema":{"@context":"https:\/\/schema.org","@graph":[{"@type":"WebPage","@id":"https:\/\/viardenlab.com\/mx\/fluoruros","url":"https:\/\/viardenlab.com\/mx\/fluoruros","name":"Fluoruros - Viarden Lab","isPartOf":{"@id":"https:\/\/viardenlab.com\/mx\/#website"},"primaryImageOfPage":{"@id":"https:\/\/viardenlab.com\/mx\/fluoruros#primaryimage"},"image":{"@id":"https:\/\/viardenlab.com\/mx\/fluoruros#primaryimage"},"thumbnailUrl":"http:\/\/viardenlab.com\/mx\/wp-content\/uploads\/2017\/03\/fluor-foam-2-300x300.jpg","datePublished":"2025-03-31T19:33:01+00:00","dateModified":"2025-04-29T18:40:58+00:00","breadcrumb":{"@id":"https:\/\/viardenlab.com\/mx\/fluoruros#breadcrumb"},"inLanguage":"es","potentialAction":[{"@type":"ReadAction","target":["https:\/\/viardenlab.com\/mx\/fluoruros"]}]},{"@type":"ImageObject","inLanguage":"es","@id":"https:\/\/viardenlab.com\/mx\/fluoruros#primaryimage","url":"https:\/\/viardenlab.com\/mx\/wp-content\/uploads\/2017\/03\/fluor-foam-2.jpg","contentUrl":"https:\/\/viardenlab.com\/mx\/wp-content\/uploads\/2017\/03\/fluor-foam-2.jpg","width":1000,"height":1000},{"@type":"BreadcrumbList","@id":"https:\/\/viardenlab.com\/mx\/fluoruros#breadcrumb","itemListElement":[{"@type":"ListItem","position":1,"name":"Portada","item":"https:\/\/viardenlab.com\/mx\/"},{"@type":"ListItem","position":2,"name":"Fluoruros"}]},{"@type":"WebSite","@id":"https:\/\/viardenlab.com\/mx\/#website","url":"https:\/\/viardenlab.com\/mx\/","name":"Viarden Lab","description":"Compra Online directo a tu consultorio","potentialAction":[{"@type":"SearchAction","target":{"@type":"EntryPoint","urlTemplate":"https:\/\/viardenlab.com\/mx\/?s={search_term_string}"},"query-input":{"@type":"PropertyValueSpecification","valueRequired":true,"valueName":"search_term_string"}}],"inLanguage":"es"}]}},"_links":{"self":[{"href":"https:\/\/viardenlab.com\/mx\/wp-json\/wp\/v2\/pages\/10360","targetHints":{"allow":["GET"]}}],"collection":[{"href":"https:\/\/viardenlab.com\/mx\/wp-json\/wp\/v2\/pages"}],"about":[{"href":"https:\/\/viardenlab.com\/mx\/wp-json\/wp\/v2\/types\/page"}],"author":[{"embeddable":true,"href":"https:\/\/viardenlab.com\/mx\/wp-json\/wp\/v2\/users\/1"}],"replies":[{"embeddable":true,"href":"https:\/\/viardenlab.com\/mx\/wp-json\/wp\/v2\/comments?post=10360"}],"version-history":[{"count":7,"href":"https:\/\/viardenlab.com\/mx\/wp-json\/wp\/v2\/pages\/10360\/revisions"}],"predecessor-version":[{"id":11423,"href":"https:\/\/viardenlab.com\/mx\/wp-json\/wp\/v2\/pages\/10360\/revisions\/11423"}],"wp:attachment":[{"href":"https:\/\/viardenlab.com\/mx\/wp-json\/wp\/v2\/media?parent=10360"}],"curies":[{"name":"wp","href":"https:\/\/api.w.org\/{rel}","templated":true}]}}