{"id":10355,"date":"2025-03-31T13:32:00","date_gmt":"2025-03-31T19:32:00","guid":{"rendered":"https:\/\/viardenlab.com\/mx\/?page_id=10355"},"modified":"2025-03-31T13:32:41","modified_gmt":"2025-03-31T19:32:41","slug":"desensibilizadores-2","status":"publish","type":"page","link":"https:\/\/viardenlab.com\/mx\/desensibilizadores-2","title":{"rendered":"Desensibilizadores"},"content":{"rendered":"\t\t<div data-elementor-type=\"wp-page\" data-elementor-id=\"10355\" class=\"elementor elementor-10355\" data-elementor-settings=\"{&quot;ha_cmc_init_switcher&quot;:&quot;no&quot;}\" data-elementor-post-type=\"page\">\n\t\t\t\t\t\t<section class=\"elementor-section elementor-top-section elementor-element elementor-element-eb7a1e6 elementor-section-boxed elementor-section-height-default elementor-section-height-default exad-glass-effect-no wpr-particle-no wpr-jarallax-no wpr-parallax-no wpr-sticky-section-no exad-sticky-section-no\" data-id=\"eb7a1e6\" data-element_type=\"section\" data-e-type=\"section\" data-settings=\"{&quot;_ha_eqh_enable&quot;:false}\">\n\t\t\t\t\t\t<div class=\"elementor-container elementor-column-gap-default\">\n\t\t\t\t\t<div class=\"elementor-column elementor-col-100 elementor-top-column elementor-element elementor-element-68123ee exad-glass-effect-no exad-sticky-section-no\" data-id=\"68123ee\" data-element_type=\"column\" data-e-type=\"column\">\n\t\t\t<div class=\"elementor-widget-wrap elementor-element-populated\">\n\t\t\t\t\t\t<div class=\"elementor-element elementor-element-3705f2f exad-sticky-section-no exad-glass-effect-no elementor-invisible elementor-widget elementor-widget-heading\" data-id=\"3705f2f\" data-element_type=\"widget\" data-e-type=\"widget\" data-settings=\"{&quot;_animation&quot;:&quot;fadeInUp&quot;}\" data-widget_type=\"heading.default\">\n\t\t\t\t<div class=\"elementor-widget-container\">\n\t\t\t\t\t<h2 class=\"elementor-heading-title elementor-size-default\">Desensibilizadores<\/h2>\t\t\t\t<\/div>\n\t\t\t\t<\/div>\n\t\t\t\t<div class=\"elementor-element elementor-element-44f394b eael-product-list-column-2 exad-sticky-section-no exad-glass-effect-no elementor-widget elementor-widget-eicon-woocommerce\" data-id=\"44f394b\" data-element_type=\"widget\" data-e-type=\"widget\" data-widget_type=\"eicon-woocommerce.default\">\n\t\t\t\t<div class=\"elementor-widget-container\">\n\t\t\t\t\t\n        <div class=\"eael-product-grid  list\" id=\"eael-product-grid\" data-widget-id=\"44f394b\" data-page-id=\"10355\" data-nonce=\"3fae13be5c\" >\n            <div class=\"woocommerce\">\n                <p class=\"no-posts-found\">\u00a1No se han encontrado entradas!<\/p>            <\/div>\n        <\/div>\n\n        <script type=\"text\/javascript\">\n            jQuery(document).ready(function($) {\n                var $scope = jQuery(\".elementor-element-44f394b\");\n                var $products = $('.products', $scope);\n                var $layout_mode = $products.data('layout-mode');\n                \n                if ( $layout_mode === 'masonry' ) {\n                    \/\/ init isotope\n                    var $isotope_products = $products.isotope({\n                        itemSelector: \"li.product\",\n                        layoutMode: $layout_mode,\n                        percentPosition: true\n                    });\n\n                    $isotope_products.imagesLoaded().progress( function() {\n                        $isotope_products.isotope('layout');\n                    })\n                    \n                }\n            });\n        <\/script>\n        \t\t\t\t<\/div>\n\t\t\t\t<\/div>\n\t\t\t\t\t<\/div>\n\t\t<\/div>\n\t\t\t\t\t<\/div>\n\t\t<\/section>\n\t\t\t\t<\/div>\n\t\t","protected":false},"excerpt":{"rendered":"<p>Desensibilizadores Desensibilizador con Clorhexidina Por su composici\u00f3n, es el material ideal en contra de la sensibilidad; aunado al potencial antis\u00e9ptico de la Clorhexidina, es&#8230; Leer m\u00e1s 1<\/p>\n","protected":false},"author":1,"featured_media":0,"parent":0,"menu_order":0,"comment_status":"closed","ping_status":"closed","template":"elementor_header_footer","meta":{"_joinchat":[],"footnotes":""},"class_list":["post-10355","page","type-page","status-publish"],"aioseo_notices":[],"yoast_head":"<!-- This site is optimized with the Yoast SEO plugin v27.2 - https:\/\/yoast.com\/product\/yoast-seo-wordpress\/ -->\n<title>Desensibilizadores - Viarden Lab<\/title>\n<meta name=\"robots\" content=\"index, follow, max-snippet:-1, max-image-preview:large, max-video-preview:-1\" \/>\n<link rel=\"canonical\" href=\"https:\/\/viardenlab.com\/mx\/desensibilizadores-2\" \/>\n<meta property=\"og:locale\" content=\"es_ES\" \/>\n<meta property=\"og:type\" content=\"article\" \/>\n<meta property=\"og:title\" content=\"Desensibilizadores - Viarden Lab\" \/>\n<meta property=\"og:description\" content=\"Desensibilizadores Desensibilizador con Clorhexidina Por su composici\u00f3n, es el material ideal en contra de la sensibilidad; aunado al potencial antis\u00e9ptico de la Clorhexidina, es&#8230; Leer m\u00e1s 1\" \/>\n<meta property=\"og:url\" content=\"https:\/\/viardenlab.com\/mx\/desensibilizadores-2\" \/>\n<meta property=\"og:site_name\" content=\"Viarden Lab\" \/>\n<meta property=\"article:modified_time\" content=\"2025-03-31T19:32:41+00:00\" \/>\n<meta property=\"og:image\" content=\"http:\/\/viardenlab.com\/mx\/wp-content\/uploads\/2017\/04\/desensibilizador-de-clorhexidina-300x300.jpg\" \/>\n<meta name=\"twitter:label1\" content=\"Tiempo de lectura\" \/>\n\t<meta name=\"twitter:data1\" content=\"1 minuto\" \/>\n<script type=\"application\/ld+json\" class=\"yoast-schema-graph\">{\"@context\":\"https:\/\/schema.org\",\"@graph\":[{\"@type\":\"WebPage\",\"@id\":\"https:\/\/viardenlab.com\/mx\/desensibilizadores-2\",\"url\":\"https:\/\/viardenlab.com\/mx\/desensibilizadores-2\",\"name\":\"Desensibilizadores - Viarden Lab\",\"isPartOf\":{\"@id\":\"https:\/\/viardenlab.com\/mx\/#website\"},\"primaryImageOfPage\":{\"@id\":\"https:\/\/viardenlab.com\/mx\/desensibilizadores-2#primaryimage\"},\"image\":{\"@id\":\"https:\/\/viardenlab.com\/mx\/desensibilizadores-2#primaryimage\"},\"thumbnailUrl\":\"http:\/\/viardenlab.com\/mx\/wp-content\/uploads\/2017\/04\/desensibilizador-de-clorhexidina-300x300.jpg\",\"datePublished\":\"2025-03-31T19:32:00+00:00\",\"dateModified\":\"2025-03-31T19:32:41+00:00\",\"breadcrumb\":{\"@id\":\"https:\/\/viardenlab.com\/mx\/desensibilizadores-2#breadcrumb\"},\"inLanguage\":\"es\",\"potentialAction\":[{\"@type\":\"ReadAction\",\"target\":[\"https:\/\/viardenlab.com\/mx\/desensibilizadores-2\"]}]},{\"@type\":\"ImageObject\",\"inLanguage\":\"es\",\"@id\":\"https:\/\/viardenlab.com\/mx\/desensibilizadores-2#primaryimage\",\"url\":\"https:\/\/viardenlab.com\/mx\/wp-content\/uploads\/2017\/04\/desensibilizador-de-clorhexidina.jpg\",\"contentUrl\":\"https:\/\/viardenlab.com\/mx\/wp-content\/uploads\/2017\/04\/desensibilizador-de-clorhexidina.jpg\",\"width\":1000,\"height\":1000},{\"@type\":\"BreadcrumbList\",\"@id\":\"https:\/\/viardenlab.com\/mx\/desensibilizadores-2#breadcrumb\",\"itemListElement\":[{\"@type\":\"ListItem\",\"position\":1,\"name\":\"Portada\",\"item\":\"https:\/\/viardenlab.com\/mx\/\"},{\"@type\":\"ListItem\",\"position\":2,\"name\":\"Desensibilizadores\"}]},{\"@type\":\"WebSite\",\"@id\":\"https:\/\/viardenlab.com\/mx\/#website\",\"url\":\"https:\/\/viardenlab.com\/mx\/\",\"name\":\"Viarden Lab\",\"description\":\"Compra Online directo a tu consultorio\",\"potentialAction\":[{\"@type\":\"SearchAction\",\"target\":{\"@type\":\"EntryPoint\",\"urlTemplate\":\"https:\/\/viardenlab.com\/mx\/?s={search_term_string}\"},\"query-input\":{\"@type\":\"PropertyValueSpecification\",\"valueRequired\":true,\"valueName\":\"search_term_string\"}}],\"inLanguage\":\"es\"}]}<\/script>\n<!-- \/ Yoast SEO plugin. -->","yoast_head_json":{"title":"Desensibilizadores - Viarden Lab","robots":{"index":"index","follow":"follow","max-snippet":"max-snippet:-1","max-image-preview":"max-image-preview:large","max-video-preview":"max-video-preview:-1"},"canonical":"https:\/\/viardenlab.com\/mx\/desensibilizadores-2","og_locale":"es_ES","og_type":"article","og_title":"Desensibilizadores - Viarden Lab","og_description":"Desensibilizadores Desensibilizador con Clorhexidina Por su composici\u00f3n, es el material ideal en contra de la sensibilidad; aunado al potencial antis\u00e9ptico de la Clorhexidina, es&#8230; Leer m\u00e1s 1","og_url":"https:\/\/viardenlab.com\/mx\/desensibilizadores-2","og_site_name":"Viarden Lab","article_modified_time":"2025-03-31T19:32:41+00:00","og_image":[{"url":"http:\/\/viardenlab.com\/mx\/wp-content\/uploads\/2017\/04\/desensibilizador-de-clorhexidina-300x300.jpg","type":"","width":"","height":""}],"twitter_misc":{"Tiempo de lectura":"1 minuto"},"schema":{"@context":"https:\/\/schema.org","@graph":[{"@type":"WebPage","@id":"https:\/\/viardenlab.com\/mx\/desensibilizadores-2","url":"https:\/\/viardenlab.com\/mx\/desensibilizadores-2","name":"Desensibilizadores - Viarden Lab","isPartOf":{"@id":"https:\/\/viardenlab.com\/mx\/#website"},"primaryImageOfPage":{"@id":"https:\/\/viardenlab.com\/mx\/desensibilizadores-2#primaryimage"},"image":{"@id":"https:\/\/viardenlab.com\/mx\/desensibilizadores-2#primaryimage"},"thumbnailUrl":"http:\/\/viardenlab.com\/mx\/wp-content\/uploads\/2017\/04\/desensibilizador-de-clorhexidina-300x300.jpg","datePublished":"2025-03-31T19:32:00+00:00","dateModified":"2025-03-31T19:32:41+00:00","breadcrumb":{"@id":"https:\/\/viardenlab.com\/mx\/desensibilizadores-2#breadcrumb"},"inLanguage":"es","potentialAction":[{"@type":"ReadAction","target":["https:\/\/viardenlab.com\/mx\/desensibilizadores-2"]}]},{"@type":"ImageObject","inLanguage":"es","@id":"https:\/\/viardenlab.com\/mx\/desensibilizadores-2#primaryimage","url":"https:\/\/viardenlab.com\/mx\/wp-content\/uploads\/2017\/04\/desensibilizador-de-clorhexidina.jpg","contentUrl":"https:\/\/viardenlab.com\/mx\/wp-content\/uploads\/2017\/04\/desensibilizador-de-clorhexidina.jpg","width":1000,"height":1000},{"@type":"BreadcrumbList","@id":"https:\/\/viardenlab.com\/mx\/desensibilizadores-2#breadcrumb","itemListElement":[{"@type":"ListItem","position":1,"name":"Portada","item":"https:\/\/viardenlab.com\/mx\/"},{"@type":"ListItem","position":2,"name":"Desensibilizadores"}]},{"@type":"WebSite","@id":"https:\/\/viardenlab.com\/mx\/#website","url":"https:\/\/viardenlab.com\/mx\/","name":"Viarden Lab","description":"Compra Online directo a tu consultorio","potentialAction":[{"@type":"SearchAction","target":{"@type":"EntryPoint","urlTemplate":"https:\/\/viardenlab.com\/mx\/?s={search_term_string}"},"query-input":{"@type":"PropertyValueSpecification","valueRequired":true,"valueName":"search_term_string"}}],"inLanguage":"es"}]}},"_links":{"self":[{"href":"https:\/\/viardenlab.com\/mx\/wp-json\/wp\/v2\/pages\/10355","targetHints":{"allow":["GET"]}}],"collection":[{"href":"https:\/\/viardenlab.com\/mx\/wp-json\/wp\/v2\/pages"}],"about":[{"href":"https:\/\/viardenlab.com\/mx\/wp-json\/wp\/v2\/types\/page"}],"author":[{"embeddable":true,"href":"https:\/\/viardenlab.com\/mx\/wp-json\/wp\/v2\/users\/1"}],"replies":[{"embeddable":true,"href":"https:\/\/viardenlab.com\/mx\/wp-json\/wp\/v2\/comments?post=10355"}],"version-history":[{"count":4,"href":"https:\/\/viardenlab.com\/mx\/wp-json\/wp\/v2\/pages\/10355\/revisions"}],"predecessor-version":[{"id":10359,"href":"https:\/\/viardenlab.com\/mx\/wp-json\/wp\/v2\/pages\/10355\/revisions\/10359"}],"wp:attachment":[{"href":"https:\/\/viardenlab.com\/mx\/wp-json\/wp\/v2\/media?parent=10355"}],"curies":[{"name":"wp","href":"https:\/\/api.w.org\/{rel}","templated":true}]}}