{"id":2338,"date":"2025-05-06T18:35:58","date_gmt":"2025-05-06T18:35:58","guid":{"rendered":"https:\/\/viardenlab.com\/bluem\/?page_id=2338"},"modified":"2025-07-03T23:21:11","modified_gmt":"2025-07-03T23:21:11","slug":"capsulas-para-dientes-y-huesos","status":"publish","type":"page","link":"https:\/\/viardenlab.com\/bluem\/capsulas-para-dientes-y-huesos\/","title":{"rendered":"C\u00e1psulas para dientes y huesos"},"content":{"rendered":"\t\t<div data-elementor-type=\"wp-page\" data-elementor-id=\"2338\" class=\"elementor elementor-2338\" data-elementor-settings=\"{&quot;ha_cmc_init_switcher&quot;:&quot;no&quot;}\" data-elementor-post-type=\"page\">\n\t\t\t\t\t\t<section class=\"elementor-section elementor-top-section elementor-element elementor-element-92c513d elementor-section-stretched elementor-section-boxed elementor-section-height-default elementor-section-height-default\" data-id=\"92c513d\" data-element_type=\"section\" data-settings=\"{&quot;stretch_section&quot;:&quot;section-stretched&quot;,&quot;_ha_eqh_enable&quot;:false}\">\n\t\t\t\t\t\t<div class=\"elementor-container elementor-column-gap-default\">\n\t\t\t\t\t<div class=\"elementor-column elementor-col-100 elementor-top-column elementor-element elementor-element-59d94bc\" data-id=\"59d94bc\" data-element_type=\"column\">\n\t\t\t<div class=\"elementor-widget-wrap elementor-element-populated\">\n\t\t\t\t\t\t<div class=\"elementor-element elementor-element-b19991e ha-has-bg-overlay elementor-invisible elementor-widget elementor-widget-text-editor\" data-id=\"b19991e\" data-element_type=\"widget\" data-settings=\"{&quot;_animation&quot;:&quot;fadeInUp&quot;}\" data-widget_type=\"text-editor.default\">\n\t\t\t\t<div class=\"elementor-widget-container\">\n\t\t\t\t\t\t\tC\u00e1psulas para dientes y huesos\t\t\t\t\t\t<\/div>\n\t\t\t\t<\/div>\n\t\t\t\t<div class=\"elementor-element elementor-element-fc295f2 elementor-invisible elementor-widget elementor-widget-text-editor\" data-id=\"fc295f2\" data-element_type=\"widget\" data-settings=\"{&quot;_animation&quot;:&quot;fadeInUp&quot;}\" data-widget_type=\"text-editor.default\">\n\t\t\t\t<div class=\"elementor-widget-container\">\n\t\t\t\t\t\t\t<p><strong>blue<sup><span style=\"font-size: 13px;\">\u00ae<\/span><\/sup>m<\/strong><\/p>\t\t\t\t\t\t<\/div>\n\t\t\t\t<\/div>\n\t\t\t\t\t<\/div>\n\t\t<\/div>\n\t\t\t\t\t<\/div>\n\t\t<\/section>\n\t\t\t\t<section class=\"elementor-section elementor-top-section elementor-element elementor-element-5a0d59f elementor-section-stretched elementor-section-boxed elementor-section-height-default elementor-section-height-default\" data-id=\"5a0d59f\" data-element_type=\"section\" data-settings=\"{&quot;stretch_section&quot;:&quot;section-stretched&quot;,&quot;_ha_eqh_enable&quot;:false}\">\n\t\t\t\t\t\t\t<div class=\"elementor-background-overlay\"><\/div>\n\t\t\t\t\t\t\t<div class=\"elementor-container elementor-column-gap-default\">\n\t\t\t\t\t<div class=\"elementor-column elementor-col-100 elementor-top-column elementor-element elementor-element-103deb0\" data-id=\"103deb0\" data-element_type=\"column\">\n\t\t\t<div class=\"elementor-widget-wrap elementor-element-populated\">\n\t\t\t\t\t\t<section class=\"elementor-section elementor-inner-section elementor-element elementor-element-d30f36a elementor-section-boxed elementor-section-height-default elementor-section-height-default\" data-id=\"d30f36a\" data-element_type=\"section\" data-settings=\"{&quot;_ha_eqh_enable&quot;:false}\">\n\t\t\t\t\t\t<div class=\"elementor-container elementor-column-gap-default\">\n\t\t\t\t\t<div class=\"elementor-column elementor-col-50 elementor-inner-column elementor-element elementor-element-b27d99a\" data-id=\"b27d99a\" data-element_type=\"column\">\n\t\t\t<div class=\"elementor-widget-wrap elementor-element-populated\">\n\t\t\t\t\t\t<div class=\"elementor-element elementor-element-b79b8bc elementor-widget elementor-widget-ha-slider happy-addon ha-slider\" data-id=\"b79b8bc\" data-element_type=\"widget\" data-settings=\"{&quot;animation_speed&quot;:300,&quot;autoplay&quot;:&quot;yes&quot;,&quot;autoplay_speed&quot;:3000,&quot;loop&quot;:&quot;yes&quot;,&quot;slides_transition&quot;:&quot;slide&quot;,&quot;navigation&quot;:&quot;arrow&quot;}\" data-widget_type=\"ha-slider.default\">\n\t\t\t\t<div class=\"elementor-widget-container\">\n\t\t\t\n\t\t<div class=\"hajs-slick ha-slick ha-slick--slider\">\n\n\t\t\t\n\t\t\t\t<div class=\"ha-slick-slide slick-slide\">\n\t\t\t\t\t<div class=\"ha-slick-item\">\n\t\t\t\t\t\t\t\t\t\t\t\t\t<img decoding=\"async\" class=\"ha-slick-img\" src=\"https:\/\/viardenlab.com\/bluem\/wp-content\/uploads\/2025\/05\/header-capsulas-768x513.jpg\" alt=\"\">\n\t\t\t\t\t\t\n\t\t\t\t\t\t\t\t\t\t\t\t\t<div class=\"ha-slick-content\">\n\t\t\t\t\t\t\t\t\t\t\t\t\t\t\t\t\t\t\t\t\t\t\t\t\t<p class=\"ha-slick-subtitle\">- 90 c\u00e1psulas<\/p>\n\t\t\t\t\t\t\t\t\t\t\t\t\t\t\t<\/div>\n\t\t\t\t\t\t\t\t\t\t\t<\/div>\n\t\t\t\t<\/div>\n\n\t\t\t\n\t\t<\/div>\n\n\t\t\t\t\t<button type=\"button\" class=\"slick-prev\"><i aria-hidden=\"true\" class=\"fas fa-chevron-left\"><\/i><\/button>\n\t\t\n\t\t\t\t\t<button type=\"button\" class=\"slick-next\"><i aria-hidden=\"true\" class=\"fas fa-chevron-right\"><\/i><\/button>\n\t\t\n\t\t\t\t<\/div>\n\t\t\t\t<\/div>\n\t\t\t\t\t<\/div>\n\t\t<\/div>\n\t\t\t\t<div class=\"elementor-column elementor-col-50 elementor-inner-column elementor-element elementor-element-53f11e0\" data-id=\"53f11e0\" data-element_type=\"column\">\n\t\t\t<div class=\"elementor-widget-wrap elementor-element-populated\">\n\t\t\t\t\t\t<div class=\"elementor-element elementor-element-0614c46 ha-has-bg-overlay elementor-invisible elementor-widget elementor-widget-text-editor\" data-id=\"0614c46\" data-element_type=\"widget\" data-settings=\"{&quot;_animation&quot;:&quot;fadeInUp&quot;}\" data-widget_type=\"text-editor.default\">\n\t\t\t\t<div class=\"elementor-widget-container\">\n\t\t\t\t\t\t\t<p>Buscamos constantemente formas de ayudar a mejorar su salud bucal, nuestro suplemento dental es una de ellas. Desarrollamos este suplemento nutricional de alta calidad con un dentista bioenerg\u00e9tico para brindarle apoyo de adentro hacia afuera.<\/p><p>Estas c\u00e1psulas son perfectas para el mantenimiento bucal diario, antes y despu\u00e9s de tratamientos dentales.<\/p><p>Seleccionamos los mejores ingredientes que la naturaleza tiene para ofrecer, como magnesio org\u00e1nico activo, cobre, manganeso, zinc, boro, vitamina C, vitamina B6, B12 y \u00e1cido f\u00f3lico. Adem\u00e1s, contiene altas dosis de calcio, vitamina D3 y vitamina K2.<\/p>\t\t\t\t\t\t<\/div>\n\t\t\t\t<\/div>\n\t\t\t\t\t<\/div>\n\t\t<\/div>\n\t\t\t\t\t<\/div>\n\t\t<\/section>\n\t\t\t\t<section class=\"elementor-section elementor-inner-section elementor-element elementor-element-8994133 elementor-section-boxed elementor-section-height-default elementor-section-height-default\" data-id=\"8994133\" data-element_type=\"section\" data-settings=\"{&quot;_ha_eqh_enable&quot;:false}\">\n\t\t\t\t\t\t<div class=\"elementor-container elementor-column-gap-default\">\n\t\t\t\t\t<div class=\"elementor-column elementor-col-50 elementor-inner-column elementor-element elementor-element-7403450\" data-id=\"7403450\" data-element_type=\"column\">\n\t\t\t<div class=\"elementor-widget-wrap elementor-element-populated\">\n\t\t\t\t\t\t<div class=\"elementor-element elementor-element-bd20cfc ha-has-bg-overlay elementor-invisible elementor-widget elementor-widget-text-editor\" data-id=\"bd20cfc\" data-element_type=\"widget\" data-settings=\"{&quot;_animation&quot;:&quot;fadeInUp&quot;}\" data-widget_type=\"text-editor.default\">\n\t\t\t\t<div class=\"elementor-widget-container\">\n\t\t\t\t\t\t\t<p>Estos minerales y vitaminas tienen un efecto curativo sobre nuestros dientes y huesos. Los diferentes nutrientes combinados mejoran las caracter\u00edsticas de cada uno de manera positiva, lo que se denomina reacci\u00f3n sin\u00e9rgica.<\/p><p>Composici\u00f3n y dosis diaria de las c\u00e1psulas (presentaci\u00f3n con 90 c\u00e1psulas)<\/p><ul><li>Para mejorar d\u00eda a d\u00eda la salud bucal, utilice una c\u00e1psula diaria. Antes, durante o despu\u00e9s del tratamiento dental la dosis que su m\u00e9dico le indique.<\/li><li>No exceda la dosis recomendada a menos que se le prescriba. Si utiliza otros suplementos, primero consulte con su m\u00e9dico si puede combinarlos.<\/li><li>Si bien la c\u00e1psula es f\u00e1cil de tragar, el contenido tambi\u00e9n se puede extraer de la c\u00e1psula y mezclar con los alimentos. Suplemento: la palabra lo dice todo: complementa su variada dieta y su estilo de vida saludable.<\/li><li>Tenga en cuenta que este suplemento no es adecuado para ni\u00f1os menores de 17 a\u00f1os<\/li><\/ul>\t\t\t\t\t\t<\/div>\n\t\t\t\t<\/div>\n\t\t\t\t\t<\/div>\n\t\t<\/div>\n\t\t\t\t<div class=\"elementor-column elementor-col-50 elementor-inner-column elementor-element elementor-element-4d4e277\" data-id=\"4d4e277\" data-element_type=\"column\">\n\t\t\t<div class=\"elementor-widget-wrap elementor-element-populated\">\n\t\t\t\t\t\t<div class=\"elementor-element elementor-element-5bba4e2 elementor-widget elementor-widget-image\" data-id=\"5bba4e2\" data-element_type=\"widget\" data-widget_type=\"image.default\">\n\t\t\t\t<div class=\"elementor-widget-container\">\n\t\t\t\t\t\t\t\t\t\t\t\t\t\t<a href=\"https:\/\/viardenlab.com\/bluem\/wp-content\/uploads\/2025\/05\/tabla-capsulas.png\" data-elementor-open-lightbox=\"yes\" data-elementor-lightbox-title=\"tabla-capsulas\" data-e-action-hash=\"#elementor-action%3Aaction%3Dlightbox%26settings%3DeyJpZCI6MjM4MiwidXJsIjoiaHR0cHM6XC9cL3ZpYXJkZW5sYWIuY29tXC9ibHVlbVwvd3AtY29udGVudFwvdXBsb2Fkc1wvMjAyNVwvMDVcL3RhYmxhLWNhcHN1bGFzLnBuZyJ9\">\n\t\t\t\t\t\t\t<img fetchpriority=\"high\" decoding=\"async\" width=\"772\" height=\"966\" src=\"https:\/\/viardenlab.com\/bluem\/wp-content\/uploads\/2025\/05\/tabla-capsulas.png\" class=\"attachment-large size-large wp-image-2382\" alt=\"\" srcset=\"https:\/\/viardenlab.com\/bluem\/wp-content\/uploads\/2025\/05\/tabla-capsulas.png 772w, https:\/\/viardenlab.com\/bluem\/wp-content\/uploads\/2025\/05\/tabla-capsulas-240x300.png 240w, https:\/\/viardenlab.com\/bluem\/wp-content\/uploads\/2025\/05\/tabla-capsulas-768x961.png 768w, https:\/\/viardenlab.com\/bluem\/wp-content\/uploads\/2025\/05\/tabla-capsulas-230x288.png 230w\" sizes=\"(max-width: 772px) 100vw, 772px\" \/>\t\t\t\t\t\t\t\t<\/a>\n\t\t\t\t\t\t\t\t\t\t\t\t\t<\/div>\n\t\t\t\t<\/div>\n\t\t\t\t\t<\/div>\n\t\t<\/div>\n\t\t\t\t\t<\/div>\n\t\t<\/section>\n\t\t\t\t\t<\/div>\n\t\t<\/div>\n\t\t\t\t\t<\/div>\n\t\t<\/section>\n\t\t\t\t<\/div>\n\t\t","protected":false},"excerpt":{"rendered":"<p>C\u00e1psulas para dientes y huesos blue\u00aem &#8211; 90 c\u00e1psulas Buscamos constantemente formas de ayudar a mejorar su salud bucal, nuestro suplemento dental es una de ellas. Desarrollamos este suplemento nutricional de alta calidad con un dentista bioenerg\u00e9tico para brindarle apoyo de adentro hacia afuera. Estas c\u00e1psulas son perfectas para el mantenimiento bucal diario, antes y &#8230;.&nbsp;&nbsp;<a class=\" special\" href=\"https:\/\/viardenlab.com\/bluem\/capsulas-para-dientes-y-huesos\/\">Read More<\/a><\/p>\n","protected":false},"author":1,"featured_media":0,"parent":0,"menu_order":0,"comment_status":"closed","ping_status":"closed","template":"elementor_header_footer","meta":{"pagelayer_contact_templates":[],"_pagelayer_content":"","_joinchat":[],"footnotes":""},"class_list":["post-2338","page","type-page","status-publish","hentry"],"yoast_head":"<!-- This site is optimized with the Yoast SEO plugin v23.7 - https:\/\/yoast.com\/wordpress\/plugins\/seo\/ -->\n<title>C\u00e1psulas para dientes y huesos - Bluem<\/title>\n<meta name=\"robots\" content=\"index, follow, max-snippet:-1, max-image-preview:large, max-video-preview:-1\" \/>\n<link rel=\"canonical\" href=\"https:\/\/viardenlab.com\/bluem\/capsulas-para-dientes-y-huesos\/\" \/>\n<meta property=\"og:locale\" content=\"es_ES\" \/>\n<meta property=\"og:type\" content=\"article\" \/>\n<meta property=\"og:title\" content=\"C\u00e1psulas para dientes y huesos - Bluem\" \/>\n<meta property=\"og:description\" content=\"C\u00e1psulas para dientes y huesos blue\u00aem &#8211; 90 c\u00e1psulas Buscamos constantemente formas de ayudar a mejorar su salud bucal, nuestro suplemento dental es una de ellas. Desarrollamos este suplemento nutricional de alta calidad con un dentista bioenerg\u00e9tico para brindarle apoyo de adentro hacia afuera. Estas c\u00e1psulas son perfectas para el mantenimiento bucal diario, antes y ....&nbsp;&nbsp;Read More\" \/>\n<meta property=\"og:url\" content=\"https:\/\/viardenlab.com\/bluem\/capsulas-para-dientes-y-huesos\/\" \/>\n<meta property=\"og:site_name\" content=\"Bluem\" \/>\n<meta property=\"article:modified_time\" content=\"2025-07-03T23:21:11+00:00\" \/>\n<meta property=\"og:image\" content=\"https:\/\/viardenlab.com\/bluem\/wp-content\/uploads\/2025\/05\/header-capsulas-768x513.jpg\" \/>\n<meta name=\"twitter:card\" content=\"summary_large_image\" \/>\n<meta name=\"twitter:label1\" content=\"Tiempo de lectura\" \/>\n\t<meta name=\"twitter:data1\" content=\"2 minutos\" \/>\n<script type=\"application\/ld+json\" class=\"yoast-schema-graph\">{\"@context\":\"https:\/\/schema.org\",\"@graph\":[{\"@type\":\"WebPage\",\"@id\":\"https:\/\/viardenlab.com\/bluem\/capsulas-para-dientes-y-huesos\/\",\"url\":\"https:\/\/viardenlab.com\/bluem\/capsulas-para-dientes-y-huesos\/\",\"name\":\"C\u00e1psulas para dientes y huesos - Bluem\",\"isPartOf\":{\"@id\":\"https:\/\/viardenlab.com\/bluem\/#website\"},\"primaryImageOfPage\":{\"@id\":\"https:\/\/viardenlab.com\/bluem\/capsulas-para-dientes-y-huesos\/#primaryimage\"},\"image\":{\"@id\":\"https:\/\/viardenlab.com\/bluem\/capsulas-para-dientes-y-huesos\/#primaryimage\"},\"thumbnailUrl\":\"https:\/\/viardenlab.com\/bluem\/wp-content\/uploads\/2025\/05\/header-capsulas-768x513.jpg\",\"datePublished\":\"2025-05-06T18:35:58+00:00\",\"dateModified\":\"2025-07-03T23:21:11+00:00\",\"breadcrumb\":{\"@id\":\"https:\/\/viardenlab.com\/bluem\/capsulas-para-dientes-y-huesos\/#breadcrumb\"},\"inLanguage\":\"es\",\"potentialAction\":[{\"@type\":\"ReadAction\",\"target\":[\"https:\/\/viardenlab.com\/bluem\/capsulas-para-dientes-y-huesos\/\"]}]},{\"@type\":\"ImageObject\",\"inLanguage\":\"es\",\"@id\":\"https:\/\/viardenlab.com\/bluem\/capsulas-para-dientes-y-huesos\/#primaryimage\",\"url\":\"https:\/\/viardenlab.com\/bluem\/wp-content\/uploads\/2025\/05\/header-capsulas.jpg\",\"contentUrl\":\"https:\/\/viardenlab.com\/bluem\/wp-content\/uploads\/2025\/05\/header-capsulas.jpg\",\"width\":1284,\"height\":857},{\"@type\":\"BreadcrumbList\",\"@id\":\"https:\/\/viardenlab.com\/bluem\/capsulas-para-dientes-y-huesos\/#breadcrumb\",\"itemListElement\":[{\"@type\":\"ListItem\",\"position\":1,\"name\":\"Portada\",\"item\":\"https:\/\/viardenlab.com\/bluem\/\"},{\"@type\":\"ListItem\",\"position\":2,\"name\":\"C\u00e1psulas para dientes y huesos\"}]},{\"@type\":\"WebSite\",\"@id\":\"https:\/\/viardenlab.com\/bluem\/#website\",\"url\":\"https:\/\/viardenlab.com\/bluem\/\",\"name\":\"Bluem\",\"description\":\"Combate la resequedad bucal\",\"publisher\":{\"@id\":\"https:\/\/viardenlab.com\/bluem\/#organization\"},\"potentialAction\":[{\"@type\":\"SearchAction\",\"target\":{\"@type\":\"EntryPoint\",\"urlTemplate\":\"https:\/\/viardenlab.com\/bluem\/?s={search_term_string}\"},\"query-input\":{\"@type\":\"PropertyValueSpecification\",\"valueRequired\":true,\"valueName\":\"search_term_string\"}}],\"inLanguage\":\"es\"},{\"@type\":\"Organization\",\"@id\":\"https:\/\/viardenlab.com\/bluem\/#organization\",\"name\":\"Bluem\",\"url\":\"https:\/\/viardenlab.com\/bluem\/\",\"logo\":{\"@type\":\"ImageObject\",\"inLanguage\":\"es\",\"@id\":\"https:\/\/viardenlab.com\/bluem\/#\/schema\/logo\/image\/\",\"url\":\"https:\/\/viardenlab.com\/bluem\/wp-content\/uploads\/2022\/01\/cropped-logo-small.jpg\",\"contentUrl\":\"https:\/\/viardenlab.com\/bluem\/wp-content\/uploads\/2022\/01\/cropped-logo-small.jpg\",\"width\":1013,\"height\":250,\"caption\":\"Bluem\"},\"image\":{\"@id\":\"https:\/\/viardenlab.com\/bluem\/#\/schema\/logo\/image\/\"}}]}<\/script>\n<!-- \/ Yoast SEO plugin. -->","yoast_head_json":{"title":"C\u00e1psulas para dientes y huesos - Bluem","robots":{"index":"index","follow":"follow","max-snippet":"max-snippet:-1","max-image-preview":"max-image-preview:large","max-video-preview":"max-video-preview:-1"},"canonical":"https:\/\/viardenlab.com\/bluem\/capsulas-para-dientes-y-huesos\/","og_locale":"es_ES","og_type":"article","og_title":"C\u00e1psulas para dientes y huesos - Bluem","og_description":"C\u00e1psulas para dientes y huesos blue\u00aem &#8211; 90 c\u00e1psulas Buscamos constantemente formas de ayudar a mejorar su salud bucal, nuestro suplemento dental es una de ellas. Desarrollamos este suplemento nutricional de alta calidad con un dentista bioenerg\u00e9tico para brindarle apoyo de adentro hacia afuera. Estas c\u00e1psulas son perfectas para el mantenimiento bucal diario, antes y ....&nbsp;&nbsp;Read More","og_url":"https:\/\/viardenlab.com\/bluem\/capsulas-para-dientes-y-huesos\/","og_site_name":"Bluem","article_modified_time":"2025-07-03T23:21:11+00:00","og_image":[{"url":"https:\/\/viardenlab.com\/bluem\/wp-content\/uploads\/2025\/05\/header-capsulas-768x513.jpg"}],"twitter_card":"summary_large_image","twitter_misc":{"Tiempo de lectura":"2 minutos"},"schema":{"@context":"https:\/\/schema.org","@graph":[{"@type":"WebPage","@id":"https:\/\/viardenlab.com\/bluem\/capsulas-para-dientes-y-huesos\/","url":"https:\/\/viardenlab.com\/bluem\/capsulas-para-dientes-y-huesos\/","name":"C\u00e1psulas para dientes y huesos - Bluem","isPartOf":{"@id":"https:\/\/viardenlab.com\/bluem\/#website"},"primaryImageOfPage":{"@id":"https:\/\/viardenlab.com\/bluem\/capsulas-para-dientes-y-huesos\/#primaryimage"},"image":{"@id":"https:\/\/viardenlab.com\/bluem\/capsulas-para-dientes-y-huesos\/#primaryimage"},"thumbnailUrl":"https:\/\/viardenlab.com\/bluem\/wp-content\/uploads\/2025\/05\/header-capsulas-768x513.jpg","datePublished":"2025-05-06T18:35:58+00:00","dateModified":"2025-07-03T23:21:11+00:00","breadcrumb":{"@id":"https:\/\/viardenlab.com\/bluem\/capsulas-para-dientes-y-huesos\/#breadcrumb"},"inLanguage":"es","potentialAction":[{"@type":"ReadAction","target":["https:\/\/viardenlab.com\/bluem\/capsulas-para-dientes-y-huesos\/"]}]},{"@type":"ImageObject","inLanguage":"es","@id":"https:\/\/viardenlab.com\/bluem\/capsulas-para-dientes-y-huesos\/#primaryimage","url":"https:\/\/viardenlab.com\/bluem\/wp-content\/uploads\/2025\/05\/header-capsulas.jpg","contentUrl":"https:\/\/viardenlab.com\/bluem\/wp-content\/uploads\/2025\/05\/header-capsulas.jpg","width":1284,"height":857},{"@type":"BreadcrumbList","@id":"https:\/\/viardenlab.com\/bluem\/capsulas-para-dientes-y-huesos\/#breadcrumb","itemListElement":[{"@type":"ListItem","position":1,"name":"Portada","item":"https:\/\/viardenlab.com\/bluem\/"},{"@type":"ListItem","position":2,"name":"C\u00e1psulas para dientes y huesos"}]},{"@type":"WebSite","@id":"https:\/\/viardenlab.com\/bluem\/#website","url":"https:\/\/viardenlab.com\/bluem\/","name":"Bluem","description":"Combate la resequedad bucal","publisher":{"@id":"https:\/\/viardenlab.com\/bluem\/#organization"},"potentialAction":[{"@type":"SearchAction","target":{"@type":"EntryPoint","urlTemplate":"https:\/\/viardenlab.com\/bluem\/?s={search_term_string}"},"query-input":{"@type":"PropertyValueSpecification","valueRequired":true,"valueName":"search_term_string"}}],"inLanguage":"es"},{"@type":"Organization","@id":"https:\/\/viardenlab.com\/bluem\/#organization","name":"Bluem","url":"https:\/\/viardenlab.com\/bluem\/","logo":{"@type":"ImageObject","inLanguage":"es","@id":"https:\/\/viardenlab.com\/bluem\/#\/schema\/logo\/image\/","url":"https:\/\/viardenlab.com\/bluem\/wp-content\/uploads\/2022\/01\/cropped-logo-small.jpg","contentUrl":"https:\/\/viardenlab.com\/bluem\/wp-content\/uploads\/2022\/01\/cropped-logo-small.jpg","width":1013,"height":250,"caption":"Bluem"},"image":{"@id":"https:\/\/viardenlab.com\/bluem\/#\/schema\/logo\/image\/"}}]}},"_links":{"self":[{"href":"https:\/\/viardenlab.com\/bluem\/wp-json\/wp\/v2\/pages\/2338"}],"collection":[{"href":"https:\/\/viardenlab.com\/bluem\/wp-json\/wp\/v2\/pages"}],"about":[{"href":"https:\/\/viardenlab.com\/bluem\/wp-json\/wp\/v2\/types\/page"}],"author":[{"embeddable":true,"href":"https:\/\/viardenlab.com\/bluem\/wp-json\/wp\/v2\/users\/1"}],"replies":[{"embeddable":true,"href":"https:\/\/viardenlab.com\/bluem\/wp-json\/wp\/v2\/comments?post=2338"}],"version-history":[{"count":28,"href":"https:\/\/viardenlab.com\/bluem\/wp-json\/wp\/v2\/pages\/2338\/revisions"}],"predecessor-version":[{"id":2936,"href":"https:\/\/viardenlab.com\/bluem\/wp-json\/wp\/v2\/pages\/2338\/revisions\/2936"}],"wp:attachment":[{"href":"https:\/\/viardenlab.com\/bluem\/wp-json\/wp\/v2\/media?parent=2338"}],"curies":[{"name":"wp","href":"https:\/\/api.w.org\/{rel}","templated":true}]}}