{"id":2165,"date":"2024-12-09T18:32:11","date_gmt":"2024-12-09T18:32:11","guid":{"rendered":"https:\/\/viardenlab.com\/bluem\/?page_id=2165"},"modified":"2025-07-03T23:20:12","modified_gmt":"2025-07-03T23:20:12","slug":"palillos-interdentales","status":"publish","type":"page","link":"https:\/\/viardenlab.com\/bluem\/palillos-interdentales\/","title":{"rendered":"Palillos interdentales"},"content":{"rendered":"\t\t<div data-elementor-type=\"wp-page\" data-elementor-id=\"2165\" class=\"elementor elementor-2165\" data-elementor-settings=\"{&quot;ha_cmc_init_switcher&quot;:&quot;no&quot;}\" data-elementor-post-type=\"page\">\n\t\t\t\t\t\t<section class=\"elementor-section elementor-top-section elementor-element elementor-element-a4e7dd3 elementor-section-stretched elementor-section-boxed elementor-section-height-default elementor-section-height-default\" data-id=\"a4e7dd3\" data-element_type=\"section\" data-settings=\"{&quot;stretch_section&quot;:&quot;section-stretched&quot;,&quot;_ha_eqh_enable&quot;:false}\">\n\t\t\t\t\t\t<div class=\"elementor-container elementor-column-gap-default\">\n\t\t\t\t\t<div class=\"elementor-column elementor-col-50 elementor-top-column elementor-element elementor-element-7bfaee2\" data-id=\"7bfaee2\" data-element_type=\"column\">\n\t\t\t<div class=\"elementor-widget-wrap elementor-element-populated\">\n\t\t\t\t\t\t<div class=\"elementor-element elementor-element-413495c ha-has-bg-overlay elementor-invisible elementor-widget elementor-widget-text-editor\" data-id=\"413495c\" data-element_type=\"widget\" data-settings=\"{&quot;_animation&quot;:&quot;fadeInUp&quot;}\" data-widget_type=\"text-editor.default\">\n\t\t\t\t<div class=\"elementor-widget-container\">\n\t\t\t\t\t\t\tPalillos interdentales\t\t\t\t\t\t<\/div>\n\t\t\t\t<\/div>\n\t\t\t\t<div class=\"elementor-element elementor-element-b1a9e08 elementor-invisible elementor-widget elementor-widget-text-editor\" data-id=\"b1a9e08\" data-element_type=\"widget\" data-settings=\"{&quot;_animation&quot;:&quot;fadeInUp&quot;}\" data-widget_type=\"text-editor.default\">\n\t\t\t\t<div class=\"elementor-widget-container\">\n\t\t\t\t\t\t\t<p><strong>blue<sup><span style=\"font-size: 13px;\">\u00ae<\/span><\/sup>m<\/strong><\/p>\t\t\t\t\t\t<\/div>\n\t\t\t\t<\/div>\n\t\t\t\t\t<\/div>\n\t\t<\/div>\n\t\t\t\t<div class=\"elementor-column elementor-col-50 elementor-top-column elementor-element elementor-element-4cac9a7\" data-id=\"4cac9a7\" data-element_type=\"column\">\n\t\t\t<div class=\"elementor-widget-wrap\">\n\t\t\t\t\t\t\t<\/div>\n\t\t<\/div>\n\t\t\t\t\t<\/div>\n\t\t<\/section>\n\t\t\t\t<section class=\"elementor-section elementor-top-section elementor-element elementor-element-db996a6 elementor-section-stretched elementor-section-boxed elementor-section-height-default elementor-section-height-default\" data-id=\"db996a6\" data-element_type=\"section\" data-settings=\"{&quot;stretch_section&quot;:&quot;section-stretched&quot;,&quot;_ha_eqh_enable&quot;:false}\">\n\t\t\t\t\t\t\t<div class=\"elementor-background-overlay\"><\/div>\n\t\t\t\t\t\t\t<div class=\"elementor-container elementor-column-gap-default\">\n\t\t\t\t\t<div class=\"elementor-column elementor-col-100 elementor-top-column elementor-element elementor-element-66dd1a1\" data-id=\"66dd1a1\" data-element_type=\"column\">\n\t\t\t<div class=\"elementor-widget-wrap elementor-element-populated\">\n\t\t\t\t\t\t<section class=\"elementor-section elementor-inner-section elementor-element elementor-element-caf4093 elementor-section-boxed elementor-section-height-default elementor-section-height-default\" data-id=\"caf4093\" data-element_type=\"section\" data-settings=\"{&quot;_ha_eqh_enable&quot;:false}\">\n\t\t\t\t\t\t<div class=\"elementor-container elementor-column-gap-default\">\n\t\t\t\t\t<div class=\"elementor-column elementor-col-50 elementor-inner-column elementor-element elementor-element-b3fd295\" data-id=\"b3fd295\" data-element_type=\"column\">\n\t\t\t<div class=\"elementor-widget-wrap elementor-element-populated\">\n\t\t\t\t\t\t<div class=\"elementor-element elementor-element-a0f8424 elementor-widget elementor-widget-ha-slider happy-addon ha-slider\" data-id=\"a0f8424\" data-element_type=\"widget\" data-settings=\"{&quot;animation_speed&quot;:300,&quot;autoplay&quot;:&quot;yes&quot;,&quot;autoplay_speed&quot;:3000,&quot;loop&quot;:&quot;yes&quot;,&quot;slides_transition&quot;:&quot;slide&quot;,&quot;navigation&quot;:&quot;arrow&quot;}\" data-widget_type=\"ha-slider.default\">\n\t\t\t\t<div class=\"elementor-widget-container\">\n\t\t\t\n\t\t<div class=\"hajs-slick ha-slick ha-slick--slider\">\n\n\t\t\t\n\t\t\t\t<div class=\"ha-slick-slide slick-slide\">\n\t\t\t\t\t<div class=\"ha-slick-item\">\n\t\t\t\t\t\t\t\t\t\t\t\t\t<img decoding=\"async\" class=\"ha-slick-img\" src=\"https:\/\/viardenlab.com\/bluem\/wp-content\/uploads\/2024\/12\/palillos-de-dientes-header-768x513.jpg\" alt=\"\">\n\t\t\t\t\t\t\n\t\t\t\t\t\t\t\t\t\t\t\t\t<div class=\"ha-slick-content\">\n\t\t\t\t\t\t\t\t\t\t\t\t\t\t\t\t\t\t\t\t\t\t\t\t\t<p class=\"ha-slick-subtitle\">- 120 piezas<\/p>\n\t\t\t\t\t\t\t\t\t\t\t\t\t\t\t<\/div>\n\t\t\t\t\t\t\t\t\t\t\t<\/div>\n\t\t\t\t<\/div>\n\n\t\t\t\n\t\t<\/div>\n\n\t\t\t\t\t<button type=\"button\" class=\"slick-prev\"><i aria-hidden=\"true\" class=\"fas fa-chevron-left\"><\/i><\/button>\n\t\t\n\t\t\t\t\t<button type=\"button\" class=\"slick-next\"><i aria-hidden=\"true\" class=\"fas fa-chevron-right\"><\/i><\/button>\n\t\t\n\t\t\t\t<\/div>\n\t\t\t\t<\/div>\n\t\t\t\t\t<\/div>\n\t\t<\/div>\n\t\t\t\t<div class=\"elementor-column elementor-col-50 elementor-inner-column elementor-element elementor-element-d9a395f\" data-id=\"d9a395f\" data-element_type=\"column\">\n\t\t\t<div class=\"elementor-widget-wrap elementor-element-populated\">\n\t\t\t\t\t\t<div class=\"elementor-element elementor-element-0e3f37d ha-has-bg-overlay elementor-invisible elementor-widget elementor-widget-text-editor\" data-id=\"0e3f37d\" data-element_type=\"widget\" data-settings=\"{&quot;_animation&quot;:&quot;fadeInUp&quot;}\" data-widget_type=\"text-editor.default\">\n\t\t\t\t<div class=\"elementor-widget-container\">\n\t\t\t\t\t\t\t<p class=\"s8\"><span class=\"s6\">L<\/span><span class=\"s6\">os <\/span><span class=\"s6\">palillos<\/span> <span class=\"s6\">de madera<\/span> <span class=\"s6\">encerados<\/span> <span class=\"s6\">son perfectos para llegar a los espacios m\u00e1s estrechos entre los dientes<\/span><span class=\"s6\">, <\/span><span class=\"s6\">eliminar la placa bacteriana y las part\u00edculas de comida. No importa qu\u00e9 tan bien <\/span><span class=\"s6\">s<\/span><span class=\"s6\">e cepill<\/span><span class=\"s6\">e<\/span><span class=\"s6\">, una lim<\/span><span class=\"s6\">pieza interdental adicio<\/span><span class=\"s6\">nal es la forma de mejorar <\/span><span class=\"s6\">s<\/span><span class=\"s6\">u salud bucal<\/span><span class=\"s6\">.<\/span><\/p><div class=\"s15\"><span class=\"s14\">\u2713 <\/span><span class=\"s6\">Previene problemas dentales<\/span><span class=\"s6\"> y periodontales <\/span><\/div><div class=\"s15\"><span class=\"s14\">\u2713 <\/span><span class=\"s6\">Seguro<\/span><span class=\"s6\">, <\/span><span class=\"s6\">f\u00e1cil<\/span><span class=\"s6\"> y <\/span><span class=\"s6\">c\u00f3modo<\/span><span class=\"s6\"> de usar <\/span><\/div><div class=\"s15\"><span class=\"s14\">\u2713 <\/span><span class=\"s6\">Herramientas de precisi\u00f3n<\/span><span class=\"s6\"> para zonas interproximales <\/span><\/div><div class=\"s15\"><span class=\"s14\">\u2713 <\/span><span class=\"s6\">Sabor<\/span> <span class=\"s6\">menta fresca<\/span><\/div><div class=\"s15\"><span class=\"s14\">\u2713 <\/span><span class=\"s6\">P<\/span><span class=\"s6\">resentaci\u00f3n<\/span> <span class=\"s6\">con 120 piezas<\/span><\/div>\t\t\t\t\t\t<\/div>\n\t\t\t\t<\/div>\n\t\t\t\t\t<\/div>\n\t\t<\/div>\n\t\t\t\t\t<\/div>\n\t\t<\/section>\n\t\t\t\t<div class=\"elementor-element elementor-element-4f06296 ha-has-bg-overlay elementor-invisible elementor-widget elementor-widget-text-editor\" data-id=\"4f06296\" data-element_type=\"widget\" data-settings=\"{&quot;_animation&quot;:&quot;fadeInUp&quot;}\" data-widget_type=\"text-editor.default\">\n\t\t\t\t<div class=\"elementor-widget-container\">\n\t\t\t\t\t\t\t<p class=\"s8\"><span class=\"s6\">Utilice<\/span><span class=\"s6\"> los <\/span><span class=\"s6\">palillos<\/span> <span class=\"s6\">para disfrut<\/span><span class=\"s6\">ar de la mejor experiencia de limpieza interdental.<\/span><\/p><p class=\"s8\"><span class=\"s6\">Humed<\/span><span class=\"s6\">ez<\/span><span class=\"s6\">ca <\/span><span class=\"s6\">el palillo con la boca<\/span><span class=\"s6\">, i<\/span><span class=\"s6\">nsert<\/span><span class=\"s6\">e<\/span><span class=\"s6\"> el palillo e<\/span><span class=\"s6\">ntre <\/span><span class=\"s6\">s<\/span><span class=\"s6\">us dientes con el lado plano hacia la enc\u00eda.<\/span><\/p><p class=\"s8\"><span class=\"s6\">Mueva suavemente el palillo<\/span><span class=\"s6\"> de <\/span><span class=\"s6\">adelante<\/span> <span class=\"s6\">hacia atr\u00e1s y<\/span><span class=\"s6\"> de <\/span><span class=\"s6\">arriba<\/span> <span class=\"s6\">hacia abajo. Al menos tre<\/span><span class=\"s6\">s veces por<\/span><span class=\"s6\"> es<\/span><span class=\"s6\">pacio interproximal<\/span><span class=\"s6\">. Tenga cuidado de no aplicar demasiada fuerza para evitar da\u00f1ar sus enc\u00edas<\/span><span class=\"s6\">.<\/span><\/p>\t\t\t\t\t\t<\/div>\n\t\t\t\t<\/div>\n\t\t\t\t\t<\/div>\n\t\t<\/div>\n\t\t\t\t\t<\/div>\n\t\t<\/section>\n\t\t\t\t<\/div>\n\t\t","protected":false},"excerpt":{"rendered":"<p>Palillos interdentales blue\u00aem &#8211; 120 piezas Los palillos de madera encerados son perfectos para llegar a los espacios m\u00e1s estrechos entre los dientes, eliminar la placa bacteriana y las part\u00edculas de comida. No importa qu\u00e9 tan bien se cepille, una limpieza interdental adicional es la forma de mejorar su salud bucal. \u2713 Previene problemas dentales &#8230;.&nbsp;&nbsp;<a class=\" special\" href=\"https:\/\/viardenlab.com\/bluem\/palillos-interdentales\/\">Read More<\/a><\/p>\n","protected":false},"author":1,"featured_media":0,"parent":0,"menu_order":0,"comment_status":"closed","ping_status":"closed","template":"elementor_header_footer","meta":{"pagelayer_contact_templates":[],"_pagelayer_content":"","_joinchat":[],"footnotes":""},"class_list":["post-2165","page","type-page","status-publish","hentry"],"yoast_head":"<!-- This site is optimized with the Yoast SEO plugin v23.7 - https:\/\/yoast.com\/wordpress\/plugins\/seo\/ -->\n<title>Palillos interdentales - Bluem<\/title>\n<meta name=\"robots\" content=\"index, follow, max-snippet:-1, max-image-preview:large, max-video-preview:-1\" \/>\n<link rel=\"canonical\" href=\"https:\/\/viardenlab.com\/bluem\/palillos-interdentales\/\" \/>\n<meta property=\"og:locale\" content=\"es_ES\" \/>\n<meta property=\"og:type\" content=\"article\" \/>\n<meta property=\"og:title\" content=\"Palillos interdentales - Bluem\" \/>\n<meta property=\"og:description\" content=\"Palillos interdentales blue\u00aem &#8211; 120 piezas Los palillos de madera encerados son perfectos para llegar a los espacios m\u00e1s estrechos entre los dientes, eliminar la placa bacteriana y las part\u00edculas de comida. No importa qu\u00e9 tan bien se cepille, una limpieza interdental adicional es la forma de mejorar su salud bucal. \u2713 Previene problemas dentales ....&nbsp;&nbsp;Read More\" \/>\n<meta property=\"og:url\" content=\"https:\/\/viardenlab.com\/bluem\/palillos-interdentales\/\" \/>\n<meta property=\"og:site_name\" content=\"Bluem\" \/>\n<meta property=\"article:modified_time\" content=\"2025-07-03T23:20:12+00:00\" \/>\n<meta property=\"og:image\" content=\"https:\/\/viardenlab.com\/bluem\/wp-content\/uploads\/2024\/12\/palillos-de-dientes-header-768x513.jpg\" \/>\n<meta name=\"twitter:card\" content=\"summary_large_image\" \/>\n<meta name=\"twitter:label1\" content=\"Tiempo de lectura\" \/>\n\t<meta name=\"twitter:data1\" content=\"1 minuto\" \/>\n<script type=\"application\/ld+json\" class=\"yoast-schema-graph\">{\"@context\":\"https:\/\/schema.org\",\"@graph\":[{\"@type\":\"WebPage\",\"@id\":\"https:\/\/viardenlab.com\/bluem\/palillos-interdentales\/\",\"url\":\"https:\/\/viardenlab.com\/bluem\/palillos-interdentales\/\",\"name\":\"Palillos interdentales - Bluem\",\"isPartOf\":{\"@id\":\"https:\/\/viardenlab.com\/bluem\/#website\"},\"primaryImageOfPage\":{\"@id\":\"https:\/\/viardenlab.com\/bluem\/palillos-interdentales\/#primaryimage\"},\"image\":{\"@id\":\"https:\/\/viardenlab.com\/bluem\/palillos-interdentales\/#primaryimage\"},\"thumbnailUrl\":\"https:\/\/viardenlab.com\/bluem\/wp-content\/uploads\/2024\/12\/palillos-de-dientes-header-768x513.jpg\",\"datePublished\":\"2024-12-09T18:32:11+00:00\",\"dateModified\":\"2025-07-03T23:20:12+00:00\",\"breadcrumb\":{\"@id\":\"https:\/\/viardenlab.com\/bluem\/palillos-interdentales\/#breadcrumb\"},\"inLanguage\":\"es\",\"potentialAction\":[{\"@type\":\"ReadAction\",\"target\":[\"https:\/\/viardenlab.com\/bluem\/palillos-interdentales\/\"]}]},{\"@type\":\"ImageObject\",\"inLanguage\":\"es\",\"@id\":\"https:\/\/viardenlab.com\/bluem\/palillos-interdentales\/#primaryimage\",\"url\":\"https:\/\/viardenlab.com\/bluem\/wp-content\/uploads\/2024\/12\/palillos-de-dientes-header.jpg\",\"contentUrl\":\"https:\/\/viardenlab.com\/bluem\/wp-content\/uploads\/2024\/12\/palillos-de-dientes-header.jpg\",\"width\":1284,\"height\":857},{\"@type\":\"BreadcrumbList\",\"@id\":\"https:\/\/viardenlab.com\/bluem\/palillos-interdentales\/#breadcrumb\",\"itemListElement\":[{\"@type\":\"ListItem\",\"position\":1,\"name\":\"Portada\",\"item\":\"https:\/\/viardenlab.com\/bluem\/\"},{\"@type\":\"ListItem\",\"position\":2,\"name\":\"Palillos interdentales\"}]},{\"@type\":\"WebSite\",\"@id\":\"https:\/\/viardenlab.com\/bluem\/#website\",\"url\":\"https:\/\/viardenlab.com\/bluem\/\",\"name\":\"Bluem\",\"description\":\"Combate la resequedad bucal\",\"publisher\":{\"@id\":\"https:\/\/viardenlab.com\/bluem\/#organization\"},\"potentialAction\":[{\"@type\":\"SearchAction\",\"target\":{\"@type\":\"EntryPoint\",\"urlTemplate\":\"https:\/\/viardenlab.com\/bluem\/?s={search_term_string}\"},\"query-input\":{\"@type\":\"PropertyValueSpecification\",\"valueRequired\":true,\"valueName\":\"search_term_string\"}}],\"inLanguage\":\"es\"},{\"@type\":\"Organization\",\"@id\":\"https:\/\/viardenlab.com\/bluem\/#organization\",\"name\":\"Bluem\",\"url\":\"https:\/\/viardenlab.com\/bluem\/\",\"logo\":{\"@type\":\"ImageObject\",\"inLanguage\":\"es\",\"@id\":\"https:\/\/viardenlab.com\/bluem\/#\/schema\/logo\/image\/\",\"url\":\"https:\/\/viardenlab.com\/bluem\/wp-content\/uploads\/2022\/01\/cropped-logo-small.jpg\",\"contentUrl\":\"https:\/\/viardenlab.com\/bluem\/wp-content\/uploads\/2022\/01\/cropped-logo-small.jpg\",\"width\":1013,\"height\":250,\"caption\":\"Bluem\"},\"image\":{\"@id\":\"https:\/\/viardenlab.com\/bluem\/#\/schema\/logo\/image\/\"}}]}<\/script>\n<!-- \/ Yoast SEO plugin. -->","yoast_head_json":{"title":"Palillos interdentales - Bluem","robots":{"index":"index","follow":"follow","max-snippet":"max-snippet:-1","max-image-preview":"max-image-preview:large","max-video-preview":"max-video-preview:-1"},"canonical":"https:\/\/viardenlab.com\/bluem\/palillos-interdentales\/","og_locale":"es_ES","og_type":"article","og_title":"Palillos interdentales - Bluem","og_description":"Palillos interdentales blue\u00aem &#8211; 120 piezas Los palillos de madera encerados son perfectos para llegar a los espacios m\u00e1s estrechos entre los dientes, eliminar la placa bacteriana y las part\u00edculas de comida. No importa qu\u00e9 tan bien se cepille, una limpieza interdental adicional es la forma de mejorar su salud bucal. \u2713 Previene problemas dentales ....&nbsp;&nbsp;Read More","og_url":"https:\/\/viardenlab.com\/bluem\/palillos-interdentales\/","og_site_name":"Bluem","article_modified_time":"2025-07-03T23:20:12+00:00","og_image":[{"url":"https:\/\/viardenlab.com\/bluem\/wp-content\/uploads\/2024\/12\/palillos-de-dientes-header-768x513.jpg"}],"twitter_card":"summary_large_image","twitter_misc":{"Tiempo de lectura":"1 minuto"},"schema":{"@context":"https:\/\/schema.org","@graph":[{"@type":"WebPage","@id":"https:\/\/viardenlab.com\/bluem\/palillos-interdentales\/","url":"https:\/\/viardenlab.com\/bluem\/palillos-interdentales\/","name":"Palillos interdentales - Bluem","isPartOf":{"@id":"https:\/\/viardenlab.com\/bluem\/#website"},"primaryImageOfPage":{"@id":"https:\/\/viardenlab.com\/bluem\/palillos-interdentales\/#primaryimage"},"image":{"@id":"https:\/\/viardenlab.com\/bluem\/palillos-interdentales\/#primaryimage"},"thumbnailUrl":"https:\/\/viardenlab.com\/bluem\/wp-content\/uploads\/2024\/12\/palillos-de-dientes-header-768x513.jpg","datePublished":"2024-12-09T18:32:11+00:00","dateModified":"2025-07-03T23:20:12+00:00","breadcrumb":{"@id":"https:\/\/viardenlab.com\/bluem\/palillos-interdentales\/#breadcrumb"},"inLanguage":"es","potentialAction":[{"@type":"ReadAction","target":["https:\/\/viardenlab.com\/bluem\/palillos-interdentales\/"]}]},{"@type":"ImageObject","inLanguage":"es","@id":"https:\/\/viardenlab.com\/bluem\/palillos-interdentales\/#primaryimage","url":"https:\/\/viardenlab.com\/bluem\/wp-content\/uploads\/2024\/12\/palillos-de-dientes-header.jpg","contentUrl":"https:\/\/viardenlab.com\/bluem\/wp-content\/uploads\/2024\/12\/palillos-de-dientes-header.jpg","width":1284,"height":857},{"@type":"BreadcrumbList","@id":"https:\/\/viardenlab.com\/bluem\/palillos-interdentales\/#breadcrumb","itemListElement":[{"@type":"ListItem","position":1,"name":"Portada","item":"https:\/\/viardenlab.com\/bluem\/"},{"@type":"ListItem","position":2,"name":"Palillos interdentales"}]},{"@type":"WebSite","@id":"https:\/\/viardenlab.com\/bluem\/#website","url":"https:\/\/viardenlab.com\/bluem\/","name":"Bluem","description":"Combate la resequedad bucal","publisher":{"@id":"https:\/\/viardenlab.com\/bluem\/#organization"},"potentialAction":[{"@type":"SearchAction","target":{"@type":"EntryPoint","urlTemplate":"https:\/\/viardenlab.com\/bluem\/?s={search_term_string}"},"query-input":{"@type":"PropertyValueSpecification","valueRequired":true,"valueName":"search_term_string"}}],"inLanguage":"es"},{"@type":"Organization","@id":"https:\/\/viardenlab.com\/bluem\/#organization","name":"Bluem","url":"https:\/\/viardenlab.com\/bluem\/","logo":{"@type":"ImageObject","inLanguage":"es","@id":"https:\/\/viardenlab.com\/bluem\/#\/schema\/logo\/image\/","url":"https:\/\/viardenlab.com\/bluem\/wp-content\/uploads\/2022\/01\/cropped-logo-small.jpg","contentUrl":"https:\/\/viardenlab.com\/bluem\/wp-content\/uploads\/2022\/01\/cropped-logo-small.jpg","width":1013,"height":250,"caption":"Bluem"},"image":{"@id":"https:\/\/viardenlab.com\/bluem\/#\/schema\/logo\/image\/"}}]}},"_links":{"self":[{"href":"https:\/\/viardenlab.com\/bluem\/wp-json\/wp\/v2\/pages\/2165"}],"collection":[{"href":"https:\/\/viardenlab.com\/bluem\/wp-json\/wp\/v2\/pages"}],"about":[{"href":"https:\/\/viardenlab.com\/bluem\/wp-json\/wp\/v2\/types\/page"}],"author":[{"embeddable":true,"href":"https:\/\/viardenlab.com\/bluem\/wp-json\/wp\/v2\/users\/1"}],"replies":[{"embeddable":true,"href":"https:\/\/viardenlab.com\/bluem\/wp-json\/wp\/v2\/comments?post=2165"}],"version-history":[{"count":26,"href":"https:\/\/viardenlab.com\/bluem\/wp-json\/wp\/v2\/pages\/2165\/revisions"}],"predecessor-version":[{"id":2933,"href":"https:\/\/viardenlab.com\/bluem\/wp-json\/wp\/v2\/pages\/2165\/revisions\/2933"}],"wp:attachment":[{"href":"https:\/\/viardenlab.com\/bluem\/wp-json\/wp\/v2\/media?parent=2165"}],"curies":[{"name":"wp","href":"https:\/\/api.w.org\/{rel}","templated":true}]}}