{"id":2150,"date":"2024-12-09T18:25:37","date_gmt":"2024-12-09T18:25:37","guid":{"rendered":"https:\/\/viardenlab.com\/bluem\/?page_id=2150"},"modified":"2025-07-03T23:14:26","modified_gmt":"2025-07-03T23:14:26","slug":"cepillo-post-quirurgico","status":"publish","type":"page","link":"https:\/\/viardenlab.com\/bluem\/cepillo-post-quirurgico\/","title":{"rendered":"Cepillo post quir\u00fargico"},"content":{"rendered":"\t\t<div data-elementor-type=\"wp-page\" data-elementor-id=\"2150\" class=\"elementor elementor-2150\" data-elementor-settings=\"{&quot;ha_cmc_init_switcher&quot;:&quot;no&quot;}\" data-elementor-post-type=\"page\">\n\t\t\t\t\t\t<section class=\"elementor-section elementor-top-section elementor-element elementor-element-019aaa9 elementor-section-stretched elementor-section-boxed elementor-section-height-default elementor-section-height-default\" data-id=\"019aaa9\" data-element_type=\"section\" data-settings=\"{&quot;stretch_section&quot;:&quot;section-stretched&quot;,&quot;_ha_eqh_enable&quot;:false}\">\n\t\t\t\t\t\t<div class=\"elementor-container elementor-column-gap-default\">\n\t\t\t\t\t<div class=\"elementor-column elementor-col-50 elementor-top-column elementor-element elementor-element-8014529\" data-id=\"8014529\" data-element_type=\"column\">\n\t\t\t<div class=\"elementor-widget-wrap elementor-element-populated\">\n\t\t\t\t\t\t<div class=\"elementor-element elementor-element-2e34b4c ha-has-bg-overlay elementor-invisible elementor-widget elementor-widget-text-editor\" data-id=\"2e34b4c\" data-element_type=\"widget\" data-settings=\"{&quot;_animation&quot;:&quot;fadeInUp&quot;}\" data-widget_type=\"text-editor.default\">\n\t\t\t\t<div class=\"elementor-widget-container\">\n\t\t\t\t\t\t\t<p>Cepillo postquir\u00fargico<\/p>\t\t\t\t\t\t<\/div>\n\t\t\t\t<\/div>\n\t\t\t\t<div class=\"elementor-element elementor-element-08ed4a9 elementor-invisible elementor-widget elementor-widget-text-editor\" data-id=\"08ed4a9\" data-element_type=\"widget\" data-settings=\"{&quot;_animation&quot;:&quot;fadeInUp&quot;}\" data-widget_type=\"text-editor.default\">\n\t\t\t\t<div class=\"elementor-widget-container\">\n\t\t\t\t\t\t\t<p><strong>blue<sup><span style=\"font-size: 13px;\">\u00ae<\/span><\/sup>m<\/strong><\/p>\t\t\t\t\t\t<\/div>\n\t\t\t\t<\/div>\n\t\t\t\t\t<\/div>\n\t\t<\/div>\n\t\t\t\t<div class=\"elementor-column elementor-col-50 elementor-top-column elementor-element elementor-element-7b2a327\" data-id=\"7b2a327\" data-element_type=\"column\">\n\t\t\t<div class=\"elementor-widget-wrap\">\n\t\t\t\t\t\t\t<\/div>\n\t\t<\/div>\n\t\t\t\t\t<\/div>\n\t\t<\/section>\n\t\t\t\t<section class=\"elementor-section elementor-top-section elementor-element elementor-element-fd2e2e7 elementor-section-stretched elementor-section-boxed elementor-section-height-default elementor-section-height-default\" data-id=\"fd2e2e7\" data-element_type=\"section\" data-settings=\"{&quot;stretch_section&quot;:&quot;section-stretched&quot;,&quot;_ha_eqh_enable&quot;:false}\">\n\t\t\t\t\t\t\t<div class=\"elementor-background-overlay\"><\/div>\n\t\t\t\t\t\t\t<div class=\"elementor-container elementor-column-gap-default\">\n\t\t\t\t\t<div class=\"elementor-column elementor-col-100 elementor-top-column elementor-element elementor-element-d696360\" data-id=\"d696360\" data-element_type=\"column\">\n\t\t\t<div class=\"elementor-widget-wrap elementor-element-populated\">\n\t\t\t\t\t\t<section class=\"elementor-section elementor-inner-section elementor-element elementor-element-9c38787 elementor-section-boxed elementor-section-height-default elementor-section-height-default\" data-id=\"9c38787\" data-element_type=\"section\" data-settings=\"{&quot;_ha_eqh_enable&quot;:false}\">\n\t\t\t\t\t\t<div class=\"elementor-container elementor-column-gap-default\">\n\t\t\t\t\t<div class=\"elementor-column elementor-col-50 elementor-inner-column elementor-element elementor-element-ca53739\" data-id=\"ca53739\" data-element_type=\"column\">\n\t\t\t<div class=\"elementor-widget-wrap elementor-element-populated\">\n\t\t\t\t\t\t<div class=\"elementor-element elementor-element-93bb4a3 elementor-widget elementor-widget-ha-slider happy-addon ha-slider\" data-id=\"93bb4a3\" data-element_type=\"widget\" data-settings=\"{&quot;animation_speed&quot;:300,&quot;autoplay&quot;:&quot;yes&quot;,&quot;autoplay_speed&quot;:3000,&quot;loop&quot;:&quot;yes&quot;,&quot;slides_transition&quot;:&quot;slide&quot;,&quot;navigation&quot;:&quot;arrow&quot;}\" data-widget_type=\"ha-slider.default\">\n\t\t\t\t<div class=\"elementor-widget-container\">\n\t\t\t\n\t\t<div class=\"hajs-slick ha-slick ha-slick--slider\">\n\n\t\t\t\n\t\t\t\t<div class=\"ha-slick-slide slick-slide\">\n\t\t\t\t\t<div class=\"ha-slick-item\">\n\t\t\t\t\t\t\t\t\t\t\t\t\t<img decoding=\"async\" class=\"ha-slick-img\" src=\"https:\/\/viardenlab.com\/bluem\/wp-content\/uploads\/2024\/12\/cepillo-postquirurgico-header-768x513.jpg\" alt=\"\">\n\t\t\t\t\t\t\n\t\t\t\t\t\t\t\t\t\t\t<\/div>\n\t\t\t\t<\/div>\n\n\t\t\t\n\t\t<\/div>\n\n\t\t\t\t\t<button type=\"button\" class=\"slick-prev\"><i aria-hidden=\"true\" class=\"fas fa-chevron-left\"><\/i><\/button>\n\t\t\n\t\t\t\t\t<button type=\"button\" class=\"slick-next\"><i aria-hidden=\"true\" class=\"fas fa-chevron-right\"><\/i><\/button>\n\t\t\n\t\t\t\t<\/div>\n\t\t\t\t<\/div>\n\t\t\t\t\t<\/div>\n\t\t<\/div>\n\t\t\t\t<div class=\"elementor-column elementor-col-50 elementor-inner-column elementor-element elementor-element-8a96b62\" data-id=\"8a96b62\" data-element_type=\"column\">\n\t\t\t<div class=\"elementor-widget-wrap elementor-element-populated\">\n\t\t\t\t\t\t<div class=\"elementor-element elementor-element-e8eab24 ha-has-bg-overlay elementor-invisible elementor-widget elementor-widget-text-editor\" data-id=\"e8eab24\" data-element_type=\"widget\" data-settings=\"{&quot;_animation&quot;:&quot;fadeInUp&quot;}\" data-widget_type=\"text-editor.default\">\n\t\t\t\t<div class=\"elementor-widget-container\">\n\t\t\t\t\t\t\tEl cepillo perfecto para ayudarlo a recuperarse despu\u00e9s de la cirug\u00eda, cuide sus dientes y enc\u00edas de la manera m\u00e1s segura, r\u00e1pida y con el menor dolor posible.\n\nDurante las primeras cuatro semanas despu\u00e9s de su tratamiento, cepille sus dientes con el cepillo quir\u00fargico al menos dos veces al d\u00eda. Al hacerlo y evitando las \u00e1reas quir\u00fargicas tratadas, har\u00e1 todo lo posible para minimizar la irritaci\u00f3n y permitir la recuperaci\u00f3n. Despu\u00e9s de esas cuatro semanas, podr\u00e1s volver a utilizar nuestro cepillo de dientes diario.\t\t\t\t\t\t<\/div>\n\t\t\t\t<\/div>\n\t\t\t\t\t<\/div>\n\t\t<\/div>\n\t\t\t\t\t<\/div>\n\t\t<\/section>\n\t\t\t\t<div class=\"elementor-element elementor-element-5a2aefd ha-has-bg-overlay elementor-invisible elementor-widget elementor-widget-text-editor\" data-id=\"5a2aefd\" data-element_type=\"widget\" data-settings=\"{&quot;_animation&quot;:&quot;fadeInUp&quot;}\" data-widget_type=\"text-editor.default\">\n\t\t\t\t<div class=\"elementor-widget-container\">\n\t\t\t\t\t\t\t<div class=\"page\" title=\"Page 9\"><div class=\"section\"><div class=\"layoutArea\"><div class=\"column\"><p>-Altura de las cerdas: 11.6-1.9 mm<\/p><p>&#8211;<strong>Cantidad de cerdas: 4,800 unidades (+1-20)<\/strong><\/p><p>-Carga de traccio\u0301n de las cerdas: \u226515 N<\/p><\/div><\/div><\/div><\/div>\t\t\t\t\t\t<\/div>\n\t\t\t\t<\/div>\n\t\t\t\t\t<\/div>\n\t\t<\/div>\n\t\t\t\t\t<\/div>\n\t\t<\/section>\n\t\t\t\t<\/div>\n\t\t","protected":false},"excerpt":{"rendered":"<p>Cepillo postquir\u00fargico blue\u00aem El cepillo perfecto para ayudarlo a recuperarse despu\u00e9s de la cirug\u00eda, cuide sus dientes y enc\u00edas de la manera m\u00e1s segura, r\u00e1pida y con el menor dolor posible. Durante las primeras cuatro semanas despu\u00e9s de su tratamiento, cepille sus dientes con el cepillo quir\u00fargico al menos dos veces al d\u00eda. Al hacerlo &#8230;.&nbsp;&nbsp;<a class=\" special\" href=\"https:\/\/viardenlab.com\/bluem\/cepillo-post-quirurgico\/\">Read More<\/a><\/p>\n","protected":false},"author":1,"featured_media":0,"parent":0,"menu_order":0,"comment_status":"closed","ping_status":"closed","template":"elementor_header_footer","meta":{"pagelayer_contact_templates":[],"_pagelayer_content":"","_joinchat":[],"footnotes":""},"class_list":["post-2150","page","type-page","status-publish","hentry"],"yoast_head":"<!-- This site is optimized with the Yoast SEO plugin v23.7 - https:\/\/yoast.com\/wordpress\/plugins\/seo\/ -->\n<title>Cepillo post quir\u00fargico - Bluem<\/title>\n<meta name=\"robots\" content=\"index, follow, max-snippet:-1, max-image-preview:large, max-video-preview:-1\" \/>\n<link rel=\"canonical\" href=\"https:\/\/viardenlab.com\/bluem\/cepillo-post-quirurgico\/\" \/>\n<meta property=\"og:locale\" content=\"es_ES\" \/>\n<meta property=\"og:type\" content=\"article\" \/>\n<meta property=\"og:title\" content=\"Cepillo post quir\u00fargico - Bluem\" \/>\n<meta property=\"og:description\" content=\"Cepillo postquir\u00fargico blue\u00aem El cepillo perfecto para ayudarlo a recuperarse despu\u00e9s de la cirug\u00eda, cuide sus dientes y enc\u00edas de la manera m\u00e1s segura, r\u00e1pida y con el menor dolor posible. Durante las primeras cuatro semanas despu\u00e9s de su tratamiento, cepille sus dientes con el cepillo quir\u00fargico al menos dos veces al d\u00eda. Al hacerlo ....&nbsp;&nbsp;Read More\" \/>\n<meta property=\"og:url\" content=\"https:\/\/viardenlab.com\/bluem\/cepillo-post-quirurgico\/\" \/>\n<meta property=\"og:site_name\" content=\"Bluem\" \/>\n<meta property=\"article:modified_time\" content=\"2025-07-03T23:14:26+00:00\" \/>\n<meta property=\"og:image\" content=\"https:\/\/viardenlab.com\/bluem\/wp-content\/uploads\/2024\/12\/cepillo-postquirurgico-header-768x513.jpg\" \/>\n<meta name=\"twitter:card\" content=\"summary_large_image\" \/>\n<meta name=\"twitter:label1\" content=\"Tiempo de lectura\" \/>\n\t<meta name=\"twitter:data1\" content=\"1 minuto\" \/>\n<script type=\"application\/ld+json\" class=\"yoast-schema-graph\">{\"@context\":\"https:\/\/schema.org\",\"@graph\":[{\"@type\":\"WebPage\",\"@id\":\"https:\/\/viardenlab.com\/bluem\/cepillo-post-quirurgico\/\",\"url\":\"https:\/\/viardenlab.com\/bluem\/cepillo-post-quirurgico\/\",\"name\":\"Cepillo post quir\u00fargico - Bluem\",\"isPartOf\":{\"@id\":\"https:\/\/viardenlab.com\/bluem\/#website\"},\"primaryImageOfPage\":{\"@id\":\"https:\/\/viardenlab.com\/bluem\/cepillo-post-quirurgico\/#primaryimage\"},\"image\":{\"@id\":\"https:\/\/viardenlab.com\/bluem\/cepillo-post-quirurgico\/#primaryimage\"},\"thumbnailUrl\":\"https:\/\/viardenlab.com\/bluem\/wp-content\/uploads\/2024\/12\/cepillo-postquirurgico-header-768x513.jpg\",\"datePublished\":\"2024-12-09T18:25:37+00:00\",\"dateModified\":\"2025-07-03T23:14:26+00:00\",\"breadcrumb\":{\"@id\":\"https:\/\/viardenlab.com\/bluem\/cepillo-post-quirurgico\/#breadcrumb\"},\"inLanguage\":\"es\",\"potentialAction\":[{\"@type\":\"ReadAction\",\"target\":[\"https:\/\/viardenlab.com\/bluem\/cepillo-post-quirurgico\/\"]}]},{\"@type\":\"ImageObject\",\"inLanguage\":\"es\",\"@id\":\"https:\/\/viardenlab.com\/bluem\/cepillo-post-quirurgico\/#primaryimage\",\"url\":\"https:\/\/viardenlab.com\/bluem\/wp-content\/uploads\/2024\/12\/cepillo-postquirurgico-header.jpg\",\"contentUrl\":\"https:\/\/viardenlab.com\/bluem\/wp-content\/uploads\/2024\/12\/cepillo-postquirurgico-header.jpg\",\"width\":1284,\"height\":857},{\"@type\":\"BreadcrumbList\",\"@id\":\"https:\/\/viardenlab.com\/bluem\/cepillo-post-quirurgico\/#breadcrumb\",\"itemListElement\":[{\"@type\":\"ListItem\",\"position\":1,\"name\":\"Portada\",\"item\":\"https:\/\/viardenlab.com\/bluem\/\"},{\"@type\":\"ListItem\",\"position\":2,\"name\":\"Cepillo post quir\u00fargico\"}]},{\"@type\":\"WebSite\",\"@id\":\"https:\/\/viardenlab.com\/bluem\/#website\",\"url\":\"https:\/\/viardenlab.com\/bluem\/\",\"name\":\"Bluem\",\"description\":\"Combate la resequedad bucal\",\"publisher\":{\"@id\":\"https:\/\/viardenlab.com\/bluem\/#organization\"},\"potentialAction\":[{\"@type\":\"SearchAction\",\"target\":{\"@type\":\"EntryPoint\",\"urlTemplate\":\"https:\/\/viardenlab.com\/bluem\/?s={search_term_string}\"},\"query-input\":{\"@type\":\"PropertyValueSpecification\",\"valueRequired\":true,\"valueName\":\"search_term_string\"}}],\"inLanguage\":\"es\"},{\"@type\":\"Organization\",\"@id\":\"https:\/\/viardenlab.com\/bluem\/#organization\",\"name\":\"Bluem\",\"url\":\"https:\/\/viardenlab.com\/bluem\/\",\"logo\":{\"@type\":\"ImageObject\",\"inLanguage\":\"es\",\"@id\":\"https:\/\/viardenlab.com\/bluem\/#\/schema\/logo\/image\/\",\"url\":\"https:\/\/viardenlab.com\/bluem\/wp-content\/uploads\/2022\/01\/cropped-logo-small.jpg\",\"contentUrl\":\"https:\/\/viardenlab.com\/bluem\/wp-content\/uploads\/2022\/01\/cropped-logo-small.jpg\",\"width\":1013,\"height\":250,\"caption\":\"Bluem\"},\"image\":{\"@id\":\"https:\/\/viardenlab.com\/bluem\/#\/schema\/logo\/image\/\"}}]}<\/script>\n<!-- \/ Yoast SEO plugin. -->","yoast_head_json":{"title":"Cepillo post quir\u00fargico - Bluem","robots":{"index":"index","follow":"follow","max-snippet":"max-snippet:-1","max-image-preview":"max-image-preview:large","max-video-preview":"max-video-preview:-1"},"canonical":"https:\/\/viardenlab.com\/bluem\/cepillo-post-quirurgico\/","og_locale":"es_ES","og_type":"article","og_title":"Cepillo post quir\u00fargico - Bluem","og_description":"Cepillo postquir\u00fargico blue\u00aem El cepillo perfecto para ayudarlo a recuperarse despu\u00e9s de la cirug\u00eda, cuide sus dientes y enc\u00edas de la manera m\u00e1s segura, r\u00e1pida y con el menor dolor posible. Durante las primeras cuatro semanas despu\u00e9s de su tratamiento, cepille sus dientes con el cepillo quir\u00fargico al menos dos veces al d\u00eda. Al hacerlo ....&nbsp;&nbsp;Read More","og_url":"https:\/\/viardenlab.com\/bluem\/cepillo-post-quirurgico\/","og_site_name":"Bluem","article_modified_time":"2025-07-03T23:14:26+00:00","og_image":[{"url":"https:\/\/viardenlab.com\/bluem\/wp-content\/uploads\/2024\/12\/cepillo-postquirurgico-header-768x513.jpg"}],"twitter_card":"summary_large_image","twitter_misc":{"Tiempo de lectura":"1 minuto"},"schema":{"@context":"https:\/\/schema.org","@graph":[{"@type":"WebPage","@id":"https:\/\/viardenlab.com\/bluem\/cepillo-post-quirurgico\/","url":"https:\/\/viardenlab.com\/bluem\/cepillo-post-quirurgico\/","name":"Cepillo post quir\u00fargico - Bluem","isPartOf":{"@id":"https:\/\/viardenlab.com\/bluem\/#website"},"primaryImageOfPage":{"@id":"https:\/\/viardenlab.com\/bluem\/cepillo-post-quirurgico\/#primaryimage"},"image":{"@id":"https:\/\/viardenlab.com\/bluem\/cepillo-post-quirurgico\/#primaryimage"},"thumbnailUrl":"https:\/\/viardenlab.com\/bluem\/wp-content\/uploads\/2024\/12\/cepillo-postquirurgico-header-768x513.jpg","datePublished":"2024-12-09T18:25:37+00:00","dateModified":"2025-07-03T23:14:26+00:00","breadcrumb":{"@id":"https:\/\/viardenlab.com\/bluem\/cepillo-post-quirurgico\/#breadcrumb"},"inLanguage":"es","potentialAction":[{"@type":"ReadAction","target":["https:\/\/viardenlab.com\/bluem\/cepillo-post-quirurgico\/"]}]},{"@type":"ImageObject","inLanguage":"es","@id":"https:\/\/viardenlab.com\/bluem\/cepillo-post-quirurgico\/#primaryimage","url":"https:\/\/viardenlab.com\/bluem\/wp-content\/uploads\/2024\/12\/cepillo-postquirurgico-header.jpg","contentUrl":"https:\/\/viardenlab.com\/bluem\/wp-content\/uploads\/2024\/12\/cepillo-postquirurgico-header.jpg","width":1284,"height":857},{"@type":"BreadcrumbList","@id":"https:\/\/viardenlab.com\/bluem\/cepillo-post-quirurgico\/#breadcrumb","itemListElement":[{"@type":"ListItem","position":1,"name":"Portada","item":"https:\/\/viardenlab.com\/bluem\/"},{"@type":"ListItem","position":2,"name":"Cepillo post quir\u00fargico"}]},{"@type":"WebSite","@id":"https:\/\/viardenlab.com\/bluem\/#website","url":"https:\/\/viardenlab.com\/bluem\/","name":"Bluem","description":"Combate la resequedad bucal","publisher":{"@id":"https:\/\/viardenlab.com\/bluem\/#organization"},"potentialAction":[{"@type":"SearchAction","target":{"@type":"EntryPoint","urlTemplate":"https:\/\/viardenlab.com\/bluem\/?s={search_term_string}"},"query-input":{"@type":"PropertyValueSpecification","valueRequired":true,"valueName":"search_term_string"}}],"inLanguage":"es"},{"@type":"Organization","@id":"https:\/\/viardenlab.com\/bluem\/#organization","name":"Bluem","url":"https:\/\/viardenlab.com\/bluem\/","logo":{"@type":"ImageObject","inLanguage":"es","@id":"https:\/\/viardenlab.com\/bluem\/#\/schema\/logo\/image\/","url":"https:\/\/viardenlab.com\/bluem\/wp-content\/uploads\/2022\/01\/cropped-logo-small.jpg","contentUrl":"https:\/\/viardenlab.com\/bluem\/wp-content\/uploads\/2022\/01\/cropped-logo-small.jpg","width":1013,"height":250,"caption":"Bluem"},"image":{"@id":"https:\/\/viardenlab.com\/bluem\/#\/schema\/logo\/image\/"}}]}},"_links":{"self":[{"href":"https:\/\/viardenlab.com\/bluem\/wp-json\/wp\/v2\/pages\/2150"}],"collection":[{"href":"https:\/\/viardenlab.com\/bluem\/wp-json\/wp\/v2\/pages"}],"about":[{"href":"https:\/\/viardenlab.com\/bluem\/wp-json\/wp\/v2\/types\/page"}],"author":[{"embeddable":true,"href":"https:\/\/viardenlab.com\/bluem\/wp-json\/wp\/v2\/users\/1"}],"replies":[{"embeddable":true,"href":"https:\/\/viardenlab.com\/bluem\/wp-json\/wp\/v2\/comments?post=2150"}],"version-history":[{"count":22,"href":"https:\/\/viardenlab.com\/bluem\/wp-json\/wp\/v2\/pages\/2150\/revisions"}],"predecessor-version":[{"id":2918,"href":"https:\/\/viardenlab.com\/bluem\/wp-json\/wp\/v2\/pages\/2150\/revisions\/2918"}],"wp:attachment":[{"href":"https:\/\/viardenlab.com\/bluem\/wp-json\/wp\/v2\/media?parent=2150"}],"curies":[{"name":"wp","href":"https:\/\/api.w.org\/{rel}","templated":true}]}}