{"id":2148,"date":"2024-12-09T18:20:10","date_gmt":"2024-12-09T18:20:10","guid":{"rendered":"https:\/\/viardenlab.com\/bluem\/?page_id=2148"},"modified":"2025-07-03T23:14:37","modified_gmt":"2025-07-03T23:14:37","slug":"cepillo-day-2-day","status":"publish","type":"page","link":"https:\/\/viardenlab.com\/bluem\/cepillo-day-2-day\/","title":{"rendered":"Cepillo Day 2 day"},"content":{"rendered":"\t\t<div data-elementor-type=\"wp-page\" data-elementor-id=\"2148\" class=\"elementor elementor-2148\" data-elementor-settings=\"{&quot;ha_cmc_init_switcher&quot;:&quot;no&quot;}\" data-elementor-post-type=\"page\">\n\t\t\t\t\t\t<section class=\"elementor-section elementor-top-section elementor-element elementor-element-eaaf159 elementor-section-stretched elementor-section-boxed elementor-section-height-default elementor-section-height-default\" data-id=\"eaaf159\" data-element_type=\"section\" data-settings=\"{&quot;stretch_section&quot;:&quot;section-stretched&quot;,&quot;_ha_eqh_enable&quot;:false}\">\n\t\t\t\t\t\t<div class=\"elementor-container elementor-column-gap-default\">\n\t\t\t\t\t<div class=\"elementor-column elementor-col-100 elementor-top-column elementor-element elementor-element-4520742\" data-id=\"4520742\" data-element_type=\"column\">\n\t\t\t<div class=\"elementor-widget-wrap elementor-element-populated\">\n\t\t\t\t\t\t<div class=\"elementor-element elementor-element-2850c1a ha-has-bg-overlay elementor-invisible elementor-widget elementor-widget-text-editor\" data-id=\"2850c1a\" data-element_type=\"widget\" data-settings=\"{&quot;_animation&quot;:&quot;fadeInUp&quot;}\" data-widget_type=\"text-editor.default\">\n\t\t\t\t<div class=\"elementor-widget-container\">\n\t\t\t\t\t\t\t<p>Cepillo Day 2 Day<\/p>\t\t\t\t\t\t<\/div>\n\t\t\t\t<\/div>\n\t\t\t\t<div class=\"elementor-element elementor-element-f162b72 elementor-invisible elementor-widget elementor-widget-text-editor\" data-id=\"f162b72\" data-element_type=\"widget\" data-settings=\"{&quot;_animation&quot;:&quot;fadeInUp&quot;}\" data-widget_type=\"text-editor.default\">\n\t\t\t\t<div class=\"elementor-widget-container\">\n\t\t\t\t\t\t\t<p><strong>blue<sup><span style=\"font-size: 13px;\">\u00ae<\/span><\/sup>m<\/strong><\/p>\t\t\t\t\t\t<\/div>\n\t\t\t\t<\/div>\n\t\t\t\t\t<\/div>\n\t\t<\/div>\n\t\t\t\t\t<\/div>\n\t\t<\/section>\n\t\t\t\t<section class=\"elementor-section elementor-top-section elementor-element elementor-element-ee81c2c elementor-section-stretched elementor-section-boxed elementor-section-height-default elementor-section-height-default\" data-id=\"ee81c2c\" data-element_type=\"section\" data-settings=\"{&quot;stretch_section&quot;:&quot;section-stretched&quot;,&quot;_ha_eqh_enable&quot;:false}\">\n\t\t\t\t\t\t\t<div class=\"elementor-background-overlay\"><\/div>\n\t\t\t\t\t\t\t<div class=\"elementor-container elementor-column-gap-default\">\n\t\t\t\t\t<div class=\"elementor-column elementor-col-100 elementor-top-column elementor-element elementor-element-e44dca4\" data-id=\"e44dca4\" data-element_type=\"column\">\n\t\t\t<div class=\"elementor-widget-wrap elementor-element-populated\">\n\t\t\t\t\t\t<section class=\"elementor-section elementor-inner-section elementor-element elementor-element-5dcaf03 elementor-section-boxed elementor-section-height-default elementor-section-height-default\" data-id=\"5dcaf03\" data-element_type=\"section\" data-settings=\"{&quot;_ha_eqh_enable&quot;:false}\">\n\t\t\t\t\t\t<div class=\"elementor-container elementor-column-gap-default\">\n\t\t\t\t\t<div class=\"elementor-column elementor-col-50 elementor-inner-column elementor-element elementor-element-99e1f5a\" data-id=\"99e1f5a\" data-element_type=\"column\">\n\t\t\t<div class=\"elementor-widget-wrap elementor-element-populated\">\n\t\t\t\t\t\t<div class=\"elementor-element elementor-element-55e2e6e elementor-widget elementor-widget-ha-slider happy-addon ha-slider\" data-id=\"55e2e6e\" data-element_type=\"widget\" data-settings=\"{&quot;animation_speed&quot;:300,&quot;autoplay&quot;:&quot;yes&quot;,&quot;autoplay_speed&quot;:3000,&quot;loop&quot;:&quot;yes&quot;,&quot;slides_transition&quot;:&quot;slide&quot;,&quot;navigation&quot;:&quot;arrow&quot;}\" data-widget_type=\"ha-slider.default\">\n\t\t\t\t<div class=\"elementor-widget-container\">\n\t\t\t\n\t\t<div class=\"hajs-slick ha-slick ha-slick--slider\">\n\n\t\t\t\n\t\t\t\t<div class=\"ha-slick-slide slick-slide\">\n\t\t\t\t\t<div class=\"ha-slick-item\">\n\t\t\t\t\t\t\t\t\t\t\t\t\t<img decoding=\"async\" class=\"ha-slick-img\" src=\"https:\/\/viardenlab.com\/bluem\/wp-content\/uploads\/2024\/12\/cepillo-de-dientes-day-2-day-header-1-768x513.jpg\" alt=\"\">\n\t\t\t\t\t\t\n\t\t\t\t\t\t\t\t\t\t\t<\/div>\n\t\t\t\t<\/div>\n\n\t\t\t\n\t\t<\/div>\n\n\t\t\t\t\t<button type=\"button\" class=\"slick-prev\"><i aria-hidden=\"true\" class=\"fas fa-chevron-left\"><\/i><\/button>\n\t\t\n\t\t\t\t\t<button type=\"button\" class=\"slick-next\"><i aria-hidden=\"true\" class=\"fas fa-chevron-right\"><\/i><\/button>\n\t\t\n\t\t\t\t<\/div>\n\t\t\t\t<\/div>\n\t\t\t\t\t<\/div>\n\t\t<\/div>\n\t\t\t\t<div class=\"elementor-column elementor-col-50 elementor-inner-column elementor-element elementor-element-92aae13\" data-id=\"92aae13\" data-element_type=\"column\">\n\t\t\t<div class=\"elementor-widget-wrap elementor-element-populated\">\n\t\t\t\t\t\t<div class=\"elementor-element elementor-element-2fe5926 ha-has-bg-overlay elementor-invisible elementor-widget elementor-widget-text-editor\" data-id=\"2fe5926\" data-element_type=\"widget\" data-settings=\"{&quot;_animation&quot;:&quot;fadeInUp&quot;}\" data-widget_type=\"text-editor.default\">\n\t\t\t\t<div class=\"elementor-widget-container\">\n\t\t\t\t\t\t\t<p>Nuestro objetivo es crear instrumentos eficaces y f\u00e1ciles de usar para su rutina de salud bucal. Seleccionamos las cerdas de nylon m\u00e1s suaves, finas y hemos dise\u00f1ado una amplia superficie de cepillado. F\u00e1cil de manejar y perfecto para la protecci\u00f3n de las enc\u00edas, las mucosas y posibles heridas en la boca.<\/p><p>Por supuesto, debe cepillarse durante al menos dos minutos y al menos dos veces al d\u00eda.<\/p><p>\u00bfSab\u00eda que cuanto m\u00e1s suaves sean las cerdas del cepillo, mejor? Coloque el cepillo de dientes ultrasuave en un \u00e1ngulo de 45 grados con respecto a la l\u00ednea de las enc\u00edas.\u00a0<\/p>\t\t\t\t\t\t<\/div>\n\t\t\t\t<\/div>\n\t\t\t\t\t<\/div>\n\t\t<\/div>\n\t\t\t\t\t<\/div>\n\t\t<\/section>\n\t\t\t\t<div class=\"elementor-element elementor-element-292238a ha-has-bg-overlay elementor-invisible elementor-widget elementor-widget-text-editor\" data-id=\"292238a\" data-element_type=\"widget\" data-settings=\"{&quot;_animation&quot;:&quot;fadeInUp&quot;}\" data-widget_type=\"text-editor.default\">\n\t\t\t\t<div class=\"elementor-widget-container\">\n\t\t\t\t\t\t\t<p>Cepille cada diente moviendo el cepillo de arriba hacia abajo aplicando un suave movimiento circular. Aseg\u00farese de cepillarse todos los dientes y todas las superficies de esta manera, incluidas las superficies exterior, interior y superior de los dientes. Para llegar a puntos dif\u00edciles, intenta mantener el cepillo en posici\u00f3n vertical y moverlo de arriba a abajo. \u00a1Y! Cepille su lengua para ayudar a prevenir el mal aliento.<\/p>\t\t\t\t\t\t<\/div>\n\t\t\t\t<\/div>\n\t\t\t\t<div class=\"elementor-element elementor-element-9352ef2 ha-has-bg-overlay elementor-invisible elementor-widget elementor-widget-text-editor\" data-id=\"9352ef2\" data-element_type=\"widget\" data-settings=\"{&quot;_animation&quot;:&quot;fadeInUp&quot;}\" data-widget_type=\"text-editor.default\">\n\t\t\t\t<div class=\"elementor-widget-container\">\n\t\t\t\t\t\t\t<div class=\"page\" title=\"Page 5\"><div class=\"section\"><div class=\"layoutArea\"><div class=\"column\"><p>-Altura de las cerdas: 11.6-1.9 mm<\/p><p>&#8211;<strong>Cantidad de cerdas: 5,120 unidades (+1-20)<\/strong><\/p><p>-Carga de traccio\u0301n de las cerdas: \u226515 N<\/p><\/div><\/div><\/div><\/div>\t\t\t\t\t\t<\/div>\n\t\t\t\t<\/div>\n\t\t\t\t\t<\/div>\n\t\t<\/div>\n\t\t\t\t\t<\/div>\n\t\t<\/section>\n\t\t\t\t<\/div>\n\t\t","protected":false},"excerpt":{"rendered":"<p>Cepillo Day 2 Day blue\u00aem Nuestro objetivo es crear instrumentos eficaces y f\u00e1ciles de usar para su rutina de salud bucal. Seleccionamos las cerdas de nylon m\u00e1s suaves, finas y hemos dise\u00f1ado una amplia superficie de cepillado. F\u00e1cil de manejar y perfecto para la protecci\u00f3n de las enc\u00edas, las mucosas y posibles heridas en la &#8230;.&nbsp;&nbsp;<a class=\" special\" href=\"https:\/\/viardenlab.com\/bluem\/cepillo-day-2-day\/\">Read More<\/a><\/p>\n","protected":false},"author":1,"featured_media":0,"parent":0,"menu_order":0,"comment_status":"closed","ping_status":"closed","template":"elementor_header_footer","meta":{"pagelayer_contact_templates":[],"_pagelayer_content":"","_joinchat":[],"footnotes":""},"class_list":["post-2148","page","type-page","status-publish","hentry"],"yoast_head":"<!-- This site is optimized with the Yoast SEO plugin v23.7 - https:\/\/yoast.com\/wordpress\/plugins\/seo\/ -->\n<title>Cepillo Day 2 day - Bluem<\/title>\n<meta name=\"robots\" content=\"index, follow, max-snippet:-1, max-image-preview:large, max-video-preview:-1\" \/>\n<link rel=\"canonical\" href=\"https:\/\/viardenlab.com\/bluem\/cepillo-day-2-day\/\" \/>\n<meta property=\"og:locale\" content=\"es_ES\" \/>\n<meta property=\"og:type\" content=\"article\" \/>\n<meta property=\"og:title\" content=\"Cepillo Day 2 day - Bluem\" \/>\n<meta property=\"og:description\" content=\"Cepillo Day 2 Day blue\u00aem Nuestro objetivo es crear instrumentos eficaces y f\u00e1ciles de usar para su rutina de salud bucal. Seleccionamos las cerdas de nylon m\u00e1s suaves, finas y hemos dise\u00f1ado una amplia superficie de cepillado. F\u00e1cil de manejar y perfecto para la protecci\u00f3n de las enc\u00edas, las mucosas y posibles heridas en la ....&nbsp;&nbsp;Read More\" \/>\n<meta property=\"og:url\" content=\"https:\/\/viardenlab.com\/bluem\/cepillo-day-2-day\/\" \/>\n<meta property=\"og:site_name\" content=\"Bluem\" \/>\n<meta property=\"article:modified_time\" content=\"2025-07-03T23:14:37+00:00\" \/>\n<meta property=\"og:image\" content=\"https:\/\/viardenlab.com\/bluem\/wp-content\/uploads\/2024\/12\/cepillo-de-dientes-day-2-day-header-1-768x513.jpg\" \/>\n<meta name=\"twitter:card\" content=\"summary_large_image\" \/>\n<meta name=\"twitter:label1\" content=\"Tiempo de lectura\" \/>\n\t<meta name=\"twitter:data1\" content=\"2 minutos\" \/>\n<script type=\"application\/ld+json\" class=\"yoast-schema-graph\">{\"@context\":\"https:\/\/schema.org\",\"@graph\":[{\"@type\":\"WebPage\",\"@id\":\"https:\/\/viardenlab.com\/bluem\/cepillo-day-2-day\/\",\"url\":\"https:\/\/viardenlab.com\/bluem\/cepillo-day-2-day\/\",\"name\":\"Cepillo Day 2 day - Bluem\",\"isPartOf\":{\"@id\":\"https:\/\/viardenlab.com\/bluem\/#website\"},\"primaryImageOfPage\":{\"@id\":\"https:\/\/viardenlab.com\/bluem\/cepillo-day-2-day\/#primaryimage\"},\"image\":{\"@id\":\"https:\/\/viardenlab.com\/bluem\/cepillo-day-2-day\/#primaryimage\"},\"thumbnailUrl\":\"https:\/\/viardenlab.com\/bluem\/wp-content\/uploads\/2024\/12\/cepillo-de-dientes-day-2-day-header-1-768x513.jpg\",\"datePublished\":\"2024-12-09T18:20:10+00:00\",\"dateModified\":\"2025-07-03T23:14:37+00:00\",\"breadcrumb\":{\"@id\":\"https:\/\/viardenlab.com\/bluem\/cepillo-day-2-day\/#breadcrumb\"},\"inLanguage\":\"es\",\"potentialAction\":[{\"@type\":\"ReadAction\",\"target\":[\"https:\/\/viardenlab.com\/bluem\/cepillo-day-2-day\/\"]}]},{\"@type\":\"ImageObject\",\"inLanguage\":\"es\",\"@id\":\"https:\/\/viardenlab.com\/bluem\/cepillo-day-2-day\/#primaryimage\",\"url\":\"https:\/\/viardenlab.com\/bluem\/wp-content\/uploads\/2024\/12\/cepillo-de-dientes-day-2-day-header-1.jpg\",\"contentUrl\":\"https:\/\/viardenlab.com\/bluem\/wp-content\/uploads\/2024\/12\/cepillo-de-dientes-day-2-day-header-1.jpg\",\"width\":1284,\"height\":857},{\"@type\":\"BreadcrumbList\",\"@id\":\"https:\/\/viardenlab.com\/bluem\/cepillo-day-2-day\/#breadcrumb\",\"itemListElement\":[{\"@type\":\"ListItem\",\"position\":1,\"name\":\"Portada\",\"item\":\"https:\/\/viardenlab.com\/bluem\/\"},{\"@type\":\"ListItem\",\"position\":2,\"name\":\"Cepillo Day 2 day\"}]},{\"@type\":\"WebSite\",\"@id\":\"https:\/\/viardenlab.com\/bluem\/#website\",\"url\":\"https:\/\/viardenlab.com\/bluem\/\",\"name\":\"Bluem\",\"description\":\"Combate la resequedad bucal\",\"publisher\":{\"@id\":\"https:\/\/viardenlab.com\/bluem\/#organization\"},\"potentialAction\":[{\"@type\":\"SearchAction\",\"target\":{\"@type\":\"EntryPoint\",\"urlTemplate\":\"https:\/\/viardenlab.com\/bluem\/?s={search_term_string}\"},\"query-input\":{\"@type\":\"PropertyValueSpecification\",\"valueRequired\":true,\"valueName\":\"search_term_string\"}}],\"inLanguage\":\"es\"},{\"@type\":\"Organization\",\"@id\":\"https:\/\/viardenlab.com\/bluem\/#organization\",\"name\":\"Bluem\",\"url\":\"https:\/\/viardenlab.com\/bluem\/\",\"logo\":{\"@type\":\"ImageObject\",\"inLanguage\":\"es\",\"@id\":\"https:\/\/viardenlab.com\/bluem\/#\/schema\/logo\/image\/\",\"url\":\"https:\/\/viardenlab.com\/bluem\/wp-content\/uploads\/2022\/01\/cropped-logo-small.jpg\",\"contentUrl\":\"https:\/\/viardenlab.com\/bluem\/wp-content\/uploads\/2022\/01\/cropped-logo-small.jpg\",\"width\":1013,\"height\":250,\"caption\":\"Bluem\"},\"image\":{\"@id\":\"https:\/\/viardenlab.com\/bluem\/#\/schema\/logo\/image\/\"}}]}<\/script>\n<!-- \/ Yoast SEO plugin. -->","yoast_head_json":{"title":"Cepillo Day 2 day - Bluem","robots":{"index":"index","follow":"follow","max-snippet":"max-snippet:-1","max-image-preview":"max-image-preview:large","max-video-preview":"max-video-preview:-1"},"canonical":"https:\/\/viardenlab.com\/bluem\/cepillo-day-2-day\/","og_locale":"es_ES","og_type":"article","og_title":"Cepillo Day 2 day - Bluem","og_description":"Cepillo Day 2 Day blue\u00aem Nuestro objetivo es crear instrumentos eficaces y f\u00e1ciles de usar para su rutina de salud bucal. Seleccionamos las cerdas de nylon m\u00e1s suaves, finas y hemos dise\u00f1ado una amplia superficie de cepillado. F\u00e1cil de manejar y perfecto para la protecci\u00f3n de las enc\u00edas, las mucosas y posibles heridas en la ....&nbsp;&nbsp;Read More","og_url":"https:\/\/viardenlab.com\/bluem\/cepillo-day-2-day\/","og_site_name":"Bluem","article_modified_time":"2025-07-03T23:14:37+00:00","og_image":[{"url":"https:\/\/viardenlab.com\/bluem\/wp-content\/uploads\/2024\/12\/cepillo-de-dientes-day-2-day-header-1-768x513.jpg"}],"twitter_card":"summary_large_image","twitter_misc":{"Tiempo de lectura":"2 minutos"},"schema":{"@context":"https:\/\/schema.org","@graph":[{"@type":"WebPage","@id":"https:\/\/viardenlab.com\/bluem\/cepillo-day-2-day\/","url":"https:\/\/viardenlab.com\/bluem\/cepillo-day-2-day\/","name":"Cepillo Day 2 day - Bluem","isPartOf":{"@id":"https:\/\/viardenlab.com\/bluem\/#website"},"primaryImageOfPage":{"@id":"https:\/\/viardenlab.com\/bluem\/cepillo-day-2-day\/#primaryimage"},"image":{"@id":"https:\/\/viardenlab.com\/bluem\/cepillo-day-2-day\/#primaryimage"},"thumbnailUrl":"https:\/\/viardenlab.com\/bluem\/wp-content\/uploads\/2024\/12\/cepillo-de-dientes-day-2-day-header-1-768x513.jpg","datePublished":"2024-12-09T18:20:10+00:00","dateModified":"2025-07-03T23:14:37+00:00","breadcrumb":{"@id":"https:\/\/viardenlab.com\/bluem\/cepillo-day-2-day\/#breadcrumb"},"inLanguage":"es","potentialAction":[{"@type":"ReadAction","target":["https:\/\/viardenlab.com\/bluem\/cepillo-day-2-day\/"]}]},{"@type":"ImageObject","inLanguage":"es","@id":"https:\/\/viardenlab.com\/bluem\/cepillo-day-2-day\/#primaryimage","url":"https:\/\/viardenlab.com\/bluem\/wp-content\/uploads\/2024\/12\/cepillo-de-dientes-day-2-day-header-1.jpg","contentUrl":"https:\/\/viardenlab.com\/bluem\/wp-content\/uploads\/2024\/12\/cepillo-de-dientes-day-2-day-header-1.jpg","width":1284,"height":857},{"@type":"BreadcrumbList","@id":"https:\/\/viardenlab.com\/bluem\/cepillo-day-2-day\/#breadcrumb","itemListElement":[{"@type":"ListItem","position":1,"name":"Portada","item":"https:\/\/viardenlab.com\/bluem\/"},{"@type":"ListItem","position":2,"name":"Cepillo Day 2 day"}]},{"@type":"WebSite","@id":"https:\/\/viardenlab.com\/bluem\/#website","url":"https:\/\/viardenlab.com\/bluem\/","name":"Bluem","description":"Combate la resequedad bucal","publisher":{"@id":"https:\/\/viardenlab.com\/bluem\/#organization"},"potentialAction":[{"@type":"SearchAction","target":{"@type":"EntryPoint","urlTemplate":"https:\/\/viardenlab.com\/bluem\/?s={search_term_string}"},"query-input":{"@type":"PropertyValueSpecification","valueRequired":true,"valueName":"search_term_string"}}],"inLanguage":"es"},{"@type":"Organization","@id":"https:\/\/viardenlab.com\/bluem\/#organization","name":"Bluem","url":"https:\/\/viardenlab.com\/bluem\/","logo":{"@type":"ImageObject","inLanguage":"es","@id":"https:\/\/viardenlab.com\/bluem\/#\/schema\/logo\/image\/","url":"https:\/\/viardenlab.com\/bluem\/wp-content\/uploads\/2022\/01\/cropped-logo-small.jpg","contentUrl":"https:\/\/viardenlab.com\/bluem\/wp-content\/uploads\/2022\/01\/cropped-logo-small.jpg","width":1013,"height":250,"caption":"Bluem"},"image":{"@id":"https:\/\/viardenlab.com\/bluem\/#\/schema\/logo\/image\/"}}]}},"_links":{"self":[{"href":"https:\/\/viardenlab.com\/bluem\/wp-json\/wp\/v2\/pages\/2148"}],"collection":[{"href":"https:\/\/viardenlab.com\/bluem\/wp-json\/wp\/v2\/pages"}],"about":[{"href":"https:\/\/viardenlab.com\/bluem\/wp-json\/wp\/v2\/types\/page"}],"author":[{"embeddable":true,"href":"https:\/\/viardenlab.com\/bluem\/wp-json\/wp\/v2\/users\/1"}],"replies":[{"embeddable":true,"href":"https:\/\/viardenlab.com\/bluem\/wp-json\/wp\/v2\/comments?post=2148"}],"version-history":[{"count":55,"href":"https:\/\/viardenlab.com\/bluem\/wp-json\/wp\/v2\/pages\/2148\/revisions"}],"predecessor-version":[{"id":2921,"href":"https:\/\/viardenlab.com\/bluem\/wp-json\/wp\/v2\/pages\/2148\/revisions\/2921"}],"wp:attachment":[{"href":"https:\/\/viardenlab.com\/bluem\/wp-json\/wp\/v2\/media?parent=2148"}],"curies":[{"name":"wp","href":"https:\/\/api.w.org\/{rel}","templated":true}]}}